{"id":1748,"date":"2024-01-09T18:09:03","date_gmt":"2024-01-09T18:09:03","guid":{"rendered":"https:\/\/emubirdoil.com\/pravilnik-o-dostavi\/"},"modified":"2024-04-13T07:32:03","modified_gmt":"2024-04-13T07:32:03","slug":"pravilnik-o-dostavi","status":"publish","type":"page","link":"https:\/\/emubirdoil.com\/sl\/pravilnik-o-dostavi\/","title":{"rendered":"Pravilnik o dostavi"},"content":{"rendered":"\t\t<div data-elementor-type=\"wp-page\" data-elementor-id=\"1748\" class=\"elementor elementor-1748 elementor-288\" data-elementor-post-type=\"page\">\n\t\t\t\t<div class=\"elementor-element elementor-element-6de17350 e-flex e-con-boxed e-con e-parent\" data-id=\"6de17350\" data-element_type=\"container\" data-e-type=\"container\">\n\t\t\t\t\t<div class=\"e-con-inner\">\n\t\t\t\t<div class=\"elementor-element elementor-element-5e1c35cf elementor-widget elementor-widget-heading\" data-id=\"5e1c35cf\" data-element_type=\"widget\" data-e-type=\"widget\" data-widget_type=\"heading.default\">\n\t\t\t\t<div class=\"elementor-widget-container\">\n\t\t\t\t\t<h1 class=\"elementor-heading-title elementor-size-default\">Pravilnik o dostavi<\/h1>\t\t\t\t<\/div>\n\t\t\t\t<\/div>\n\t\t\t\t<div class=\"elementor-element elementor-element-380841d elementor-widget elementor-widget-text-editor\" data-id=\"380841d\" data-element_type=\"widget\" data-e-type=\"widget\" data-widget_type=\"text-editor.default\">\n\t\t\t\t<div class=\"elementor-widget-container\">\n\t\t\t\t\t\t\t\t\t<p>Dostava za vsa naro\u010dila nad <b>49,99 EUR<\/b> v spletni trgovini je brezpla\u010dna&nbsp;<\/p>\n<p>Stro\u0161ek dostave za naro\u010dila pod 49,99 eur zna\u0161a 5,99 eur.<\/p>\n<p>Izdelki pla\u010dani v skladu s predstavljeno ponudbo bodo dostavljeni kupcu v 1-3 delovnih dneh.<\/p>\n<p>\u010ce se \u017eelite dogovoriti za primeren \u010das dostave, to zapi\u0161ite med OPOMBE, da bomo va\u0161o \u017eeljo posredovali dostavni slu\u017ebi.<\/p>\n<p>Postopek dostave<\/p>\n<p>Izdelke dostavljamo preko dostavnih slu\u017eb DPD , GLS.<\/p><p style=\"outline: none; margin-top: 0px; margin-bottom: 16px; line-height: 24px; color: rgb(51, 51, 51); font-family: Rubik, OpenSans, sans-serif; letter-spacing: normal;\"><span style=\"outline: none;\">Na\u010din pla\u010dila<\/span><\/p><p style=\"outline: none; margin-top: 0px; margin-bottom: 16px; line-height: 24px; color: rgb(51, 51, 51); font-family: Rubik, OpenSans, sans-serif; letter-spacing: normal;\">Naro\u010dene izdelke lahko pla\u010date na ve\u010d na\u010dinov&nbsp;<\/p><p style=\"outline: none; margin-top: 0px; margin-bottom: 16px; line-height: 24px; color: rgb(51, 51, 51); font-family: Rubik, OpenSans, sans-serif; letter-spacing: normal;\">* Pla\u010dilo z gotovino&nbsp;<span style=\"outline: none;\">Po povzetju<\/span><\/p><p style=\"outline: none; margin-top: 0px; margin-bottom: 16px; line-height: 24px; color: rgb(51, 51, 51); font-family: Rubik, OpenSans, sans-serif; letter-spacing: normal;\">* Pla\u010dilo&nbsp;<span style=\"outline: none;\">Po predra\u010dunu<\/span><\/p><p style=\"outline: none; margin-top: 0px; margin-bottom: 16px; line-height: 24px; color: rgb(51, 51, 51); font-family: Rubik, OpenSans, sans-serif; letter-spacing: normal;\">* Pla\u010dilo&nbsp;<span style=\"outline: none;\">S kreditno&nbsp;kartico<\/span><\/p><p style=\"outline: none; margin-top: 0px; margin-bottom: 16px; line-height: 24px; color: rgb(51, 51, 51); font-family: Rubik, OpenSans, sans-serif; letter-spacing: normal;\">* Pla\u010dilo s&nbsp;<span style=\"outline: none;\">Pay-pal sistemom<\/span><\/p>\t\t\t\t\t\t\t\t<\/div>\n\t\t\t\t<\/div>\n\t\t\t\t\t<\/div>\n\t\t\t\t<\/div>\n\t\t\t\t<\/div>\n\t\t","protected":false},"excerpt":{"rendered":"<p>Dostava za vsa naro\u010dila nad 49,99 EUR v spletni trgovini je brezpla\u010dna&nbsp; Stro\u0161ek dostave za naro\u010dila pod 49,99 eur zna\u0161a 5,99 eur. Izdelki pla\u010dani v skladu s predstavljeno ponudbo bodo dostavljeni kupcu v 1-3 delovnih dneh. \u010ce se \u017eelite dogovoriti za primeren \u010das dostave, to zapi\u0161ite med OPOMBE, da bomo va\u0161o \u017eeljo posredovali dostavni slu\u017ebi. [&hellip;]<\/p>\n","protected":false},"author":1,"featured_media":0,"parent":0,"menu_order":0,"comment_status":"closed","ping_status":"closed","template":"","meta":{"footnotes":""},"class_list":["post-1748","page","type-page","status-publish","hentry"],"yoast_head":"<!-- This site is optimized with the Yoast SEO plugin v27.4 - https:\/\/yoast.com\/product\/yoast-seo-wordpress\/ -->\n<title>Pravilnik o dostavi - Emu Bird Oil<\/title>\n<meta name=\"robots\" content=\"index, follow, max-snippet:-1, max-image-preview:large, max-video-preview:-1\" \/>\n<link rel=\"canonical\" href=\"https:\/\/emubirdoil.com\/sl\/pravilnik-o-dostavi\/\" \/>\n<meta property=\"og:locale\" content=\"sl_SI\" \/>\n<meta property=\"og:type\" content=\"article\" \/>\n<meta property=\"og:title\" content=\"Pravilnik o dostavi - Emu Bird Oil\" \/>\n<meta property=\"og:description\" content=\"Dostava za vsa naro\u010dila nad 49,99 EUR v spletni trgovini je brezpla\u010dna&nbsp; Stro\u0161ek dostave za naro\u010dila pod 49,99 eur zna\u0161a 5,99 eur. Izdelki pla\u010dani v skladu s predstavljeno ponudbo bodo dostavljeni kupcu v 1-3 delovnih dneh. \u010ce se \u017eelite dogovoriti za primeren \u010das dostave, to zapi\u0161ite med OPOMBE, da bomo va\u0161o \u017eeljo posredovali dostavni slu\u017ebi. [&hellip;]\" \/>\n<meta property=\"og:url\" content=\"https:\/\/emubirdoil.com\/sl\/pravilnik-o-dostavi\/\" \/>\n<meta property=\"og:site_name\" content=\"Emu Bird Oil\" \/>\n<meta property=\"article:modified_time\" content=\"2024-04-13T07:32:03+00:00\" \/>\n<meta name=\"twitter:card\" content=\"summary_large_image\" \/>\n<meta name=\"twitter:label1\" content=\"Est. reading time\" \/>\n\t<meta name=\"twitter:data1\" content=\"1 minuta\" \/>\n<script type=\"application\/ld+json\" class=\"yoast-schema-graph\">{\"@context\":\"https:\\\/\\\/schema.org\",\"@graph\":[{\"@type\":\"WebPage\",\"@id\":\"https:\\\/\\\/emubirdoil.com\\\/sl\\\/pravilnik-o-dostavi\\\/\",\"url\":\"https:\\\/\\\/emubirdoil.com\\\/sl\\\/pravilnik-o-dostavi\\\/\",\"name\":\"Pravilnik o dostavi - Emu Bird Oil\",\"isPartOf\":{\"@id\":\"https:\\\/\\\/emubirdoil.com\\\/sl\\\/#website\"},\"datePublished\":\"2024-01-09T18:09:03+00:00\",\"dateModified\":\"2024-04-13T07:32:03+00:00\",\"breadcrumb\":{\"@id\":\"https:\\\/\\\/emubirdoil.com\\\/sl\\\/pravilnik-o-dostavi\\\/#breadcrumb\"},\"inLanguage\":\"sl-SI\",\"potentialAction\":[{\"@type\":\"ReadAction\",\"target\":[\"https:\\\/\\\/emubirdoil.com\\\/sl\\\/pravilnik-o-dostavi\\\/\"]}]},{\"@type\":\"BreadcrumbList\",\"@id\":\"https:\\\/\\\/emubirdoil.com\\\/sl\\\/pravilnik-o-dostavi\\\/#breadcrumb\",\"itemListElement\":[{\"@type\":\"ListItem\",\"position\":1,\"name\":\"Home\",\"item\":\"https:\\\/\\\/emubirdoil.com\\\/sl\\\/\"},{\"@type\":\"ListItem\",\"position\":2,\"name\":\"Pravilnik o dostavi\"}]},{\"@type\":\"WebSite\",\"@id\":\"https:\\\/\\\/emubirdoil.com\\\/sl\\\/#website\",\"url\":\"https:\\\/\\\/emubirdoil.com\\\/sl\\\/\",\"name\":\"Emu Bird Oil YNot Natural\",\"description\":\"Explore premium Emu Bird Oil for natural skincare and pain relief. Pure, effective, and sustainably sourced. Order now for wellness transformation!\",\"publisher\":{\"@id\":\"https:\\\/\\\/emubirdoil.com\\\/sl\\\/#organization\"},\"potentialAction\":[{\"@type\":\"SearchAction\",\"target\":{\"@type\":\"EntryPoint\",\"urlTemplate\":\"https:\\\/\\\/emubirdoil.com\\\/sl\\\/?s={search_term_string}\"},\"query-input\":{\"@type\":\"PropertyValueSpecification\",\"valueRequired\":true,\"valueName\":\"search_term_string\"}}],\"inLanguage\":\"sl-SI\"},{\"@type\":\"Organization\",\"@id\":\"https:\\\/\\\/emubirdoil.com\\\/sl\\\/#organization\",\"name\":\"Emu Bird Oil YNot Natural\",\"url\":\"https:\\\/\\\/emubirdoil.com\\\/sl\\\/\",\"logo\":{\"@type\":\"ImageObject\",\"inLanguage\":\"sl-SI\",\"@id\":\"https:\\\/\\\/emubirdoil.com\\\/sl\\\/#\\\/schema\\\/logo\\\/image\\\/\",\"url\":\"https:\\\/\\\/emubirdoil.com\\\/wp-content\\\/uploads\\\/2023\\\/12\\\/Emu-bird-oil-LOGO.png\",\"contentUrl\":\"https:\\\/\\\/emubirdoil.com\\\/wp-content\\\/uploads\\\/2023\\\/12\\\/Emu-bird-oil-LOGO.png\",\"width\":320,\"height\":172,\"caption\":\"Emu Bird Oil YNot Natural\"},\"image\":{\"@id\":\"https:\\\/\\\/emubirdoil.com\\\/sl\\\/#\\\/schema\\\/logo\\\/image\\\/\"}}]}<\/script>\n<!-- \/ Yoast SEO plugin. -->","yoast_head_json":{"title":"Pravilnik o dostavi - Emu Bird Oil","robots":{"index":"index","follow":"follow","max-snippet":"max-snippet:-1","max-image-preview":"max-image-preview:large","max-video-preview":"max-video-preview:-1"},"canonical":"https:\/\/emubirdoil.com\/sl\/pravilnik-o-dostavi\/","og_locale":"sl_SI","og_type":"article","og_title":"Pravilnik o dostavi - Emu Bird Oil","og_description":"Dostava za vsa naro\u010dila nad 49,99 EUR v spletni trgovini je brezpla\u010dna&nbsp; Stro\u0161ek dostave za naro\u010dila pod 49,99 eur zna\u0161a 5,99 eur. Izdelki pla\u010dani v skladu s predstavljeno ponudbo bodo dostavljeni kupcu v 1-3 delovnih dneh. \u010ce se \u017eelite dogovoriti za primeren \u010das dostave, to zapi\u0161ite med OPOMBE, da bomo va\u0161o \u017eeljo posredovali dostavni slu\u017ebi. [&hellip;]","og_url":"https:\/\/emubirdoil.com\/sl\/pravilnik-o-dostavi\/","og_site_name":"Emu Bird Oil","article_modified_time":"2024-04-13T07:32:03+00:00","twitter_card":"summary_large_image","twitter_misc":{"Est. reading time":"1 minuta"},"schema":{"@context":"https:\/\/schema.org","@graph":[{"@type":"WebPage","@id":"https:\/\/emubirdoil.com\/sl\/pravilnik-o-dostavi\/","url":"https:\/\/emubirdoil.com\/sl\/pravilnik-o-dostavi\/","name":"Pravilnik o dostavi - Emu Bird Oil","isPartOf":{"@id":"https:\/\/emubirdoil.com\/sl\/#website"},"datePublished":"2024-01-09T18:09:03+00:00","dateModified":"2024-04-13T07:32:03+00:00","breadcrumb":{"@id":"https:\/\/emubirdoil.com\/sl\/pravilnik-o-dostavi\/#breadcrumb"},"inLanguage":"sl-SI","potentialAction":[{"@type":"ReadAction","target":["https:\/\/emubirdoil.com\/sl\/pravilnik-o-dostavi\/"]}]},{"@type":"BreadcrumbList","@id":"https:\/\/emubirdoil.com\/sl\/pravilnik-o-dostavi\/#breadcrumb","itemListElement":[{"@type":"ListItem","position":1,"name":"Home","item":"https:\/\/emubirdoil.com\/sl\/"},{"@type":"ListItem","position":2,"name":"Pravilnik o dostavi"}]},{"@type":"WebSite","@id":"https:\/\/emubirdoil.com\/sl\/#website","url":"https:\/\/emubirdoil.com\/sl\/","name":"Emu Bird Oil YNot Natural","description":"Explore premium Emu Bird Oil for natural skincare and pain relief. Pure, effective, and sustainably sourced. Order now for wellness transformation!","publisher":{"@id":"https:\/\/emubirdoil.com\/sl\/#organization"},"potentialAction":[{"@type":"SearchAction","target":{"@type":"EntryPoint","urlTemplate":"https:\/\/emubirdoil.com\/sl\/?s={search_term_string}"},"query-input":{"@type":"PropertyValueSpecification","valueRequired":true,"valueName":"search_term_string"}}],"inLanguage":"sl-SI"},{"@type":"Organization","@id":"https:\/\/emubirdoil.com\/sl\/#organization","name":"Emu Bird Oil YNot Natural","url":"https:\/\/emubirdoil.com\/sl\/","logo":{"@type":"ImageObject","inLanguage":"sl-SI","@id":"https:\/\/emubirdoil.com\/sl\/#\/schema\/logo\/image\/","url":"https:\/\/emubirdoil.com\/wp-content\/uploads\/2023\/12\/Emu-bird-oil-LOGO.png","contentUrl":"https:\/\/emubirdoil.com\/wp-content\/uploads\/2023\/12\/Emu-bird-oil-LOGO.png","width":320,"height":172,"caption":"Emu Bird Oil YNot Natural"},"image":{"@id":"https:\/\/emubirdoil.com\/sl\/#\/schema\/logo\/image\/"}}]}},"_links":{"self":[{"href":"https:\/\/emubirdoil.com\/sl\/wp-json\/wp\/v2\/pages\/1748","targetHints":{"allow":["GET"]}}],"collection":[{"href":"https:\/\/emubirdoil.com\/sl\/wp-json\/wp\/v2\/pages"}],"about":[{"href":"https:\/\/emubirdoil.com\/sl\/wp-json\/wp\/v2\/types\/page"}],"author":[{"embeddable":true,"href":"https:\/\/emubirdoil.com\/sl\/wp-json\/wp\/v2\/users\/1"}],"replies":[{"embeddable":true,"href":"https:\/\/emubirdoil.com\/sl\/wp-json\/wp\/v2\/comments?post=1748"}],"version-history":[{"count":14,"href":"https:\/\/emubirdoil.com\/sl\/wp-json\/wp\/v2\/pages\/1748\/revisions"}],"predecessor-version":[{"id":2713,"href":"https:\/\/emubirdoil.com\/sl\/wp-json\/wp\/v2\/pages\/1748\/revisions\/2713"}],"wp:attachment":[{"href":"https:\/\/emubirdoil.com\/sl\/wp-json\/wp\/v2\/media?parent=1748"}],"curies":[{"name":"wp","href":"https:\/\/api.w.org\/{rel}","templated":true}]}}