{"id":1549,"date":"2024-01-10T16:26:01","date_gmt":"2024-01-10T16:26:01","guid":{"rendered":"https:\/\/emubirdoil.com\/pravilnik-o-vracilu-in-vracilih\/"},"modified":"2024-02-01T20:28:47","modified_gmt":"2024-02-01T20:28:47","slug":"pravilnik-o-vracilu-in-vracilih","status":"publish","type":"page","link":"https:\/\/emubirdoil.com\/sl\/pravilnik-o-vracilu-in-vracilih\/","title":{"rendered":"Pravilnik o vra\u010dilu in vra\u010dilih"},"content":{"rendered":"\t\t<div data-elementor-type=\"wp-page\" data-elementor-id=\"1549\" class=\"elementor elementor-1549 elementor-21\" data-elementor-post-type=\"page\">\n\t\t\t\t<div class=\"elementor-element elementor-element-b005353 e-flex e-con-boxed e-con e-parent\" data-id=\"b005353\" data-element_type=\"container\" data-e-type=\"container\">\n\t\t\t\t\t<div class=\"e-con-inner\">\n\t\t\t\t<div class=\"elementor-element elementor-element-a72f55f elementor-widget elementor-widget-heading\" data-id=\"a72f55f\" data-element_type=\"widget\" data-e-type=\"widget\" data-widget_type=\"heading.default\">\n\t\t\t\t<div class=\"elementor-widget-container\">\n\t\t\t\t\t<h1 class=\"elementor-heading-title elementor-size-default\">Pravilnik o vra\u010dilu in vra\u010dilih<\/h1>\t\t\t\t<\/div>\n\t\t\t\t<\/div>\n\t\t\t\t<div class=\"elementor-element elementor-element-4f3b01ee elementor-widget elementor-widget-text-editor\" data-id=\"4f3b01ee\" data-element_type=\"widget\" data-e-type=\"widget\" data-widget_type=\"text-editor.default\">\n\t\t\t\t<div class=\"elementor-widget-container\">\n\t\t\t\t\t\t\t\t\t<p>Vsak izdelek, ki ga prodajamo, je pred odpremo skrbno pregledan. \u010ce z blagom niste zadovoljni in nas o tem obvestite v 14 dneh po prejemu blaga, bomo poskrbeli za prevzem blaga (celotnega naro\u010dila) in vam v celoti povrnili kupnino. Ali pa bomo zamenjali izdelke, \u010de so ob dostavi okvarjeni in smo o tem obve\u0161\u010deni v 14 dneh po prejemu izdelka. Vsi izdelki, ki jih \u017eelite vrniti, morajo biti skrbno prepakirani v originalno embala\u017eo. Za vra\u010dilo blaga je odgovoren kupec.<br><br>\u010ce \u017eelite za\u010deti vra\u010danje, se lahko obrnete na nas na info@ynotnatural.com in sporo\u010dili vam bomo naslov za vra\u010dilo.<\/p>\n<p><strong>Od\u0161kodnine in vpra\u0161anja<\/strong><br>Ob prejemu naro\u010dila ga preglejte in nas takoj kontaktirajte, \u010de je izdelek pomanjkljiv, po\u0161kodovan ali \u010de ste prejeli napa\u010den izdelek, da bomo lahko ocenili te\u017eavo in jo odpravili.<\/p>\n<p> <\/p>\n<p><strong>Izjeme \/ predmeti, ki jih ni mogo\u010de vrniti<\/strong><br><br>Na \u017ealost ne moremo sprejeti vra\u010dila prodajnih artiklov ali darilnih kartic.<\/p>\n<p> <\/p>\n<p><strong>Izmenjave<\/strong><br>Najhitreje boste dobili \u017eeleno blago, \u010de ga vrnete in po sprejetju vra\u010dila opravite lo\u010den nakup novega blaga.<\/p>\n<p> <\/p>\n<p><strong>Evropska unija 14-dnevno obdobje ohlajanja<\/strong><br>\u010ce se blago po\u0161ilja v Evropsko unijo, imate ne glede na zgoraj navedeno pravico, da v 14 dneh prekli\u010dete ali vrnete svoje naro\u010dilo iz kakr\u0161nega koli razloga in brez utemeljitve. Kot zgoraj, mora biti izdelek v enakem stanju, v kakr\u0161nem ste ga prejeli, neno\u0161en ali neuporabljen, z oznakami in v originalni embala\u017ei. Potrebovali boste tudi ra\u010dun ali dokazilo o nakupu.<\/p>\n<p> <\/p>\n<p><strong>Nadomestila<\/strong><br>Ko bomo prejeli in pregledali va\u0161e vra\u010dilo, vas bomo o tem obvestili in vam sporo\u010dili, ali je bilo vra\u010dilo odobreno ali ne. Ne pozabite, da lahko traja nekaj \u010dasa, da va\u0161a banka ali podjetje, ki izda kreditno kartico, obdela in po\u0161lje povra\u010dilo.<\/p>\t\t\t\t\t\t\t\t<\/div>\n\t\t\t\t<\/div>\n\t\t\t\t\t<\/div>\n\t\t\t\t<\/div>\n\t\t\t\t<\/div>\n\t\t","protected":false},"excerpt":{"rendered":"<p>Vsak izdelek, ki ga prodajamo, je pred odpremo skrbno pregledan. \u010ce z blagom niste zadovoljni in nas o tem obvestite v 14 dneh po prejemu blaga, bomo poskrbeli za prevzem blaga (celotnega naro\u010dila) in vam v celoti povrnili kupnino. Ali pa bomo zamenjali izdelke, \u010de so ob dostavi okvarjeni in smo o tem obve\u0161\u010deni v [&hellip;]<\/p>\n","protected":false},"author":1,"featured_media":0,"parent":0,"menu_order":0,"comment_status":"closed","ping_status":"closed","template":"","meta":{"footnotes":""},"class_list":["post-1549","page","type-page","status-publish","hentry"],"yoast_head":"<!-- This site is optimized with the Yoast SEO plugin v27.4 - https:\/\/yoast.com\/product\/yoast-seo-wordpress\/ -->\n<title>Pravilnik o vra\u010dilu in vra\u010dilih - Emu Bird Oil<\/title>\n<meta name=\"robots\" content=\"index, follow, max-snippet:-1, max-image-preview:large, max-video-preview:-1\" \/>\n<link rel=\"canonical\" href=\"https:\/\/emubirdoil.com\/sl\/pravilnik-o-vracilu-in-vracilih\/\" \/>\n<meta property=\"og:locale\" content=\"sl_SI\" \/>\n<meta property=\"og:type\" content=\"article\" \/>\n<meta property=\"og:title\" content=\"Pravilnik o vra\u010dilu in vra\u010dilih - Emu Bird Oil\" \/>\n<meta property=\"og:description\" content=\"Vsak izdelek, ki ga prodajamo, je pred odpremo skrbno pregledan. \u010ce z blagom niste zadovoljni in nas o tem obvestite v 14 dneh po prejemu blaga, bomo poskrbeli za prevzem blaga (celotnega naro\u010dila) in vam v celoti povrnili kupnino. Ali pa bomo zamenjali izdelke, \u010de so ob dostavi okvarjeni in smo o tem obve\u0161\u010deni v [&hellip;]\" \/>\n<meta property=\"og:url\" content=\"https:\/\/emubirdoil.com\/sl\/pravilnik-o-vracilu-in-vracilih\/\" \/>\n<meta property=\"og:site_name\" content=\"Emu Bird Oil\" \/>\n<meta property=\"article:modified_time\" content=\"2024-02-01T20:28:47+00:00\" \/>\n<meta name=\"twitter:card\" content=\"summary_large_image\" \/>\n<meta name=\"twitter:label1\" content=\"Est. reading time\" \/>\n\t<meta name=\"twitter:data1\" content=\"2 minuti\" \/>\n<script type=\"application\/ld+json\" class=\"yoast-schema-graph\">{\"@context\":\"https:\\\/\\\/schema.org\",\"@graph\":[{\"@type\":\"WebPage\",\"@id\":\"https:\\\/\\\/emubirdoil.com\\\/sl\\\/pravilnik-o-vracilu-in-vracilih\\\/\",\"url\":\"https:\\\/\\\/emubirdoil.com\\\/sl\\\/pravilnik-o-vracilu-in-vracilih\\\/\",\"name\":\"Pravilnik o vra\u010dilu in vra\u010dilih - Emu Bird Oil\",\"isPartOf\":{\"@id\":\"https:\\\/\\\/emubirdoil.com\\\/sl\\\/#website\"},\"datePublished\":\"2024-01-10T16:26:01+00:00\",\"dateModified\":\"2024-02-01T20:28:47+00:00\",\"breadcrumb\":{\"@id\":\"https:\\\/\\\/emubirdoil.com\\\/sl\\\/pravilnik-o-vracilu-in-vracilih\\\/#breadcrumb\"},\"inLanguage\":\"sl-SI\",\"potentialAction\":[{\"@type\":\"ReadAction\",\"target\":[\"https:\\\/\\\/emubirdoil.com\\\/sl\\\/pravilnik-o-vracilu-in-vracilih\\\/\"]}]},{\"@type\":\"BreadcrumbList\",\"@id\":\"https:\\\/\\\/emubirdoil.com\\\/sl\\\/pravilnik-o-vracilu-in-vracilih\\\/#breadcrumb\",\"itemListElement\":[{\"@type\":\"ListItem\",\"position\":1,\"name\":\"Home\",\"item\":\"https:\\\/\\\/emubirdoil.com\\\/sl\\\/\"},{\"@type\":\"ListItem\",\"position\":2,\"name\":\"Pravilnik o vra\u010dilu in vra\u010dilih\"}]},{\"@type\":\"WebSite\",\"@id\":\"https:\\\/\\\/emubirdoil.com\\\/sl\\\/#website\",\"url\":\"https:\\\/\\\/emubirdoil.com\\\/sl\\\/\",\"name\":\"Emu Bird Oil YNot Natural\",\"description\":\"Explore premium Emu Bird Oil for natural skincare and pain relief. Pure, effective, and sustainably sourced. Order now for wellness transformation!\",\"publisher\":{\"@id\":\"https:\\\/\\\/emubirdoil.com\\\/sl\\\/#organization\"},\"potentialAction\":[{\"@type\":\"SearchAction\",\"target\":{\"@type\":\"EntryPoint\",\"urlTemplate\":\"https:\\\/\\\/emubirdoil.com\\\/sl\\\/?s={search_term_string}\"},\"query-input\":{\"@type\":\"PropertyValueSpecification\",\"valueRequired\":true,\"valueName\":\"search_term_string\"}}],\"inLanguage\":\"sl-SI\"},{\"@type\":\"Organization\",\"@id\":\"https:\\\/\\\/emubirdoil.com\\\/sl\\\/#organization\",\"name\":\"Emu Bird Oil YNot Natural\",\"url\":\"https:\\\/\\\/emubirdoil.com\\\/sl\\\/\",\"logo\":{\"@type\":\"ImageObject\",\"inLanguage\":\"sl-SI\",\"@id\":\"https:\\\/\\\/emubirdoil.com\\\/sl\\\/#\\\/schema\\\/logo\\\/image\\\/\",\"url\":\"https:\\\/\\\/emubirdoil.com\\\/wp-content\\\/uploads\\\/2023\\\/12\\\/Emu-bird-oil-LOGO.png\",\"contentUrl\":\"https:\\\/\\\/emubirdoil.com\\\/wp-content\\\/uploads\\\/2023\\\/12\\\/Emu-bird-oil-LOGO.png\",\"width\":320,\"height\":172,\"caption\":\"Emu Bird Oil YNot Natural\"},\"image\":{\"@id\":\"https:\\\/\\\/emubirdoil.com\\\/sl\\\/#\\\/schema\\\/logo\\\/image\\\/\"}}]}<\/script>\n<!-- \/ Yoast SEO plugin. -->","yoast_head_json":{"title":"Pravilnik o vra\u010dilu in vra\u010dilih - Emu Bird Oil","robots":{"index":"index","follow":"follow","max-snippet":"max-snippet:-1","max-image-preview":"max-image-preview:large","max-video-preview":"max-video-preview:-1"},"canonical":"https:\/\/emubirdoil.com\/sl\/pravilnik-o-vracilu-in-vracilih\/","og_locale":"sl_SI","og_type":"article","og_title":"Pravilnik o vra\u010dilu in vra\u010dilih - Emu Bird Oil","og_description":"Vsak izdelek, ki ga prodajamo, je pred odpremo skrbno pregledan. \u010ce z blagom niste zadovoljni in nas o tem obvestite v 14 dneh po prejemu blaga, bomo poskrbeli za prevzem blaga (celotnega naro\u010dila) in vam v celoti povrnili kupnino. Ali pa bomo zamenjali izdelke, \u010de so ob dostavi okvarjeni in smo o tem obve\u0161\u010deni v [&hellip;]","og_url":"https:\/\/emubirdoil.com\/sl\/pravilnik-o-vracilu-in-vracilih\/","og_site_name":"Emu Bird Oil","article_modified_time":"2024-02-01T20:28:47+00:00","twitter_card":"summary_large_image","twitter_misc":{"Est. reading time":"2 minuti"},"schema":{"@context":"https:\/\/schema.org","@graph":[{"@type":"WebPage","@id":"https:\/\/emubirdoil.com\/sl\/pravilnik-o-vracilu-in-vracilih\/","url":"https:\/\/emubirdoil.com\/sl\/pravilnik-o-vracilu-in-vracilih\/","name":"Pravilnik o vra\u010dilu in vra\u010dilih - Emu Bird Oil","isPartOf":{"@id":"https:\/\/emubirdoil.com\/sl\/#website"},"datePublished":"2024-01-10T16:26:01+00:00","dateModified":"2024-02-01T20:28:47+00:00","breadcrumb":{"@id":"https:\/\/emubirdoil.com\/sl\/pravilnik-o-vracilu-in-vracilih\/#breadcrumb"},"inLanguage":"sl-SI","potentialAction":[{"@type":"ReadAction","target":["https:\/\/emubirdoil.com\/sl\/pravilnik-o-vracilu-in-vracilih\/"]}]},{"@type":"BreadcrumbList","@id":"https:\/\/emubirdoil.com\/sl\/pravilnik-o-vracilu-in-vracilih\/#breadcrumb","itemListElement":[{"@type":"ListItem","position":1,"name":"Home","item":"https:\/\/emubirdoil.com\/sl\/"},{"@type":"ListItem","position":2,"name":"Pravilnik o vra\u010dilu in vra\u010dilih"}]},{"@type":"WebSite","@id":"https:\/\/emubirdoil.com\/sl\/#website","url":"https:\/\/emubirdoil.com\/sl\/","name":"Emu Bird Oil YNot Natural","description":"Explore premium Emu Bird Oil for natural skincare and pain relief. Pure, effective, and sustainably sourced. Order now for wellness transformation!","publisher":{"@id":"https:\/\/emubirdoil.com\/sl\/#organization"},"potentialAction":[{"@type":"SearchAction","target":{"@type":"EntryPoint","urlTemplate":"https:\/\/emubirdoil.com\/sl\/?s={search_term_string}"},"query-input":{"@type":"PropertyValueSpecification","valueRequired":true,"valueName":"search_term_string"}}],"inLanguage":"sl-SI"},{"@type":"Organization","@id":"https:\/\/emubirdoil.com\/sl\/#organization","name":"Emu Bird Oil YNot Natural","url":"https:\/\/emubirdoil.com\/sl\/","logo":{"@type":"ImageObject","inLanguage":"sl-SI","@id":"https:\/\/emubirdoil.com\/sl\/#\/schema\/logo\/image\/","url":"https:\/\/emubirdoil.com\/wp-content\/uploads\/2023\/12\/Emu-bird-oil-LOGO.png","contentUrl":"https:\/\/emubirdoil.com\/wp-content\/uploads\/2023\/12\/Emu-bird-oil-LOGO.png","width":320,"height":172,"caption":"Emu Bird Oil YNot Natural"},"image":{"@id":"https:\/\/emubirdoil.com\/sl\/#\/schema\/logo\/image\/"}}]}},"_links":{"self":[{"href":"https:\/\/emubirdoil.com\/sl\/wp-json\/wp\/v2\/pages\/1549","targetHints":{"allow":["GET"]}}],"collection":[{"href":"https:\/\/emubirdoil.com\/sl\/wp-json\/wp\/v2\/pages"}],"about":[{"href":"https:\/\/emubirdoil.com\/sl\/wp-json\/wp\/v2\/types\/page"}],"author":[{"embeddable":true,"href":"https:\/\/emubirdoil.com\/sl\/wp-json\/wp\/v2\/users\/1"}],"replies":[{"embeddable":true,"href":"https:\/\/emubirdoil.com\/sl\/wp-json\/wp\/v2\/comments?post=1549"}],"version-history":[{"count":3,"href":"https:\/\/emubirdoil.com\/sl\/wp-json\/wp\/v2\/pages\/1549\/revisions"}],"predecessor-version":[{"id":1665,"href":"https:\/\/emubirdoil.com\/sl\/wp-json\/wp\/v2\/pages\/1549\/revisions\/1665"}],"wp:attachment":[{"href":"https:\/\/emubirdoil.com\/sl\/wp-json\/wp\/v2\/media?parent=1549"}],"curies":[{"name":"wp","href":"https:\/\/api.w.org\/{rel}","templated":true}]}}