{"id":1536,"date":"2023-12-12T09:42:57","date_gmt":"2023-12-12T09:42:57","guid":{"rendered":"https:\/\/emubirdoil.com\/kaj-je-emu-olje\/"},"modified":"2024-02-01T20:29:11","modified_gmt":"2024-02-01T20:29:11","slug":"kaj-je-emu-olje","status":"publish","type":"page","link":"https:\/\/emubirdoil.com\/sl\/emu-olje\/kaj-je-emu-olje\/","title":{"rendered":"Kaj je emu olje"},"content":{"rendered":"\t\t<div data-elementor-type=\"wp-page\" data-elementor-id=\"1536\" class=\"elementor elementor-1536 elementor-107\" data-elementor-post-type=\"page\">\n\t\t\t\t<div class=\"elementor-element elementor-element-73ab93a e-con-full e-flex e-con e-parent\" data-id=\"73ab93a\" data-element_type=\"container\" data-e-type=\"container\" data-settings=\"{&quot;background_background&quot;:&quot;classic&quot;}\">\n\t\t<div class=\"elementor-element elementor-element-451e220 e-con-full e-flex e-con e-child\" data-id=\"451e220\" data-element_type=\"container\" data-e-type=\"container\">\n\t\t\t\t<\/div>\n\t\t\t\t<\/div>\n\t\t<div class=\"elementor-element elementor-element-d709969 e-flex e-con-boxed e-con e-parent\" data-id=\"d709969\" data-element_type=\"container\" data-e-type=\"container\" data-settings=\"{&quot;background_background&quot;:&quot;classic&quot;}\">\n\t\t\t\t\t<div class=\"e-con-inner\">\n\t\t<div class=\"elementor-element elementor-element-b6dfac0 e-con-full e-flex e-con e-child\" data-id=\"b6dfac0\" data-element_type=\"container\" data-e-type=\"container\">\n\t\t\t\t<div class=\"elementor-element elementor-element-d9e6537 animated-fast elementor-invisible elementor-widget elementor-widget-text-editor\" data-id=\"d9e6537\" data-element_type=\"widget\" data-e-type=\"widget\" data-settings=\"{&quot;_animation&quot;:&quot;fadeInUp&quot;,&quot;_animation_delay&quot;:200}\" data-widget_type=\"text-editor.default\">\n\t\t\t\t<div class=\"elementor-widget-container\">\n\t\t\t\t\t\t\t\t\t<p>V podjetju Y-Not Natural verjamemo, da prava lepota in dobro po\u010dutje izhajata iz naravnih zakladov. Zato vam z veseljem predstavljamo izjemne prednosti emu olja &#8211; skrivnost, ki jo cenijo \u017ee stoletja. Zaradi na\u0161e strasti do naravnih re\u0161itev smo v svojih izdelkih izkoristili mo\u010d emu olja, ki odpira svet sijaja in vitalnosti za va\u0161o ko\u017eo in splo\u0161no dobro po\u010dutje.<\/p>\n\t\t\t\t\t\t\t\t<\/div>\n\t\t\t\t<\/div>\n\t\t\t\t<\/div>\n\t\t\t\t\t<\/div>\n\t\t\t\t<\/div>\n\t\t<div class=\"elementor-element elementor-element-516fe1c2 e-flex e-con-boxed e-con e-parent\" data-id=\"516fe1c2\" data-element_type=\"container\" data-e-type=\"container\" data-settings=\"{&quot;background_background&quot;:&quot;classic&quot;}\">\n\t\t\t\t\t<div class=\"e-con-inner\">\n\t\t<div class=\"elementor-element elementor-element-5f88b3ea e-con-full e-flex e-con e-child\" data-id=\"5f88b3ea\" data-element_type=\"container\" data-e-type=\"container\">\n\t\t<div class=\"elementor-element elementor-element-5ded09 e-con-full e-flex e-con e-child\" data-id=\"5ded09\" data-element_type=\"container\" data-e-type=\"container\">\n\t\t<div class=\"elementor-element elementor-element-45fe5b1a e-con-full e-flex e-con e-child\" data-id=\"45fe5b1a\" data-element_type=\"container\" data-e-type=\"container\">\n\t\t\t\t<div class=\"elementor-element elementor-element-9bb6362 animated-fast elementor-invisible elementor-widget elementor-widget-heading\" data-id=\"9bb6362\" data-element_type=\"widget\" data-e-type=\"widget\" data-settings=\"{&quot;_animation&quot;:&quot;fadeInUp&quot;,&quot;_animation_delay&quot;:200}\" data-widget_type=\"heading.default\">\n\t\t\t\t<div class=\"elementor-widget-container\">\n\t\t\t\t\t<h3 class=\"elementor-heading-title elementor-size-default\">Darilo narave<\/h3>\t\t\t\t<\/div>\n\t\t\t\t<\/div>\n\t\t\t\t<div class=\"elementor-element elementor-element-7298164a animated-fast elementor-widget__width-initial elementor-widget-tablet__width-inherit elementor-invisible elementor-widget elementor-widget-text-editor\" data-id=\"7298164a\" data-element_type=\"widget\" data-e-type=\"widget\" data-settings=\"{&quot;_animation&quot;:&quot;fadeInUp&quot;,&quot;_animation_delay&quot;:300}\" data-widget_type=\"text-editor.default\">\n\t\t\t\t<div class=\"elementor-widget-container\">\n\t\t\t\t\t\t\t\t\t<p>Emu olje je dragocena snov, pridobljena iz ma\u0161\u010dobe ptice emu, ki izvira iz Avstralije. Avstralski staroselci \u017ee stoletja cenijo to olje zaradi njegovih izjemnih vla\u017eilnih in zdravilnih lastnosti.<\/p>\n<p>Odgovorno in trajnostno pridelano olje emu je dokaz modrosti tradicionalnih praks in veli\u010dastnosti narave.<\/p>\n<p>V podjetju YNotNatural smo izkoristili mo\u010d olja Emu in ustvarili vrsto izdelkov, ki ustrezajo edinstvenim potrebam va\u0161e ko\u017ee. Na\u0161i strokovnjaki to dragoceno olje me\u0161ajo s skrbno izbranimi naravnimi sestavinami, da pove\u010dajo njegove koristi.<\/p>\n\t\t\t\t\t\t\t\t<\/div>\n\t\t\t\t<\/div>\n\t\t\t\t<\/div>\n\t\t<div class=\"elementor-element elementor-element-e4e68ac e-con-full e-flex e-con e-child\" data-id=\"e4e68ac\" data-element_type=\"container\" data-e-type=\"container\" data-settings=\"{&quot;background_background&quot;:&quot;classic&quot;}\">\n\t\t\t\t<\/div>\n\t\t\t\t<\/div>\n\t\t<div class=\"elementor-element elementor-element-410057a6 e-con-full e-flex e-con e-child\" data-id=\"410057a6\" data-element_type=\"container\" data-e-type=\"container\">\n\t\t<div class=\"elementor-element elementor-element-5b702be e-con-full e-flex e-con e-child\" data-id=\"5b702be\" data-element_type=\"container\" data-e-type=\"container\" data-settings=\"{&quot;background_background&quot;:&quot;classic&quot;}\">\n\t\t\t\t<\/div>\n\t\t<div class=\"elementor-element elementor-element-1018d196 e-con-full e-flex e-con e-child\" data-id=\"1018d196\" data-element_type=\"container\" data-e-type=\"container\">\n\t\t\t\t<div class=\"elementor-element elementor-element-41fe23ff animated-fast elementor-invisible elementor-widget elementor-widget-heading\" data-id=\"41fe23ff\" data-element_type=\"widget\" data-e-type=\"widget\" data-settings=\"{&quot;_animation&quot;:&quot;fadeInUp&quot;,&quot;_animation_delay&quot;:200}\" data-widget_type=\"heading.default\">\n\t\t\t\t<div class=\"elementor-widget-container\">\n\t\t\t\t\t<h3 class=\"elementor-heading-title elementor-size-default\">Odkrivanje prednosti<\/h3>\t\t\t\t<\/div>\n\t\t\t\t<\/div>\n\t\t\t\t<div class=\"elementor-element elementor-element-b74f4a6 animated-fast elementor-widget__width-initial elementor-widget-tablet__width-inherit elementor-invisible elementor-widget elementor-widget-text-editor\" data-id=\"b74f4a6\" data-element_type=\"widget\" data-e-type=\"widget\" data-settings=\"{&quot;_animation&quot;:&quot;fadeInUp&quot;,&quot;_animation_delay&quot;:300}\" data-widget_type=\"text-editor.default\">\n\t\t\t\t<div class=\"elementor-widget-container\">\n\t\t\t\t\t\t\t\t\t<p>Zakaj torej olje Emu? Emu olje je naravna mo\u010d hranilnih snovi, vklju\u010dno z esencialnimi ma\u0161\u010dobnimi kislinami, kot so omega-3, omega-6 in omega-9.<\/p>\n<p>Te ma\u0161\u010dobne kisline prodrejo globoko v ko\u017eo ter zagotavljajo neprimerljivo vla\u017eenje in hranjenje. Emu olje je znano tudi po protivnetnih lastnostih, zato je blagodejno sredstvo za ob\u010dutljivo in razdra\u017eeno ko\u017eo.<\/p>\n<p>Ne glede na to, ali se spopadate s suhostjo, znaki staranja ali celo manj\u0161imi te\u017eavami s ko\u017eo, vam Emu olje ponuja celostno re\u0161itev, ki resni\u010dno deluje.<\/p><\/p>\n\t\t\t\t\t\t\t\t<\/div>\n\t\t\t\t<\/div>\n\t\t\t\t<\/div>\n\t\t\t\t<\/div>\n\t\t\t\t<\/div>\n\t\t\t\t\t<\/div>\n\t\t\t\t<\/div>\n\t\t<div class=\"elementor-element elementor-element-0b3170c e-flex e-con-boxed e-con e-parent\" data-id=\"0b3170c\" data-element_type=\"container\" data-e-type=\"container\" data-settings=\"{&quot;background_background&quot;:&quot;classic&quot;}\">\n\t\t\t\t\t<div class=\"e-con-inner\">\n\t\t<div class=\"elementor-element elementor-element-09e2f1b e-con-full e-flex e-con e-child\" data-id=\"09e2f1b\" data-element_type=\"container\" data-e-type=\"container\">\n\t\t\t\t<div class=\"elementor-element elementor-element-1797982 elementor-widget elementor-widget-heading\" data-id=\"1797982\" data-element_type=\"widget\" data-e-type=\"widget\" data-widget_type=\"heading.default\">\n\t\t\t\t<div class=\"elementor-widget-container\">\n\t\t\t\t\t<h2 class=\"elementor-heading-title elementor-size-default\">POSEBNI PREDLOGI<\/h2>\t\t\t\t<\/div>\n\t\t\t\t<\/div>\n\t\t\t\t<div class=\"elementor-element elementor-element-17a59e1 elementor-grid-3 elementor-grid-tablet-3 elementor-grid-mobile-1 elementor-product-loop-item--align-center animated-fast elementor-products-grid elementor-wc-products elementor-invisible elementor-widget elementor-widget-woocommerce-products\" data-id=\"17a59e1\" data-element_type=\"widget\" data-e-type=\"widget\" data-settings=\"{&quot;_animation&quot;:&quot;fadeInUp&quot;,&quot;_animation_delay&quot;:200}\" data-widget_type=\"woocommerce-products.default\">\n\t\t\t\t<div class=\"elementor-widget-container\">\n\t\t\t\t\t<div class=\"woocommerce columns-3 \"><ul class=\"products elementor-grid columns-3\">\n<li class=\"product type-product post-2396 status-publish first instock product_cat-y-ni-naravno has-post-thumbnail sale shipping-taxable purchasable product-type-simple\">\n\t<a href=\"https:\/\/emubirdoil.com\/sl\/izdelek\/ekolosko-100-cisto-olje-emu-60ml\/\" class=\"woocommerce-LoopProduct-link woocommerce-loop-product__link\">\n\t<span class=\"onsale\">Akcija!<\/span>\n\t<img fetchpriority=\"high\" decoding=\"async\" width=\"300\" height=\"300\" src=\"https:\/\/emubirdoil.com\/wp-content\/uploads\/2025\/03\/100-pure-emu-oil-for-hypoallergenic-skin-care-hair-and-healing-all-natural-source-of-vitamin-k2-1-300x300.jpg\" class=\"attachment-woocommerce_thumbnail size-woocommerce_thumbnail\" alt=\"Ekolo\u0161ko 100 % \u010disto olje Emu 60ml\" srcset=\"https:\/\/emubirdoil.com\/wp-content\/uploads\/2025\/03\/100-pure-emu-oil-for-hypoallergenic-skin-care-hair-and-healing-all-natural-source-of-vitamin-k2-1-300x300.jpg 300w, https:\/\/emubirdoil.com\/wp-content\/uploads\/2025\/03\/100-pure-emu-oil-for-hypoallergenic-skin-care-hair-and-healing-all-natural-source-of-vitamin-k2-1-150x150.jpg 150w, https:\/\/emubirdoil.com\/wp-content\/uploads\/2025\/03\/100-pure-emu-oil-for-hypoallergenic-skin-care-hair-and-healing-all-natural-source-of-vitamin-k2-1-100x100.jpg 100w, https:\/\/emubirdoil.com\/wp-content\/uploads\/2025\/03\/100-pure-emu-oil-for-hypoallergenic-skin-care-hair-and-healing-all-natural-source-of-vitamin-k2-1.jpg 458w\" sizes=\"(max-width: 300px) 100vw, 300px\" \/><h2 class=\"woocommerce-loop-product__title\">Ekolo\u0161ko 100 % \u010disto olje Emu 60ml<\/h2><div class=\"star-rating\" role=\"img\" aria-label=\"Ocenjeno 5.00 od 5\"><span style=\"width:100%\">Ocenjeno <strong class=\"rating\">5.00<\/strong> od 5<\/span><\/div>\n\t<span class=\"price\"><del aria-hidden=\"true\"><span class=\"woocommerce-Price-amount amount\"><bdi>34,90&nbsp;<span class=\"woocommerce-Price-currencySymbol\">&euro;<\/span><\/bdi><\/span><\/del> <span class=\"screen-reader-text\">Izvirna cena je bila: 34,90&nbsp;&euro;.<\/span><ins aria-hidden=\"true\"><span class=\"woocommerce-Price-amount amount\"><bdi>24,90&nbsp;<span class=\"woocommerce-Price-currencySymbol\">&euro;<\/span><\/bdi><\/span><\/ins><span class=\"screen-reader-text\">Trenutna cena je: 24,90&nbsp;&euro;.<\/span><\/span>\n<\/a><a href=\"\/sl\/wp-json\/wp\/v2\/pages\/1536?add-to-cart=2396\" aria-describedby=\"woocommerce_loop_add_to_cart_link_describedby_2396\" data-quantity=\"1\" class=\"button product_type_simple add_to_cart_button ajax_add_to_cart\" data-product_id=\"2396\" data-product_sku=\"YNNOMEGAOleo60\" aria-label=\"Dodaj v ko\u0161arico: &ldquo;Ekolo\u0161ko 100 % \u010disto olje Emu 60ml&rdquo;\" rel=\"nofollow\" data-success_message=\"&ldquo;Ekolo\u0161ko 100 % \u010disto olje Emu 60ml&rdquo; je bil dodan v va\u0161o ko\u0161arico\" role=\"button\">Dodaj v ko\u0161arico<\/a>\t<span id=\"woocommerce_loop_add_to_cart_link_describedby_2396\" class=\"screen-reader-text\">\n\t\t\t<\/span>\n<span class=\"gtm4wp_productdata\" style=\"display:none; visibility:hidden;\" data-gtm4wp_product_data=\"{&quot;internal_id&quot;:2396,&quot;item_id&quot;:2396,&quot;item_name&quot;:&quot;Ekolo\\u0161ko 100 % \\u010disto olje Emu 60ml&quot;,&quot;sku&quot;:&quot;YNNOMEGAOleo60&quot;,&quot;price&quot;:24.89999999999999857891452847979962825775146484375,&quot;stocklevel&quot;:31,&quot;stockstatus&quot;:&quot;instock&quot;,&quot;google_business_vertical&quot;:&quot;custom&quot;,&quot;item_category&quot;:&quot;Y - ni naravno&quot;,&quot;id&quot;:2396,&quot;productlink&quot;:&quot;https:\\\/\\\/emubirdoil.com\\\/sl\\\/izdelek\\\/ekolosko-100-cisto-olje-emu-60ml\\\/&quot;,&quot;item_list_name&quot;:&quot;General Product List&quot;,&quot;index&quot;:1,&quot;product_type&quot;:&quot;simple&quot;,&quot;item_brand&quot;:&quot;&quot;}\"><\/span><\/li>\n<\/ul>\n<\/div>\t\t\t\t<\/div>\n\t\t\t\t<\/div>\n\t\t\t\t<\/div>\n\t\t\t\t\t<\/div>\n\t\t\t\t<\/div>\n\t\t\t\t<\/div>\n\t\t","protected":false},"excerpt":{"rendered":"<p>V podjetju Y-Not Natural verjamemo, da prava lepota in dobro po\u010dutje izhajata iz naravnih zakladov. Zato vam z veseljem predstavljamo izjemne prednosti emu olja &#8211; skrivnost, ki jo cenijo \u017ee stoletja. Zaradi na\u0161e strasti do naravnih re\u0161itev smo v svojih izdelkih izkoristili mo\u010d emu olja, ki odpira svet sijaja in vitalnosti za va\u0161o ko\u017eo in [&hellip;]<\/p>\n","protected":false},"author":1,"featured_media":0,"parent":1825,"menu_order":0,"comment_status":"closed","ping_status":"closed","template":"","meta":{"footnotes":""},"class_list":["post-1536","page","type-page","status-publish","hentry"],"yoast_head":"<!-- This site is optimized with the Yoast SEO plugin v27.4 - https:\/\/yoast.com\/product\/yoast-seo-wordpress\/ -->\n<title>Kaj je emu olje - Emu Bird Oil<\/title>\n<meta name=\"robots\" content=\"index, follow, max-snippet:-1, max-image-preview:large, max-video-preview:-1\" \/>\n<link rel=\"canonical\" href=\"https:\/\/emubirdoil.com\/sl\/emu-olje\/kaj-je-emu-olje\/\" \/>\n<meta property=\"og:locale\" content=\"sl_SI\" \/>\n<meta property=\"og:type\" content=\"article\" \/>\n<meta property=\"og:title\" content=\"Kaj je emu olje - Emu Bird Oil\" \/>\n<meta property=\"og:description\" content=\"V podjetju Y-Not Natural verjamemo, da prava lepota in dobro po\u010dutje izhajata iz naravnih zakladov. Zato vam z veseljem predstavljamo izjemne prednosti emu olja &#8211; skrivnost, ki jo cenijo \u017ee stoletja. Zaradi na\u0161e strasti do naravnih re\u0161itev smo v svojih izdelkih izkoristili mo\u010d emu olja, ki odpira svet sijaja in vitalnosti za va\u0161o ko\u017eo in [&hellip;]\" \/>\n<meta property=\"og:url\" content=\"https:\/\/emubirdoil.com\/sl\/emu-olje\/kaj-je-emu-olje\/\" \/>\n<meta property=\"og:site_name\" content=\"Emu Bird Oil\" \/>\n<meta property=\"article:modified_time\" content=\"2024-02-01T20:29:11+00:00\" \/>\n<meta name=\"twitter:card\" content=\"summary_large_image\" \/>\n<meta name=\"twitter:label1\" content=\"Est. reading time\" \/>\n\t<meta name=\"twitter:data1\" content=\"1 minuta\" \/>\n<script type=\"application\/ld+json\" class=\"yoast-schema-graph\">{\"@context\":\"https:\\\/\\\/schema.org\",\"@graph\":[{\"@type\":\"WebPage\",\"@id\":\"https:\\\/\\\/emubirdoil.com\\\/sl\\\/emu-olje\\\/kaj-je-emu-olje\\\/\",\"url\":\"https:\\\/\\\/emubirdoil.com\\\/sl\\\/emu-olje\\\/kaj-je-emu-olje\\\/\",\"name\":\"Kaj je emu olje - Emu Bird Oil\",\"isPartOf\":{\"@id\":\"https:\\\/\\\/emubirdoil.com\\\/sl\\\/#website\"},\"datePublished\":\"2023-12-12T09:42:57+00:00\",\"dateModified\":\"2024-02-01T20:29:11+00:00\",\"breadcrumb\":{\"@id\":\"https:\\\/\\\/emubirdoil.com\\\/sl\\\/emu-olje\\\/kaj-je-emu-olje\\\/#breadcrumb\"},\"inLanguage\":\"sl-SI\",\"potentialAction\":[{\"@type\":\"ReadAction\",\"target\":[\"https:\\\/\\\/emubirdoil.com\\\/sl\\\/emu-olje\\\/kaj-je-emu-olje\\\/\"]}]},{\"@type\":\"BreadcrumbList\",\"@id\":\"https:\\\/\\\/emubirdoil.com\\\/sl\\\/emu-olje\\\/kaj-je-emu-olje\\\/#breadcrumb\",\"itemListElement\":[{\"@type\":\"ListItem\",\"position\":1,\"name\":\"Home\",\"item\":\"https:\\\/\\\/emubirdoil.com\\\/sl\\\/\"},{\"@type\":\"ListItem\",\"position\":2,\"name\":\"Emu olje\",\"item\":\"https:\\\/\\\/emubirdoil.com\\\/sl\\\/emu-olje\\\/\"},{\"@type\":\"ListItem\",\"position\":3,\"name\":\"Kaj je emu olje\"}]},{\"@type\":\"WebSite\",\"@id\":\"https:\\\/\\\/emubirdoil.com\\\/sl\\\/#website\",\"url\":\"https:\\\/\\\/emubirdoil.com\\\/sl\\\/\",\"name\":\"Emu Bird Oil YNot Natural\",\"description\":\"Explore premium Emu Bird Oil for natural skincare and pain relief. Pure, effective, and sustainably sourced. Order now for wellness transformation!\",\"publisher\":{\"@id\":\"https:\\\/\\\/emubirdoil.com\\\/sl\\\/#organization\"},\"potentialAction\":[{\"@type\":\"SearchAction\",\"target\":{\"@type\":\"EntryPoint\",\"urlTemplate\":\"https:\\\/\\\/emubirdoil.com\\\/sl\\\/?s={search_term_string}\"},\"query-input\":{\"@type\":\"PropertyValueSpecification\",\"valueRequired\":true,\"valueName\":\"search_term_string\"}}],\"inLanguage\":\"sl-SI\"},{\"@type\":\"Organization\",\"@id\":\"https:\\\/\\\/emubirdoil.com\\\/sl\\\/#organization\",\"name\":\"Emu Bird Oil YNot Natural\",\"url\":\"https:\\\/\\\/emubirdoil.com\\\/sl\\\/\",\"logo\":{\"@type\":\"ImageObject\",\"inLanguage\":\"sl-SI\",\"@id\":\"https:\\\/\\\/emubirdoil.com\\\/sl\\\/#\\\/schema\\\/logo\\\/image\\\/\",\"url\":\"https:\\\/\\\/emubirdoil.com\\\/wp-content\\\/uploads\\\/2023\\\/12\\\/Emu-bird-oil-LOGO.png\",\"contentUrl\":\"https:\\\/\\\/emubirdoil.com\\\/wp-content\\\/uploads\\\/2023\\\/12\\\/Emu-bird-oil-LOGO.png\",\"width\":320,\"height\":172,\"caption\":\"Emu Bird Oil YNot Natural\"},\"image\":{\"@id\":\"https:\\\/\\\/emubirdoil.com\\\/sl\\\/#\\\/schema\\\/logo\\\/image\\\/\"}}]}<\/script>\n<!-- \/ Yoast SEO plugin. -->","yoast_head_json":{"title":"Kaj je emu olje - Emu Bird Oil","robots":{"index":"index","follow":"follow","max-snippet":"max-snippet:-1","max-image-preview":"max-image-preview:large","max-video-preview":"max-video-preview:-1"},"canonical":"https:\/\/emubirdoil.com\/sl\/emu-olje\/kaj-je-emu-olje\/","og_locale":"sl_SI","og_type":"article","og_title":"Kaj je emu olje - Emu Bird Oil","og_description":"V podjetju Y-Not Natural verjamemo, da prava lepota in dobro po\u010dutje izhajata iz naravnih zakladov. Zato vam z veseljem predstavljamo izjemne prednosti emu olja &#8211; skrivnost, ki jo cenijo \u017ee stoletja. Zaradi na\u0161e strasti do naravnih re\u0161itev smo v svojih izdelkih izkoristili mo\u010d emu olja, ki odpira svet sijaja in vitalnosti za va\u0161o ko\u017eo in [&hellip;]","og_url":"https:\/\/emubirdoil.com\/sl\/emu-olje\/kaj-je-emu-olje\/","og_site_name":"Emu Bird Oil","article_modified_time":"2024-02-01T20:29:11+00:00","twitter_card":"summary_large_image","twitter_misc":{"Est. reading time":"1 minuta"},"schema":{"@context":"https:\/\/schema.org","@graph":[{"@type":"WebPage","@id":"https:\/\/emubirdoil.com\/sl\/emu-olje\/kaj-je-emu-olje\/","url":"https:\/\/emubirdoil.com\/sl\/emu-olje\/kaj-je-emu-olje\/","name":"Kaj je emu olje - Emu Bird Oil","isPartOf":{"@id":"https:\/\/emubirdoil.com\/sl\/#website"},"datePublished":"2023-12-12T09:42:57+00:00","dateModified":"2024-02-01T20:29:11+00:00","breadcrumb":{"@id":"https:\/\/emubirdoil.com\/sl\/emu-olje\/kaj-je-emu-olje\/#breadcrumb"},"inLanguage":"sl-SI","potentialAction":[{"@type":"ReadAction","target":["https:\/\/emubirdoil.com\/sl\/emu-olje\/kaj-je-emu-olje\/"]}]},{"@type":"BreadcrumbList","@id":"https:\/\/emubirdoil.com\/sl\/emu-olje\/kaj-je-emu-olje\/#breadcrumb","itemListElement":[{"@type":"ListItem","position":1,"name":"Home","item":"https:\/\/emubirdoil.com\/sl\/"},{"@type":"ListItem","position":2,"name":"Emu olje","item":"https:\/\/emubirdoil.com\/sl\/emu-olje\/"},{"@type":"ListItem","position":3,"name":"Kaj je emu olje"}]},{"@type":"WebSite","@id":"https:\/\/emubirdoil.com\/sl\/#website","url":"https:\/\/emubirdoil.com\/sl\/","name":"Emu Bird Oil YNot Natural","description":"Explore premium Emu Bird Oil for natural skincare and pain relief. Pure, effective, and sustainably sourced. Order now for wellness transformation!","publisher":{"@id":"https:\/\/emubirdoil.com\/sl\/#organization"},"potentialAction":[{"@type":"SearchAction","target":{"@type":"EntryPoint","urlTemplate":"https:\/\/emubirdoil.com\/sl\/?s={search_term_string}"},"query-input":{"@type":"PropertyValueSpecification","valueRequired":true,"valueName":"search_term_string"}}],"inLanguage":"sl-SI"},{"@type":"Organization","@id":"https:\/\/emubirdoil.com\/sl\/#organization","name":"Emu Bird Oil YNot Natural","url":"https:\/\/emubirdoil.com\/sl\/","logo":{"@type":"ImageObject","inLanguage":"sl-SI","@id":"https:\/\/emubirdoil.com\/sl\/#\/schema\/logo\/image\/","url":"https:\/\/emubirdoil.com\/wp-content\/uploads\/2023\/12\/Emu-bird-oil-LOGO.png","contentUrl":"https:\/\/emubirdoil.com\/wp-content\/uploads\/2023\/12\/Emu-bird-oil-LOGO.png","width":320,"height":172,"caption":"Emu Bird Oil YNot Natural"},"image":{"@id":"https:\/\/emubirdoil.com\/sl\/#\/schema\/logo\/image\/"}}]}},"_links":{"self":[{"href":"https:\/\/emubirdoil.com\/sl\/wp-json\/wp\/v2\/pages\/1536","targetHints":{"allow":["GET"]}}],"collection":[{"href":"https:\/\/emubirdoil.com\/sl\/wp-json\/wp\/v2\/pages"}],"about":[{"href":"https:\/\/emubirdoil.com\/sl\/wp-json\/wp\/v2\/types\/page"}],"author":[{"embeddable":true,"href":"https:\/\/emubirdoil.com\/sl\/wp-json\/wp\/v2\/users\/1"}],"replies":[{"embeddable":true,"href":"https:\/\/emubirdoil.com\/sl\/wp-json\/wp\/v2\/comments?post=1536"}],"version-history":[{"count":1,"href":"https:\/\/emubirdoil.com\/sl\/wp-json\/wp\/v2\/pages\/1536\/revisions"}],"predecessor-version":[{"id":1564,"href":"https:\/\/emubirdoil.com\/sl\/wp-json\/wp\/v2\/pages\/1536\/revisions\/1564"}],"up":[{"embeddable":true,"href":"https:\/\/emubirdoil.com\/sl\/wp-json\/wp\/v2\/pages\/1825"}],"wp:attachment":[{"href":"https:\/\/emubirdoil.com\/sl\/wp-json\/wp\/v2\/media?parent=1536"}],"curies":[{"name":"wp","href":"https:\/\/api.w.org\/{rel}","templated":true}]}}