{"id":2400,"date":"2025-03-08T08:35:08","date_gmt":"2025-03-08T08:35:08","guid":{"rendered":"https:\/\/emubirdoil.com\/product\/organicky-100-cisty-emu-olej-60ml\/"},"modified":"2025-05-26T16:39:04","modified_gmt":"2025-05-26T16:39:04","slug":"organicky-100-cisty-emu-olej-60ml","status":"publish","type":"product","link":"https:\/\/emubirdoil.com\/sk\/produkt\/organicky-100-cisty-emu-olej-60ml\/","title":{"rendered":"Organick\u00fd 100% \u010dist\u00fd emu olej 60ml"},"content":{"rendered":"<p>YNOT Natural Omega369 Emu olej je jednou z najsilnej\u0161\u00edch synergi\u00ed mastn\u00fdch kysel\u00edn, vitam\u00ednov, miner\u00e1lov a neurotransmiterov. Austr\u00e1lsky emu olej je v\u0161eobecne uzn\u00e1van\u00fd pre svoje jedine\u010dn\u00e9 vlastnosti, medzi ktor\u00e9 patria protiz\u00e1palov\u00e9 vlastnosti a schopnos\u0165 prenikania do poko\u017eky, v\u010faka \u010domu je jedn\u00fdm z najpou\u017e\u00edvanej\u0161\u00edch pr\u00edrodn\u00fdch lie\u010div\u00fdch olejov v Austr\u00e1lii u\u017e viac ako tis\u00edc rokov v domorod\u00fdch kult\u00farach.<\/p>\n<p>Emu ako druh poch\u00e1dza z obdobia pribli\u017ene. 40 mili\u00f3nov rokov do saurijsk\u00e9ho veku a jeho olej pou\u017e\u00edvali &#8211; a st\u00e1le pou\u017e\u00edvaj\u00fa &#8211; austr\u00e1lski domorodci viac ako 40 000 rokov ako zdroj potravy a liekov. Emu olej je jednou z najsilnej\u0161\u00edch synergi\u00ed mastn\u00fdch kysel\u00edn, vitam\u00ednov, miner\u00e1lov, neurotransmiterov a mnoh\u00fdch \u010fal\u0161\u00edch zatia\u013e nezn\u00e1mych zlo\u017eiek. Je to \u017eivotn\u00e1 l\u00e1tka, ktor\u00e1 zabezpe\u010duje \u017eivot druhu.<\/p>\n<p>N\u00e1\u0161 emu olej sa spracov\u00e1va vo farmaceutickom kafilerickom z\u00e1vode svetov\u00e9ho \u0161tandardu, ktor\u00fd je registrovan\u00fd v Therapeutic Goods Association (TGA) a m\u00e1 akredit\u00e1ciu HACCP Australia pre bezpe\u010dnos\u0165 potrav\u00edn. Je to jedin\u00e1 spolo\u010dnos\u0165 na svete, ktor\u00e1 m\u00e1 priamy pr\u00edstup k testovaniu oleja Emu na biologick\u00fa aktivitu.<\/p>\n<p>&nbsp;<\/p>\n<p><img decoding=\"async\" class=\"alignnone size-full wp-image-307\" src=\"https:\/\/emubirdoil.com\/wp-content\/uploads\/2024\/01\/YNN-logo%C2%AEname_lge-2-300x121.jpg.webp\" alt=\"\" width=\"300\" height=\"121\"><\/p>\n<p><strong>V\u00fdroba a kvalita na farmaceutickej \u00farovni<\/strong><br \/>\nN\u00e1\u0161 emu olej sa spracov\u00e1va vo farmaceutickom kafilerickom z\u00e1vode svetov\u00e9ho \u0161tandardu, ktor\u00fd je registrovan\u00fd v Therapeutic Goods Association (TGA) a m\u00e1 akredit\u00e1ciu HACCP Australia pre bezpe\u010dnos\u0165 potrav\u00edn. Sme jedin\u00e1 spolo\u010dnos\u0165 na svete, ktor\u00e1 m\u00e1 priamy pr\u00edstup k testovaniu oleja Emu na biologick\u00fa aktivitu.<\/p>\n<p>Na\u0161e emu s\u00fa chovan\u00e9 v prostred\u00ed bez stresu, vo vo\u013enom v\u00fdbehu; len z naj\u010distej\u0161ieho a najlep\u0161ieho krmiva sa z\u00edskava vysoko biologicky akt\u00edvny olej. Antibiotik\u00e1, o\u010dkovanie a rastov\u00e9 horm\u00f3ny s\u00fa z produkcie vyl\u00fa\u010den\u00e9.<\/p>\n<p><strong>K\u013e\u00fa\u010dov\u00e9 v\u00fdhody 100% \u010dist\u00e9ho emu oleja YNotNatural<\/strong><\/p>\n<ul>\n<li>Protiz\u00e1palov\u00fd &#8211; zmier\u0148uje opuch a z\u00e1pal ekz\u00e9mu.<\/li>\n<li>Hypoalerg\u00e9nny &#8211; nesp\u00f4sobuje podr\u00e1\u017edenie poko\u017eky ani nem\u00e1 \u017eiadne ved\u013eaj\u0161ie \u00fa\u010dinky, ide\u00e1lny pre \u013eud\u00ed s citlivou poko\u017ekou a ko\u017enou vyr\u00e1\u017ekou.<\/li>\n<li>Vysoko penetruj\u00faci &#8211; nemastn\u00fd, vstreb\u00e1va sa do poko\u017eky bez zanechania mastn\u00e9ho pocitu alebo zvy\u0161kov<\/li>\n<li>Nekomedog\u00e9nny &#8211; \u010dist\u00fd emu olej neucp\u00e1va p\u00f3ry<\/li>\n<\/ul>\n<p><strong>\u00da\u010dinn\u00fd na r\u00f4zne ko\u017en\u00e9 ochorenia:<\/strong><\/p>\n<ul>\n<li>Ekz\u00e9m a psori\u00e1za<\/li>\n<li>Ko\u017en\u00e9 vyr\u00e1\u017eky<\/li>\n<li>Such\u00e1 poko\u017eka<\/li>\n<li>Vr\u00e1sky na tv\u00e1ri, proti starnutiu alebo citlivej pleti<\/li>\n<li>\u00dapal<\/li>\n<li>Strie<\/li>\n<li>Jazvy<\/li>\n<\/ul>\n<p><strong>Ako pou\u017e\u00edva\u0165:<\/strong><\/p>\n<p>Pomocou r\u00fak naneste na po\u017eadovan\u00e9 miesto. V pr\u00edpade potreby naneste viac emu oleja, aby ste pokryli cel\u00fa oblas\u0165. Olej nemus\u00edte vmas\u00edrova\u0165 cel\u00fd, preto\u017ee emu olej je penetra\u010dn\u00fd olej a s\u00e1m sa vstrebe do poko\u017eky. Po dokon\u010den\u00ed by poko\u017eka nemala by\u0165 mastn\u00e1. Ak \u00e1no, pravdepodobne ste ho pou\u017eili pr\u00edli\u0161 ve\u013ea. Nabud\u00face jednoducho zn\u00ed\u017ete mno\u017estvo, ktor\u00e9 pou\u017eijete.<\/p>\n<div style=\"width: 720px;\" class=\"wp-video\"><video class=\"wp-video-shortcode\" id=\"video-2400-1\" width=\"720\" height=\"720\" preload=\"metadata\" controls=\"controls\"><source type=\"video\/mp4\" src=\"https:\/\/emubirdoil.com\/wp-content\/uploads\/2024\/01\/Apply-Emu-oil.mp4?_=1\" \/><a href=\"https:\/\/emubirdoil.com\/wp-content\/uploads\/2024\/01\/Apply-Emu-oil.mp4\">https:\/\/emubirdoil.com\/wp-content\/uploads\/2024\/01\/Apply-Emu-oil.mp4<\/a><\/video><\/div>\n<p>&nbsp;<\/p>\n","protected":false},"excerpt":{"rendered":"<p>Y-Not Natural &#8211; organick\u00fd farmaceutick\u00fd 100% \u010dist\u00fd emu olej 200ml<br \/>\nDomorod\u00fd olej s obsahom omega 3, 6 a 9 z vo\u013en\u00e9ho chovu s levandu\u013eou na hypoalerg\u00e9nnu starostlivos\u0165 o ple\u0165, vlasy a hojenie<\/p>\n<ul>\n<li>Vhodn\u00e9 pre deti, dospel\u00fdch a star\u0161\u00edch \u013eud\u00ed<\/li>\n<li>Bohat\u00fd na vitam\u00edny K, E a A, esenci\u00e1lne mastn\u00e9 kyseliny Omega 3,6 a 9<\/li>\n<li>100% \u010dist\u00fd austr\u00e1lsky organick\u00fd olej z vo\u013en\u00e9ho chovu Emu<\/li>\n<li>Nesteroidov\u00e1, pr\u00edrodn\u00e1 protiz\u00e1palov\u00e1 \u00fa\u013eava.<\/li>\n<li>Ne\u0161tip\u013eav\u00e1 pr\u00edrodn\u00e1 \u00fa\u013eava pri poranenej vyr\u00e1\u017eke, rosacei, psori\u00e1ze, ekz\u00e9moch a TSW na rozdiel od v\u00e4\u010d\u0161iny kr\u00e9mov a ple\u0165ov\u00fdch mliek, ktor\u00e9 \u0161t\u00edpu<\/li>\n<li>M\u00f4\u017ee sa pou\u017e\u00edva\u0165 na zmiernenie bolest\u00ed k\u013abov, prevenciu vr\u00e1sok a pom\u00e1ha prirodzen\u00e9mu hojeniu jaziev a pigment\u00e1cie<\/li>\n<li>Overen\u00e9 mnoh\u00fdmi pacientmi trpiacimi \u0165a\u017ek\u00fdm ekz\u00e9mom<\/li>\n<li>Bez v\u00f4ne &#8211; neobsahuje \u017eiadnu in\u00fa zlo\u017eku okrem organick\u00e9ho \u010dist\u00e9ho emu oleja<\/li>\n<li>V\u00ed\u0165az ocenenia &#8222;Najlep\u0161ie organick\u00e9 \/ pr\u00edrodn\u00e9 produkty &#8211; najlep\u0161\u00ed telov\u00fd olej&#8220;<\/li>\n<\/ul>\n<p><strong>Zlo\u017eenie<\/strong>: 100% \u010dist\u00fd vysokokvalitn\u00fd farmaceutick\u00fd olej Emu<\/p>\n<p>&nbsp;<\/p>\n","protected":false},"featured_media":3062,"comment_status":"open","ping_status":"closed","template":"","meta":[],"product_brand":[],"product_cat":[81],"product_tag":[],"class_list":{"0":"post-2400","1":"product","2":"type-product","3":"status-publish","4":"has-post-thumbnail","6":"product_cat-y-nie-je-prirodzene","8":"first","9":"instock","10":"sale","11":"shipping-taxable","12":"purchasable","13":"product-type-simple"},"yoast_head":"<!-- This site is optimized with the Yoast SEO plugin v27.4 - https:\/\/yoast.com\/product\/yoast-seo-wordpress\/ -->\n<title>Organick\u00fd 100% \u010dist\u00fd emu olej 60ml - Emu Bird Oil<\/title>\n<meta name=\"robots\" content=\"index, follow, max-snippet:-1, max-image-preview:large, max-video-preview:-1\" \/>\n<link rel=\"canonical\" href=\"https:\/\/emubirdoil.com\/sk\/produkt\/organicky-100-cisty-emu-olej-60ml\/\" \/>\n<meta property=\"og:locale\" content=\"sk_SK\" \/>\n<meta property=\"og:type\" content=\"article\" \/>\n<meta property=\"og:title\" content=\"Organick\u00fd 100% \u010dist\u00fd emu olej 60ml - Emu Bird Oil\" \/>\n<meta property=\"og:description\" content=\"Y-Not Natural - organick\u00fd farmaceutick\u00fd 100% \u010dist\u00fd emu olej 200ml Domorod\u00fd olej s obsahom omega 3, 6 a 9 z vo\u013en\u00e9ho chovu s levandu\u013eou na hypoalerg\u00e9nnu starostlivos\u0165 o ple\u0165, vlasy a hojenie  Vhodn\u00e9 pre deti, dospel\u00fdch a star\u0161\u00edch \u013eud\u00ed  Bohat\u00fd na vitam\u00edny K, E a A, esenci\u00e1lne mastn\u00e9 kyseliny Omega 3,6 a 9  100% \u010dist\u00fd austr\u00e1lsky organick\u00fd olej z vo\u013en\u00e9ho chovu Emu  Nesteroidov\u00e1, pr\u00edrodn\u00e1 protiz\u00e1palov\u00e1 \u00fa\u013eava.  Ne\u0161tip\u013eav\u00e1 pr\u00edrodn\u00e1 \u00fa\u013eava pri poranenej vyr\u00e1\u017eke, rosacei, psori\u00e1ze, ekz\u00e9moch a TSW na rozdiel od v\u00e4\u010d\u0161iny kr\u00e9mov a ple\u0165ov\u00fdch mliek, ktor\u00e9 \u0161t\u00edpu  M\u00f4\u017ee sa pou\u017e\u00edva\u0165 na zmiernenie bolest\u00ed k\u013abov, prevenciu vr\u00e1sok a pom\u00e1ha prirodzen\u00e9mu hojeniu jaziev a pigment\u00e1cie  Overen\u00e9 mnoh\u00fdmi pacientmi trpiacimi \u0165a\u017ek\u00fdm ekz\u00e9mom  Bez v\u00f4ne - neobsahuje \u017eiadnu in\u00fa zlo\u017eku okrem organick\u00e9ho \u010dist\u00e9ho emu oleja  V\u00ed\u0165az ocenenia &quot;Najlep\u0161ie organick\u00e9 \/ pr\u00edrodn\u00e9 produkty - najlep\u0161\u00ed telov\u00fd olej&quot; Zlo\u017eenie: 100% \u010dist\u00fd vysokokvalitn\u00fd farmaceutick\u00fd olej Emu &nbsp;\" \/>\n<meta property=\"og:url\" content=\"https:\/\/emubirdoil.com\/sk\/produkt\/organicky-100-cisty-emu-olej-60ml\/\" \/>\n<meta property=\"og:site_name\" content=\"Emu Bird Oil\" \/>\n<meta property=\"article:modified_time\" content=\"2025-05-26T16:39:04+00:00\" \/>\n<meta property=\"og:image\" content=\"https:\/\/emubirdoil.com\/wp-content\/uploads\/2024\/01\/61LN-GRMpbS._AC_SX522_.jpg\" \/>\n\t<meta property=\"og:image:width\" content=\"522\" \/>\n\t<meta property=\"og:image:height\" content=\"712\" \/>\n\t<meta property=\"og:image:type\" content=\"image\/jpeg\" \/>\n<meta name=\"twitter:card\" content=\"summary_large_image\" \/>\n<meta name=\"twitter:label1\" content=\"Predpokladan\u00fd \u010das \u010d\u00edtania\" \/>\n\t<meta name=\"twitter:data1\" content=\"3 min\u00faty\" \/>\n<script type=\"application\/ld+json\" class=\"yoast-schema-graph\">{\"@context\":\"https:\\\/\\\/schema.org\",\"@graph\":[{\"@type\":\"WebPage\",\"@id\":\"https:\\\/\\\/emubirdoil.com\\\/sk\\\/produkt\\\/organicky-100-cisty-emu-olej-60ml\\\/\",\"url\":\"https:\\\/\\\/emubirdoil.com\\\/sk\\\/produkt\\\/organicky-100-cisty-emu-olej-60ml\\\/\",\"name\":\"Organick\u00fd 100% \u010dist\u00fd emu olej 60ml - Emu Bird Oil\",\"isPartOf\":{\"@id\":\"https:\\\/\\\/emubirdoil.com\\\/sk\\\/#website\"},\"primaryImageOfPage\":{\"@id\":\"https:\\\/\\\/emubirdoil.com\\\/sk\\\/produkt\\\/organicky-100-cisty-emu-olej-60ml\\\/#primaryimage\"},\"image\":{\"@id\":\"https:\\\/\\\/emubirdoil.com\\\/sk\\\/produkt\\\/organicky-100-cisty-emu-olej-60ml\\\/#primaryimage\"},\"thumbnailUrl\":\"https:\\\/\\\/emubirdoil.com\\\/wp-content\\\/uploads\\\/2025\\\/03\\\/100-pure-emu-oil-for-hypoallergenic-skin-care-hair-and-healing-all-natural-source-of-vitamin-k2-1.jpg\",\"datePublished\":\"2025-03-08T08:35:08+00:00\",\"dateModified\":\"2025-05-26T16:39:04+00:00\",\"breadcrumb\":{\"@id\":\"https:\\\/\\\/emubirdoil.com\\\/sk\\\/produkt\\\/organicky-100-cisty-emu-olej-60ml\\\/#breadcrumb\"},\"inLanguage\":\"sk-SK\",\"potentialAction\":[{\"@type\":\"ReadAction\",\"target\":[\"https:\\\/\\\/emubirdoil.com\\\/sk\\\/produkt\\\/organicky-100-cisty-emu-olej-60ml\\\/\"]}]},{\"@type\":\"ImageObject\",\"inLanguage\":\"sk-SK\",\"@id\":\"https:\\\/\\\/emubirdoil.com\\\/sk\\\/produkt\\\/organicky-100-cisty-emu-olej-60ml\\\/#primaryimage\",\"url\":\"https:\\\/\\\/emubirdoil.com\\\/wp-content\\\/uploads\\\/2025\\\/03\\\/100-pure-emu-oil-for-hypoallergenic-skin-care-hair-and-healing-all-natural-source-of-vitamin-k2-1.jpg\",\"contentUrl\":\"https:\\\/\\\/emubirdoil.com\\\/wp-content\\\/uploads\\\/2025\\\/03\\\/100-pure-emu-oil-for-hypoallergenic-skin-care-hair-and-healing-all-natural-source-of-vitamin-k2-1.jpg\",\"width\":458,\"height\":458},{\"@type\":\"BreadcrumbList\",\"@id\":\"https:\\\/\\\/emubirdoil.com\\\/sk\\\/produkt\\\/organicky-100-cisty-emu-olej-60ml\\\/#breadcrumb\",\"itemListElement\":[{\"@type\":\"ListItem\",\"position\":1,\"name\":\"Home\",\"item\":\"https:\\\/\\\/emubirdoil.com\\\/sk\\\/domov\\\/\"},{\"@type\":\"ListItem\",\"position\":2,\"name\":\"Shop\",\"item\":\"https:\\\/\\\/emubirdoil.com\\\/sk\\\/shop-2\\\/\"},{\"@type\":\"ListItem\",\"position\":3,\"name\":\"Organick\u00fd 100% \u010dist\u00fd emu olej 60ml\"}]},{\"@type\":\"WebSite\",\"@id\":\"https:\\\/\\\/emubirdoil.com\\\/sk\\\/#website\",\"url\":\"https:\\\/\\\/emubirdoil.com\\\/sk\\\/\",\"name\":\"Emu Bird Oil YNot Natural\",\"description\":\"Explore premium Emu Bird Oil for natural skincare and pain relief. Pure, effective, and sustainably sourced. Order now for wellness transformation!\",\"publisher\":{\"@id\":\"https:\\\/\\\/emubirdoil.com\\\/sk\\\/#organization\"},\"potentialAction\":[{\"@type\":\"SearchAction\",\"target\":{\"@type\":\"EntryPoint\",\"urlTemplate\":\"https:\\\/\\\/emubirdoil.com\\\/sk\\\/?s={search_term_string}\"},\"query-input\":{\"@type\":\"PropertyValueSpecification\",\"valueRequired\":true,\"valueName\":\"search_term_string\"}}],\"inLanguage\":\"sk-SK\"},{\"@type\":\"Organization\",\"@id\":\"https:\\\/\\\/emubirdoil.com\\\/sk\\\/#organization\",\"name\":\"Emu Bird Oil YNot Natural\",\"url\":\"https:\\\/\\\/emubirdoil.com\\\/sk\\\/\",\"logo\":{\"@type\":\"ImageObject\",\"inLanguage\":\"sk-SK\",\"@id\":\"https:\\\/\\\/emubirdoil.com\\\/sk\\\/#\\\/schema\\\/logo\\\/image\\\/\",\"url\":\"https:\\\/\\\/emubirdoil.com\\\/wp-content\\\/uploads\\\/2023\\\/12\\\/Emu-bird-oil-LOGO.png\",\"contentUrl\":\"https:\\\/\\\/emubirdoil.com\\\/wp-content\\\/uploads\\\/2023\\\/12\\\/Emu-bird-oil-LOGO.png\",\"width\":320,\"height\":172,\"caption\":\"Emu Bird Oil YNot Natural\"},\"image\":{\"@id\":\"https:\\\/\\\/emubirdoil.com\\\/sk\\\/#\\\/schema\\\/logo\\\/image\\\/\"}}]}<\/script>\n<!-- \/ Yoast SEO plugin. -->","yoast_head_json":{"title":"Organick\u00fd 100% \u010dist\u00fd emu olej 60ml - Emu Bird Oil","robots":{"index":"index","follow":"follow","max-snippet":"max-snippet:-1","max-image-preview":"max-image-preview:large","max-video-preview":"max-video-preview:-1"},"canonical":"https:\/\/emubirdoil.com\/sk\/produkt\/organicky-100-cisty-emu-olej-60ml\/","og_locale":"sk_SK","og_type":"article","og_title":"Organick\u00fd 100% \u010dist\u00fd emu olej 60ml - Emu Bird Oil","og_description":"Y-Not Natural - organick\u00fd farmaceutick\u00fd 100% \u010dist\u00fd emu olej 200ml Domorod\u00fd olej s obsahom omega 3, 6 a 9 z vo\u013en\u00e9ho chovu s levandu\u013eou na hypoalerg\u00e9nnu starostlivos\u0165 o ple\u0165, vlasy a hojenie  Vhodn\u00e9 pre deti, dospel\u00fdch a star\u0161\u00edch \u013eud\u00ed  Bohat\u00fd na vitam\u00edny K, E a A, esenci\u00e1lne mastn\u00e9 kyseliny Omega 3,6 a 9  100% \u010dist\u00fd austr\u00e1lsky organick\u00fd olej z vo\u013en\u00e9ho chovu Emu  Nesteroidov\u00e1, pr\u00edrodn\u00e1 protiz\u00e1palov\u00e1 \u00fa\u013eava.  Ne\u0161tip\u013eav\u00e1 pr\u00edrodn\u00e1 \u00fa\u013eava pri poranenej vyr\u00e1\u017eke, rosacei, psori\u00e1ze, ekz\u00e9moch a TSW na rozdiel od v\u00e4\u010d\u0161iny kr\u00e9mov a ple\u0165ov\u00fdch mliek, ktor\u00e9 \u0161t\u00edpu  M\u00f4\u017ee sa pou\u017e\u00edva\u0165 na zmiernenie bolest\u00ed k\u013abov, prevenciu vr\u00e1sok a pom\u00e1ha prirodzen\u00e9mu hojeniu jaziev a pigment\u00e1cie  Overen\u00e9 mnoh\u00fdmi pacientmi trpiacimi \u0165a\u017ek\u00fdm ekz\u00e9mom  Bez v\u00f4ne - neobsahuje \u017eiadnu in\u00fa zlo\u017eku okrem organick\u00e9ho \u010dist\u00e9ho emu oleja  V\u00ed\u0165az ocenenia \"Najlep\u0161ie organick\u00e9 \/ pr\u00edrodn\u00e9 produkty - najlep\u0161\u00ed telov\u00fd olej\" Zlo\u017eenie: 100% \u010dist\u00fd vysokokvalitn\u00fd farmaceutick\u00fd olej Emu &nbsp;","og_url":"https:\/\/emubirdoil.com\/sk\/produkt\/organicky-100-cisty-emu-olej-60ml\/","og_site_name":"Emu Bird Oil","article_modified_time":"2025-05-26T16:39:04+00:00","og_image":[{"width":522,"height":712,"url":"https:\/\/emubirdoil.com\/wp-content\/uploads\/2024\/01\/61LN-GRMpbS._AC_SX522_.jpg","type":"image\/jpeg"}],"twitter_card":"summary_large_image","twitter_misc":{"Predpokladan\u00fd \u010das \u010d\u00edtania":"3 min\u00faty"},"schema":{"@context":"https:\/\/schema.org","@graph":[{"@type":"WebPage","@id":"https:\/\/emubirdoil.com\/sk\/produkt\/organicky-100-cisty-emu-olej-60ml\/","url":"https:\/\/emubirdoil.com\/sk\/produkt\/organicky-100-cisty-emu-olej-60ml\/","name":"Organick\u00fd 100% \u010dist\u00fd emu olej 60ml - Emu Bird Oil","isPartOf":{"@id":"https:\/\/emubirdoil.com\/sk\/#website"},"primaryImageOfPage":{"@id":"https:\/\/emubirdoil.com\/sk\/produkt\/organicky-100-cisty-emu-olej-60ml\/#primaryimage"},"image":{"@id":"https:\/\/emubirdoil.com\/sk\/produkt\/organicky-100-cisty-emu-olej-60ml\/#primaryimage"},"thumbnailUrl":"https:\/\/emubirdoil.com\/wp-content\/uploads\/2025\/03\/100-pure-emu-oil-for-hypoallergenic-skin-care-hair-and-healing-all-natural-source-of-vitamin-k2-1.jpg","datePublished":"2025-03-08T08:35:08+00:00","dateModified":"2025-05-26T16:39:04+00:00","breadcrumb":{"@id":"https:\/\/emubirdoil.com\/sk\/produkt\/organicky-100-cisty-emu-olej-60ml\/#breadcrumb"},"inLanguage":"sk-SK","potentialAction":[{"@type":"ReadAction","target":["https:\/\/emubirdoil.com\/sk\/produkt\/organicky-100-cisty-emu-olej-60ml\/"]}]},{"@type":"ImageObject","inLanguage":"sk-SK","@id":"https:\/\/emubirdoil.com\/sk\/produkt\/organicky-100-cisty-emu-olej-60ml\/#primaryimage","url":"https:\/\/emubirdoil.com\/wp-content\/uploads\/2025\/03\/100-pure-emu-oil-for-hypoallergenic-skin-care-hair-and-healing-all-natural-source-of-vitamin-k2-1.jpg","contentUrl":"https:\/\/emubirdoil.com\/wp-content\/uploads\/2025\/03\/100-pure-emu-oil-for-hypoallergenic-skin-care-hair-and-healing-all-natural-source-of-vitamin-k2-1.jpg","width":458,"height":458},{"@type":"BreadcrumbList","@id":"https:\/\/emubirdoil.com\/sk\/produkt\/organicky-100-cisty-emu-olej-60ml\/#breadcrumb","itemListElement":[{"@type":"ListItem","position":1,"name":"Home","item":"https:\/\/emubirdoil.com\/sk\/domov\/"},{"@type":"ListItem","position":2,"name":"Shop","item":"https:\/\/emubirdoil.com\/sk\/shop-2\/"},{"@type":"ListItem","position":3,"name":"Organick\u00fd 100% \u010dist\u00fd emu olej 60ml"}]},{"@type":"WebSite","@id":"https:\/\/emubirdoil.com\/sk\/#website","url":"https:\/\/emubirdoil.com\/sk\/","name":"Emu Bird Oil YNot Natural","description":"Explore premium Emu Bird Oil for natural skincare and pain relief. Pure, effective, and sustainably sourced. Order now for wellness transformation!","publisher":{"@id":"https:\/\/emubirdoil.com\/sk\/#organization"},"potentialAction":[{"@type":"SearchAction","target":{"@type":"EntryPoint","urlTemplate":"https:\/\/emubirdoil.com\/sk\/?s={search_term_string}"},"query-input":{"@type":"PropertyValueSpecification","valueRequired":true,"valueName":"search_term_string"}}],"inLanguage":"sk-SK"},{"@type":"Organization","@id":"https:\/\/emubirdoil.com\/sk\/#organization","name":"Emu Bird Oil YNot Natural","url":"https:\/\/emubirdoil.com\/sk\/","logo":{"@type":"ImageObject","inLanguage":"sk-SK","@id":"https:\/\/emubirdoil.com\/sk\/#\/schema\/logo\/image\/","url":"https:\/\/emubirdoil.com\/wp-content\/uploads\/2023\/12\/Emu-bird-oil-LOGO.png","contentUrl":"https:\/\/emubirdoil.com\/wp-content\/uploads\/2023\/12\/Emu-bird-oil-LOGO.png","width":320,"height":172,"caption":"Emu Bird Oil YNot Natural"},"image":{"@id":"https:\/\/emubirdoil.com\/sk\/#\/schema\/logo\/image\/"}}]}},"_links":{"self":[{"href":"https:\/\/emubirdoil.com\/sk\/wp-json\/wp\/v2\/product\/2400","targetHints":{"allow":["GET"]}}],"collection":[{"href":"https:\/\/emubirdoil.com\/sk\/wp-json\/wp\/v2\/product"}],"about":[{"href":"https:\/\/emubirdoil.com\/sk\/wp-json\/wp\/v2\/types\/product"}],"replies":[{"embeddable":true,"href":"https:\/\/emubirdoil.com\/sk\/wp-json\/wp\/v2\/comments?post=2400"}],"wp:featuredmedia":[{"embeddable":true,"href":"https:\/\/emubirdoil.com\/sk\/wp-json\/wp\/v2\/media\/3062"}],"wp:attachment":[{"href":"https:\/\/emubirdoil.com\/sk\/wp-json\/wp\/v2\/media?parent=2400"}],"wp:term":[{"taxonomy":"product_brand","embeddable":true,"href":"https:\/\/emubirdoil.com\/sk\/wp-json\/wp\/v2\/product_brand?post=2400"},{"taxonomy":"product_cat","embeddable":true,"href":"https:\/\/emubirdoil.com\/sk\/wp-json\/wp\/v2\/product_cat?post=2400"},{"taxonomy":"product_tag","embeddable":true,"href":"https:\/\/emubirdoil.com\/sk\/wp-json\/wp\/v2\/product_tag?post=2400"}],"curies":[{"name":"wp","href":"https:\/\/api.w.org\/{rel}","templated":true}]}}