{"id":1696,"date":"2024-01-09T18:09:03","date_gmt":"2024-01-09T18:09:03","guid":{"rendered":"https:\/\/emubirdoil.com\/zasady-wysylki\/"},"modified":"2025-05-28T21:33:42","modified_gmt":"2025-05-28T21:33:42","slug":"zasady-wysylki","status":"publish","type":"page","link":"https:\/\/emubirdoil.com\/pl\/zasady-wysylki\/","title":{"rendered":"Zasady wysy\u0142ki"},"content":{"rendered":"\t\t<div data-elementor-type=\"wp-page\" data-elementor-id=\"1696\" class=\"elementor elementor-1696 elementor-288\" data-elementor-post-type=\"page\">\n\t\t\t\t<div class=\"elementor-element elementor-element-6de17350 e-flex e-con-boxed e-con e-parent\" data-id=\"6de17350\" data-element_type=\"container\" data-e-type=\"container\">\n\t\t\t\t\t<div class=\"e-con-inner\">\n\t\t\t\t<div class=\"elementor-element elementor-element-5e1c35cf elementor-widget elementor-widget-heading\" data-id=\"5e1c35cf\" data-element_type=\"widget\" data-e-type=\"widget\" data-widget_type=\"heading.default\">\n\t\t\t\t<div class=\"elementor-widget-container\">\n\t\t\t\t\t<h1 class=\"elementor-heading-title elementor-size-default\">Zasady wysy\u0142ki<\/h1>\t\t\t\t<\/div>\n\t\t\t\t<\/div>\n\t\t\t\t<div class=\"elementor-element elementor-element-380841d elementor-widget elementor-widget-text-editor\" data-id=\"380841d\" data-element_type=\"widget\" data-e-type=\"widget\" data-widget_type=\"text-editor.default\">\n\t\t\t\t<div class=\"elementor-widget-container\">\n\t\t\t\t\t\t\t\t\t<p>Darmowa dostawa dla zam\u00f3wie\u0144 powy\u017cej 250 z\u0142 na terenie ca\u0142ej Polska. <br \/>Koszt dostawy dla zam\u00f3wie\u0144 poni\u017cej tej kwoty wynosi 25,50 z\u0142.<\/p><p>Produkty op\u0142acone zgodnie z przedstawion\u0105 ofert\u0105 zostan\u0105 dostarczone do Klienta w ci\u0105gu 3-5 dni roboczych.<\/p><p>Je\u015bli chcieliby Pa\u0144stwo ustali\u0107 dogodny termin dostawy, prosimy o wpisanie tego w UWAGAch, aby\u015bmy mogli przekaza\u0107 Pa\u0144stwa \u017cyczenie firmie kurierskiej.<\/p><p>Proces dostarczenia<\/p><p>Produkty dostarczane s\u0105 za po\u015brednictwem firm kurierskich DPD i GLS.<\/p>\t\t\t\t\t\t\t\t<\/div>\n\t\t\t\t<\/div>\n\t\t\t\t\t<\/div>\n\t\t\t\t<\/div>\n\t\t\t\t<\/div>\n\t\t","protected":false},"excerpt":{"rendered":"<p>Darmowa dostawa dla zam\u00f3wie\u0144 powy\u017cej 250 z\u0142 na terenie ca\u0142ej Polska. Koszt dostawy dla zam\u00f3wie\u0144 poni\u017cej tej kwoty wynosi 25,50 z\u0142. Produkty op\u0142acone zgodnie z przedstawion\u0105 ofert\u0105 zostan\u0105 dostarczone do Klienta w ci\u0105gu 3-5 dni roboczych. Je\u015bli chcieliby Pa\u0144stwo ustali\u0107 dogodny termin dostawy, prosimy o wpisanie tego w UWAGAch, aby\u015bmy mogli przekaza\u0107 Pa\u0144stwa \u017cyczenie firmie [&hellip;]<\/p>\n","protected":false},"author":1,"featured_media":0,"parent":0,"menu_order":0,"comment_status":"closed","ping_status":"closed","template":"","meta":{"footnotes":""},"class_list":["post-1696","page","type-page","status-publish","hentry"],"yoast_head":"<!-- This site is optimized with the Yoast SEO plugin v27.4 - https:\/\/yoast.com\/product\/yoast-seo-wordpress\/ -->\n<title>Zasady wysy\u0142ki - Emu Bird Oil<\/title>\n<meta name=\"robots\" content=\"index, follow, max-snippet:-1, max-image-preview:large, max-video-preview:-1\" \/>\n<link rel=\"canonical\" href=\"https:\/\/emubirdoil.com\/pl\/zasady-wysylki\/\" \/>\n<meta property=\"og:locale\" content=\"pl_PL\" \/>\n<meta property=\"og:type\" content=\"article\" \/>\n<meta property=\"og:title\" content=\"Zasady wysy\u0142ki - Emu Bird Oil\" \/>\n<meta property=\"og:description\" content=\"Darmowa dostawa dla zam\u00f3wie\u0144 powy\u017cej 250 z\u0142 na terenie ca\u0142ej Polska. Koszt dostawy dla zam\u00f3wie\u0144 poni\u017cej tej kwoty wynosi 25,50 z\u0142. Produkty op\u0142acone zgodnie z przedstawion\u0105 ofert\u0105 zostan\u0105 dostarczone do Klienta w ci\u0105gu 3-5 dni roboczych. Je\u015bli chcieliby Pa\u0144stwo ustali\u0107 dogodny termin dostawy, prosimy o wpisanie tego w UWAGAch, aby\u015bmy mogli przekaza\u0107 Pa\u0144stwa \u017cyczenie firmie [&hellip;]\" \/>\n<meta property=\"og:url\" content=\"https:\/\/emubirdoil.com\/pl\/zasady-wysylki\/\" \/>\n<meta property=\"og:site_name\" content=\"Emu Bird Oil\" \/>\n<meta property=\"article:modified_time\" content=\"2025-05-28T21:33:42+00:00\" \/>\n<meta name=\"twitter:card\" content=\"summary_large_image\" \/>\n<meta name=\"twitter:label1\" content=\"Szacowany czas czytania\" \/>\n\t<meta name=\"twitter:data1\" content=\"1 minuta\" \/>\n<script type=\"application\/ld+json\" class=\"yoast-schema-graph\">{\"@context\":\"https:\\\/\\\/schema.org\",\"@graph\":[{\"@type\":\"WebPage\",\"@id\":\"https:\\\/\\\/emubirdoil.com\\\/pl\\\/zasady-wysylki\\\/\",\"url\":\"https:\\\/\\\/emubirdoil.com\\\/pl\\\/zasady-wysylki\\\/\",\"name\":\"Zasady wysy\u0142ki - Emu Bird Oil\",\"isPartOf\":{\"@id\":\"https:\\\/\\\/emubirdoil.com\\\/pl\\\/#website\"},\"datePublished\":\"2024-01-09T18:09:03+00:00\",\"dateModified\":\"2025-05-28T21:33:42+00:00\",\"breadcrumb\":{\"@id\":\"https:\\\/\\\/emubirdoil.com\\\/pl\\\/zasady-wysylki\\\/#breadcrumb\"},\"inLanguage\":\"pl-PL\",\"potentialAction\":[{\"@type\":\"ReadAction\",\"target\":[\"https:\\\/\\\/emubirdoil.com\\\/pl\\\/zasady-wysylki\\\/\"]}]},{\"@type\":\"BreadcrumbList\",\"@id\":\"https:\\\/\\\/emubirdoil.com\\\/pl\\\/zasady-wysylki\\\/#breadcrumb\",\"itemListElement\":[{\"@type\":\"ListItem\",\"position\":1,\"name\":\"Home\",\"item\":\"https:\\\/\\\/emubirdoil.com\\\/pl\\\/strona-glowna\\\/\"},{\"@type\":\"ListItem\",\"position\":2,\"name\":\"Zasady wysy\u0142ki\"}]},{\"@type\":\"WebSite\",\"@id\":\"https:\\\/\\\/emubirdoil.com\\\/pl\\\/#website\",\"url\":\"https:\\\/\\\/emubirdoil.com\\\/pl\\\/\",\"name\":\"Emu Bird Oil YNot Natural\",\"description\":\"Explore premium Emu Bird Oil for natural skincare and pain relief. Pure, effective, and sustainably sourced. Order now for wellness transformation!\",\"publisher\":{\"@id\":\"https:\\\/\\\/emubirdoil.com\\\/pl\\\/#organization\"},\"potentialAction\":[{\"@type\":\"SearchAction\",\"target\":{\"@type\":\"EntryPoint\",\"urlTemplate\":\"https:\\\/\\\/emubirdoil.com\\\/pl\\\/?s={search_term_string}\"},\"query-input\":{\"@type\":\"PropertyValueSpecification\",\"valueRequired\":true,\"valueName\":\"search_term_string\"}}],\"inLanguage\":\"pl-PL\"},{\"@type\":\"Organization\",\"@id\":\"https:\\\/\\\/emubirdoil.com\\\/pl\\\/#organization\",\"name\":\"Emu Bird Oil YNot Natural\",\"url\":\"https:\\\/\\\/emubirdoil.com\\\/pl\\\/\",\"logo\":{\"@type\":\"ImageObject\",\"inLanguage\":\"pl-PL\",\"@id\":\"https:\\\/\\\/emubirdoil.com\\\/pl\\\/#\\\/schema\\\/logo\\\/image\\\/\",\"url\":\"https:\\\/\\\/emubirdoil.com\\\/wp-content\\\/uploads\\\/2023\\\/12\\\/Emu-bird-oil-LOGO.png\",\"contentUrl\":\"https:\\\/\\\/emubirdoil.com\\\/wp-content\\\/uploads\\\/2023\\\/12\\\/Emu-bird-oil-LOGO.png\",\"width\":320,\"height\":172,\"caption\":\"Emu Bird Oil YNot Natural\"},\"image\":{\"@id\":\"https:\\\/\\\/emubirdoil.com\\\/pl\\\/#\\\/schema\\\/logo\\\/image\\\/\"}}]}<\/script>\n<!-- \/ Yoast SEO plugin. -->","yoast_head_json":{"title":"Zasady wysy\u0142ki - Emu Bird Oil","robots":{"index":"index","follow":"follow","max-snippet":"max-snippet:-1","max-image-preview":"max-image-preview:large","max-video-preview":"max-video-preview:-1"},"canonical":"https:\/\/emubirdoil.com\/pl\/zasady-wysylki\/","og_locale":"pl_PL","og_type":"article","og_title":"Zasady wysy\u0142ki - Emu Bird Oil","og_description":"Darmowa dostawa dla zam\u00f3wie\u0144 powy\u017cej 250 z\u0142 na terenie ca\u0142ej Polska. Koszt dostawy dla zam\u00f3wie\u0144 poni\u017cej tej kwoty wynosi 25,50 z\u0142. Produkty op\u0142acone zgodnie z przedstawion\u0105 ofert\u0105 zostan\u0105 dostarczone do Klienta w ci\u0105gu 3-5 dni roboczych. Je\u015bli chcieliby Pa\u0144stwo ustali\u0107 dogodny termin dostawy, prosimy o wpisanie tego w UWAGAch, aby\u015bmy mogli przekaza\u0107 Pa\u0144stwa \u017cyczenie firmie [&hellip;]","og_url":"https:\/\/emubirdoil.com\/pl\/zasady-wysylki\/","og_site_name":"Emu Bird Oil","article_modified_time":"2025-05-28T21:33:42+00:00","twitter_card":"summary_large_image","twitter_misc":{"Szacowany czas czytania":"1 minuta"},"schema":{"@context":"https:\/\/schema.org","@graph":[{"@type":"WebPage","@id":"https:\/\/emubirdoil.com\/pl\/zasady-wysylki\/","url":"https:\/\/emubirdoil.com\/pl\/zasady-wysylki\/","name":"Zasady wysy\u0142ki - Emu Bird Oil","isPartOf":{"@id":"https:\/\/emubirdoil.com\/pl\/#website"},"datePublished":"2024-01-09T18:09:03+00:00","dateModified":"2025-05-28T21:33:42+00:00","breadcrumb":{"@id":"https:\/\/emubirdoil.com\/pl\/zasady-wysylki\/#breadcrumb"},"inLanguage":"pl-PL","potentialAction":[{"@type":"ReadAction","target":["https:\/\/emubirdoil.com\/pl\/zasady-wysylki\/"]}]},{"@type":"BreadcrumbList","@id":"https:\/\/emubirdoil.com\/pl\/zasady-wysylki\/#breadcrumb","itemListElement":[{"@type":"ListItem","position":1,"name":"Home","item":"https:\/\/emubirdoil.com\/pl\/strona-glowna\/"},{"@type":"ListItem","position":2,"name":"Zasady wysy\u0142ki"}]},{"@type":"WebSite","@id":"https:\/\/emubirdoil.com\/pl\/#website","url":"https:\/\/emubirdoil.com\/pl\/","name":"Emu Bird Oil YNot Natural","description":"Explore premium Emu Bird Oil for natural skincare and pain relief. Pure, effective, and sustainably sourced. Order now for wellness transformation!","publisher":{"@id":"https:\/\/emubirdoil.com\/pl\/#organization"},"potentialAction":[{"@type":"SearchAction","target":{"@type":"EntryPoint","urlTemplate":"https:\/\/emubirdoil.com\/pl\/?s={search_term_string}"},"query-input":{"@type":"PropertyValueSpecification","valueRequired":true,"valueName":"search_term_string"}}],"inLanguage":"pl-PL"},{"@type":"Organization","@id":"https:\/\/emubirdoil.com\/pl\/#organization","name":"Emu Bird Oil YNot Natural","url":"https:\/\/emubirdoil.com\/pl\/","logo":{"@type":"ImageObject","inLanguage":"pl-PL","@id":"https:\/\/emubirdoil.com\/pl\/#\/schema\/logo\/image\/","url":"https:\/\/emubirdoil.com\/wp-content\/uploads\/2023\/12\/Emu-bird-oil-LOGO.png","contentUrl":"https:\/\/emubirdoil.com\/wp-content\/uploads\/2023\/12\/Emu-bird-oil-LOGO.png","width":320,"height":172,"caption":"Emu Bird Oil YNot Natural"},"image":{"@id":"https:\/\/emubirdoil.com\/pl\/#\/schema\/logo\/image\/"}}]}},"_links":{"self":[{"href":"https:\/\/emubirdoil.com\/pl\/wp-json\/wp\/v2\/pages\/1696","targetHints":{"allow":["GET"]}}],"collection":[{"href":"https:\/\/emubirdoil.com\/pl\/wp-json\/wp\/v2\/pages"}],"about":[{"href":"https:\/\/emubirdoil.com\/pl\/wp-json\/wp\/v2\/types\/page"}],"author":[{"embeddable":true,"href":"https:\/\/emubirdoil.com\/pl\/wp-json\/wp\/v2\/users\/1"}],"replies":[{"embeddable":true,"href":"https:\/\/emubirdoil.com\/pl\/wp-json\/wp\/v2\/comments?post=1696"}],"version-history":[{"count":18,"href":"https:\/\/emubirdoil.com\/pl\/wp-json\/wp\/v2\/pages\/1696\/revisions"}],"predecessor-version":[{"id":3340,"href":"https:\/\/emubirdoil.com\/pl\/wp-json\/wp\/v2\/pages\/1696\/revisions\/3340"}],"wp:attachment":[{"href":"https:\/\/emubirdoil.com\/pl\/wp-json\/wp\/v2\/media?parent=1696"}],"curies":[{"name":"wp","href":"https:\/\/api.w.org\/{rel}","templated":true}]}}