{"id":1468,"date":"2024-01-10T16:26:01","date_gmt":"2024-01-10T16:26:01","guid":{"rendered":"https:\/\/emubirdoil.com\/polityka-zwrotow-i-refundacji\/"},"modified":"2024-02-01T20:28:40","modified_gmt":"2024-02-01T20:28:40","slug":"polityka-zwrotow-i-refundacji","status":"publish","type":"page","link":"https:\/\/emubirdoil.com\/pl\/polityka-zwrotow-i-refundacji\/","title":{"rendered":"Polityka zwrot\u00f3w i refundacji"},"content":{"rendered":"\t\t<div data-elementor-type=\"wp-page\" data-elementor-id=\"1468\" class=\"elementor elementor-1468 elementor-21\" data-elementor-post-type=\"page\">\n\t\t\t\t<div class=\"elementor-element elementor-element-b005353 e-flex e-con-boxed e-con e-parent\" data-id=\"b005353\" data-element_type=\"container\" data-e-type=\"container\">\n\t\t\t\t\t<div class=\"e-con-inner\">\n\t\t\t\t<div class=\"elementor-element elementor-element-a72f55f elementor-widget elementor-widget-heading\" data-id=\"a72f55f\" data-element_type=\"widget\" data-e-type=\"widget\" data-widget_type=\"heading.default\">\n\t\t\t\t<div class=\"elementor-widget-container\">\n\t\t\t\t\t<h1 class=\"elementor-heading-title elementor-size-default\">Polityka zwrot\u00f3w i refundacji<\/h1>\t\t\t\t<\/div>\n\t\t\t\t<\/div>\n\t\t\t\t<div class=\"elementor-element elementor-element-4f3b01ee elementor-widget elementor-widget-text-editor\" data-id=\"4f3b01ee\" data-element_type=\"widget\" data-e-type=\"widget\" data-widget_type=\"text-editor.default\">\n\t\t\t\t<div class=\"elementor-widget-container\">\n\t\t\t\t\t\t\t\t\t<p>Ka\u017cdy sprzedawany przez nas przedmiot jest dok\u0142adnie sprawdzany przed wysy\u0142k\u0105. Je\u015bli nie jeste\u015b zadowolony z towar\u00f3w i poinformujesz nas o tym w ci\u0105gu 14 dni od otrzymania towar\u00f3w, zorganizujemy ich odbi\u00f3r (ca\u0142ego zam\u00f3wienia) i dokonamy pe\u0142nego zwrotu pieni\u0119dzy. Lub wymienimy produkty, je\u015bli s\u0105 wadliwe w momencie dostawy do Ciebie i zostaniemy o tym powiadomieni w ci\u0105gu 14 dni od otrzymania produktu przez klienta. Wszystkie zwracane produkty musz\u0105 by\u0107 starannie zapakowane w oryginalne opakowanie. Obowi\u0105zek zwrotu towar\u00f3w spoczywa na kupuj\u0105cym<br><br>Aby rozpocz\u0105\u0107 zwrot, mo\u017cesz skontaktowa\u0107 si\u0119 z nami pod adresem info@ynotnatural.com, a my poinformujemy Ci\u0119 o adresie zwrotu.<\/p>\n<p><strong>Szkody i kwestie sporne<\/strong><br>Prosimy o sprawdzenie zam\u00f3wienia po jego otrzymaniu i skontaktowanie si\u0119 z nami natychmiast, je\u015bli przedmiot jest wadliwy, uszkodzony lub je\u015bli otrzyma\u0142e\u015b niew\u0142a\u015bciwy przedmiot, aby\u015bmy mogli oceni\u0107 problem i go naprawi\u0107.<\/p>\n<p> <\/p>\n<p><strong>Wyj\u0105tki \/ przedmioty niepodlegaj\u0105ce zwrotowi<\/strong><br><br>Niestety, nie przyjmujemy zwrot\u00f3w produkt\u00f3w z wyprzeda\u017cy ani kart podarunkowych.<\/p>\n<p> <\/p>\n<p><strong>Wymiany<\/strong><br>Najszybszym sposobem, aby upewni\u0107 si\u0119, \u017ce otrzymasz to, czego chcesz, jest zwrot przedmiotu, kt\u00f3ry posiadasz, a po zaakceptowaniu zwrotu dokonaj osobnego zakupu nowego przedmiotu.<\/p>\n<p> <\/p>\n<p><strong>Unia Europejska 14-dniowy okres odst\u0105pienia od umowy<\/strong><br>Niezale\u017cnie od powy\u017cszego, je\u015bli towar jest wysy\u0142any do Unii Europejskiej, u\u017cytkownik ma prawo do anulowania lub zwrotu zam\u00f3wienia w ci\u0105gu 14 dni, z dowolnego powodu i bez uzasadnienia. Podobnie jak powy\u017cej, przedmiot musi by\u0107 w takim samym stanie, w jakim go otrzyma\u0142e\u015b, nienoszony lub nieu\u017cywany, z metkami i w oryginalnym opakowaniu. Potrzebny b\u0119dzie r\u00f3wnie\u017c paragon lub dow\u00f3d zakupu.<\/p>\n<p> <\/p>\n<p><strong>Zwroty koszt\u00f3w<\/strong><br>Powiadomimy Ci\u0119 po otrzymaniu i sprawdzeniu Twojego zwrotu oraz poinformujemy Ci\u0119, czy zwrot zosta\u0142 zatwierdzony, czy nie. Nale\u017cy pami\u0119ta\u0107, \u017ce przetworzenie i zaksi\u0119gowanie zwrotu przez bank lub operatora karty kredytowej mo\u017ce zaj\u0105\u0107 troch\u0119 czasu.<\/p>\t\t\t\t\t\t\t\t<\/div>\n\t\t\t\t<\/div>\n\t\t\t\t\t<\/div>\n\t\t\t\t<\/div>\n\t\t\t\t<\/div>\n\t\t","protected":false},"excerpt":{"rendered":"<p>Ka\u017cdy sprzedawany przez nas przedmiot jest dok\u0142adnie sprawdzany przed wysy\u0142k\u0105. Je\u015bli nie jeste\u015b zadowolony z towar\u00f3w i poinformujesz nas o tym w ci\u0105gu 14 dni od otrzymania towar\u00f3w, zorganizujemy ich odbi\u00f3r (ca\u0142ego zam\u00f3wienia) i dokonamy pe\u0142nego zwrotu pieni\u0119dzy. Lub wymienimy produkty, je\u015bli s\u0105 wadliwe w momencie dostawy do Ciebie i zostaniemy o tym powiadomieni w [&hellip;]<\/p>\n","protected":false},"author":1,"featured_media":0,"parent":0,"menu_order":0,"comment_status":"closed","ping_status":"closed","template":"","meta":{"footnotes":""},"class_list":["post-1468","page","type-page","status-publish","hentry"],"yoast_head":"<!-- This site is optimized with the Yoast SEO plugin v27.4 - https:\/\/yoast.com\/product\/yoast-seo-wordpress\/ -->\n<title>Polityka zwrot\u00f3w i refundacji - Emu Bird Oil<\/title>\n<meta name=\"robots\" content=\"index, follow, max-snippet:-1, max-image-preview:large, max-video-preview:-1\" \/>\n<link rel=\"canonical\" href=\"https:\/\/emubirdoil.com\/pl\/polityka-zwrotow-i-refundacji\/\" \/>\n<meta property=\"og:locale\" content=\"pl_PL\" \/>\n<meta property=\"og:type\" content=\"article\" \/>\n<meta property=\"og:title\" content=\"Polityka zwrot\u00f3w i refundacji - Emu Bird Oil\" \/>\n<meta property=\"og:description\" content=\"Ka\u017cdy sprzedawany przez nas przedmiot jest dok\u0142adnie sprawdzany przed wysy\u0142k\u0105. Je\u015bli nie jeste\u015b zadowolony z towar\u00f3w i poinformujesz nas o tym w ci\u0105gu 14 dni od otrzymania towar\u00f3w, zorganizujemy ich odbi\u00f3r (ca\u0142ego zam\u00f3wienia) i dokonamy pe\u0142nego zwrotu pieni\u0119dzy. Lub wymienimy produkty, je\u015bli s\u0105 wadliwe w momencie dostawy do Ciebie i zostaniemy o tym powiadomieni w [&hellip;]\" \/>\n<meta property=\"og:url\" content=\"https:\/\/emubirdoil.com\/pl\/polityka-zwrotow-i-refundacji\/\" \/>\n<meta property=\"og:site_name\" content=\"Emu Bird Oil\" \/>\n<meta property=\"article:modified_time\" content=\"2024-02-01T20:28:40+00:00\" \/>\n<meta name=\"twitter:card\" content=\"summary_large_image\" \/>\n<meta name=\"twitter:label1\" content=\"Szacowany czas czytania\" \/>\n\t<meta name=\"twitter:data1\" content=\"2 minuty\" \/>\n<script type=\"application\/ld+json\" class=\"yoast-schema-graph\">{\"@context\":\"https:\\\/\\\/schema.org\",\"@graph\":[{\"@type\":\"WebPage\",\"@id\":\"https:\\\/\\\/emubirdoil.com\\\/pl\\\/polityka-zwrotow-i-refundacji\\\/\",\"url\":\"https:\\\/\\\/emubirdoil.com\\\/pl\\\/polityka-zwrotow-i-refundacji\\\/\",\"name\":\"Polityka zwrot\u00f3w i refundacji - Emu Bird Oil\",\"isPartOf\":{\"@id\":\"https:\\\/\\\/emubirdoil.com\\\/pl\\\/#website\"},\"datePublished\":\"2024-01-10T16:26:01+00:00\",\"dateModified\":\"2024-02-01T20:28:40+00:00\",\"breadcrumb\":{\"@id\":\"https:\\\/\\\/emubirdoil.com\\\/pl\\\/polityka-zwrotow-i-refundacji\\\/#breadcrumb\"},\"inLanguage\":\"pl-PL\",\"potentialAction\":[{\"@type\":\"ReadAction\",\"target\":[\"https:\\\/\\\/emubirdoil.com\\\/pl\\\/polityka-zwrotow-i-refundacji\\\/\"]}]},{\"@type\":\"BreadcrumbList\",\"@id\":\"https:\\\/\\\/emubirdoil.com\\\/pl\\\/polityka-zwrotow-i-refundacji\\\/#breadcrumb\",\"itemListElement\":[{\"@type\":\"ListItem\",\"position\":1,\"name\":\"Home\",\"item\":\"https:\\\/\\\/emubirdoil.com\\\/pl\\\/strona-glowna\\\/\"},{\"@type\":\"ListItem\",\"position\":2,\"name\":\"Polityka zwrot\u00f3w i refundacji\"}]},{\"@type\":\"WebSite\",\"@id\":\"https:\\\/\\\/emubirdoil.com\\\/pl\\\/#website\",\"url\":\"https:\\\/\\\/emubirdoil.com\\\/pl\\\/\",\"name\":\"Emu Bird Oil YNot Natural\",\"description\":\"Explore premium Emu Bird Oil for natural skincare and pain relief. Pure, effective, and sustainably sourced. Order now for wellness transformation!\",\"publisher\":{\"@id\":\"https:\\\/\\\/emubirdoil.com\\\/pl\\\/#organization\"},\"potentialAction\":[{\"@type\":\"SearchAction\",\"target\":{\"@type\":\"EntryPoint\",\"urlTemplate\":\"https:\\\/\\\/emubirdoil.com\\\/pl\\\/?s={search_term_string}\"},\"query-input\":{\"@type\":\"PropertyValueSpecification\",\"valueRequired\":true,\"valueName\":\"search_term_string\"}}],\"inLanguage\":\"pl-PL\"},{\"@type\":\"Organization\",\"@id\":\"https:\\\/\\\/emubirdoil.com\\\/pl\\\/#organization\",\"name\":\"Emu Bird Oil YNot Natural\",\"url\":\"https:\\\/\\\/emubirdoil.com\\\/pl\\\/\",\"logo\":{\"@type\":\"ImageObject\",\"inLanguage\":\"pl-PL\",\"@id\":\"https:\\\/\\\/emubirdoil.com\\\/pl\\\/#\\\/schema\\\/logo\\\/image\\\/\",\"url\":\"https:\\\/\\\/emubirdoil.com\\\/wp-content\\\/uploads\\\/2023\\\/12\\\/Emu-bird-oil-LOGO.png\",\"contentUrl\":\"https:\\\/\\\/emubirdoil.com\\\/wp-content\\\/uploads\\\/2023\\\/12\\\/Emu-bird-oil-LOGO.png\",\"width\":320,\"height\":172,\"caption\":\"Emu Bird Oil YNot Natural\"},\"image\":{\"@id\":\"https:\\\/\\\/emubirdoil.com\\\/pl\\\/#\\\/schema\\\/logo\\\/image\\\/\"}}]}<\/script>\n<!-- \/ Yoast SEO plugin. -->","yoast_head_json":{"title":"Polityka zwrot\u00f3w i refundacji - Emu Bird Oil","robots":{"index":"index","follow":"follow","max-snippet":"max-snippet:-1","max-image-preview":"max-image-preview:large","max-video-preview":"max-video-preview:-1"},"canonical":"https:\/\/emubirdoil.com\/pl\/polityka-zwrotow-i-refundacji\/","og_locale":"pl_PL","og_type":"article","og_title":"Polityka zwrot\u00f3w i refundacji - Emu Bird Oil","og_description":"Ka\u017cdy sprzedawany przez nas przedmiot jest dok\u0142adnie sprawdzany przed wysy\u0142k\u0105. Je\u015bli nie jeste\u015b zadowolony z towar\u00f3w i poinformujesz nas o tym w ci\u0105gu 14 dni od otrzymania towar\u00f3w, zorganizujemy ich odbi\u00f3r (ca\u0142ego zam\u00f3wienia) i dokonamy pe\u0142nego zwrotu pieni\u0119dzy. Lub wymienimy produkty, je\u015bli s\u0105 wadliwe w momencie dostawy do Ciebie i zostaniemy o tym powiadomieni w [&hellip;]","og_url":"https:\/\/emubirdoil.com\/pl\/polityka-zwrotow-i-refundacji\/","og_site_name":"Emu Bird Oil","article_modified_time":"2024-02-01T20:28:40+00:00","twitter_card":"summary_large_image","twitter_misc":{"Szacowany czas czytania":"2 minuty"},"schema":{"@context":"https:\/\/schema.org","@graph":[{"@type":"WebPage","@id":"https:\/\/emubirdoil.com\/pl\/polityka-zwrotow-i-refundacji\/","url":"https:\/\/emubirdoil.com\/pl\/polityka-zwrotow-i-refundacji\/","name":"Polityka zwrot\u00f3w i refundacji - Emu Bird Oil","isPartOf":{"@id":"https:\/\/emubirdoil.com\/pl\/#website"},"datePublished":"2024-01-10T16:26:01+00:00","dateModified":"2024-02-01T20:28:40+00:00","breadcrumb":{"@id":"https:\/\/emubirdoil.com\/pl\/polityka-zwrotow-i-refundacji\/#breadcrumb"},"inLanguage":"pl-PL","potentialAction":[{"@type":"ReadAction","target":["https:\/\/emubirdoil.com\/pl\/polityka-zwrotow-i-refundacji\/"]}]},{"@type":"BreadcrumbList","@id":"https:\/\/emubirdoil.com\/pl\/polityka-zwrotow-i-refundacji\/#breadcrumb","itemListElement":[{"@type":"ListItem","position":1,"name":"Home","item":"https:\/\/emubirdoil.com\/pl\/strona-glowna\/"},{"@type":"ListItem","position":2,"name":"Polityka zwrot\u00f3w i refundacji"}]},{"@type":"WebSite","@id":"https:\/\/emubirdoil.com\/pl\/#website","url":"https:\/\/emubirdoil.com\/pl\/","name":"Emu Bird Oil YNot Natural","description":"Explore premium Emu Bird Oil for natural skincare and pain relief. Pure, effective, and sustainably sourced. Order now for wellness transformation!","publisher":{"@id":"https:\/\/emubirdoil.com\/pl\/#organization"},"potentialAction":[{"@type":"SearchAction","target":{"@type":"EntryPoint","urlTemplate":"https:\/\/emubirdoil.com\/pl\/?s={search_term_string}"},"query-input":{"@type":"PropertyValueSpecification","valueRequired":true,"valueName":"search_term_string"}}],"inLanguage":"pl-PL"},{"@type":"Organization","@id":"https:\/\/emubirdoil.com\/pl\/#organization","name":"Emu Bird Oil YNot Natural","url":"https:\/\/emubirdoil.com\/pl\/","logo":{"@type":"ImageObject","inLanguage":"pl-PL","@id":"https:\/\/emubirdoil.com\/pl\/#\/schema\/logo\/image\/","url":"https:\/\/emubirdoil.com\/wp-content\/uploads\/2023\/12\/Emu-bird-oil-LOGO.png","contentUrl":"https:\/\/emubirdoil.com\/wp-content\/uploads\/2023\/12\/Emu-bird-oil-LOGO.png","width":320,"height":172,"caption":"Emu Bird Oil YNot Natural"},"image":{"@id":"https:\/\/emubirdoil.com\/pl\/#\/schema\/logo\/image\/"}}]}},"_links":{"self":[{"href":"https:\/\/emubirdoil.com\/pl\/wp-json\/wp\/v2\/pages\/1468","targetHints":{"allow":["GET"]}}],"collection":[{"href":"https:\/\/emubirdoil.com\/pl\/wp-json\/wp\/v2\/pages"}],"about":[{"href":"https:\/\/emubirdoil.com\/pl\/wp-json\/wp\/v2\/types\/page"}],"author":[{"embeddable":true,"href":"https:\/\/emubirdoil.com\/pl\/wp-json\/wp\/v2\/users\/1"}],"replies":[{"embeddable":true,"href":"https:\/\/emubirdoil.com\/pl\/wp-json\/wp\/v2\/comments?post=1468"}],"version-history":[{"count":3,"href":"https:\/\/emubirdoil.com\/pl\/wp-json\/wp\/v2\/pages\/1468\/revisions"}],"predecessor-version":[{"id":1602,"href":"https:\/\/emubirdoil.com\/pl\/wp-json\/wp\/v2\/pages\/1468\/revisions\/1602"}],"wp:attachment":[{"href":"https:\/\/emubirdoil.com\/pl\/wp-json\/wp\/v2\/media?parent=1468"}],"curies":[{"name":"wp","href":"https:\/\/api.w.org\/{rel}","templated":true}]}}