{"id":2398,"date":"2025-03-08T08:35:08","date_gmt":"2025-03-08T08:35:08","guid":{"rendered":"https:\/\/emubirdoil.com\/product\/olio-di-emu-biologico-puro-al-100-60ml\/"},"modified":"2026-03-05T20:26:59","modified_gmt":"2026-03-05T20:26:59","slug":"olio-di-emu-biologico-puro-al-100-60ml","status":"publish","type":"product","link":"https:\/\/emubirdoil.com\/it\/prodotto\/olio-di-emu-biologico-puro-al-100-60ml\/","title":{"rendered":"Olio di emu biologico puro al 100% 60ml"},"content":{"rendered":"<p>Omega369 L&#8217;olio di emu \u00e8 una delle pi\u00f9 potenti sinergie di acidi grassi, vitamine, minerali e neurotrasmettitori. L&#8217;olio di Emu australiano \u00e8 ampiamente riconosciuto per le sue qualit\u00e0 uniche, tra cui le propriet\u00e0 antinfiammatorie e la penetrabilit\u00e0 cutanea che lo rendono uno degli oli terapeutici naturali pi\u00f9 utilizzati in Australia da oltre mille anni presso le culture indigene.<\/p>\n<p>L&#8217;em\u00f9 come specie risale a circa. 40 milioni di anni all&#8217;era dei sauri e il suo olio \u00e8 stato &#8211; e viene tuttora &#8211; utilizzato dagli aborigeni australiani per pi\u00f9 di 40 000 anni come fornitore di cibo e medicine. L&#8217;olio di emu \u00e8 una delle pi\u00f9 potenti sinergie di acidi grassi, vitamine, minerali, neurotrasmettitori e molti altri componenti non ancora identificati. \u00c8 LA sostanza che fornisce la vita alla specie.<\/p>\n<p>Il nostro olio di emu viene lavorato in un impianto di trasformazione farmaceutica di standard mondiale, registrato presso la Therapeutic Goods Association (TGA) e con l&#8217;accreditamento per la sicurezza alimentare HACCP Australia. \u00c8 l&#8217;unica azienda di olio di Emu al mondo che ha accesso diretto ai test sull&#8217;attivit\u00e0 biologica dell&#8217;olio di Emu.<\/p>\n<p>&nbsp;<\/p>\n<p><img decoding=\"async\" class=\"alignnone size-full wp-image-307\" src=\"https:\/\/emubirdoil.com\/wp-content\/uploads\/2024\/01\/YNN-logo%C2%AEname_lge-2-300x121.jpg.webp\" alt=\"\" width=\"300\" height=\"121\" \/><\/p>\n<p><strong>Produzione e qualit\u00e0 di livello farmaceutico<\/strong><br \/>\nIl nostro olio di emu viene lavorato in un impianto di trasformazione farmaceutica di standard mondiale, registrato presso la Therapeutic Goods Association (TGA) e con l&#8217;accreditamento per la sicurezza alimentare HACCP Australia. Siamo l&#8217;unica azienda di olio di Emu al mondo che ha accesso diretto ai test sull&#8217;attivit\u00e0 biologica dell&#8217;olio di Emu.<\/p>\n<p>I nostri em\u00f9 sono allevati in un ambiente libero e privo di stress; solo il mangime pi\u00f9 pulito e migliore produce un olio altamente attivo dal punto di vista biologico. Antibiotici, vaccinazioni e ormoni della crescita sono esclusi dalla produzione.<\/p>\n<p><strong>I principali benefici dell&#8217;olio di emu puro al 100% di YNotNatural<\/strong><\/p>\n<ul>\n<li>Antinfiammatorio &#8211; Riduce il gonfiore e l&#8217;infiammazione dell&#8217;eczema.<\/li>\n<li>Ipoallergenico &#8211; Non provoca irritazioni cutanee n\u00e9 ha effetti collaterali, ideale per le persone con pelle sensibile ed eruzioni cutanee.<\/li>\n<li>Altamente penetrante &#8211; Non unge, si assorbe nella pelle senza lasciare una sensazione di unto o residui.<\/li>\n<li>Non comedogenico &#8211; L&#8217;olio di emu puro non ostruisce i pori<\/li>\n<\/ul>\n<p><strong>Efficace per una variet\u00e0 di disturbi della pelle:<\/strong><\/p>\n<ul>\n<li>Eczema e psoriasi<\/li>\n<li>Eruzioni cutanee<\/li>\n<li>Pelle secca<\/li>\n<li>Rughe del viso, anti-invecchiamento o pelle sensibile<\/li>\n<li>Scottature solari<\/li>\n<li>Smagliatura<\/li>\n<li>Cicatrici<\/li>\n<\/ul>\n<p><strong>Come si usa:<\/strong><\/p>\n<p>Con le mani, applicare sulla zona desiderata. Se necessario, applicare altro olio di emu per coprire l&#8217;intera area. Non \u00e8 necessario strofinare l&#8217;olio fino in fondo, poich\u00e9 l&#8217;olio di emu \u00e8 un olio penetrante e si assorbe da solo nella pelle. Al termine, la pelle non deve risultare grassa. Se cos\u00ec fosse, probabilmente ne avete usato troppo. \u00c8 sufficiente ridurre la quantit\u00e0 di prodotto la prossima volta.<\/p>\n<div style=\"width: 720px;\" class=\"wp-video\"><video class=\"wp-video-shortcode\" id=\"video-2398-1\" width=\"720\" height=\"720\" preload=\"metadata\" controls=\"controls\"><source type=\"video\/mp4\" src=\"https:\/\/emubirdoil.com\/wp-content\/uploads\/2024\/01\/Apply-Emu-oil.mp4?_=1\" \/><a href=\"https:\/\/emubirdoil.com\/wp-content\/uploads\/2024\/01\/Apply-Emu-oil.mp4\">https:\/\/emubirdoil.com\/wp-content\/uploads\/2024\/01\/Apply-Emu-oil.mp4<\/a><\/video><\/div>\n<p>&nbsp;<\/p>\n","protected":false},"excerpt":{"rendered":"<p>Olio di emu biologico farmaceutico puro al 100% 60ml<br \/>\nOlio di Omega 3, 6 e 9 di origine aborigena infuso\u00a0 per la cura della pelle, dei capelli e la guarigione ipoallergenica.<\/p>\n<ul>\n<li>Adatto a bambini, adulti e anziani<\/li>\n<li>Ricco di vitamine K, E e A, acidi grassi essenziali Omega 3, 6 e 9.<\/li>\n<li>100% puro olio di emu biologico australiano da allevamento all&#8217;aperto<\/li>\n<li>Sollievo antinfiammatorio naturale e non steroideo.<\/li>\n<li>Sollievo naturale non urticante per eritema, rosacea, psoriasi, eczema e TSW, a differenza della maggior parte delle lozioni e delle creme che pungono.<\/li>\n<li>Pu\u00f2 essere utilizzato per alleviare i dolori articolari, prevenire le rughe e favorire la guarigione naturale di cicatrici e pigmentazioni.<\/li>\n<li>Comprovata da molti soggetti affetti da eczema grave<\/li>\n<li>Non profumato: non contiene altri ingredienti oltre all&#8217;olio di emu biologico puro.<\/li>\n<li>Vincitore del premio &#8220;Migliori prodotti biologici\/naturali &#8211; Miglior olio per il corpo&#8221;.<\/li>\n<\/ul>\n<p><strong>Ingredienti<\/strong>: 100% Olio di Emu puro di alta qualit\u00e0 di grado farmaceutico.<\/p>\n<p>&nbsp;<\/p>\n","protected":false},"featured_media":3060,"comment_status":"open","ping_status":"closed","template":"","meta":[],"product_brand":[],"product_cat":[79],"product_tag":[],"class_list":{"0":"post-2398","1":"product","2":"type-product","3":"status-publish","4":"has-post-thumbnail","6":"product_cat-s-non-naturale","8":"first","9":"instock","10":"sale","11":"shipping-taxable","12":"purchasable","13":"product-type-simple"},"yoast_head":"<!-- This site is optimized with the Yoast SEO plugin v27.3 - https:\/\/yoast.com\/product\/yoast-seo-wordpress\/ -->\n<title>Olio di em\u00f9 biologico puro al 100% \u2013 60ml | Emu Bird Oil Australia<\/title>\n<meta name=\"description\" content=\"Olio di em\u00f9 biologico puro al 100%, prodotto in Australia. Utile per pelle secca, dolori muscolari e articolari. Spedizione veloce in Italia.\" \/>\n<meta name=\"robots\" content=\"index, follow, max-snippet:-1, max-image-preview:large, max-video-preview:-1\" \/>\n<link rel=\"canonical\" href=\"https:\/\/emubirdoil.com\/it\/prodotto\/olio-di-emu-biologico-puro-al-100-60ml\/\" \/>\n<meta property=\"og:locale\" content=\"it_IT\" \/>\n<meta property=\"og:type\" content=\"article\" \/>\n<meta property=\"og:title\" content=\"Olio di em\u00f9 biologico puro al 100% \u2013 60ml | Emu Bird Oil Australia\" \/>\n<meta property=\"og:description\" content=\"Olio di em\u00f9 biologico puro al 100%, prodotto in Australia. Utile per pelle secca, dolori muscolari e articolari. Spedizione veloce in Italia.\" \/>\n<meta property=\"og:url\" content=\"https:\/\/emubirdoil.com\/it\/prodotto\/olio-di-emu-biologico-puro-al-100-60ml\/\" \/>\n<meta property=\"og:site_name\" content=\"Emu Bird Oil\" \/>\n<meta property=\"article:modified_time\" content=\"2026-03-05T20:26:59+00:00\" \/>\n<meta property=\"og:image\" content=\"https:\/\/emubirdoil.com\/wp-content\/uploads\/2025\/03\/100-pure-emu-oil-for-hypoallergenic-skin-care-hair-and-healing-all-natural-source-of-vitamin-k2-1.jpg\" \/>\n\t<meta property=\"og:image:width\" content=\"458\" \/>\n\t<meta property=\"og:image:height\" content=\"458\" \/>\n\t<meta property=\"og:image:type\" content=\"image\/jpeg\" \/>\n<meta name=\"twitter:card\" content=\"summary_large_image\" \/>\n<meta name=\"twitter:label1\" content=\"Tempo di lettura stimato\" \/>\n\t<meta name=\"twitter:data1\" content=\"3 minuti\" \/>\n<script type=\"application\/ld+json\" class=\"yoast-schema-graph\">{\"@context\":\"https:\\\/\\\/schema.org\",\"@graph\":[{\"@type\":\"WebPage\",\"@id\":\"https:\\\/\\\/emubirdoil.com\\\/it\\\/prodotto\\\/olio-di-emu-biologico-puro-al-100-60ml\\\/\",\"url\":\"https:\\\/\\\/emubirdoil.com\\\/it\\\/prodotto\\\/olio-di-emu-biologico-puro-al-100-60ml\\\/\",\"name\":\"Olio di em\u00f9 biologico puro al 100% \u2013 60ml | Emu Bird Oil Australia\",\"isPartOf\":{\"@id\":\"https:\\\/\\\/emubirdoil.com\\\/it\\\/#website\"},\"primaryImageOfPage\":{\"@id\":\"https:\\\/\\\/emubirdoil.com\\\/it\\\/prodotto\\\/olio-di-emu-biologico-puro-al-100-60ml\\\/#primaryimage\"},\"image\":{\"@id\":\"https:\\\/\\\/emubirdoil.com\\\/it\\\/prodotto\\\/olio-di-emu-biologico-puro-al-100-60ml\\\/#primaryimage\"},\"thumbnailUrl\":\"https:\\\/\\\/emubirdoil.com\\\/wp-content\\\/uploads\\\/2025\\\/03\\\/100-pure-emu-oil-for-hypoallergenic-skin-care-hair-and-healing-all-natural-source-of-vitamin-k2-1.jpg\",\"datePublished\":\"2025-03-08T08:35:08+00:00\",\"dateModified\":\"2026-03-05T20:26:59+00:00\",\"description\":\"Olio di em\u00f9 biologico puro al 100%, prodotto in Australia. Utile per pelle secca, dolori muscolari e articolari. Spedizione veloce in Italia.\",\"breadcrumb\":{\"@id\":\"https:\\\/\\\/emubirdoil.com\\\/it\\\/prodotto\\\/olio-di-emu-biologico-puro-al-100-60ml\\\/#breadcrumb\"},\"inLanguage\":\"it-IT\",\"potentialAction\":[{\"@type\":\"ReadAction\",\"target\":[\"https:\\\/\\\/emubirdoil.com\\\/it\\\/prodotto\\\/olio-di-emu-biologico-puro-al-100-60ml\\\/\"]}]},{\"@type\":\"ImageObject\",\"inLanguage\":\"it-IT\",\"@id\":\"https:\\\/\\\/emubirdoil.com\\\/it\\\/prodotto\\\/olio-di-emu-biologico-puro-al-100-60ml\\\/#primaryimage\",\"url\":\"https:\\\/\\\/emubirdoil.com\\\/wp-content\\\/uploads\\\/2025\\\/03\\\/100-pure-emu-oil-for-hypoallergenic-skin-care-hair-and-healing-all-natural-source-of-vitamin-k2-1.jpg\",\"contentUrl\":\"https:\\\/\\\/emubirdoil.com\\\/wp-content\\\/uploads\\\/2025\\\/03\\\/100-pure-emu-oil-for-hypoallergenic-skin-care-hair-and-healing-all-natural-source-of-vitamin-k2-1.jpg\",\"width\":458,\"height\":458},{\"@type\":\"BreadcrumbList\",\"@id\":\"https:\\\/\\\/emubirdoil.com\\\/it\\\/prodotto\\\/olio-di-emu-biologico-puro-al-100-60ml\\\/#breadcrumb\",\"itemListElement\":[{\"@type\":\"ListItem\",\"position\":1,\"name\":\"Home\",\"item\":\"https:\\\/\\\/emubirdoil.com\\\/it\\\/casa\\\/\"},{\"@type\":\"ListItem\",\"position\":2,\"name\":\"Negozio\",\"item\":\"https:\\\/\\\/emubirdoil.com\\\/it\\\/negozio\\\/\"},{\"@type\":\"ListItem\",\"position\":3,\"name\":\"Olio di emu biologico puro al 100% 60ml\"}]},{\"@type\":\"WebSite\",\"@id\":\"https:\\\/\\\/emubirdoil.com\\\/it\\\/#website\",\"url\":\"https:\\\/\\\/emubirdoil.com\\\/it\\\/\",\"name\":\"Emu Bird Oil YNot Natural\",\"description\":\"Explore premium Emu Bird Oil for natural skincare and pain relief. Pure, effective, and sustainably sourced. Order now for wellness transformation!\",\"publisher\":{\"@id\":\"https:\\\/\\\/emubirdoil.com\\\/it\\\/#organization\"},\"potentialAction\":[{\"@type\":\"SearchAction\",\"target\":{\"@type\":\"EntryPoint\",\"urlTemplate\":\"https:\\\/\\\/emubirdoil.com\\\/it\\\/?s={search_term_string}\"},\"query-input\":{\"@type\":\"PropertyValueSpecification\",\"valueRequired\":true,\"valueName\":\"search_term_string\"}}],\"inLanguage\":\"it-IT\"},{\"@type\":\"Organization\",\"@id\":\"https:\\\/\\\/emubirdoil.com\\\/it\\\/#organization\",\"name\":\"Emu Bird Oil YNot Natural\",\"url\":\"https:\\\/\\\/emubirdoil.com\\\/it\\\/\",\"logo\":{\"@type\":\"ImageObject\",\"inLanguage\":\"it-IT\",\"@id\":\"https:\\\/\\\/emubirdoil.com\\\/it\\\/#\\\/schema\\\/logo\\\/image\\\/\",\"url\":\"https:\\\/\\\/emubirdoil.com\\\/wp-content\\\/uploads\\\/2023\\\/12\\\/Emu-bird-oil-LOGO.png\",\"contentUrl\":\"https:\\\/\\\/emubirdoil.com\\\/wp-content\\\/uploads\\\/2023\\\/12\\\/Emu-bird-oil-LOGO.png\",\"width\":320,\"height\":172,\"caption\":\"Emu Bird Oil YNot Natural\"},\"image\":{\"@id\":\"https:\\\/\\\/emubirdoil.com\\\/it\\\/#\\\/schema\\\/logo\\\/image\\\/\"}}]}<\/script>\n<!-- \/ Yoast SEO plugin. -->","yoast_head_json":{"title":"Olio di em\u00f9 biologico puro al 100% \u2013 60ml | Emu Bird Oil Australia","description":"Olio di em\u00f9 biologico puro al 100%, prodotto in Australia. Utile per pelle secca, dolori muscolari e articolari. Spedizione veloce in Italia.","robots":{"index":"index","follow":"follow","max-snippet":"max-snippet:-1","max-image-preview":"max-image-preview:large","max-video-preview":"max-video-preview:-1"},"canonical":"https:\/\/emubirdoil.com\/it\/prodotto\/olio-di-emu-biologico-puro-al-100-60ml\/","og_locale":"it_IT","og_type":"article","og_title":"Olio di em\u00f9 biologico puro al 100% \u2013 60ml | Emu Bird Oil Australia","og_description":"Olio di em\u00f9 biologico puro al 100%, prodotto in Australia. Utile per pelle secca, dolori muscolari e articolari. Spedizione veloce in Italia.","og_url":"https:\/\/emubirdoil.com\/it\/prodotto\/olio-di-emu-biologico-puro-al-100-60ml\/","og_site_name":"Emu Bird Oil","article_modified_time":"2026-03-05T20:26:59+00:00","og_image":[{"width":458,"height":458,"url":"https:\/\/emubirdoil.com\/wp-content\/uploads\/2025\/03\/100-pure-emu-oil-for-hypoallergenic-skin-care-hair-and-healing-all-natural-source-of-vitamin-k2-1.jpg","type":"image\/jpeg"}],"twitter_card":"summary_large_image","twitter_misc":{"Tempo di lettura stimato":"3 minuti"},"schema":{"@context":"https:\/\/schema.org","@graph":[{"@type":"WebPage","@id":"https:\/\/emubirdoil.com\/it\/prodotto\/olio-di-emu-biologico-puro-al-100-60ml\/","url":"https:\/\/emubirdoil.com\/it\/prodotto\/olio-di-emu-biologico-puro-al-100-60ml\/","name":"Olio di em\u00f9 biologico puro al 100% \u2013 60ml | Emu Bird Oil Australia","isPartOf":{"@id":"https:\/\/emubirdoil.com\/it\/#website"},"primaryImageOfPage":{"@id":"https:\/\/emubirdoil.com\/it\/prodotto\/olio-di-emu-biologico-puro-al-100-60ml\/#primaryimage"},"image":{"@id":"https:\/\/emubirdoil.com\/it\/prodotto\/olio-di-emu-biologico-puro-al-100-60ml\/#primaryimage"},"thumbnailUrl":"https:\/\/emubirdoil.com\/wp-content\/uploads\/2025\/03\/100-pure-emu-oil-for-hypoallergenic-skin-care-hair-and-healing-all-natural-source-of-vitamin-k2-1.jpg","datePublished":"2025-03-08T08:35:08+00:00","dateModified":"2026-03-05T20:26:59+00:00","description":"Olio di em\u00f9 biologico puro al 100%, prodotto in Australia. Utile per pelle secca, dolori muscolari e articolari. Spedizione veloce in Italia.","breadcrumb":{"@id":"https:\/\/emubirdoil.com\/it\/prodotto\/olio-di-emu-biologico-puro-al-100-60ml\/#breadcrumb"},"inLanguage":"it-IT","potentialAction":[{"@type":"ReadAction","target":["https:\/\/emubirdoil.com\/it\/prodotto\/olio-di-emu-biologico-puro-al-100-60ml\/"]}]},{"@type":"ImageObject","inLanguage":"it-IT","@id":"https:\/\/emubirdoil.com\/it\/prodotto\/olio-di-emu-biologico-puro-al-100-60ml\/#primaryimage","url":"https:\/\/emubirdoil.com\/wp-content\/uploads\/2025\/03\/100-pure-emu-oil-for-hypoallergenic-skin-care-hair-and-healing-all-natural-source-of-vitamin-k2-1.jpg","contentUrl":"https:\/\/emubirdoil.com\/wp-content\/uploads\/2025\/03\/100-pure-emu-oil-for-hypoallergenic-skin-care-hair-and-healing-all-natural-source-of-vitamin-k2-1.jpg","width":458,"height":458},{"@type":"BreadcrumbList","@id":"https:\/\/emubirdoil.com\/it\/prodotto\/olio-di-emu-biologico-puro-al-100-60ml\/#breadcrumb","itemListElement":[{"@type":"ListItem","position":1,"name":"Home","item":"https:\/\/emubirdoil.com\/it\/casa\/"},{"@type":"ListItem","position":2,"name":"Negozio","item":"https:\/\/emubirdoil.com\/it\/negozio\/"},{"@type":"ListItem","position":3,"name":"Olio di emu biologico puro al 100% 60ml"}]},{"@type":"WebSite","@id":"https:\/\/emubirdoil.com\/it\/#website","url":"https:\/\/emubirdoil.com\/it\/","name":"Emu Bird Oil YNot Natural","description":"Explore premium Emu Bird Oil for natural skincare and pain relief. Pure, effective, and sustainably sourced. Order now for wellness transformation!","publisher":{"@id":"https:\/\/emubirdoil.com\/it\/#organization"},"potentialAction":[{"@type":"SearchAction","target":{"@type":"EntryPoint","urlTemplate":"https:\/\/emubirdoil.com\/it\/?s={search_term_string}"},"query-input":{"@type":"PropertyValueSpecification","valueRequired":true,"valueName":"search_term_string"}}],"inLanguage":"it-IT"},{"@type":"Organization","@id":"https:\/\/emubirdoil.com\/it\/#organization","name":"Emu Bird Oil YNot Natural","url":"https:\/\/emubirdoil.com\/it\/","logo":{"@type":"ImageObject","inLanguage":"it-IT","@id":"https:\/\/emubirdoil.com\/it\/#\/schema\/logo\/image\/","url":"https:\/\/emubirdoil.com\/wp-content\/uploads\/2023\/12\/Emu-bird-oil-LOGO.png","contentUrl":"https:\/\/emubirdoil.com\/wp-content\/uploads\/2023\/12\/Emu-bird-oil-LOGO.png","width":320,"height":172,"caption":"Emu Bird Oil YNot Natural"},"image":{"@id":"https:\/\/emubirdoil.com\/it\/#\/schema\/logo\/image\/"}}]}},"_links":{"self":[{"href":"https:\/\/emubirdoil.com\/it\/wp-json\/wp\/v2\/product\/2398","targetHints":{"allow":["GET"]}}],"collection":[{"href":"https:\/\/emubirdoil.com\/it\/wp-json\/wp\/v2\/product"}],"about":[{"href":"https:\/\/emubirdoil.com\/it\/wp-json\/wp\/v2\/types\/product"}],"replies":[{"embeddable":true,"href":"https:\/\/emubirdoil.com\/it\/wp-json\/wp\/v2\/comments?post=2398"}],"wp:featuredmedia":[{"embeddable":true,"href":"https:\/\/emubirdoil.com\/it\/wp-json\/wp\/v2\/media\/3060"}],"wp:attachment":[{"href":"https:\/\/emubirdoil.com\/it\/wp-json\/wp\/v2\/media?parent=2398"}],"wp:term":[{"taxonomy":"product_brand","embeddable":true,"href":"https:\/\/emubirdoil.com\/it\/wp-json\/wp\/v2\/product_brand?post=2398"},{"taxonomy":"product_cat","embeddable":true,"href":"https:\/\/emubirdoil.com\/it\/wp-json\/wp\/v2\/product_cat?post=2398"},{"taxonomy":"product_tag","embeddable":true,"href":"https:\/\/emubirdoil.com\/it\/wp-json\/wp\/v2\/product_tag?post=2398"}],"curies":[{"name":"wp","href":"https:\/\/api.w.org\/{rel}","templated":true}]}}