{"id":1607,"date":"2023-12-12T09:42:57","date_gmt":"2023-12-12T09:42:57","guid":{"rendered":"https:\/\/emubirdoil.com\/che-cose-lolio-di-emu\/"},"modified":"2024-02-01T20:28:58","modified_gmt":"2024-02-01T20:28:58","slug":"che-cose-lolio-di-emu","status":"publish","type":"page","link":"https:\/\/emubirdoil.com\/it\/olio-di-emu\/che-cose-lolio-di-emu\/","title":{"rendered":"Che cos&#8217;\u00e8 l&#8217;olio di emu"},"content":{"rendered":"\t\t<div data-elementor-type=\"wp-page\" data-elementor-id=\"1607\" class=\"elementor elementor-1607 elementor-107\" data-elementor-post-type=\"page\">\n\t\t\t\t<div class=\"elementor-element elementor-element-73ab93a e-con-full e-flex e-con e-parent\" data-id=\"73ab93a\" data-element_type=\"container\" data-e-type=\"container\" data-settings=\"{&quot;background_background&quot;:&quot;classic&quot;}\">\n\t\t<div class=\"elementor-element elementor-element-451e220 e-con-full e-flex e-con e-child\" data-id=\"451e220\" data-element_type=\"container\" data-e-type=\"container\">\n\t\t\t\t<\/div>\n\t\t\t\t<\/div>\n\t\t<div class=\"elementor-element elementor-element-d709969 e-flex e-con-boxed e-con e-parent\" data-id=\"d709969\" data-element_type=\"container\" data-e-type=\"container\" data-settings=\"{&quot;background_background&quot;:&quot;classic&quot;}\">\n\t\t\t\t\t<div class=\"e-con-inner\">\n\t\t<div class=\"elementor-element elementor-element-b6dfac0 e-con-full e-flex e-con e-child\" data-id=\"b6dfac0\" data-element_type=\"container\" data-e-type=\"container\">\n\t\t\t\t<div class=\"elementor-element elementor-element-d9e6537 animated-fast elementor-invisible elementor-widget elementor-widget-text-editor\" data-id=\"d9e6537\" data-element_type=\"widget\" data-e-type=\"widget\" data-settings=\"{&quot;_animation&quot;:&quot;fadeInUp&quot;,&quot;_animation_delay&quot;:200}\" data-widget_type=\"text-editor.default\">\n\t\t\t\t<div class=\"elementor-widget-container\">\n\t\t\t\t\t\t\t\t\t<p>Noi di Y-Not Natural crediamo che la vera bellezza e il vero benessere derivino dai tesori della natura. Ecco perch\u00e9 siamo entusiasti di presentarvi i notevoli benefici dell&#8217;olio di emu, un segreto custodito da secoli. La nostra passione per le soluzioni naturali ci ha portato a sfruttare il potere dell&#8217;olio di emu nei nostri prodotti, liberando un mondo di luminosit\u00e0 e vitalit\u00e0 per la vostra pelle e il vostro benessere generale.<\/p>\n\t\t\t\t\t\t\t\t<\/div>\n\t\t\t\t<\/div>\n\t\t\t\t<\/div>\n\t\t\t\t\t<\/div>\n\t\t\t\t<\/div>\n\t\t<div class=\"elementor-element elementor-element-516fe1c2 e-flex e-con-boxed e-con e-parent\" data-id=\"516fe1c2\" data-element_type=\"container\" data-e-type=\"container\" data-settings=\"{&quot;background_background&quot;:&quot;classic&quot;}\">\n\t\t\t\t\t<div class=\"e-con-inner\">\n\t\t<div class=\"elementor-element elementor-element-5f88b3ea e-con-full e-flex e-con e-child\" data-id=\"5f88b3ea\" data-element_type=\"container\" data-e-type=\"container\">\n\t\t<div class=\"elementor-element elementor-element-5ded09 e-con-full e-flex e-con e-child\" data-id=\"5ded09\" data-element_type=\"container\" data-e-type=\"container\">\n\t\t<div class=\"elementor-element elementor-element-45fe5b1a e-con-full e-flex e-con e-child\" data-id=\"45fe5b1a\" data-element_type=\"container\" data-e-type=\"container\">\n\t\t\t\t<div class=\"elementor-element elementor-element-9bb6362 animated-fast elementor-invisible elementor-widget elementor-widget-heading\" data-id=\"9bb6362\" data-element_type=\"widget\" data-e-type=\"widget\" data-settings=\"{&quot;_animation&quot;:&quot;fadeInUp&quot;,&quot;_animation_delay&quot;:200}\" data-widget_type=\"heading.default\">\n\t\t\t\t<div class=\"elementor-widget-container\">\n\t\t\t\t\t<h3 class=\"elementor-heading-title elementor-size-default\">Un dono della natura<\/h3>\t\t\t\t<\/div>\n\t\t\t\t<\/div>\n\t\t\t\t<div class=\"elementor-element elementor-element-7298164a animated-fast elementor-widget__width-initial elementor-widget-tablet__width-inherit elementor-invisible elementor-widget elementor-widget-text-editor\" data-id=\"7298164a\" data-element_type=\"widget\" data-e-type=\"widget\" data-settings=\"{&quot;_animation&quot;:&quot;fadeInUp&quot;,&quot;_animation_delay&quot;:300}\" data-widget_type=\"text-editor.default\">\n\t\t\t\t<div class=\"elementor-widget-container\">\n\t\t\t\t\t\t\t\t\t<p>L&#8217;olio di emu \u00e8 una preziosa sostanza derivata dal grasso dell&#8217;uccello emu, originario dell&#8217;Australia. Per secoli, le comunit\u00e0 indigene australiane hanno venerato questo olio per le sue eccezionali propriet\u00e0 idratanti e curative.<\/p>\n<p>Raccolto in modo responsabile e sostenibile, l&#8217;olio di emu \u00e8 una testimonianza della saggezza delle pratiche tradizionali e della magnificenza della natura.<\/p>\n<p>Noi di YNotNatural abbiamo sfruttato il potere dell&#8217;olio di Emu per creare una gamma di prodotti che rispondono alle esigenze uniche della vostra pelle. I nostri esperti miscelano questo prezioso olio con ingredienti naturali accuratamente selezionati per amplificarne i benefici.<\/p>\n\t\t\t\t\t\t\t\t<\/div>\n\t\t\t\t<\/div>\n\t\t\t\t<\/div>\n\t\t<div class=\"elementor-element elementor-element-e4e68ac e-con-full e-flex e-con e-child\" data-id=\"e4e68ac\" data-element_type=\"container\" data-e-type=\"container\" data-settings=\"{&quot;background_background&quot;:&quot;classic&quot;}\">\n\t\t\t\t<\/div>\n\t\t\t\t<\/div>\n\t\t<div class=\"elementor-element elementor-element-410057a6 e-con-full e-flex e-con e-child\" data-id=\"410057a6\" data-element_type=\"container\" data-e-type=\"container\">\n\t\t<div class=\"elementor-element elementor-element-5b702be e-con-full e-flex e-con e-child\" data-id=\"5b702be\" data-element_type=\"container\" data-e-type=\"container\" data-settings=\"{&quot;background_background&quot;:&quot;classic&quot;}\">\n\t\t\t\t<\/div>\n\t\t<div class=\"elementor-element elementor-element-1018d196 e-con-full e-flex e-con e-child\" data-id=\"1018d196\" data-element_type=\"container\" data-e-type=\"container\">\n\t\t\t\t<div class=\"elementor-element elementor-element-41fe23ff animated-fast elementor-invisible elementor-widget elementor-widget-heading\" data-id=\"41fe23ff\" data-element_type=\"widget\" data-e-type=\"widget\" data-settings=\"{&quot;_animation&quot;:&quot;fadeInUp&quot;,&quot;_animation_delay&quot;:200}\" data-widget_type=\"heading.default\">\n\t\t\t\t<div class=\"elementor-widget-container\">\n\t\t\t\t\t<h3 class=\"elementor-heading-title elementor-size-default\">Sbloccare i vantaggi<\/h3>\t\t\t\t<\/div>\n\t\t\t\t<\/div>\n\t\t\t\t<div class=\"elementor-element elementor-element-b74f4a6 animated-fast elementor-widget__width-initial elementor-widget-tablet__width-inherit elementor-invisible elementor-widget elementor-widget-text-editor\" data-id=\"b74f4a6\" data-element_type=\"widget\" data-e-type=\"widget\" data-settings=\"{&quot;_animation&quot;:&quot;fadeInUp&quot;,&quot;_animation_delay&quot;:300}\" data-widget_type=\"text-editor.default\">\n\t\t\t\t<div class=\"elementor-widget-container\">\n\t\t\t\t\t\t\t\t\t<p>Perch\u00e9 l&#8217;olio di Emu? \u00c8 semplice: l&#8217;olio di emu \u00e8 un concentrato naturale di sostanze nutritive, tra cui acidi grassi essenziali come l&#8217;Omega-3, l&#8217;Omega-6 e l&#8217;Omega-9.<\/p>\n<p>Questi acidi grassi penetrano in profondit\u00e0 nella pelle, fornendo un&#8217;idratazione e un nutrimento senza pari. L&#8217;olio di emu \u00e8 noto anche per le sue propriet\u00e0 antinfiammatorie, che lo rendono un rimedio lenitivo per le pelli sensibili e irritate.<\/p>\n<p>Se state combattendo la secchezza, i segni dell&#8217;invecchiamento o anche piccoli problemi della pelle, l&#8217;olio di Emu offre una soluzione olistica che funziona davvero.<\/p><\/p>\n\t\t\t\t\t\t\t\t<\/div>\n\t\t\t\t<\/div>\n\t\t\t\t<\/div>\n\t\t\t\t<\/div>\n\t\t\t\t<\/div>\n\t\t\t\t\t<\/div>\n\t\t\t\t<\/div>\n\t\t<div class=\"elementor-element elementor-element-0b3170c e-flex e-con-boxed e-con e-parent\" data-id=\"0b3170c\" data-element_type=\"container\" data-e-type=\"container\" data-settings=\"{&quot;background_background&quot;:&quot;classic&quot;}\">\n\t\t\t\t\t<div class=\"e-con-inner\">\n\t\t<div class=\"elementor-element elementor-element-09e2f1b e-con-full e-flex e-con e-child\" data-id=\"09e2f1b\" data-element_type=\"container\" data-e-type=\"container\">\n\t\t\t\t<div class=\"elementor-element elementor-element-1797982 elementor-widget elementor-widget-heading\" data-id=\"1797982\" data-element_type=\"widget\" data-e-type=\"widget\" data-widget_type=\"heading.default\">\n\t\t\t\t<div class=\"elementor-widget-container\">\n\t\t\t\t\t<h2 class=\"elementor-heading-title elementor-size-default\">PROPOSTE SPECIALI<\/h2>\t\t\t\t<\/div>\n\t\t\t\t<\/div>\n\t\t\t\t<div class=\"elementor-element elementor-element-17a59e1 elementor-grid-3 elementor-grid-tablet-3 elementor-grid-mobile-1 elementor-product-loop-item--align-center animated-fast elementor-products-grid elementor-wc-products elementor-invisible elementor-widget elementor-widget-woocommerce-products\" data-id=\"17a59e1\" data-element_type=\"widget\" data-e-type=\"widget\" data-settings=\"{&quot;_animation&quot;:&quot;fadeInUp&quot;,&quot;_animation_delay&quot;:200}\" data-widget_type=\"woocommerce-products.default\">\n\t\t\t\t<div class=\"elementor-widget-container\">\n\t\t\t\t\t<div class=\"woocommerce columns-3 \"><ul class=\"products elementor-grid columns-3\">\n<li class=\"product type-product post-2398 status-publish first instock product_cat-s-non-naturale has-post-thumbnail sale shipping-taxable purchasable product-type-simple\">\n\t<a href=\"https:\/\/emubirdoil.com\/it\/prodotto\/olio-di-emu-biologico-puro-al-100-60ml\/\" class=\"woocommerce-LoopProduct-link woocommerce-loop-product__link\">\n\t<span class=\"onsale\">In offerta!<\/span>\n\t<img fetchpriority=\"high\" decoding=\"async\" width=\"300\" height=\"300\" src=\"https:\/\/emubirdoil.com\/wp-content\/uploads\/2025\/03\/100-pure-emu-oil-for-hypoallergenic-skin-care-hair-and-healing-all-natural-source-of-vitamin-k2-1-300x300.jpg\" class=\"attachment-woocommerce_thumbnail size-woocommerce_thumbnail\" alt=\"Olio di emu biologico puro al 100% 60ml\" srcset=\"https:\/\/emubirdoil.com\/wp-content\/uploads\/2025\/03\/100-pure-emu-oil-for-hypoallergenic-skin-care-hair-and-healing-all-natural-source-of-vitamin-k2-1-300x300.jpg 300w, https:\/\/emubirdoil.com\/wp-content\/uploads\/2025\/03\/100-pure-emu-oil-for-hypoallergenic-skin-care-hair-and-healing-all-natural-source-of-vitamin-k2-1-150x150.jpg 150w, https:\/\/emubirdoil.com\/wp-content\/uploads\/2025\/03\/100-pure-emu-oil-for-hypoallergenic-skin-care-hair-and-healing-all-natural-source-of-vitamin-k2-1-100x100.jpg 100w, https:\/\/emubirdoil.com\/wp-content\/uploads\/2025\/03\/100-pure-emu-oil-for-hypoallergenic-skin-care-hair-and-healing-all-natural-source-of-vitamin-k2-1.jpg 458w\" sizes=\"(max-width: 300px) 100vw, 300px\" \/><h2 class=\"woocommerce-loop-product__title\">Olio di emu biologico puro al 100% 60ml<\/h2><div class=\"star-rating\" role=\"img\" aria-label=\"Valutato 5.00 su 5\"><span style=\"width:100%\">Valutato <strong class=\"rating\">5.00<\/strong> su 5<\/span><\/div>\n\t<span class=\"price\"><del aria-hidden=\"true\"><span class=\"woocommerce-Price-amount amount\"><bdi>34,90&nbsp;<span class=\"woocommerce-Price-currencySymbol\">&euro;<\/span><\/bdi><\/span><\/del> <span class=\"screen-reader-text\">Il prezzo originale era: 34,90&nbsp;&euro;.<\/span><ins aria-hidden=\"true\"><span class=\"woocommerce-Price-amount amount\"><bdi>24,90&nbsp;<span class=\"woocommerce-Price-currencySymbol\">&euro;<\/span><\/bdi><\/span><\/ins><span class=\"screen-reader-text\">Il prezzo attuale \u00e8: 24,90&nbsp;&euro;.<\/span><\/span>\n<\/a><a href=\"\/it\/wp-json\/wp\/v2\/pages\/1607?add-to-cart=2398\" aria-describedby=\"woocommerce_loop_add_to_cart_link_describedby_2398\" data-quantity=\"1\" class=\"button product_type_simple add_to_cart_button ajax_add_to_cart\" data-product_id=\"2398\" data-product_sku=\"YNNOMEGAOleo60\" aria-label=\"Aggiungi al carrello: &quot;Olio di emu biologico puro al 100% 60ml&quot;\" rel=\"nofollow\" data-success_message=\"&quot;Olio di emu biologico puro al 100% 60ml&quot; \u00e8 stato aggiunto al tuo carrello\" role=\"button\">Aggiungi al carrello<\/a>\t<span id=\"woocommerce_loop_add_to_cart_link_describedby_2398\" class=\"screen-reader-text\">\n\t\t\t<\/span>\n<span class=\"gtm4wp_productdata\" style=\"display:none; visibility:hidden;\" data-gtm4wp_product_data=\"{&quot;internal_id&quot;:2398,&quot;item_id&quot;:2398,&quot;item_name&quot;:&quot;Olio di emu biologico puro al 100% 60ml&quot;,&quot;sku&quot;:&quot;YNNOMEGAOleo60&quot;,&quot;price&quot;:24.89999999999999857891452847979962825775146484375,&quot;stocklevel&quot;:33,&quot;stockstatus&quot;:&quot;instock&quot;,&quot;google_business_vertical&quot;:&quot;custom&quot;,&quot;item_category&quot;:&quot;S-Non naturale&quot;,&quot;id&quot;:2398,&quot;productlink&quot;:&quot;https:\\\/\\\/emubirdoil.com\\\/it\\\/prodotto\\\/olio-di-emu-biologico-puro-al-100-60ml\\\/&quot;,&quot;item_list_name&quot;:&quot;General Product List&quot;,&quot;index&quot;:1,&quot;product_type&quot;:&quot;simple&quot;,&quot;item_brand&quot;:&quot;&quot;}\"><\/span><\/li>\n<\/ul>\n<\/div>\t\t\t\t<\/div>\n\t\t\t\t<\/div>\n\t\t\t\t<\/div>\n\t\t\t\t\t<\/div>\n\t\t\t\t<\/div>\n\t\t\t\t<\/div>\n\t\t","protected":false},"excerpt":{"rendered":"<p>Noi di Y-Not Natural crediamo che la vera bellezza e il vero benessere derivino dai tesori della natura. Ecco perch\u00e9 siamo entusiasti di presentarvi i notevoli benefici dell&#8217;olio di emu, un segreto custodito da secoli. La nostra passione per le soluzioni naturali ci ha portato a sfruttare il potere dell&#8217;olio di emu nei nostri prodotti, [&hellip;]<\/p>\n","protected":false},"author":1,"featured_media":0,"parent":1717,"menu_order":0,"comment_status":"closed","ping_status":"closed","template":"","meta":{"footnotes":""},"class_list":["post-1607","page","type-page","status-publish","hentry"],"yoast_head":"<!-- This site is optimized with the Yoast SEO plugin v27.3 - https:\/\/yoast.com\/product\/yoast-seo-wordpress\/ -->\n<title>Che cos&#039;\u00e8 l&#039;olio di emu - Emu Bird Oil<\/title>\n<meta name=\"robots\" content=\"index, follow, max-snippet:-1, max-image-preview:large, max-video-preview:-1\" \/>\n<link rel=\"canonical\" href=\"https:\/\/emubirdoil.com\/it\/olio-di-emu\/che-cose-lolio-di-emu\/\" \/>\n<meta property=\"og:locale\" content=\"it_IT\" \/>\n<meta property=\"og:type\" content=\"article\" \/>\n<meta property=\"og:title\" content=\"Che cos&#039;\u00e8 l&#039;olio di emu - Emu Bird Oil\" \/>\n<meta property=\"og:description\" content=\"Noi di Y-Not Natural crediamo che la vera bellezza e il vero benessere derivino dai tesori della natura. Ecco perch\u00e9 siamo entusiasti di presentarvi i notevoli benefici dell&#8217;olio di emu, un segreto custodito da secoli. La nostra passione per le soluzioni naturali ci ha portato a sfruttare il potere dell&#8217;olio di emu nei nostri prodotti, [&hellip;]\" \/>\n<meta property=\"og:url\" content=\"https:\/\/emubirdoil.com\/it\/olio-di-emu\/che-cose-lolio-di-emu\/\" \/>\n<meta property=\"og:site_name\" content=\"Emu Bird Oil\" \/>\n<meta property=\"article:modified_time\" content=\"2024-02-01T20:28:58+00:00\" \/>\n<meta name=\"twitter:card\" content=\"summary_large_image\" \/>\n<meta name=\"twitter:label1\" content=\"Tempo di lettura stimato\" \/>\n\t<meta name=\"twitter:data1\" content=\"1 minuto\" \/>\n<script type=\"application\/ld+json\" class=\"yoast-schema-graph\">{\"@context\":\"https:\\\/\\\/schema.org\",\"@graph\":[{\"@type\":\"WebPage\",\"@id\":\"https:\\\/\\\/emubirdoil.com\\\/it\\\/olio-di-emu\\\/che-cose-lolio-di-emu\\\/\",\"url\":\"https:\\\/\\\/emubirdoil.com\\\/it\\\/olio-di-emu\\\/che-cose-lolio-di-emu\\\/\",\"name\":\"Che cos'\u00e8 l'olio di emu - Emu Bird Oil\",\"isPartOf\":{\"@id\":\"https:\\\/\\\/emubirdoil.com\\\/it\\\/#website\"},\"datePublished\":\"2023-12-12T09:42:57+00:00\",\"dateModified\":\"2024-02-01T20:28:58+00:00\",\"breadcrumb\":{\"@id\":\"https:\\\/\\\/emubirdoil.com\\\/it\\\/olio-di-emu\\\/che-cose-lolio-di-emu\\\/#breadcrumb\"},\"inLanguage\":\"it-IT\",\"potentialAction\":[{\"@type\":\"ReadAction\",\"target\":[\"https:\\\/\\\/emubirdoil.com\\\/it\\\/olio-di-emu\\\/che-cose-lolio-di-emu\\\/\"]}]},{\"@type\":\"BreadcrumbList\",\"@id\":\"https:\\\/\\\/emubirdoil.com\\\/it\\\/olio-di-emu\\\/che-cose-lolio-di-emu\\\/#breadcrumb\",\"itemListElement\":[{\"@type\":\"ListItem\",\"position\":1,\"name\":\"Home\",\"item\":\"https:\\\/\\\/emubirdoil.com\\\/it\\\/casa\\\/\"},{\"@type\":\"ListItem\",\"position\":2,\"name\":\"Olio di emu\",\"item\":\"https:\\\/\\\/emubirdoil.com\\\/it\\\/olio-di-emu\\\/\"},{\"@type\":\"ListItem\",\"position\":3,\"name\":\"Che cos&#8217;\u00e8 l&#8217;olio di emu\"}]},{\"@type\":\"WebSite\",\"@id\":\"https:\\\/\\\/emubirdoil.com\\\/it\\\/#website\",\"url\":\"https:\\\/\\\/emubirdoil.com\\\/it\\\/\",\"name\":\"Emu Bird Oil YNot Natural\",\"description\":\"Explore premium Emu Bird Oil for natural skincare and pain relief. Pure, effective, and sustainably sourced. Order now for wellness transformation!\",\"publisher\":{\"@id\":\"https:\\\/\\\/emubirdoil.com\\\/it\\\/#organization\"},\"potentialAction\":[{\"@type\":\"SearchAction\",\"target\":{\"@type\":\"EntryPoint\",\"urlTemplate\":\"https:\\\/\\\/emubirdoil.com\\\/it\\\/?s={search_term_string}\"},\"query-input\":{\"@type\":\"PropertyValueSpecification\",\"valueRequired\":true,\"valueName\":\"search_term_string\"}}],\"inLanguage\":\"it-IT\"},{\"@type\":\"Organization\",\"@id\":\"https:\\\/\\\/emubirdoil.com\\\/it\\\/#organization\",\"name\":\"Emu Bird Oil YNot Natural\",\"url\":\"https:\\\/\\\/emubirdoil.com\\\/it\\\/\",\"logo\":{\"@type\":\"ImageObject\",\"inLanguage\":\"it-IT\",\"@id\":\"https:\\\/\\\/emubirdoil.com\\\/it\\\/#\\\/schema\\\/logo\\\/image\\\/\",\"url\":\"https:\\\/\\\/emubirdoil.com\\\/wp-content\\\/uploads\\\/2023\\\/12\\\/Emu-bird-oil-LOGO.png\",\"contentUrl\":\"https:\\\/\\\/emubirdoil.com\\\/wp-content\\\/uploads\\\/2023\\\/12\\\/Emu-bird-oil-LOGO.png\",\"width\":320,\"height\":172,\"caption\":\"Emu Bird Oil YNot Natural\"},\"image\":{\"@id\":\"https:\\\/\\\/emubirdoil.com\\\/it\\\/#\\\/schema\\\/logo\\\/image\\\/\"}}]}<\/script>\n<!-- \/ Yoast SEO plugin. -->","yoast_head_json":{"title":"Che cos'\u00e8 l'olio di emu - Emu Bird Oil","robots":{"index":"index","follow":"follow","max-snippet":"max-snippet:-1","max-image-preview":"max-image-preview:large","max-video-preview":"max-video-preview:-1"},"canonical":"https:\/\/emubirdoil.com\/it\/olio-di-emu\/che-cose-lolio-di-emu\/","og_locale":"it_IT","og_type":"article","og_title":"Che cos'\u00e8 l'olio di emu - Emu Bird Oil","og_description":"Noi di Y-Not Natural crediamo che la vera bellezza e il vero benessere derivino dai tesori della natura. Ecco perch\u00e9 siamo entusiasti di presentarvi i notevoli benefici dell&#8217;olio di emu, un segreto custodito da secoli. La nostra passione per le soluzioni naturali ci ha portato a sfruttare il potere dell&#8217;olio di emu nei nostri prodotti, [&hellip;]","og_url":"https:\/\/emubirdoil.com\/it\/olio-di-emu\/che-cose-lolio-di-emu\/","og_site_name":"Emu Bird Oil","article_modified_time":"2024-02-01T20:28:58+00:00","twitter_card":"summary_large_image","twitter_misc":{"Tempo di lettura stimato":"1 minuto"},"schema":{"@context":"https:\/\/schema.org","@graph":[{"@type":"WebPage","@id":"https:\/\/emubirdoil.com\/it\/olio-di-emu\/che-cose-lolio-di-emu\/","url":"https:\/\/emubirdoil.com\/it\/olio-di-emu\/che-cose-lolio-di-emu\/","name":"Che cos'\u00e8 l'olio di emu - Emu Bird Oil","isPartOf":{"@id":"https:\/\/emubirdoil.com\/it\/#website"},"datePublished":"2023-12-12T09:42:57+00:00","dateModified":"2024-02-01T20:28:58+00:00","breadcrumb":{"@id":"https:\/\/emubirdoil.com\/it\/olio-di-emu\/che-cose-lolio-di-emu\/#breadcrumb"},"inLanguage":"it-IT","potentialAction":[{"@type":"ReadAction","target":["https:\/\/emubirdoil.com\/it\/olio-di-emu\/che-cose-lolio-di-emu\/"]}]},{"@type":"BreadcrumbList","@id":"https:\/\/emubirdoil.com\/it\/olio-di-emu\/che-cose-lolio-di-emu\/#breadcrumb","itemListElement":[{"@type":"ListItem","position":1,"name":"Home","item":"https:\/\/emubirdoil.com\/it\/casa\/"},{"@type":"ListItem","position":2,"name":"Olio di emu","item":"https:\/\/emubirdoil.com\/it\/olio-di-emu\/"},{"@type":"ListItem","position":3,"name":"Che cos&#8217;\u00e8 l&#8217;olio di emu"}]},{"@type":"WebSite","@id":"https:\/\/emubirdoil.com\/it\/#website","url":"https:\/\/emubirdoil.com\/it\/","name":"Emu Bird Oil YNot Natural","description":"Explore premium Emu Bird Oil for natural skincare and pain relief. Pure, effective, and sustainably sourced. Order now for wellness transformation!","publisher":{"@id":"https:\/\/emubirdoil.com\/it\/#organization"},"potentialAction":[{"@type":"SearchAction","target":{"@type":"EntryPoint","urlTemplate":"https:\/\/emubirdoil.com\/it\/?s={search_term_string}"},"query-input":{"@type":"PropertyValueSpecification","valueRequired":true,"valueName":"search_term_string"}}],"inLanguage":"it-IT"},{"@type":"Organization","@id":"https:\/\/emubirdoil.com\/it\/#organization","name":"Emu Bird Oil YNot Natural","url":"https:\/\/emubirdoil.com\/it\/","logo":{"@type":"ImageObject","inLanguage":"it-IT","@id":"https:\/\/emubirdoil.com\/it\/#\/schema\/logo\/image\/","url":"https:\/\/emubirdoil.com\/wp-content\/uploads\/2023\/12\/Emu-bird-oil-LOGO.png","contentUrl":"https:\/\/emubirdoil.com\/wp-content\/uploads\/2023\/12\/Emu-bird-oil-LOGO.png","width":320,"height":172,"caption":"Emu Bird Oil YNot Natural"},"image":{"@id":"https:\/\/emubirdoil.com\/it\/#\/schema\/logo\/image\/"}}]}},"_links":{"self":[{"href":"https:\/\/emubirdoil.com\/it\/wp-json\/wp\/v2\/pages\/1607","targetHints":{"allow":["GET"]}}],"collection":[{"href":"https:\/\/emubirdoil.com\/it\/wp-json\/wp\/v2\/pages"}],"about":[{"href":"https:\/\/emubirdoil.com\/it\/wp-json\/wp\/v2\/types\/page"}],"author":[{"embeddable":true,"href":"https:\/\/emubirdoil.com\/it\/wp-json\/wp\/v2\/users\/1"}],"replies":[{"embeddable":true,"href":"https:\/\/emubirdoil.com\/it\/wp-json\/wp\/v2\/comments?post=1607"}],"version-history":[{"count":1,"href":"https:\/\/emubirdoil.com\/it\/wp-json\/wp\/v2\/pages\/1607\/revisions"}],"predecessor-version":[{"id":1626,"href":"https:\/\/emubirdoil.com\/it\/wp-json\/wp\/v2\/pages\/1607\/revisions\/1626"}],"up":[{"embeddable":true,"href":"https:\/\/emubirdoil.com\/it\/wp-json\/wp\/v2\/pages\/1717"}],"wp:attachment":[{"href":"https:\/\/emubirdoil.com\/it\/wp-json\/wp\/v2\/media?parent=1607"}],"curies":[{"name":"wp","href":"https:\/\/api.w.org\/{rel}","templated":true}]}}