{"id":1460,"date":"2024-01-10T16:26:01","date_gmt":"2024-01-10T16:26:01","guid":{"rendered":"https:\/\/emubirdoil.com\/politica-di-rimborso-e-restituzione\/"},"modified":"2024-02-01T20:28:34","modified_gmt":"2024-02-01T20:28:34","slug":"politica-di-rimborso-e-restituzione","status":"publish","type":"page","link":"https:\/\/emubirdoil.com\/it\/politica-di-rimborso-e-restituzione\/","title":{"rendered":"Politica di rimborso e restituzione"},"content":{"rendered":"\t\t<div data-elementor-type=\"wp-page\" data-elementor-id=\"1460\" class=\"elementor elementor-1460 elementor-21\" data-elementor-post-type=\"page\">\n\t\t\t\t<div class=\"elementor-element elementor-element-b005353 e-flex e-con-boxed e-con e-parent\" data-id=\"b005353\" data-element_type=\"container\" data-e-type=\"container\">\n\t\t\t\t\t<div class=\"e-con-inner\">\n\t\t\t\t<div class=\"elementor-element elementor-element-a72f55f elementor-widget elementor-widget-heading\" data-id=\"a72f55f\" data-element_type=\"widget\" data-e-type=\"widget\" data-widget_type=\"heading.default\">\n\t\t\t\t<div class=\"elementor-widget-container\">\n\t\t\t\t\t<h1 class=\"elementor-heading-title elementor-size-default\">Politica di rimborso e restituzione<\/h1>\t\t\t\t<\/div>\n\t\t\t\t<\/div>\n\t\t\t\t<div class=\"elementor-element elementor-element-4f3b01ee elementor-widget elementor-widget-text-editor\" data-id=\"4f3b01ee\" data-element_type=\"widget\" data-e-type=\"widget\" data-widget_type=\"text-editor.default\">\n\t\t\t\t<div class=\"elementor-widget-container\">\n\t\t\t\t\t\t\t\t\t<p>Ogni articolo che vendiamo viene accuratamente ispezionato prima di essere spedito. Se non siete soddisfatti della merce e ci informate entro 14 giorni dal ricevimento della merce, provvederemo a ritirarla (l&#8217;intero ordine) e vi rimborseremo completamente. In alternativa, sostituiremo gli articoli se sono difettosi al momento della consegna e se ci vengono notificati entro 14 giorni dal ricevimento del prodotto da parte del cliente. Tutti i prodotti da restituire devono essere accuratamente riconfezionati nell&#8217;imballaggio originale. Sar\u00e0 responsabilit\u00e0 dell&#8217;acquirente restituire la merce<br><br>Per avviare un reso, potete contattarci all&#8217;indirizzo info@ynotnatural.com e vi comunicheremo l&#8217;indirizzo per il reso.<\/p>\n<p><strong>Danni e problemi<\/strong><br>Si prega di ispezionare l&#8217;ordine al momento della ricezione e di contattarci immediatamente se l&#8217;articolo \u00e8 difettoso, danneggiato o se si riceve l&#8217;articolo sbagliato, in modo da poter valutare il problema e porvi rimedio.<\/p>\n<p> <\/p>\n<p><strong>Eccezioni \/ articoli non restituibili<\/strong><br><br>Purtroppo non possiamo accettare resi su articoli in saldo o carte regalo.<\/p>\n<p> <\/p>\n<p><strong>Scambi<\/strong><br>Il modo pi\u00f9 rapido per assicurarsi di ottenere ci\u00f2 che si desidera \u00e8 quello di restituire l&#8217;articolo in possesso e, una volta accettato il reso, effettuare un acquisto separato per il nuovo articolo.<\/p>\n<p> <\/p>\n<p><strong>Unione Europea Periodo di riflessione di 14 giorni<\/strong><br>In deroga a quanto sopra, se la merce viene spedita nell&#8217;Unione Europea, il cliente ha il diritto di annullare o restituire l&#8217;ordine entro 14 giorni, per qualsiasi motivo e senza alcuna giustificazione. Come sopra, l&#8217;articolo deve essere nelle stesse condizioni in cui \u00e8 stato ricevuto, non indossato o non utilizzato, con i cartellini e nella confezione originale. \u00c8 necessario anche lo scontrino o la prova d&#8217;acquisto.<\/p>\n<p> <\/p>\n<p><strong>Rimborsi<\/strong><br>Vi informeremo una volta ricevuto e ispezionato il vostro reso e vi comunicheremo se il rimborso \u00e8 stato approvato o meno. Ricordate che pu\u00f2 essere necessario un po&#8217; di tempo per l&#8217;elaborazione e la pubblicazione del rimborso da parte della banca o della societ\u00e0 emittente della carta di credito.<\/p>\t\t\t\t\t\t\t\t<\/div>\n\t\t\t\t<\/div>\n\t\t\t\t\t<\/div>\n\t\t\t\t<\/div>\n\t\t\t\t<\/div>\n\t\t","protected":false},"excerpt":{"rendered":"<p>Ogni articolo che vendiamo viene accuratamente ispezionato prima di essere spedito. Se non siete soddisfatti della merce e ci informate entro 14 giorni dal ricevimento della merce, provvederemo a ritirarla (l&#8217;intero ordine) e vi rimborseremo completamente. In alternativa, sostituiremo gli articoli se sono difettosi al momento della consegna e se ci vengono notificati entro 14 [&hellip;]<\/p>\n","protected":false},"author":1,"featured_media":0,"parent":0,"menu_order":0,"comment_status":"closed","ping_status":"closed","template":"","meta":{"footnotes":""},"class_list":["post-1460","page","type-page","status-publish","hentry"],"yoast_head":"<!-- This site is optimized with the Yoast SEO plugin v27.4 - https:\/\/yoast.com\/product\/yoast-seo-wordpress\/ -->\n<title>Politica di rimborso e restituzione - Emu Bird Oil<\/title>\n<meta name=\"robots\" content=\"index, follow, max-snippet:-1, max-image-preview:large, max-video-preview:-1\" \/>\n<link rel=\"canonical\" href=\"https:\/\/emubirdoil.com\/it\/politica-di-rimborso-e-restituzione\/\" \/>\n<meta property=\"og:locale\" content=\"it_IT\" \/>\n<meta property=\"og:type\" content=\"article\" \/>\n<meta property=\"og:title\" content=\"Politica di rimborso e restituzione - Emu Bird Oil\" \/>\n<meta property=\"og:description\" content=\"Ogni articolo che vendiamo viene accuratamente ispezionato prima di essere spedito. Se non siete soddisfatti della merce e ci informate entro 14 giorni dal ricevimento della merce, provvederemo a ritirarla (l&#8217;intero ordine) e vi rimborseremo completamente. In alternativa, sostituiremo gli articoli se sono difettosi al momento della consegna e se ci vengono notificati entro 14 [&hellip;]\" \/>\n<meta property=\"og:url\" content=\"https:\/\/emubirdoil.com\/it\/politica-di-rimborso-e-restituzione\/\" \/>\n<meta property=\"og:site_name\" content=\"Emu Bird Oil\" \/>\n<meta property=\"article:modified_time\" content=\"2024-02-01T20:28:34+00:00\" \/>\n<meta name=\"twitter:card\" content=\"summary_large_image\" \/>\n<meta name=\"twitter:label1\" content=\"Tempo di lettura stimato\" \/>\n\t<meta name=\"twitter:data1\" content=\"1 minuto\" \/>\n<script type=\"application\/ld+json\" class=\"yoast-schema-graph\">{\"@context\":\"https:\\\/\\\/schema.org\",\"@graph\":[{\"@type\":\"WebPage\",\"@id\":\"https:\\\/\\\/emubirdoil.com\\\/it\\\/politica-di-rimborso-e-restituzione\\\/\",\"url\":\"https:\\\/\\\/emubirdoil.com\\\/it\\\/politica-di-rimborso-e-restituzione\\\/\",\"name\":\"Politica di rimborso e restituzione - Emu Bird Oil\",\"isPartOf\":{\"@id\":\"https:\\\/\\\/emubirdoil.com\\\/it\\\/#website\"},\"datePublished\":\"2024-01-10T16:26:01+00:00\",\"dateModified\":\"2024-02-01T20:28:34+00:00\",\"breadcrumb\":{\"@id\":\"https:\\\/\\\/emubirdoil.com\\\/it\\\/politica-di-rimborso-e-restituzione\\\/#breadcrumb\"},\"inLanguage\":\"it-IT\",\"potentialAction\":[{\"@type\":\"ReadAction\",\"target\":[\"https:\\\/\\\/emubirdoil.com\\\/it\\\/politica-di-rimborso-e-restituzione\\\/\"]}]},{\"@type\":\"BreadcrumbList\",\"@id\":\"https:\\\/\\\/emubirdoil.com\\\/it\\\/politica-di-rimborso-e-restituzione\\\/#breadcrumb\",\"itemListElement\":[{\"@type\":\"ListItem\",\"position\":1,\"name\":\"Home\",\"item\":\"https:\\\/\\\/emubirdoil.com\\\/it\\\/casa\\\/\"},{\"@type\":\"ListItem\",\"position\":2,\"name\":\"Politica di rimborso e restituzione\"}]},{\"@type\":\"WebSite\",\"@id\":\"https:\\\/\\\/emubirdoil.com\\\/it\\\/#website\",\"url\":\"https:\\\/\\\/emubirdoil.com\\\/it\\\/\",\"name\":\"Emu Bird Oil YNot Natural\",\"description\":\"Explore premium Emu Bird Oil for natural skincare and pain relief. Pure, effective, and sustainably sourced. Order now for wellness transformation!\",\"publisher\":{\"@id\":\"https:\\\/\\\/emubirdoil.com\\\/it\\\/#organization\"},\"potentialAction\":[{\"@type\":\"SearchAction\",\"target\":{\"@type\":\"EntryPoint\",\"urlTemplate\":\"https:\\\/\\\/emubirdoil.com\\\/it\\\/?s={search_term_string}\"},\"query-input\":{\"@type\":\"PropertyValueSpecification\",\"valueRequired\":true,\"valueName\":\"search_term_string\"}}],\"inLanguage\":\"it-IT\"},{\"@type\":\"Organization\",\"@id\":\"https:\\\/\\\/emubirdoil.com\\\/it\\\/#organization\",\"name\":\"Emu Bird Oil YNot Natural\",\"url\":\"https:\\\/\\\/emubirdoil.com\\\/it\\\/\",\"logo\":{\"@type\":\"ImageObject\",\"inLanguage\":\"it-IT\",\"@id\":\"https:\\\/\\\/emubirdoil.com\\\/it\\\/#\\\/schema\\\/logo\\\/image\\\/\",\"url\":\"https:\\\/\\\/emubirdoil.com\\\/wp-content\\\/uploads\\\/2023\\\/12\\\/Emu-bird-oil-LOGO.png\",\"contentUrl\":\"https:\\\/\\\/emubirdoil.com\\\/wp-content\\\/uploads\\\/2023\\\/12\\\/Emu-bird-oil-LOGO.png\",\"width\":320,\"height\":172,\"caption\":\"Emu Bird Oil YNot Natural\"},\"image\":{\"@id\":\"https:\\\/\\\/emubirdoil.com\\\/it\\\/#\\\/schema\\\/logo\\\/image\\\/\"}}]}<\/script>\n<!-- \/ Yoast SEO plugin. -->","yoast_head_json":{"title":"Politica di rimborso e restituzione - Emu Bird Oil","robots":{"index":"index","follow":"follow","max-snippet":"max-snippet:-1","max-image-preview":"max-image-preview:large","max-video-preview":"max-video-preview:-1"},"canonical":"https:\/\/emubirdoil.com\/it\/politica-di-rimborso-e-restituzione\/","og_locale":"it_IT","og_type":"article","og_title":"Politica di rimborso e restituzione - Emu Bird Oil","og_description":"Ogni articolo che vendiamo viene accuratamente ispezionato prima di essere spedito. Se non siete soddisfatti della merce e ci informate entro 14 giorni dal ricevimento della merce, provvederemo a ritirarla (l&#8217;intero ordine) e vi rimborseremo completamente. In alternativa, sostituiremo gli articoli se sono difettosi al momento della consegna e se ci vengono notificati entro 14 [&hellip;]","og_url":"https:\/\/emubirdoil.com\/it\/politica-di-rimborso-e-restituzione\/","og_site_name":"Emu Bird Oil","article_modified_time":"2024-02-01T20:28:34+00:00","twitter_card":"summary_large_image","twitter_misc":{"Tempo di lettura stimato":"1 minuto"},"schema":{"@context":"https:\/\/schema.org","@graph":[{"@type":"WebPage","@id":"https:\/\/emubirdoil.com\/it\/politica-di-rimborso-e-restituzione\/","url":"https:\/\/emubirdoil.com\/it\/politica-di-rimborso-e-restituzione\/","name":"Politica di rimborso e restituzione - Emu Bird Oil","isPartOf":{"@id":"https:\/\/emubirdoil.com\/it\/#website"},"datePublished":"2024-01-10T16:26:01+00:00","dateModified":"2024-02-01T20:28:34+00:00","breadcrumb":{"@id":"https:\/\/emubirdoil.com\/it\/politica-di-rimborso-e-restituzione\/#breadcrumb"},"inLanguage":"it-IT","potentialAction":[{"@type":"ReadAction","target":["https:\/\/emubirdoil.com\/it\/politica-di-rimborso-e-restituzione\/"]}]},{"@type":"BreadcrumbList","@id":"https:\/\/emubirdoil.com\/it\/politica-di-rimborso-e-restituzione\/#breadcrumb","itemListElement":[{"@type":"ListItem","position":1,"name":"Home","item":"https:\/\/emubirdoil.com\/it\/casa\/"},{"@type":"ListItem","position":2,"name":"Politica di rimborso e restituzione"}]},{"@type":"WebSite","@id":"https:\/\/emubirdoil.com\/it\/#website","url":"https:\/\/emubirdoil.com\/it\/","name":"Emu Bird Oil YNot Natural","description":"Explore premium Emu Bird Oil for natural skincare and pain relief. Pure, effective, and sustainably sourced. Order now for wellness transformation!","publisher":{"@id":"https:\/\/emubirdoil.com\/it\/#organization"},"potentialAction":[{"@type":"SearchAction","target":{"@type":"EntryPoint","urlTemplate":"https:\/\/emubirdoil.com\/it\/?s={search_term_string}"},"query-input":{"@type":"PropertyValueSpecification","valueRequired":true,"valueName":"search_term_string"}}],"inLanguage":"it-IT"},{"@type":"Organization","@id":"https:\/\/emubirdoil.com\/it\/#organization","name":"Emu Bird Oil YNot Natural","url":"https:\/\/emubirdoil.com\/it\/","logo":{"@type":"ImageObject","inLanguage":"it-IT","@id":"https:\/\/emubirdoil.com\/it\/#\/schema\/logo\/image\/","url":"https:\/\/emubirdoil.com\/wp-content\/uploads\/2023\/12\/Emu-bird-oil-LOGO.png","contentUrl":"https:\/\/emubirdoil.com\/wp-content\/uploads\/2023\/12\/Emu-bird-oil-LOGO.png","width":320,"height":172,"caption":"Emu Bird Oil YNot Natural"},"image":{"@id":"https:\/\/emubirdoil.com\/it\/#\/schema\/logo\/image\/"}}]}},"_links":{"self":[{"href":"https:\/\/emubirdoil.com\/it\/wp-json\/wp\/v2\/pages\/1460","targetHints":{"allow":["GET"]}}],"collection":[{"href":"https:\/\/emubirdoil.com\/it\/wp-json\/wp\/v2\/pages"}],"about":[{"href":"https:\/\/emubirdoil.com\/it\/wp-json\/wp\/v2\/types\/page"}],"author":[{"embeddable":true,"href":"https:\/\/emubirdoil.com\/it\/wp-json\/wp\/v2\/users\/1"}],"replies":[{"embeddable":true,"href":"https:\/\/emubirdoil.com\/it\/wp-json\/wp\/v2\/comments?post=1460"}],"version-history":[{"count":3,"href":"https:\/\/emubirdoil.com\/it\/wp-json\/wp\/v2\/pages\/1460\/revisions"}],"predecessor-version":[{"id":1514,"href":"https:\/\/emubirdoil.com\/it\/wp-json\/wp\/v2\/pages\/1460\/revisions\/1514"}],"wp:attachment":[{"href":"https:\/\/emubirdoil.com\/it\/wp-json\/wp\/v2\/media?parent=1460"}],"curies":[{"name":"wp","href":"https:\/\/api.w.org\/{rel}","templated":true}]}}