{"id":1776,"date":"2024-01-09T18:09:03","date_gmt":"2024-01-09T18:09:03","guid":{"rendered":"https:\/\/emubirdoil.com\/szallitasi-politika\/"},"modified":"2025-08-01T11:45:08","modified_gmt":"2025-08-01T11:45:08","slug":"szallitasi-politika","status":"publish","type":"page","link":"https:\/\/emubirdoil.com\/hu\/szallitasi-politika\/","title":{"rendered":"Sz\u00e1ll\u00edt\u00e1si politika"},"content":{"rendered":"\t\t<div data-elementor-type=\"wp-page\" data-elementor-id=\"1776\" class=\"elementor elementor-1776 elementor-288\" data-elementor-post-type=\"page\">\n\t\t\t\t<div class=\"elementor-element elementor-element-6de17350 e-flex e-con-boxed e-con e-parent\" data-id=\"6de17350\" data-element_type=\"container\" data-e-type=\"container\">\n\t\t\t\t\t<div class=\"e-con-inner\">\n\t\t\t\t<div class=\"elementor-element elementor-element-5e1c35cf elementor-widget elementor-widget-heading\" data-id=\"5e1c35cf\" data-element_type=\"widget\" data-e-type=\"widget\" data-widget_type=\"heading.default\">\n\t\t\t\t<div class=\"elementor-widget-container\">\n\t\t\t\t\t<h1 class=\"elementor-heading-title elementor-size-default\">Sz\u00e1ll\u00edt\u00e1si politika<\/h1>\t\t\t\t<\/div>\n\t\t\t\t<\/div>\n\t\t\t\t<div class=\"elementor-element elementor-element-380841d elementor-widget elementor-widget-text-editor\" data-id=\"380841d\" data-element_type=\"widget\" data-e-type=\"widget\" data-widget_type=\"text-editor.default\">\n\t\t\t\t<div class=\"elementor-widget-container\">\n\t\t\t\t\t\t\t\t\t<p>Az online boltban v\u00e1s\u00e1rolt 23 900 Ft\u00a0 feletti rendel\u00e9sek kisz\u00e1ll\u00edt\u00e1sa az EU eg\u00e9sz ter\u00fclet\u00e9n ingyenes.<\/p><p>A sz\u00e1ll\u00edt\u00e1si k\u00f6lts\u00e9g 23 900 Ft alatti rendel\u00e9s eset\u00e9n 2394 Ft<\/p><p>A bemutatott aj\u00e1nlat szerint kifizetett term\u00e9keket 1-3 munkanapon bel\u00fcl k\u00e9zbes\u00edtj\u00fck a Megrendel\u0151nek.<\/p><p>Ha megfelel\u0151 sz\u00e1ll\u00edt\u00e1si id\u0151pontot szeretne egyeztetni, k\u00e9rj\u00fck, \u00edrja be a MEGJEGYZ\u00c9SEKba, hogy k\u00edv\u00e1ns\u00e1g\u00e1t tov\u00e1bb\u00edthassuk a fut\u00e1rszolg\u00e1latnak.<\/p><p>Sz\u00e1ll\u00edt\u00e1si folyamat<\/p><p>A term\u00e9keket a DPD \u00e9s a GLS h\u00e1zhozsz\u00e1ll\u00edt\u00e1si szolg\u00e1ltat\u00e1s\u00e1n kereszt\u00fcl sz\u00e1ll\u00edtjuk.<\/p><p style=\"outline: none; margin: 0cm 0cm 8pt; line-height: 24px; color: #333333; font-family: Rubik, OpenSans, sans-serif; letter-spacing: normal;\"><span style=\"outline: none;\">A fizet\u00e9s m\u00f3dja<\/span><\/p><p style=\"outline: none; margin: 0cm 0cm 8pt; line-height: 24px; color: #333333; font-family: Rubik, OpenSans, sans-serif; letter-spacing: normal;\">A megrendelt term\u00e9kek\u00e9rt t\u00f6bbf\u00e9le m\u00f3don fizethet (v\u00e1lasszon a megrendel\u00e9s adatainak megad\u00e1sakor):<\/p><p style=\"outline: none; margin: 0cm 0cm 8pt; line-height: 24px; color: #333333; font-family: Rubik, OpenSans, sans-serif; letter-spacing: normal;\">* K\u00e9szp\u00e9nzfizet\u00e9s\u00a0<span style=\"outline: none;\">ut\u00e1nv\u00e9tel eset\u00e9n<\/span><\/p><p style=\"outline: none; margin: 0cm 0cm 8pt; line-height: 24px; color: #333333; font-family: Rubik, OpenSans, sans-serif; letter-spacing: normal;\"><span style=\"outline: none;\">\u00a0<\/span><\/p><p style=\"outline: none; margin: 0cm 0cm 8pt; line-height: 24px; color: #333333; font-family: Rubik, OpenSans, sans-serif; letter-spacing: normal;\"><span style=\"outline: none;\"><span style=\"outline: none;\">A csomag elfogad\u00e1s\u00e1nak megtagad\u00e1sa:<\/span><br style=\"outline: none;\" \/>A csomag megtagad\u00e1s\u00e1nak \/ elfogad\u00e1s\u00e1nak elmulaszt\u00e1sa eset\u00e9n (ha az \u00fcgyf\u00e9l nem \u00e9rtes\u00edt benn\u00fcnket a k\u00e9s\u0151bbi el\u0151re nem l\u00e1that\u00f3 k\u00f6r\u00fclm\u00e9nyekr\u0151l), a\u00a0 t\u00e1rsas\u00e1g fenntartja a jogot a felmer\u00fclt k\u00f6lts\u00e9gek (sz\u00e1ll\u00edt\u00e1si k\u00f6lts\u00e9gek, visszak\u00fcld\u00e9si szolg\u00e1ltat\u00e1s, csomagol\u00e1s, t\u00f6rl\u00e9si elj\u00e1r\u00e1s)\u00a0<span style=\"outline: none;\">4000 Ft<\/span>\u00a0\u00f6sszeg\u0171 felsz\u00e1m\u00edt\u00e1s\u00e1ra.<br \/><\/span><\/p>\t\t\t\t\t\t\t\t<\/div>\n\t\t\t\t<\/div>\n\t\t\t\t\t<\/div>\n\t\t\t\t<\/div>\n\t\t\t\t<\/div>\n\t\t","protected":false},"excerpt":{"rendered":"<p>Az online boltban v\u00e1s\u00e1rolt 23 900 Ft\u00a0 feletti rendel\u00e9sek kisz\u00e1ll\u00edt\u00e1sa az EU eg\u00e9sz ter\u00fclet\u00e9n ingyenes. A sz\u00e1ll\u00edt\u00e1si k\u00f6lts\u00e9g 23 900 Ft alatti rendel\u00e9s eset\u00e9n 2394 Ft A bemutatott aj\u00e1nlat szerint kifizetett term\u00e9keket 1-3 munkanapon bel\u00fcl k\u00e9zbes\u00edtj\u00fck a Megrendel\u0151nek. Ha megfelel\u0151 sz\u00e1ll\u00edt\u00e1si id\u0151pontot szeretne egyeztetni, k\u00e9rj\u00fck, \u00edrja be a MEGJEGYZ\u00c9SEKba, hogy k\u00edv\u00e1ns\u00e1g\u00e1t tov\u00e1bb\u00edthassuk a fut\u00e1rszolg\u00e1latnak. Sz\u00e1ll\u00edt\u00e1si [&hellip;]<\/p>\n","protected":false},"author":1,"featured_media":0,"parent":0,"menu_order":0,"comment_status":"closed","ping_status":"closed","template":"","meta":{"footnotes":""},"class_list":["post-1776","page","type-page","status-publish","hentry"],"yoast_head":"<!-- This site is optimized with the Yoast SEO plugin v27.4 - https:\/\/yoast.com\/product\/yoast-seo-wordpress\/ -->\n<title>Sz\u00e1ll\u00edt\u00e1si politika - Emu Bird Oil<\/title>\n<meta name=\"robots\" content=\"index, follow, max-snippet:-1, max-image-preview:large, max-video-preview:-1\" \/>\n<link rel=\"canonical\" href=\"https:\/\/emubirdoil.com\/hu\/szallitasi-politika\/\" \/>\n<meta property=\"og:locale\" content=\"hu_HU\" \/>\n<meta property=\"og:type\" content=\"article\" \/>\n<meta property=\"og:title\" content=\"Sz\u00e1ll\u00edt\u00e1si politika - Emu Bird Oil\" \/>\n<meta property=\"og:description\" content=\"Az online boltban v\u00e1s\u00e1rolt 23 900 Ft\u00a0 feletti rendel\u00e9sek kisz\u00e1ll\u00edt\u00e1sa az EU eg\u00e9sz ter\u00fclet\u00e9n ingyenes. A sz\u00e1ll\u00edt\u00e1si k\u00f6lts\u00e9g 23 900 Ft alatti rendel\u00e9s eset\u00e9n 2394 Ft A bemutatott aj\u00e1nlat szerint kifizetett term\u00e9keket 1-3 munkanapon bel\u00fcl k\u00e9zbes\u00edtj\u00fck a Megrendel\u0151nek. Ha megfelel\u0151 sz\u00e1ll\u00edt\u00e1si id\u0151pontot szeretne egyeztetni, k\u00e9rj\u00fck, \u00edrja be a MEGJEGYZ\u00c9SEKba, hogy k\u00edv\u00e1ns\u00e1g\u00e1t tov\u00e1bb\u00edthassuk a fut\u00e1rszolg\u00e1latnak. Sz\u00e1ll\u00edt\u00e1si [&hellip;]\" \/>\n<meta property=\"og:url\" content=\"https:\/\/emubirdoil.com\/hu\/szallitasi-politika\/\" \/>\n<meta property=\"og:site_name\" content=\"Emu Bird Oil\" \/>\n<meta property=\"article:modified_time\" content=\"2025-08-01T11:45:08+00:00\" \/>\n<meta name=\"twitter:card\" content=\"summary_large_image\" \/>\n<meta name=\"twitter:label1\" content=\"Becs\u00fclt olvas\u00e1si id\u0151\" \/>\n\t<meta name=\"twitter:data1\" content=\"1 perc\" \/>\n<script type=\"application\/ld+json\" class=\"yoast-schema-graph\">{\"@context\":\"https:\\\/\\\/schema.org\",\"@graph\":[{\"@type\":\"WebPage\",\"@id\":\"https:\\\/\\\/emubirdoil.com\\\/hu\\\/szallitasi-politika\\\/\",\"url\":\"https:\\\/\\\/emubirdoil.com\\\/hu\\\/szallitasi-politika\\\/\",\"name\":\"Sz\u00e1ll\u00edt\u00e1si politika - Emu Bird Oil\",\"isPartOf\":{\"@id\":\"https:\\\/\\\/emubirdoil.com\\\/hu\\\/#website\"},\"datePublished\":\"2024-01-09T18:09:03+00:00\",\"dateModified\":\"2025-08-01T11:45:08+00:00\",\"breadcrumb\":{\"@id\":\"https:\\\/\\\/emubirdoil.com\\\/hu\\\/szallitasi-politika\\\/#breadcrumb\"},\"inLanguage\":\"hu\",\"potentialAction\":[{\"@type\":\"ReadAction\",\"target\":[\"https:\\\/\\\/emubirdoil.com\\\/hu\\\/szallitasi-politika\\\/\"]}]},{\"@type\":\"BreadcrumbList\",\"@id\":\"https:\\\/\\\/emubirdoil.com\\\/hu\\\/szallitasi-politika\\\/#breadcrumb\",\"itemListElement\":[{\"@type\":\"ListItem\",\"position\":1,\"name\":\"Home\",\"item\":\"https:\\\/\\\/emubirdoil.com\\\/hu\\\/home\\\/\"},{\"@type\":\"ListItem\",\"position\":2,\"name\":\"Sz\u00e1ll\u00edt\u00e1si politika\"}]},{\"@type\":\"WebSite\",\"@id\":\"https:\\\/\\\/emubirdoil.com\\\/hu\\\/#website\",\"url\":\"https:\\\/\\\/emubirdoil.com\\\/hu\\\/\",\"name\":\"Emu Bird Oil YNot Natural\",\"description\":\"Explore premium Emu Bird Oil for natural skincare and pain relief. Pure, effective, and sustainably sourced. Order now for wellness transformation!\",\"publisher\":{\"@id\":\"https:\\\/\\\/emubirdoil.com\\\/hu\\\/#organization\"},\"potentialAction\":[{\"@type\":\"SearchAction\",\"target\":{\"@type\":\"EntryPoint\",\"urlTemplate\":\"https:\\\/\\\/emubirdoil.com\\\/hu\\\/?s={search_term_string}\"},\"query-input\":{\"@type\":\"PropertyValueSpecification\",\"valueRequired\":true,\"valueName\":\"search_term_string\"}}],\"inLanguage\":\"hu\"},{\"@type\":\"Organization\",\"@id\":\"https:\\\/\\\/emubirdoil.com\\\/hu\\\/#organization\",\"name\":\"Emu Bird Oil YNot Natural\",\"url\":\"https:\\\/\\\/emubirdoil.com\\\/hu\\\/\",\"logo\":{\"@type\":\"ImageObject\",\"inLanguage\":\"hu\",\"@id\":\"https:\\\/\\\/emubirdoil.com\\\/hu\\\/#\\\/schema\\\/logo\\\/image\\\/\",\"url\":\"https:\\\/\\\/emubirdoil.com\\\/wp-content\\\/uploads\\\/2023\\\/12\\\/Emu-bird-oil-LOGO.png\",\"contentUrl\":\"https:\\\/\\\/emubirdoil.com\\\/wp-content\\\/uploads\\\/2023\\\/12\\\/Emu-bird-oil-LOGO.png\",\"width\":320,\"height\":172,\"caption\":\"Emu Bird Oil YNot Natural\"},\"image\":{\"@id\":\"https:\\\/\\\/emubirdoil.com\\\/hu\\\/#\\\/schema\\\/logo\\\/image\\\/\"}}]}<\/script>\n<!-- \/ Yoast SEO plugin. -->","yoast_head_json":{"title":"Sz\u00e1ll\u00edt\u00e1si politika - Emu Bird Oil","robots":{"index":"index","follow":"follow","max-snippet":"max-snippet:-1","max-image-preview":"max-image-preview:large","max-video-preview":"max-video-preview:-1"},"canonical":"https:\/\/emubirdoil.com\/hu\/szallitasi-politika\/","og_locale":"hu_HU","og_type":"article","og_title":"Sz\u00e1ll\u00edt\u00e1si politika - Emu Bird Oil","og_description":"Az online boltban v\u00e1s\u00e1rolt 23 900 Ft\u00a0 feletti rendel\u00e9sek kisz\u00e1ll\u00edt\u00e1sa az EU eg\u00e9sz ter\u00fclet\u00e9n ingyenes. A sz\u00e1ll\u00edt\u00e1si k\u00f6lts\u00e9g 23 900 Ft alatti rendel\u00e9s eset\u00e9n 2394 Ft A bemutatott aj\u00e1nlat szerint kifizetett term\u00e9keket 1-3 munkanapon bel\u00fcl k\u00e9zbes\u00edtj\u00fck a Megrendel\u0151nek. Ha megfelel\u0151 sz\u00e1ll\u00edt\u00e1si id\u0151pontot szeretne egyeztetni, k\u00e9rj\u00fck, \u00edrja be a MEGJEGYZ\u00c9SEKba, hogy k\u00edv\u00e1ns\u00e1g\u00e1t tov\u00e1bb\u00edthassuk a fut\u00e1rszolg\u00e1latnak. Sz\u00e1ll\u00edt\u00e1si [&hellip;]","og_url":"https:\/\/emubirdoil.com\/hu\/szallitasi-politika\/","og_site_name":"Emu Bird Oil","article_modified_time":"2025-08-01T11:45:08+00:00","twitter_card":"summary_large_image","twitter_misc":{"Becs\u00fclt olvas\u00e1si id\u0151":"1 perc"},"schema":{"@context":"https:\/\/schema.org","@graph":[{"@type":"WebPage","@id":"https:\/\/emubirdoil.com\/hu\/szallitasi-politika\/","url":"https:\/\/emubirdoil.com\/hu\/szallitasi-politika\/","name":"Sz\u00e1ll\u00edt\u00e1si politika - Emu Bird Oil","isPartOf":{"@id":"https:\/\/emubirdoil.com\/hu\/#website"},"datePublished":"2024-01-09T18:09:03+00:00","dateModified":"2025-08-01T11:45:08+00:00","breadcrumb":{"@id":"https:\/\/emubirdoil.com\/hu\/szallitasi-politika\/#breadcrumb"},"inLanguage":"hu","potentialAction":[{"@type":"ReadAction","target":["https:\/\/emubirdoil.com\/hu\/szallitasi-politika\/"]}]},{"@type":"BreadcrumbList","@id":"https:\/\/emubirdoil.com\/hu\/szallitasi-politika\/#breadcrumb","itemListElement":[{"@type":"ListItem","position":1,"name":"Home","item":"https:\/\/emubirdoil.com\/hu\/home\/"},{"@type":"ListItem","position":2,"name":"Sz\u00e1ll\u00edt\u00e1si politika"}]},{"@type":"WebSite","@id":"https:\/\/emubirdoil.com\/hu\/#website","url":"https:\/\/emubirdoil.com\/hu\/","name":"Emu Bird Oil YNot Natural","description":"Explore premium Emu Bird Oil for natural skincare and pain relief. Pure, effective, and sustainably sourced. Order now for wellness transformation!","publisher":{"@id":"https:\/\/emubirdoil.com\/hu\/#organization"},"potentialAction":[{"@type":"SearchAction","target":{"@type":"EntryPoint","urlTemplate":"https:\/\/emubirdoil.com\/hu\/?s={search_term_string}"},"query-input":{"@type":"PropertyValueSpecification","valueRequired":true,"valueName":"search_term_string"}}],"inLanguage":"hu"},{"@type":"Organization","@id":"https:\/\/emubirdoil.com\/hu\/#organization","name":"Emu Bird Oil YNot Natural","url":"https:\/\/emubirdoil.com\/hu\/","logo":{"@type":"ImageObject","inLanguage":"hu","@id":"https:\/\/emubirdoil.com\/hu\/#\/schema\/logo\/image\/","url":"https:\/\/emubirdoil.com\/wp-content\/uploads\/2023\/12\/Emu-bird-oil-LOGO.png","contentUrl":"https:\/\/emubirdoil.com\/wp-content\/uploads\/2023\/12\/Emu-bird-oil-LOGO.png","width":320,"height":172,"caption":"Emu Bird Oil YNot Natural"},"image":{"@id":"https:\/\/emubirdoil.com\/hu\/#\/schema\/logo\/image\/"}}]}},"_links":{"self":[{"href":"https:\/\/emubirdoil.com\/hu\/wp-json\/wp\/v2\/pages\/1776","targetHints":{"allow":["GET"]}}],"collection":[{"href":"https:\/\/emubirdoil.com\/hu\/wp-json\/wp\/v2\/pages"}],"about":[{"href":"https:\/\/emubirdoil.com\/hu\/wp-json\/wp\/v2\/types\/page"}],"author":[{"embeddable":true,"href":"https:\/\/emubirdoil.com\/hu\/wp-json\/wp\/v2\/users\/1"}],"replies":[{"embeddable":true,"href":"https:\/\/emubirdoil.com\/hu\/wp-json\/wp\/v2\/comments?post=1776"}],"version-history":[{"count":18,"href":"https:\/\/emubirdoil.com\/hu\/wp-json\/wp\/v2\/pages\/1776\/revisions"}],"predecessor-version":[{"id":3587,"href":"https:\/\/emubirdoil.com\/hu\/wp-json\/wp\/v2\/pages\/1776\/revisions\/3587"}],"wp:attachment":[{"href":"https:\/\/emubirdoil.com\/hu\/wp-json\/wp\/v2\/media?parent=1776"}],"curies":[{"name":"wp","href":"https:\/\/api.w.org\/{rel}","templated":true}]}}