{"id":1723,"date":"2023-12-12T09:47:33","date_gmt":"2023-12-12T09:47:33","guid":{"rendered":"https:\/\/emubirdoil.com\/emu-olaj\/miert-a-mi-olajunk\/"},"modified":"2024-02-01T20:29:07","modified_gmt":"2024-02-01T20:29:07","slug":"miert-a-mi-olajunk","status":"publish","type":"page","link":"https:\/\/emubirdoil.com\/hu\/emu-olaj\/miert-a-mi-olajunk\/","title":{"rendered":"Mi\u00e9rt a mi olajunk"},"content":{"rendered":"\t\t<div data-elementor-type=\"wp-page\" data-elementor-id=\"1723\" class=\"elementor elementor-1723 elementor-117\" data-elementor-post-type=\"page\">\n\t\t\t\t<div class=\"elementor-element elementor-element-f242c4e e-con-full e-flex e-con e-parent\" data-id=\"f242c4e\" data-element_type=\"container\" data-e-type=\"container\" data-settings=\"{&quot;background_background&quot;:&quot;classic&quot;}\">\n\t\t<div class=\"elementor-element elementor-element-8a7ca15 e-con-full e-flex e-con e-child\" data-id=\"8a7ca15\" data-element_type=\"container\" data-e-type=\"container\">\n\t\t\t\t<\/div>\n\t\t\t\t<\/div>\n\t\t<div class=\"elementor-element elementor-element-3571741 e-flex e-con-boxed e-con e-parent\" data-id=\"3571741\" data-element_type=\"container\" data-e-type=\"container\" data-settings=\"{&quot;background_background&quot;:&quot;classic&quot;}\">\n\t\t\t\t\t<div class=\"e-con-inner\">\n\t\t<div class=\"elementor-element elementor-element-0d33ff1 e-con-full e-flex e-con e-child\" data-id=\"0d33ff1\" data-element_type=\"container\" data-e-type=\"container\">\n\t\t\t\t<div class=\"elementor-element elementor-element-2e19403 animated-fast elementor-invisible elementor-widget elementor-widget-text-editor\" data-id=\"2e19403\" data-element_type=\"widget\" data-e-type=\"widget\" data-settings=\"{&quot;_animation&quot;:&quot;fadeInUp&quot;,&quot;_animation_delay&quot;:200}\" data-widget_type=\"text-editor.default\">\n\t\t\t\t<div class=\"elementor-widget-container\">\n\t\t\t\t\t\t\t\t\t<p><strong>AZ EMU-OLAJUNK 100%-BAN TISZTA \u00c9S TERM\u00c9SZETES, GY\u00d3GYSZER\u00c9SZETI MIN\u0150S\u00c9G\u0170 OLAJ.<\/strong><\/p>\n<p>A legt\u00f6bb biol\u00f3giailag akt\u00edv, K2-ben (az &#8222;X-Faktor&#8221; nev\u0171 alapvet\u0151 t\u00e1panyag, amelyet Weston A. Price doktor kutat\u00e1sai sor\u00e1n azonos\u00edtott) gazdag emu-olaj, amely 100%-ban megfelel az er\u0151s MK-4-nek, az emuk egy speci\u00e1lis, csak Ausztr\u00e1li\u00e1ban \u00e9l\u0151 genot\u00edpus\u00e1b\u00f3l sz\u00e1rmazik: &#8222;Az Ausztr\u00e1li\u00e1n k\u00edv\u00fcli \u00f6sszes emu hibrid, \u00e9s nem rendelkezik ezzel a k\u00fcl\u00f6nleges genetikai tulajdons\u00e1ggal&#8221;.<\/p>\n<p>Az &#8222;OMEGA 3-6-9&#8221; Emu Oil kapszul\u00e1k teljesen term\u00e9szetes MK-4-et tartalmaznak, mell\u00e9khat\u00e1sok \u00e9s allergi\u00e1s reakci\u00f3k n\u00e9lk\u00fcl.<\/p>\n\t\t\t\t\t\t\t\t<\/div>\n\t\t\t\t<\/div>\n\t\t<div class=\"elementor-element elementor-element-7c1232d e-con-full e-flex e-con e-child\" data-id=\"7c1232d\" data-element_type=\"container\" data-e-type=\"container\">\n\t\t<div class=\"elementor-element elementor-element-b333bfc e-con-full e-flex e-con e-child\" data-id=\"b333bfc\" data-element_type=\"container\" data-e-type=\"container\">\n\t\t\t\t<div class=\"elementor-element elementor-element-c246881 animated-fast elementor-invisible elementor-widget elementor-widget-image\" data-id=\"c246881\" data-element_type=\"widget\" data-e-type=\"widget\" data-settings=\"{&quot;_animation&quot;:&quot;fadeInUp&quot;,&quot;_animation_delay&quot;:100}\" data-widget_type=\"image.default\">\n\t\t\t\t<div class=\"elementor-widget-container\">\n\t\t\t\t\t\t\t\t\t\t\t\t\t\t\t<img fetchpriority=\"high\" decoding=\"async\" width=\"1440\" height=\"1800\" src=\"https:\/\/emubirdoil.com\/wp-content\/uploads\/2024\/01\/406460160_18303064819132192_1263748962598694700_n.jpg\" class=\"attachment-full size-full wp-image-1385\" alt=\"\" srcset=\"https:\/\/emubirdoil.com\/wp-content\/uploads\/2024\/01\/406460160_18303064819132192_1263748962598694700_n.jpg 1440w, https:\/\/emubirdoil.com\/wp-content\/uploads\/2024\/01\/406460160_18303064819132192_1263748962598694700_n-240x300.jpg 240w, https:\/\/emubirdoil.com\/wp-content\/uploads\/2024\/01\/406460160_18303064819132192_1263748962598694700_n-819x1024.jpg 819w, https:\/\/emubirdoil.com\/wp-content\/uploads\/2024\/01\/406460160_18303064819132192_1263748962598694700_n-768x960.jpg 768w, https:\/\/emubirdoil.com\/wp-content\/uploads\/2024\/01\/406460160_18303064819132192_1263748962598694700_n-1229x1536.jpg 1229w, https:\/\/emubirdoil.com\/wp-content\/uploads\/2024\/01\/406460160_18303064819132192_1263748962598694700_n-600x750.jpg 600w\" sizes=\"(max-width: 1440px) 100vw, 1440px\" \/>\t\t\t\t\t\t\t\t\t\t\t\t\t\t\t<\/div>\n\t\t\t\t<\/div>\n\t\t\t\t<\/div>\n\t\t<div class=\"elementor-element elementor-element-49c04c7 e-con-full e-flex e-con e-child\" data-id=\"49c04c7\" data-element_type=\"container\" data-e-type=\"container\">\n\t\t\t\t<div class=\"elementor-element elementor-element-0a8a470 animated-fast elementor-invisible elementor-widget elementor-widget-image\" data-id=\"0a8a470\" data-element_type=\"widget\" data-e-type=\"widget\" data-settings=\"{&quot;_animation&quot;:&quot;fadeInUp&quot;,&quot;_animation_delay&quot;:200}\" data-widget_type=\"image.default\">\n\t\t\t\t<div class=\"elementor-widget-container\">\n\t\t\t\t\t\t\t\t\t\t\t\t\t\t\t<img decoding=\"async\" src=\"https:\/\/emubirdoil.com\/wp-content\/uploads\/elementor\/thumbs\/Pure-emu-oil-infused-Lavender-2-700x700_e27e8d4e-7e6a-40aa-89f3-aef048960120-qgqpf07ouk8jaishqdgm3hdezf683ldq1z8ds5dduo.webp\" title=\"Pure-emu-oil-infused-Lavender-2-700x700_e27e8d4e-7e6a-40aa-89f3-aef048960120\" alt=\"Pure-emu-oil-infused-Lavender-2-700x700_e27e8d4e-7e6a-40aa-89f3-aef048960120\" loading=\"lazy\" \/>\t\t\t\t\t\t\t\t\t\t\t\t\t\t\t<\/div>\n\t\t\t\t<\/div>\n\t\t\t\t<\/div>\n\t\t<div class=\"elementor-element elementor-element-0c30929 e-con-full e-flex e-con e-child\" data-id=\"0c30929\" data-element_type=\"container\" data-e-type=\"container\">\n\t\t\t\t<div class=\"elementor-element elementor-element-66390ac animated-fast elementor-invisible elementor-widget elementor-widget-image\" data-id=\"66390ac\" data-element_type=\"widget\" data-e-type=\"widget\" data-settings=\"{&quot;_animation&quot;:&quot;fadeInUp&quot;,&quot;_animation_delay&quot;:300}\" data-widget_type=\"image.default\">\n\t\t\t\t<div class=\"elementor-widget-container\">\n\t\t\t\t\t\t\t\t\t\t\t\t\t\t\t<img decoding=\"async\" src=\"https:\/\/emubirdoil.com\/wp-content\/uploads\/elementor\/thumbs\/few-each-product-range-model-2-qi3myygdanw5vzl149mxyorwgq0s0qb7lslldtwpy8.webp\" title=\"few-each-product-range-model-2\" alt=\"few-each-product-range-model-2\" loading=\"lazy\" \/>\t\t\t\t\t\t\t\t\t\t\t\t\t\t\t<\/div>\n\t\t\t\t<\/div>\n\t\t\t\t<\/div>\n\t\t\t\t<\/div>\n\t\t\t\t<\/div>\n\t\t\t\t\t<\/div>\n\t\t\t\t<\/div>\n\t\t<div class=\"elementor-element elementor-element-d4ebb12 e-flex e-con-boxed e-con e-parent\" data-id=\"d4ebb12\" data-element_type=\"container\" data-e-type=\"container\" data-settings=\"{&quot;background_background&quot;:&quot;classic&quot;}\">\n\t\t\t\t\t<div class=\"e-con-inner\">\n\t\t<div class=\"elementor-element elementor-element-5ef1c2e e-con-full e-flex e-con e-child\" data-id=\"5ef1c2e\" data-element_type=\"container\" data-e-type=\"container\">\n\t\t\t\t<div class=\"elementor-element elementor-element-7ba941e elementor-widget elementor-widget-heading\" data-id=\"7ba941e\" data-element_type=\"widget\" data-e-type=\"widget\" data-widget_type=\"heading.default\">\n\t\t\t\t<div class=\"elementor-widget-container\">\n\t\t\t\t\t<h2 class=\"elementor-heading-title elementor-size-default\">Az MK-4-re vonatkoz\u00f3 inform\u00e1ci\u00f3k<\/h2>\t\t\t\t<\/div>\n\t\t\t\t<\/div>\n\t\t\t\t<div class=\"elementor-element elementor-element-ae70cd1 animated-fast elementor-invisible elementor-widget elementor-widget-text-editor\" data-id=\"ae70cd1\" data-element_type=\"widget\" data-e-type=\"widget\" data-settings=\"{&quot;_animation&quot;:&quot;fadeInUp&quot;,&quot;_animation_delay&quot;:200}\" data-widget_type=\"text-editor.default\">\n\t\t\t\t<div class=\"elementor-widget-container\">\n\t\t\t\t\t\t\t\t\t<p><strong>A K2-vitamin er\u0151teljes form\u00e1ja<\/strong><\/p>\n<p>A K2-vitamin egy zs\u00edrban old\u00f3d\u00f3 vitamin, amely mindenekel\u0151tt a v\u00e9ralvad\u00e1sban bet\u00f6lt\u00f6tt fontos szerep\u00e9r\u0151l ismert. A K-vitamin azonban az er\u0151s csontok kialakul\u00e1s\u00e1hoz \u00e9s a sz\u00edvbetegs\u00e9gek megel\u0151z\u00e9s\u00e9hez is elengedhetetlen, valamint m\u00e1s testi folyamatokban is d\u00f6nt\u0151 szerepet j\u00e1tszik. Sajnos a K-vitamint n\u00e9ha &#8222;elfelejtett vitamink\u00e9nt&#8221; emlegetik, mivel gyakran figyelmen k\u00edv\u00fcl hagyj\u00e1k a K-vitamin jelent\u0151s el\u0151nyeit.<\/p>\n<p>A vil\u00e1g egyik legjobb K-vitamin-kutat\u00f3ja, Dr. Cees Vermeer v\u00e9lem\u00e9nye szerint a D-vitaminhoz hasonl\u00f3an szinte minden embernek van K-vitamin-hi\u00e1nya.<\/p>\n<p>A legt\u00f6bb ember az \u00e9trendje r\u00e9v\u00e9n elegend\u0151 mennyis\u00e9g\u0171 K-vitamint visz be a szervezet\u00e9be a megfelel\u0151 v\u00e9ralvad\u00e1si \u00e9rt\u00e9kek fenntart\u00e1s\u00e1hoz, de nem eleget ahhoz, hogy tov\u00e1bbi eg\u00e9szs\u00e9g\u00fcgyi probl\u00e9m\u00e1k eg\u00e9sz sor\u00e1t\u00f3l megv\u00e9dje mag\u00e1t.<\/p>\n<p>Az al\u00e1bbi lista a K-vitamin hi\u00e1ny\u00e1val kapcsolatos lehets\u00e9ges eg\u00e9szs\u00e9g\u00fcgyi probl\u00e9m\u00e1kat foglalja \u00f6ssze:<\/p>\n<ul>\n<li>art\u00e9ri\u00e1s meszesed\u00e9s, betegs\u00e9gek<\/li>\n<li>sz\u00edv- \u00e9s \u00e9rrendszeri \u00e9s vissz\u00e9rbetegs\u00e9gek;<\/li>\n<li>agyi eg\u00e9szs\u00e9g\u00fcgyi probl\u00e9m\u00e1k, bele\u00e9rtve a demenci\u00e1t is (tudom\u00e1nyos vizsg\u00e1latok folyamatban vannak);<\/li>\n<li>csontritkul\u00e1s;<\/li>\n<li>fogszuvasod\u00e1s;<\/li>\n<li>prosztatar\u00e1k, t\u00fcd\u0151r\u00e1k, m\u00e1jr\u00e1k \u00e9s<\/li>\n<li>leuk\u00e9mia;<\/li>\n<li>fert\u0151z\u0151 betegs\u00e9gek, p\u00e9ld\u00e1ul t\u00fcd\u0151gyullad\u00e1s.<\/li>\n<\/ul>\n\t\t\t\t\t\t\t\t<\/div>\n\t\t\t\t<\/div>\n\t\t\t\t<\/div>\n\t\t\t\t\t<\/div>\n\t\t\t\t<\/div>\n\t\t<div class=\"elementor-element elementor-element-16d778f e-flex e-con-boxed e-con e-parent\" data-id=\"16d778f\" data-element_type=\"container\" data-e-type=\"container\" data-settings=\"{&quot;background_background&quot;:&quot;classic&quot;}\">\n\t\t\t\t\t<div class=\"e-con-inner\">\n\t\t<div class=\"elementor-element elementor-element-43703e6 e-con-full e-flex e-con e-child\" data-id=\"43703e6\" data-element_type=\"container\" data-e-type=\"container\">\n\t\t\t\t<div class=\"elementor-element elementor-element-eb4d9d7 elementor-widget elementor-widget-heading\" data-id=\"eb4d9d7\" data-element_type=\"widget\" data-e-type=\"widget\" data-widget_type=\"heading.default\">\n\t\t\t\t<div class=\"elementor-widget-container\">\n\t\t\t\t\t<h2 class=\"elementor-heading-title elementor-size-default\">K\u00dcL\u00d6NLEGES JAVASLATOK<\/h2>\t\t\t\t<\/div>\n\t\t\t\t<\/div>\n\t\t\t\t<div class=\"elementor-element elementor-element-be2a4e2 elementor-grid-3 elementor-grid-tablet-3 elementor-grid-mobile-1 elementor-product-loop-item--align-center animated-fast elementor-products-grid elementor-wc-products elementor-invisible elementor-widget elementor-widget-woocommerce-products\" data-id=\"be2a4e2\" data-element_type=\"widget\" data-e-type=\"widget\" data-settings=\"{&quot;_animation&quot;:&quot;fadeInUp&quot;,&quot;_animation_delay&quot;:200}\" data-widget_type=\"woocommerce-products.default\">\n\t\t\t\t<div class=\"elementor-widget-container\">\n\t\t\t\t\t<div class=\"woocommerce columns-3 \"><ul class=\"products elementor-grid columns-3\">\n<li class=\"product type-product post-2397 status-publish first instock product_cat-y-nem-termeszetes has-post-thumbnail sale shipping-taxable purchasable product-type-simple\">\n\t<a href=\"https:\/\/emubirdoil.com\/hu\/termek\/organikus-100-tiszta-emu-olaj-60ml\/\" class=\"woocommerce-LoopProduct-link woocommerce-loop-product__link\">\n\t<span class=\"onsale\">Akci\u00f3!<\/span>\n\t<img decoding=\"async\" width=\"300\" height=\"300\" src=\"https:\/\/emubirdoil.com\/wp-content\/uploads\/2025\/03\/100-pure-emu-oil-for-hypoallergenic-skin-care-hair-and-healing-all-natural-source-of-vitamin-k2-1-300x300.jpg\" class=\"attachment-woocommerce_thumbnail size-woocommerce_thumbnail\" alt=\"Organikus 100% tiszta emu olaj 60ml\" srcset=\"https:\/\/emubirdoil.com\/wp-content\/uploads\/2025\/03\/100-pure-emu-oil-for-hypoallergenic-skin-care-hair-and-healing-all-natural-source-of-vitamin-k2-1-300x300.jpg 300w, https:\/\/emubirdoil.com\/wp-content\/uploads\/2025\/03\/100-pure-emu-oil-for-hypoallergenic-skin-care-hair-and-healing-all-natural-source-of-vitamin-k2-1-150x150.jpg 150w, https:\/\/emubirdoil.com\/wp-content\/uploads\/2025\/03\/100-pure-emu-oil-for-hypoallergenic-skin-care-hair-and-healing-all-natural-source-of-vitamin-k2-1-100x100.jpg 100w, https:\/\/emubirdoil.com\/wp-content\/uploads\/2025\/03\/100-pure-emu-oil-for-hypoallergenic-skin-care-hair-and-healing-all-natural-source-of-vitamin-k2-1.jpg 458w\" sizes=\"(max-width: 300px) 100vw, 300px\" \/><h2 class=\"woocommerce-loop-product__title\">Organikus 100% tiszta emu olaj 60ml<\/h2><div class=\"star-rating\" role=\"img\" aria-label=\"\u00c9rt\u00e9kel\u00e9s: 5.00 \/ 5\"><span style=\"width:100%\">\u00c9rt\u00e9kel\u00e9s: <strong class=\"rating\">5.00<\/strong> \/ 5<\/span><\/div>\n\t<span class=\"price\"><del aria-hidden=\"true\"><span class=\"woocommerce-Price-amount amount\"><bdi>13 925,10&nbsp;<span class=\"woocommerce-Price-currencySymbol\">&#70;&#116;<\/span><\/bdi><\/span><\/del> <span class=\"screen-reader-text\">Original price was: 13 925,10&nbsp;&#070;&#116;.<\/span><ins aria-hidden=\"true\"><span class=\"woocommerce-Price-amount amount\"><bdi>9 935,10&nbsp;<span class=\"woocommerce-Price-currencySymbol\">&#70;&#116;<\/span><\/bdi><\/span><\/ins><span class=\"screen-reader-text\">Current price is: 9 935,10&nbsp;&#070;&#116;.<\/span><\/span>\n<\/a><a href=\"\/hu\/wp-json\/wp\/v2\/pages\/1723?add-to-cart=2397\" aria-describedby=\"woocommerce_loop_add_to_cart_link_describedby_2397\" data-quantity=\"1\" class=\"button product_type_simple add_to_cart_button ajax_add_to_cart\" data-product_id=\"2397\" data-product_sku=\"YNNOMEGAOleo60\" aria-label=\"Kos\u00e1rba: &ldquo;Organikus 100% tiszta emu olaj 60ml&rdquo;\" rel=\"nofollow\" data-success_message=\"&ldquo;Organikus 100% tiszta emu olaj 60ml&rdquo; has been added to your cart\" role=\"button\">Kos\u00e1rba teszem<\/a>\t<span id=\"woocommerce_loop_add_to_cart_link_describedby_2397\" class=\"screen-reader-text\">\n\t\t\t<\/span>\n<span class=\"gtm4wp_productdata\" style=\"display:none; visibility:hidden;\" data-gtm4wp_product_data=\"{&quot;internal_id&quot;:2397,&quot;item_id&quot;:2397,&quot;item_name&quot;:&quot;Organikus 100% tiszta emu olaj 60ml&quot;,&quot;sku&quot;:&quot;YNNOMEGAOleo60&quot;,&quot;price&quot;:9935.100000000000363797880709171295166015625,&quot;stocklevel&quot;:31,&quot;stockstatus&quot;:&quot;instock&quot;,&quot;google_business_vertical&quot;:&quot;custom&quot;,&quot;item_category&quot;:&quot;Y-Nem term\\u00e9szetes&quot;,&quot;id&quot;:2397,&quot;productlink&quot;:&quot;https:\\\/\\\/emubirdoil.com\\\/hu\\\/termek\\\/organikus-100-tiszta-emu-olaj-60ml\\\/&quot;,&quot;item_list_name&quot;:&quot;General Product List&quot;,&quot;index&quot;:1,&quot;product_type&quot;:&quot;simple&quot;,&quot;item_brand&quot;:&quot;&quot;}\"><\/span><\/li>\n<\/ul>\n<\/div>\t\t\t\t<\/div>\n\t\t\t\t<\/div>\n\t\t\t\t<\/div>\n\t\t\t\t\t<\/div>\n\t\t\t\t<\/div>\n\t\t\t\t<\/div>\n\t\t","protected":false},"excerpt":{"rendered":"<p>AZ EMU-OLAJUNK 100%-BAN TISZTA \u00c9S TERM\u00c9SZETES, GY\u00d3GYSZER\u00c9SZETI MIN\u0150S\u00c9G\u0170 OLAJ. A legt\u00f6bb biol\u00f3giailag akt\u00edv, K2-ben (az &#8222;X-Faktor&#8221; nev\u0171 alapvet\u0151 t\u00e1panyag, amelyet Weston A. Price doktor kutat\u00e1sai sor\u00e1n azonos\u00edtott) gazdag emu-olaj, amely 100%-ban megfelel az er\u0151s MK-4-nek, az emuk egy speci\u00e1lis, csak Ausztr\u00e1li\u00e1ban \u00e9l\u0151 genot\u00edpus\u00e1b\u00f3l sz\u00e1rmazik: &#8222;Az Ausztr\u00e1li\u00e1n k\u00edv\u00fcli \u00f6sszes emu hibrid, \u00e9s nem rendelkezik ezzel a [&hellip;]<\/p>\n","protected":false},"author":1,"featured_media":0,"parent":1677,"menu_order":0,"comment_status":"closed","ping_status":"closed","template":"","meta":{"footnotes":""},"class_list":["post-1723","page","type-page","status-publish","hentry"],"yoast_head":"<!-- This site is optimized with the Yoast SEO plugin v27.4 - https:\/\/yoast.com\/product\/yoast-seo-wordpress\/ -->\n<title>Mi\u00e9rt a mi olajunk - Emu Bird Oil<\/title>\n<meta name=\"robots\" content=\"index, follow, max-snippet:-1, max-image-preview:large, max-video-preview:-1\" \/>\n<link rel=\"canonical\" href=\"https:\/\/emubirdoil.com\/hu\/emu-olaj\/miert-a-mi-olajunk\/\" \/>\n<meta property=\"og:locale\" content=\"hu_HU\" \/>\n<meta property=\"og:type\" content=\"article\" \/>\n<meta property=\"og:title\" content=\"Mi\u00e9rt a mi olajunk - Emu Bird Oil\" \/>\n<meta property=\"og:description\" content=\"AZ EMU-OLAJUNK 100%-BAN TISZTA \u00c9S TERM\u00c9SZETES, GY\u00d3GYSZER\u00c9SZETI MIN\u0150S\u00c9G\u0170 OLAJ. A legt\u00f6bb biol\u00f3giailag akt\u00edv, K2-ben (az &#8222;X-Faktor&#8221; nev\u0171 alapvet\u0151 t\u00e1panyag, amelyet Weston A. Price doktor kutat\u00e1sai sor\u00e1n azonos\u00edtott) gazdag emu-olaj, amely 100%-ban megfelel az er\u0151s MK-4-nek, az emuk egy speci\u00e1lis, csak Ausztr\u00e1li\u00e1ban \u00e9l\u0151 genot\u00edpus\u00e1b\u00f3l sz\u00e1rmazik: &#8222;Az Ausztr\u00e1li\u00e1n k\u00edv\u00fcli \u00f6sszes emu hibrid, \u00e9s nem rendelkezik ezzel a [&hellip;]\" \/>\n<meta property=\"og:url\" content=\"https:\/\/emubirdoil.com\/hu\/emu-olaj\/miert-a-mi-olajunk\/\" \/>\n<meta property=\"og:site_name\" content=\"Emu Bird Oil\" \/>\n<meta property=\"article:modified_time\" content=\"2024-02-01T20:29:07+00:00\" \/>\n<meta property=\"og:image\" content=\"https:\/\/emubirdoil.com\/wp-content\/uploads\/2024\/01\/406460160_18303064819132192_1263748962598694700_n.jpg\" \/>\n<meta name=\"twitter:card\" content=\"summary_large_image\" \/>\n<meta name=\"twitter:label1\" content=\"Becs\u00fclt olvas\u00e1si id\u0151\" \/>\n\t<meta name=\"twitter:data1\" content=\"2 perc\" \/>\n<script type=\"application\/ld+json\" class=\"yoast-schema-graph\">{\"@context\":\"https:\\\/\\\/schema.org\",\"@graph\":[{\"@type\":\"WebPage\",\"@id\":\"https:\\\/\\\/emubirdoil.com\\\/hu\\\/emu-olaj\\\/miert-a-mi-olajunk\\\/\",\"url\":\"https:\\\/\\\/emubirdoil.com\\\/hu\\\/emu-olaj\\\/miert-a-mi-olajunk\\\/\",\"name\":\"Mi\u00e9rt a mi olajunk - Emu Bird Oil\",\"isPartOf\":{\"@id\":\"https:\\\/\\\/emubirdoil.com\\\/hu\\\/#website\"},\"primaryImageOfPage\":{\"@id\":\"https:\\\/\\\/emubirdoil.com\\\/hu\\\/emu-olaj\\\/miert-a-mi-olajunk\\\/#primaryimage\"},\"image\":{\"@id\":\"https:\\\/\\\/emubirdoil.com\\\/hu\\\/emu-olaj\\\/miert-a-mi-olajunk\\\/#primaryimage\"},\"thumbnailUrl\":\"https:\\\/\\\/emubirdoil.com\\\/wp-content\\\/uploads\\\/2024\\\/01\\\/406460160_18303064819132192_1263748962598694700_n.jpg\",\"datePublished\":\"2023-12-12T09:47:33+00:00\",\"dateModified\":\"2024-02-01T20:29:07+00:00\",\"breadcrumb\":{\"@id\":\"https:\\\/\\\/emubirdoil.com\\\/hu\\\/emu-olaj\\\/miert-a-mi-olajunk\\\/#breadcrumb\"},\"inLanguage\":\"hu\",\"potentialAction\":[{\"@type\":\"ReadAction\",\"target\":[\"https:\\\/\\\/emubirdoil.com\\\/hu\\\/emu-olaj\\\/miert-a-mi-olajunk\\\/\"]}]},{\"@type\":\"ImageObject\",\"inLanguage\":\"hu\",\"@id\":\"https:\\\/\\\/emubirdoil.com\\\/hu\\\/emu-olaj\\\/miert-a-mi-olajunk\\\/#primaryimage\",\"url\":\"https:\\\/\\\/emubirdoil.com\\\/wp-content\\\/uploads\\\/2024\\\/01\\\/406460160_18303064819132192_1263748962598694700_n.jpg\",\"contentUrl\":\"https:\\\/\\\/emubirdoil.com\\\/wp-content\\\/uploads\\\/2024\\\/01\\\/406460160_18303064819132192_1263748962598694700_n.jpg\"},{\"@type\":\"BreadcrumbList\",\"@id\":\"https:\\\/\\\/emubirdoil.com\\\/hu\\\/emu-olaj\\\/miert-a-mi-olajunk\\\/#breadcrumb\",\"itemListElement\":[{\"@type\":\"ListItem\",\"position\":1,\"name\":\"Home\",\"item\":\"https:\\\/\\\/emubirdoil.com\\\/hu\\\/home\\\/\"},{\"@type\":\"ListItem\",\"position\":2,\"name\":\"Emu olaj\",\"item\":\"https:\\\/\\\/emubirdoil.com\\\/hu\\\/emu-olaj\\\/\"},{\"@type\":\"ListItem\",\"position\":3,\"name\":\"Mi\u00e9rt a mi olajunk\"}]},{\"@type\":\"WebSite\",\"@id\":\"https:\\\/\\\/emubirdoil.com\\\/hu\\\/#website\",\"url\":\"https:\\\/\\\/emubirdoil.com\\\/hu\\\/\",\"name\":\"Emu Bird Oil YNot Natural\",\"description\":\"Explore premium Emu Bird Oil for natural skincare and pain relief. Pure, effective, and sustainably sourced. Order now for wellness transformation!\",\"publisher\":{\"@id\":\"https:\\\/\\\/emubirdoil.com\\\/hu\\\/#organization\"},\"potentialAction\":[{\"@type\":\"SearchAction\",\"target\":{\"@type\":\"EntryPoint\",\"urlTemplate\":\"https:\\\/\\\/emubirdoil.com\\\/hu\\\/?s={search_term_string}\"},\"query-input\":{\"@type\":\"PropertyValueSpecification\",\"valueRequired\":true,\"valueName\":\"search_term_string\"}}],\"inLanguage\":\"hu\"},{\"@type\":\"Organization\",\"@id\":\"https:\\\/\\\/emubirdoil.com\\\/hu\\\/#organization\",\"name\":\"Emu Bird Oil YNot Natural\",\"url\":\"https:\\\/\\\/emubirdoil.com\\\/hu\\\/\",\"logo\":{\"@type\":\"ImageObject\",\"inLanguage\":\"hu\",\"@id\":\"https:\\\/\\\/emubirdoil.com\\\/hu\\\/#\\\/schema\\\/logo\\\/image\\\/\",\"url\":\"https:\\\/\\\/emubirdoil.com\\\/wp-content\\\/uploads\\\/2023\\\/12\\\/Emu-bird-oil-LOGO.png\",\"contentUrl\":\"https:\\\/\\\/emubirdoil.com\\\/wp-content\\\/uploads\\\/2023\\\/12\\\/Emu-bird-oil-LOGO.png\",\"width\":320,\"height\":172,\"caption\":\"Emu Bird Oil YNot Natural\"},\"image\":{\"@id\":\"https:\\\/\\\/emubirdoil.com\\\/hu\\\/#\\\/schema\\\/logo\\\/image\\\/\"}}]}<\/script>\n<!-- \/ Yoast SEO plugin. -->","yoast_head_json":{"title":"Mi\u00e9rt a mi olajunk - Emu Bird Oil","robots":{"index":"index","follow":"follow","max-snippet":"max-snippet:-1","max-image-preview":"max-image-preview:large","max-video-preview":"max-video-preview:-1"},"canonical":"https:\/\/emubirdoil.com\/hu\/emu-olaj\/miert-a-mi-olajunk\/","og_locale":"hu_HU","og_type":"article","og_title":"Mi\u00e9rt a mi olajunk - Emu Bird Oil","og_description":"AZ EMU-OLAJUNK 100%-BAN TISZTA \u00c9S TERM\u00c9SZETES, GY\u00d3GYSZER\u00c9SZETI MIN\u0150S\u00c9G\u0170 OLAJ. A legt\u00f6bb biol\u00f3giailag akt\u00edv, K2-ben (az &#8222;X-Faktor&#8221; nev\u0171 alapvet\u0151 t\u00e1panyag, amelyet Weston A. Price doktor kutat\u00e1sai sor\u00e1n azonos\u00edtott) gazdag emu-olaj, amely 100%-ban megfelel az er\u0151s MK-4-nek, az emuk egy speci\u00e1lis, csak Ausztr\u00e1li\u00e1ban \u00e9l\u0151 genot\u00edpus\u00e1b\u00f3l sz\u00e1rmazik: &#8222;Az Ausztr\u00e1li\u00e1n k\u00edv\u00fcli \u00f6sszes emu hibrid, \u00e9s nem rendelkezik ezzel a [&hellip;]","og_url":"https:\/\/emubirdoil.com\/hu\/emu-olaj\/miert-a-mi-olajunk\/","og_site_name":"Emu Bird Oil","article_modified_time":"2024-02-01T20:29:07+00:00","og_image":[{"url":"https:\/\/emubirdoil.com\/wp-content\/uploads\/2024\/01\/406460160_18303064819132192_1263748962598694700_n.jpg","type":"","width":"","height":""}],"twitter_card":"summary_large_image","twitter_misc":{"Becs\u00fclt olvas\u00e1si id\u0151":"2 perc"},"schema":{"@context":"https:\/\/schema.org","@graph":[{"@type":"WebPage","@id":"https:\/\/emubirdoil.com\/hu\/emu-olaj\/miert-a-mi-olajunk\/","url":"https:\/\/emubirdoil.com\/hu\/emu-olaj\/miert-a-mi-olajunk\/","name":"Mi\u00e9rt a mi olajunk - Emu Bird Oil","isPartOf":{"@id":"https:\/\/emubirdoil.com\/hu\/#website"},"primaryImageOfPage":{"@id":"https:\/\/emubirdoil.com\/hu\/emu-olaj\/miert-a-mi-olajunk\/#primaryimage"},"image":{"@id":"https:\/\/emubirdoil.com\/hu\/emu-olaj\/miert-a-mi-olajunk\/#primaryimage"},"thumbnailUrl":"https:\/\/emubirdoil.com\/wp-content\/uploads\/2024\/01\/406460160_18303064819132192_1263748962598694700_n.jpg","datePublished":"2023-12-12T09:47:33+00:00","dateModified":"2024-02-01T20:29:07+00:00","breadcrumb":{"@id":"https:\/\/emubirdoil.com\/hu\/emu-olaj\/miert-a-mi-olajunk\/#breadcrumb"},"inLanguage":"hu","potentialAction":[{"@type":"ReadAction","target":["https:\/\/emubirdoil.com\/hu\/emu-olaj\/miert-a-mi-olajunk\/"]}]},{"@type":"ImageObject","inLanguage":"hu","@id":"https:\/\/emubirdoil.com\/hu\/emu-olaj\/miert-a-mi-olajunk\/#primaryimage","url":"https:\/\/emubirdoil.com\/wp-content\/uploads\/2024\/01\/406460160_18303064819132192_1263748962598694700_n.jpg","contentUrl":"https:\/\/emubirdoil.com\/wp-content\/uploads\/2024\/01\/406460160_18303064819132192_1263748962598694700_n.jpg"},{"@type":"BreadcrumbList","@id":"https:\/\/emubirdoil.com\/hu\/emu-olaj\/miert-a-mi-olajunk\/#breadcrumb","itemListElement":[{"@type":"ListItem","position":1,"name":"Home","item":"https:\/\/emubirdoil.com\/hu\/home\/"},{"@type":"ListItem","position":2,"name":"Emu olaj","item":"https:\/\/emubirdoil.com\/hu\/emu-olaj\/"},{"@type":"ListItem","position":3,"name":"Mi\u00e9rt a mi olajunk"}]},{"@type":"WebSite","@id":"https:\/\/emubirdoil.com\/hu\/#website","url":"https:\/\/emubirdoil.com\/hu\/","name":"Emu Bird Oil YNot Natural","description":"Explore premium Emu Bird Oil for natural skincare and pain relief. Pure, effective, and sustainably sourced. Order now for wellness transformation!","publisher":{"@id":"https:\/\/emubirdoil.com\/hu\/#organization"},"potentialAction":[{"@type":"SearchAction","target":{"@type":"EntryPoint","urlTemplate":"https:\/\/emubirdoil.com\/hu\/?s={search_term_string}"},"query-input":{"@type":"PropertyValueSpecification","valueRequired":true,"valueName":"search_term_string"}}],"inLanguage":"hu"},{"@type":"Organization","@id":"https:\/\/emubirdoil.com\/hu\/#organization","name":"Emu Bird Oil YNot Natural","url":"https:\/\/emubirdoil.com\/hu\/","logo":{"@type":"ImageObject","inLanguage":"hu","@id":"https:\/\/emubirdoil.com\/hu\/#\/schema\/logo\/image\/","url":"https:\/\/emubirdoil.com\/wp-content\/uploads\/2023\/12\/Emu-bird-oil-LOGO.png","contentUrl":"https:\/\/emubirdoil.com\/wp-content\/uploads\/2023\/12\/Emu-bird-oil-LOGO.png","width":320,"height":172,"caption":"Emu Bird Oil YNot Natural"},"image":{"@id":"https:\/\/emubirdoil.com\/hu\/#\/schema\/logo\/image\/"}}]}},"_links":{"self":[{"href":"https:\/\/emubirdoil.com\/hu\/wp-json\/wp\/v2\/pages\/1723","targetHints":{"allow":["GET"]}}],"collection":[{"href":"https:\/\/emubirdoil.com\/hu\/wp-json\/wp\/v2\/pages"}],"about":[{"href":"https:\/\/emubirdoil.com\/hu\/wp-json\/wp\/v2\/types\/page"}],"author":[{"embeddable":true,"href":"https:\/\/emubirdoil.com\/hu\/wp-json\/wp\/v2\/users\/1"}],"replies":[{"embeddable":true,"href":"https:\/\/emubirdoil.com\/hu\/wp-json\/wp\/v2\/comments?post=1723"}],"version-history":[{"count":1,"href":"https:\/\/emubirdoil.com\/hu\/wp-json\/wp\/v2\/pages\/1723\/revisions"}],"predecessor-version":[{"id":1745,"href":"https:\/\/emubirdoil.com\/hu\/wp-json\/wp\/v2\/pages\/1723\/revisions\/1745"}],"up":[{"embeddable":true,"href":"https:\/\/emubirdoil.com\/hu\/wp-json\/wp\/v2\/pages\/1677"}],"wp:attachment":[{"href":"https:\/\/emubirdoil.com\/hu\/wp-json\/wp\/v2\/media?parent=1723"}],"curies":[{"name":"wp","href":"https:\/\/api.w.org\/{rel}","templated":true}]}}