{"id":1534,"date":"2023-12-12T09:43:16","date_gmt":"2023-12-12T09:43:16","guid":{"rendered":"https:\/\/emubirdoil.com\/minoseg-es-gyartas\/"},"modified":"2024-02-01T20:28:56","modified_gmt":"2024-02-01T20:28:56","slug":"minoseg-es-gyartas","status":"publish","type":"page","link":"https:\/\/emubirdoil.com\/hu\/emu-olaj\/minoseg-es-gyartas\/","title":{"rendered":"Min\u0151s\u00e9g \u00e9s gy\u00e1rt\u00e1s"},"content":{"rendered":"\t\t<div data-elementor-type=\"wp-page\" data-elementor-id=\"1534\" class=\"elementor elementor-1534 elementor-109\" data-elementor-post-type=\"page\">\n\t\t\t\t<div class=\"elementor-element elementor-element-40fa958 e-con-full e-flex e-con e-parent\" data-id=\"40fa958\" data-element_type=\"container\" data-e-type=\"container\" data-settings=\"{&quot;background_background&quot;:&quot;classic&quot;}\">\n\t\t<div class=\"elementor-element elementor-element-35d7f8e e-con-full e-flex e-con e-child\" data-id=\"35d7f8e\" data-element_type=\"container\" data-e-type=\"container\">\n\t\t\t\t<\/div>\n\t\t\t\t<\/div>\n\t\t<div class=\"elementor-element elementor-element-8db8a7d e-flex e-con-boxed e-con e-parent\" data-id=\"8db8a7d\" data-element_type=\"container\" data-e-type=\"container\" data-settings=\"{&quot;background_background&quot;:&quot;classic&quot;}\">\n\t\t\t\t\t<div class=\"e-con-inner\">\n\t\t<div class=\"elementor-element elementor-element-c4aa3d0 e-con-full e-flex e-con e-child\" data-id=\"c4aa3d0\" data-element_type=\"container\" data-e-type=\"container\">\n\t\t\t\t<div class=\"elementor-element elementor-element-b26b23f elementor-widget elementor-widget-heading\" data-id=\"b26b23f\" data-element_type=\"widget\" data-e-type=\"widget\" data-widget_type=\"heading.default\">\n\t\t\t\t<div class=\"elementor-widget-container\">\n\t\t\t\t\t<h2 class=\"elementor-heading-title elementor-size-default\">Gy\u00f3gyszer\u00e9szeti min\u0151s\u00e9g\u0171 kiv\u00e1l\u00f3s\u00e1g<\/h2>\t\t\t\t<\/div>\n\t\t\t\t<\/div>\n\t\t\t\t<\/div>\n\t\t\t\t\t<\/div>\n\t\t\t\t<\/div>\n\t\t<div class=\"elementor-element elementor-element-1cc14a36 e-flex e-con-boxed e-con e-parent\" data-id=\"1cc14a36\" data-element_type=\"container\" data-e-type=\"container\" data-settings=\"{&quot;background_background&quot;:&quot;classic&quot;}\">\n\t\t\t\t\t<div class=\"e-con-inner\">\n\t\t<div class=\"elementor-element elementor-element-5e0c531c e-con-full e-flex e-con e-child\" data-id=\"5e0c531c\" data-element_type=\"container\" data-e-type=\"container\">\n\t\t<div class=\"elementor-element elementor-element-2410dce9 e-con-full e-flex e-con e-child\" data-id=\"2410dce9\" data-element_type=\"container\" data-e-type=\"container\">\n\t\t<div class=\"elementor-element elementor-element-200c63b2 e-con-full e-flex e-con e-child\" data-id=\"200c63b2\" data-element_type=\"container\" data-e-type=\"container\">\n\t\t\t\t<div class=\"elementor-element elementor-element-5f9182bf animated-fast elementor-invisible elementor-widget elementor-widget-heading\" data-id=\"5f9182bf\" data-element_type=\"widget\" data-e-type=\"widget\" data-settings=\"{&quot;_animation&quot;:&quot;fadeInUp&quot;,&quot;_animation_delay&quot;:200}\" data-widget_type=\"heading.default\">\n\t\t\t\t<div class=\"elementor-widget-container\">\n\t\t\t\t\t<h3 class=\"elementor-heading-title elementor-size-default\">Gy\u00e1rt\u00e1si folyamat<\/h3>\t\t\t\t<\/div>\n\t\t\t\t<\/div>\n\t\t\t\t<div class=\"elementor-element elementor-element-60d75f5e animated-fast elementor-widget__width-initial elementor-widget-tablet__width-inherit elementor-invisible elementor-widget elementor-widget-text-editor\" data-id=\"60d75f5e\" data-element_type=\"widget\" data-e-type=\"widget\" data-settings=\"{&quot;_animation&quot;:&quot;fadeInUp&quot;,&quot;_animation_delay&quot;:300}\" data-widget_type=\"text-editor.default\">\n\t\t\t\t<div class=\"elementor-widget-container\">\n\t\t\t\t\t\t\t\t\t<p>Tapasztalja meg az Y-Not Natural emu-olaj kiv\u00e1l\u00f3 min\u0151s\u00e9g\u00e9t, amelyet egy vil\u00e1gsz\u00ednvonal\u00fa gy\u00f3gyszeripari feldolgoz\u00f3\u00fczemben gondosan k\u00e9sz\u00edtenek, \u00e9s amely b\u00fcszk\u00e9n rendelkezik mind a nagyra becs\u00fclt Therapeutic Goods Association (TGA), mind a HACCP Australia Food Safety Accreditation (HACCP Ausztr\u00e1lia \u00c9lelmiszerbiztons\u00e1gi Akkredit\u00e1ci\u00f3) tan\u00fas\u00edtv\u00e1nnyal.<\/p>\n<p>Ezek az \u00e9lelmiszerbiztons\u00e1gi kiv\u00e1l\u00f3s\u00e1g cs\u00facsmin\u0151s\u00edt\u00e9sei, amelyek garant\u00e1lj\u00e1k a HACCP-alap\u00fa \u00e9lelmiszerbiztons\u00e1gi programokba val\u00f3 integr\u00e1lhat\u00f3s\u00e1got \u00e9s a helyes gy\u00e1rt\u00e1si gyakorlat (GMP) szabv\u00e1nyainak val\u00f3 megfelel\u00e9st.<\/p>\n<p>Korszer\u0171 gy\u00e1rt\u00f3\u00fczem\u00fcnk \u00e9s elj\u00e1r\u00e1saink nemcsak megfelelnek, hanem k\u00f6vetkezetesen t\u00fal is teljes\u00edtik az ausztr\u00e1l \u00e9s az eur\u00f3pai hat\u00f3s\u00e1gok \u00e1ltal a gy\u00f3gyszer- \u00e9s gy\u00f3gyszerk\u00e9sz\u00edtm\u00e9nyek gy\u00e1rt\u00e1s\u00e1ra el\u0151\u00edrt szigor\u00fa el\u0151\u00edr\u00e1sokat.<\/p>\n\t\t\t\t\t\t\t\t<\/div>\n\t\t\t\t<\/div>\n\t\t\t\t<\/div>\n\t\t<div class=\"elementor-element elementor-element-459991d6 e-con-full e-flex e-con e-child\" data-id=\"459991d6\" data-element_type=\"container\" data-e-type=\"container\" data-settings=\"{&quot;background_background&quot;:&quot;classic&quot;}\">\n\t\t\t\t<\/div>\n\t\t\t\t<\/div>\n\t\t<div class=\"elementor-element elementor-element-f6ab4a e-con-full e-flex e-con e-child\" data-id=\"f6ab4a\" data-element_type=\"container\" data-e-type=\"container\">\n\t\t<div class=\"elementor-element elementor-element-94ce7e3 e-con-full e-flex e-con e-child\" data-id=\"94ce7e3\" data-element_type=\"container\" data-e-type=\"container\" data-settings=\"{&quot;background_background&quot;:&quot;classic&quot;}\">\n\t\t\t\t<\/div>\n\t\t<div class=\"elementor-element elementor-element-3035828e e-con-full e-flex e-con e-child\" data-id=\"3035828e\" data-element_type=\"container\" data-e-type=\"container\">\n\t\t\t\t<div class=\"elementor-element elementor-element-14d5cda0 animated-fast elementor-invisible elementor-widget elementor-widget-heading\" data-id=\"14d5cda0\" data-element_type=\"widget\" data-e-type=\"widget\" data-settings=\"{&quot;_animation&quot;:&quot;fadeInUp&quot;,&quot;_animation_delay&quot;:200}\" data-widget_type=\"heading.default\">\n\t\t\t\t<div class=\"elementor-widget-container\">\n\t\t\t\t\t<h3 class=\"elementor-heading-title elementor-size-default\">A term\u00e9szet esszenci\u00e1j\u00e1nak meg\u0151rz\u00e9se<\/h3>\t\t\t\t<\/div>\n\t\t\t\t<\/div>\n\t\t\t\t<div class=\"elementor-element elementor-element-7c6d38e8 animated-fast elementor-widget__width-initial elementor-widget-tablet__width-inherit elementor-invisible elementor-widget elementor-widget-text-editor\" data-id=\"7c6d38e8\" data-element_type=\"widget\" data-e-type=\"widget\" data-settings=\"{&quot;_animation&quot;:&quot;fadeInUp&quot;,&quot;_animation_delay&quot;:300}\" data-widget_type=\"text-editor.default\">\n\t\t\t\t<div class=\"elementor-widget-container\">\n\t\t\t\t\t\t\t\t\t<p>Az Y-Not Natural egyedi megk\u00f6zel\u00edt\u00e9st alkalmaz, szemben az ipar\u00e1gi norm\u00e1kkal, amelyek szerint az \u00f6sszetev\u0151ket magas h\u0151m\u00e9rs\u00e9kletet \u00e9s vegyi anyagokat tartalmaz\u00f3, kem\u00e9ny folyamatoknak vetik al\u00e1. Meg\u0151rizz\u00fck az \u00f6sszetev\u0151inkben rejl\u0151 szinergi\u00e1t, biztos\u00edtva, hogy a l\u00e9tfontoss\u00e1g\u00fa \u00f6sszetev\u0151k \u00e9s el\u0151ny\u00f6k v\u00e1ltozatlanok maradjanak a tetemes mennyis\u00e9g\u0171 feldolgoz\u00e1s sor\u00e1n. Nem t\u00e1vol\u00edtanak el l\u00e9nyeges elemeket, \u00e9s nem adnak hozz\u00e1 adal\u00e9kanyagokat. A tisztas\u00e1g e szintj\u00e9nek el\u00e9r\u00e9se figyelemre m\u00e9lt\u00f3 teljes\u00edtm\u00e9ny, mivel \u00f3ri\u00e1si kih\u00edv\u00e1st jelent. Kev\u00e9s gy\u00e1rt\u00f3\u00fczem rendelkezik azzal a szak\u00e9rtelemmel \u00e9s k\u00e9pess\u00e9ggel, hogy az emuolajat val\u00f3ban term\u00e9szetes form\u00e1ban \u00e1ll\u00edtsa el\u0151.<\/p><\/p>\n\t\t\t\t\t\t\t\t<\/div>\n\t\t\t\t<\/div>\n\t\t\t\t<\/div>\n\t\t\t\t<\/div>\n\t\t\t\t<\/div>\n\t\t\t\t\t<\/div>\n\t\t\t\t<\/div>\n\t\t<div class=\"elementor-element elementor-element-6959c17 e-flex e-con-boxed e-con e-parent\" data-id=\"6959c17\" data-element_type=\"container\" data-e-type=\"container\" data-settings=\"{&quot;background_background&quot;:&quot;classic&quot;}\">\n\t\t\t\t\t<div class=\"e-con-inner\">\n\t\t<div class=\"elementor-element elementor-element-32da25f e-con-full e-flex e-con e-child\" data-id=\"32da25f\" data-element_type=\"container\" data-e-type=\"container\">\n\t\t\t\t<div class=\"elementor-element elementor-element-3419d2d elementor-widget elementor-widget-heading\" data-id=\"3419d2d\" data-element_type=\"widget\" data-e-type=\"widget\" data-widget_type=\"heading.default\">\n\t\t\t\t<div class=\"elementor-widget-container\">\n\t\t\t\t\t<h2 class=\"elementor-heading-title elementor-size-default\">K\u00dcL\u00d6NLEGES JAVASLATOK<\/h2>\t\t\t\t<\/div>\n\t\t\t\t<\/div>\n\t\t\t\t<div class=\"elementor-element elementor-element-3c5f5e7 elementor-grid-3 elementor-grid-tablet-3 elementor-grid-mobile-1 elementor-product-loop-item--align-center animated-fast elementor-products-grid elementor-wc-products elementor-invisible elementor-widget elementor-widget-woocommerce-products\" data-id=\"3c5f5e7\" data-element_type=\"widget\" data-e-type=\"widget\" data-settings=\"{&quot;_animation&quot;:&quot;fadeInUp&quot;,&quot;_animation_delay&quot;:200}\" data-widget_type=\"woocommerce-products.default\">\n\t\t\t\t<div class=\"elementor-widget-container\">\n\t\t\t\t\t<div class=\"woocommerce columns-3 \"><ul class=\"products elementor-grid columns-3\">\n<li class=\"product type-product post-2397 status-publish first instock product_cat-y-nem-termeszetes has-post-thumbnail sale shipping-taxable purchasable product-type-simple\">\n\t<a href=\"https:\/\/emubirdoil.com\/hu\/termek\/organikus-100-tiszta-emu-olaj-60ml\/\" class=\"woocommerce-LoopProduct-link woocommerce-loop-product__link\">\n\t<span class=\"onsale\">Akci\u00f3!<\/span>\n\t<img fetchpriority=\"high\" decoding=\"async\" width=\"300\" height=\"300\" src=\"https:\/\/emubirdoil.com\/wp-content\/uploads\/2025\/03\/100-pure-emu-oil-for-hypoallergenic-skin-care-hair-and-healing-all-natural-source-of-vitamin-k2-1-300x300.jpg\" class=\"attachment-woocommerce_thumbnail size-woocommerce_thumbnail\" alt=\"Organikus 100% tiszta emu olaj 60ml\" srcset=\"https:\/\/emubirdoil.com\/wp-content\/uploads\/2025\/03\/100-pure-emu-oil-for-hypoallergenic-skin-care-hair-and-healing-all-natural-source-of-vitamin-k2-1-300x300.jpg 300w, https:\/\/emubirdoil.com\/wp-content\/uploads\/2025\/03\/100-pure-emu-oil-for-hypoallergenic-skin-care-hair-and-healing-all-natural-source-of-vitamin-k2-1-150x150.jpg 150w, https:\/\/emubirdoil.com\/wp-content\/uploads\/2025\/03\/100-pure-emu-oil-for-hypoallergenic-skin-care-hair-and-healing-all-natural-source-of-vitamin-k2-1-100x100.jpg 100w, https:\/\/emubirdoil.com\/wp-content\/uploads\/2025\/03\/100-pure-emu-oil-for-hypoallergenic-skin-care-hair-and-healing-all-natural-source-of-vitamin-k2-1.jpg 458w\" sizes=\"(max-width: 300px) 100vw, 300px\" \/><h2 class=\"woocommerce-loop-product__title\">Organikus 100% tiszta emu olaj 60ml<\/h2><div class=\"star-rating\" role=\"img\" aria-label=\"\u00c9rt\u00e9kel\u00e9s: 5.00 \/ 5\"><span style=\"width:100%\">\u00c9rt\u00e9kel\u00e9s: <strong class=\"rating\">5.00<\/strong> \/ 5<\/span><\/div>\n\t<span class=\"price\"><del aria-hidden=\"true\"><span class=\"woocommerce-Price-amount amount\"><bdi>13 925,10&nbsp;<span class=\"woocommerce-Price-currencySymbol\">&#70;&#116;<\/span><\/bdi><\/span><\/del> <span class=\"screen-reader-text\">Original price was: 13 925,10&nbsp;&#070;&#116;.<\/span><ins aria-hidden=\"true\"><span class=\"woocommerce-Price-amount amount\"><bdi>9 935,10&nbsp;<span class=\"woocommerce-Price-currencySymbol\">&#70;&#116;<\/span><\/bdi><\/span><\/ins><span class=\"screen-reader-text\">Current price is: 9 935,10&nbsp;&#070;&#116;.<\/span><\/span>\n<\/a><a href=\"\/hu\/wp-json\/wp\/v2\/pages\/1534?add-to-cart=2397\" aria-describedby=\"woocommerce_loop_add_to_cart_link_describedby_2397\" data-quantity=\"1\" class=\"button product_type_simple add_to_cart_button ajax_add_to_cart\" data-product_id=\"2397\" data-product_sku=\"YNNOMEGAOleo60\" aria-label=\"Kos\u00e1rba: &ldquo;Organikus 100% tiszta emu olaj 60ml&rdquo;\" rel=\"nofollow\" data-success_message=\"&ldquo;Organikus 100% tiszta emu olaj 60ml&rdquo; has been added to your cart\" role=\"button\">Kos\u00e1rba teszem<\/a>\t<span id=\"woocommerce_loop_add_to_cart_link_describedby_2397\" class=\"screen-reader-text\">\n\t\t\t<\/span>\n<span class=\"gtm4wp_productdata\" style=\"display:none; visibility:hidden;\" data-gtm4wp_product_data=\"{&quot;internal_id&quot;:2397,&quot;item_id&quot;:2397,&quot;item_name&quot;:&quot;Organikus 100% tiszta emu olaj 60ml&quot;,&quot;sku&quot;:&quot;YNNOMEGAOleo60&quot;,&quot;price&quot;:9935.100000000000363797880709171295166015625,&quot;stocklevel&quot;:31,&quot;stockstatus&quot;:&quot;instock&quot;,&quot;google_business_vertical&quot;:&quot;custom&quot;,&quot;item_category&quot;:&quot;Y-Nem term\\u00e9szetes&quot;,&quot;id&quot;:2397,&quot;productlink&quot;:&quot;https:\\\/\\\/emubirdoil.com\\\/hu\\\/termek\\\/organikus-100-tiszta-emu-olaj-60ml\\\/&quot;,&quot;item_list_name&quot;:&quot;General Product List&quot;,&quot;index&quot;:1,&quot;product_type&quot;:&quot;simple&quot;,&quot;item_brand&quot;:&quot;&quot;}\"><\/span><\/li>\n<\/ul>\n<\/div>\t\t\t\t<\/div>\n\t\t\t\t<\/div>\n\t\t\t\t<\/div>\n\t\t\t\t\t<\/div>\n\t\t\t\t<\/div>\n\t\t\t\t<\/div>\n\t\t","protected":false},"excerpt":{"rendered":"<p>Gy\u00f3gyszer\u00e9szeti min\u0151s\u00e9g\u0171 kiv\u00e1l\u00f3s\u00e1g Gy\u00e1rt\u00e1si folyamat Tapasztalja meg az Y-Not Natural emu-olaj kiv\u00e1l\u00f3 min\u0151s\u00e9g\u00e9t, amelyet egy vil\u00e1gsz\u00ednvonal\u00fa gy\u00f3gyszeripari feldolgoz\u00f3\u00fczemben gondosan k\u00e9sz\u00edtenek, \u00e9s amely b\u00fcszk\u00e9n rendelkezik mind a nagyra becs\u00fclt Therapeutic Goods Association (TGA), mind a HACCP Australia Food Safety Accreditation (HACCP Ausztr\u00e1lia \u00c9lelmiszerbiztons\u00e1gi Akkredit\u00e1ci\u00f3) tan\u00fas\u00edtv\u00e1nnyal. Ezek az \u00e9lelmiszerbiztons\u00e1gi kiv\u00e1l\u00f3s\u00e1g cs\u00facsmin\u0151s\u00edt\u00e9sei, amelyek garant\u00e1lj\u00e1k a HACCP-alap\u00fa \u00e9lelmiszerbiztons\u00e1gi programokba [&hellip;]<\/p>\n","protected":false},"author":1,"featured_media":0,"parent":1677,"menu_order":0,"comment_status":"closed","ping_status":"closed","template":"","meta":{"footnotes":""},"class_list":["post-1534","page","type-page","status-publish","hentry"],"yoast_head":"<!-- This site is optimized with the Yoast SEO plugin v27.4 - https:\/\/yoast.com\/product\/yoast-seo-wordpress\/ -->\n<title>Min\u0151s\u00e9g \u00e9s gy\u00e1rt\u00e1s - Emu Bird Oil<\/title>\n<meta name=\"robots\" content=\"index, follow, max-snippet:-1, max-image-preview:large, max-video-preview:-1\" \/>\n<link rel=\"canonical\" href=\"https:\/\/emubirdoil.com\/hu\/emu-olaj\/minoseg-es-gyartas\/\" \/>\n<meta property=\"og:locale\" content=\"hu_HU\" \/>\n<meta property=\"og:type\" content=\"article\" \/>\n<meta property=\"og:title\" content=\"Min\u0151s\u00e9g \u00e9s gy\u00e1rt\u00e1s - Emu Bird Oil\" \/>\n<meta property=\"og:description\" content=\"Gy\u00f3gyszer\u00e9szeti min\u0151s\u00e9g\u0171 kiv\u00e1l\u00f3s\u00e1g Gy\u00e1rt\u00e1si folyamat Tapasztalja meg az Y-Not Natural emu-olaj kiv\u00e1l\u00f3 min\u0151s\u00e9g\u00e9t, amelyet egy vil\u00e1gsz\u00ednvonal\u00fa gy\u00f3gyszeripari feldolgoz\u00f3\u00fczemben gondosan k\u00e9sz\u00edtenek, \u00e9s amely b\u00fcszk\u00e9n rendelkezik mind a nagyra becs\u00fclt Therapeutic Goods Association (TGA), mind a HACCP Australia Food Safety Accreditation (HACCP Ausztr\u00e1lia \u00c9lelmiszerbiztons\u00e1gi Akkredit\u00e1ci\u00f3) tan\u00fas\u00edtv\u00e1nnyal. Ezek az \u00e9lelmiszerbiztons\u00e1gi kiv\u00e1l\u00f3s\u00e1g cs\u00facsmin\u0151s\u00edt\u00e9sei, amelyek garant\u00e1lj\u00e1k a HACCP-alap\u00fa \u00e9lelmiszerbiztons\u00e1gi programokba [&hellip;]\" \/>\n<meta property=\"og:url\" content=\"https:\/\/emubirdoil.com\/hu\/emu-olaj\/minoseg-es-gyartas\/\" \/>\n<meta property=\"og:site_name\" content=\"Emu Bird Oil\" \/>\n<meta property=\"article:modified_time\" content=\"2024-02-01T20:28:56+00:00\" \/>\n<meta name=\"twitter:card\" content=\"summary_large_image\" \/>\n<meta name=\"twitter:label1\" content=\"Becs\u00fclt olvas\u00e1si id\u0151\" \/>\n\t<meta name=\"twitter:data1\" content=\"2 perc\" \/>\n<script type=\"application\/ld+json\" class=\"yoast-schema-graph\">{\"@context\":\"https:\\\/\\\/schema.org\",\"@graph\":[{\"@type\":\"WebPage\",\"@id\":\"https:\\\/\\\/emubirdoil.com\\\/hu\\\/emu-olaj\\\/minoseg-es-gyartas\\\/\",\"url\":\"https:\\\/\\\/emubirdoil.com\\\/hu\\\/emu-olaj\\\/minoseg-es-gyartas\\\/\",\"name\":\"Min\u0151s\u00e9g \u00e9s gy\u00e1rt\u00e1s - Emu Bird Oil\",\"isPartOf\":{\"@id\":\"https:\\\/\\\/emubirdoil.com\\\/hu\\\/#website\"},\"datePublished\":\"2023-12-12T09:43:16+00:00\",\"dateModified\":\"2024-02-01T20:28:56+00:00\",\"breadcrumb\":{\"@id\":\"https:\\\/\\\/emubirdoil.com\\\/hu\\\/emu-olaj\\\/minoseg-es-gyartas\\\/#breadcrumb\"},\"inLanguage\":\"hu\",\"potentialAction\":[{\"@type\":\"ReadAction\",\"target\":[\"https:\\\/\\\/emubirdoil.com\\\/hu\\\/emu-olaj\\\/minoseg-es-gyartas\\\/\"]}]},{\"@type\":\"BreadcrumbList\",\"@id\":\"https:\\\/\\\/emubirdoil.com\\\/hu\\\/emu-olaj\\\/minoseg-es-gyartas\\\/#breadcrumb\",\"itemListElement\":[{\"@type\":\"ListItem\",\"position\":1,\"name\":\"Home\",\"item\":\"https:\\\/\\\/emubirdoil.com\\\/hu\\\/home\\\/\"},{\"@type\":\"ListItem\",\"position\":2,\"name\":\"Emu olaj\",\"item\":\"https:\\\/\\\/emubirdoil.com\\\/hu\\\/emu-olaj\\\/\"},{\"@type\":\"ListItem\",\"position\":3,\"name\":\"Min\u0151s\u00e9g \u00e9s gy\u00e1rt\u00e1s\"}]},{\"@type\":\"WebSite\",\"@id\":\"https:\\\/\\\/emubirdoil.com\\\/hu\\\/#website\",\"url\":\"https:\\\/\\\/emubirdoil.com\\\/hu\\\/\",\"name\":\"Emu Bird Oil YNot Natural\",\"description\":\"Explore premium Emu Bird Oil for natural skincare and pain relief. Pure, effective, and sustainably sourced. Order now for wellness transformation!\",\"publisher\":{\"@id\":\"https:\\\/\\\/emubirdoil.com\\\/hu\\\/#organization\"},\"potentialAction\":[{\"@type\":\"SearchAction\",\"target\":{\"@type\":\"EntryPoint\",\"urlTemplate\":\"https:\\\/\\\/emubirdoil.com\\\/hu\\\/?s={search_term_string}\"},\"query-input\":{\"@type\":\"PropertyValueSpecification\",\"valueRequired\":true,\"valueName\":\"search_term_string\"}}],\"inLanguage\":\"hu\"},{\"@type\":\"Organization\",\"@id\":\"https:\\\/\\\/emubirdoil.com\\\/hu\\\/#organization\",\"name\":\"Emu Bird Oil YNot Natural\",\"url\":\"https:\\\/\\\/emubirdoil.com\\\/hu\\\/\",\"logo\":{\"@type\":\"ImageObject\",\"inLanguage\":\"hu\",\"@id\":\"https:\\\/\\\/emubirdoil.com\\\/hu\\\/#\\\/schema\\\/logo\\\/image\\\/\",\"url\":\"https:\\\/\\\/emubirdoil.com\\\/wp-content\\\/uploads\\\/2023\\\/12\\\/Emu-bird-oil-LOGO.png\",\"contentUrl\":\"https:\\\/\\\/emubirdoil.com\\\/wp-content\\\/uploads\\\/2023\\\/12\\\/Emu-bird-oil-LOGO.png\",\"width\":320,\"height\":172,\"caption\":\"Emu Bird Oil YNot Natural\"},\"image\":{\"@id\":\"https:\\\/\\\/emubirdoil.com\\\/hu\\\/#\\\/schema\\\/logo\\\/image\\\/\"}}]}<\/script>\n<!-- \/ Yoast SEO plugin. -->","yoast_head_json":{"title":"Min\u0151s\u00e9g \u00e9s gy\u00e1rt\u00e1s - Emu Bird Oil","robots":{"index":"index","follow":"follow","max-snippet":"max-snippet:-1","max-image-preview":"max-image-preview:large","max-video-preview":"max-video-preview:-1"},"canonical":"https:\/\/emubirdoil.com\/hu\/emu-olaj\/minoseg-es-gyartas\/","og_locale":"hu_HU","og_type":"article","og_title":"Min\u0151s\u00e9g \u00e9s gy\u00e1rt\u00e1s - Emu Bird Oil","og_description":"Gy\u00f3gyszer\u00e9szeti min\u0151s\u00e9g\u0171 kiv\u00e1l\u00f3s\u00e1g Gy\u00e1rt\u00e1si folyamat Tapasztalja meg az Y-Not Natural emu-olaj kiv\u00e1l\u00f3 min\u0151s\u00e9g\u00e9t, amelyet egy vil\u00e1gsz\u00ednvonal\u00fa gy\u00f3gyszeripari feldolgoz\u00f3\u00fczemben gondosan k\u00e9sz\u00edtenek, \u00e9s amely b\u00fcszk\u00e9n rendelkezik mind a nagyra becs\u00fclt Therapeutic Goods Association (TGA), mind a HACCP Australia Food Safety Accreditation (HACCP Ausztr\u00e1lia \u00c9lelmiszerbiztons\u00e1gi Akkredit\u00e1ci\u00f3) tan\u00fas\u00edtv\u00e1nnyal. Ezek az \u00e9lelmiszerbiztons\u00e1gi kiv\u00e1l\u00f3s\u00e1g cs\u00facsmin\u0151s\u00edt\u00e9sei, amelyek garant\u00e1lj\u00e1k a HACCP-alap\u00fa \u00e9lelmiszerbiztons\u00e1gi programokba [&hellip;]","og_url":"https:\/\/emubirdoil.com\/hu\/emu-olaj\/minoseg-es-gyartas\/","og_site_name":"Emu Bird Oil","article_modified_time":"2024-02-01T20:28:56+00:00","twitter_card":"summary_large_image","twitter_misc":{"Becs\u00fclt olvas\u00e1si id\u0151":"2 perc"},"schema":{"@context":"https:\/\/schema.org","@graph":[{"@type":"WebPage","@id":"https:\/\/emubirdoil.com\/hu\/emu-olaj\/minoseg-es-gyartas\/","url":"https:\/\/emubirdoil.com\/hu\/emu-olaj\/minoseg-es-gyartas\/","name":"Min\u0151s\u00e9g \u00e9s gy\u00e1rt\u00e1s - Emu Bird Oil","isPartOf":{"@id":"https:\/\/emubirdoil.com\/hu\/#website"},"datePublished":"2023-12-12T09:43:16+00:00","dateModified":"2024-02-01T20:28:56+00:00","breadcrumb":{"@id":"https:\/\/emubirdoil.com\/hu\/emu-olaj\/minoseg-es-gyartas\/#breadcrumb"},"inLanguage":"hu","potentialAction":[{"@type":"ReadAction","target":["https:\/\/emubirdoil.com\/hu\/emu-olaj\/minoseg-es-gyartas\/"]}]},{"@type":"BreadcrumbList","@id":"https:\/\/emubirdoil.com\/hu\/emu-olaj\/minoseg-es-gyartas\/#breadcrumb","itemListElement":[{"@type":"ListItem","position":1,"name":"Home","item":"https:\/\/emubirdoil.com\/hu\/home\/"},{"@type":"ListItem","position":2,"name":"Emu olaj","item":"https:\/\/emubirdoil.com\/hu\/emu-olaj\/"},{"@type":"ListItem","position":3,"name":"Min\u0151s\u00e9g \u00e9s gy\u00e1rt\u00e1s"}]},{"@type":"WebSite","@id":"https:\/\/emubirdoil.com\/hu\/#website","url":"https:\/\/emubirdoil.com\/hu\/","name":"Emu Bird Oil YNot Natural","description":"Explore premium Emu Bird Oil for natural skincare and pain relief. Pure, effective, and sustainably sourced. Order now for wellness transformation!","publisher":{"@id":"https:\/\/emubirdoil.com\/hu\/#organization"},"potentialAction":[{"@type":"SearchAction","target":{"@type":"EntryPoint","urlTemplate":"https:\/\/emubirdoil.com\/hu\/?s={search_term_string}"},"query-input":{"@type":"PropertyValueSpecification","valueRequired":true,"valueName":"search_term_string"}}],"inLanguage":"hu"},{"@type":"Organization","@id":"https:\/\/emubirdoil.com\/hu\/#organization","name":"Emu Bird Oil YNot Natural","url":"https:\/\/emubirdoil.com\/hu\/","logo":{"@type":"ImageObject","inLanguage":"hu","@id":"https:\/\/emubirdoil.com\/hu\/#\/schema\/logo\/image\/","url":"https:\/\/emubirdoil.com\/wp-content\/uploads\/2023\/12\/Emu-bird-oil-LOGO.png","contentUrl":"https:\/\/emubirdoil.com\/wp-content\/uploads\/2023\/12\/Emu-bird-oil-LOGO.png","width":320,"height":172,"caption":"Emu Bird Oil YNot Natural"},"image":{"@id":"https:\/\/emubirdoil.com\/hu\/#\/schema\/logo\/image\/"}}]}},"_links":{"self":[{"href":"https:\/\/emubirdoil.com\/hu\/wp-json\/wp\/v2\/pages\/1534","targetHints":{"allow":["GET"]}}],"collection":[{"href":"https:\/\/emubirdoil.com\/hu\/wp-json\/wp\/v2\/pages"}],"about":[{"href":"https:\/\/emubirdoil.com\/hu\/wp-json\/wp\/v2\/types\/page"}],"author":[{"embeddable":true,"href":"https:\/\/emubirdoil.com\/hu\/wp-json\/wp\/v2\/users\/1"}],"replies":[{"embeddable":true,"href":"https:\/\/emubirdoil.com\/hu\/wp-json\/wp\/v2\/comments?post=1534"}],"version-history":[{"count":1,"href":"https:\/\/emubirdoil.com\/hu\/wp-json\/wp\/v2\/pages\/1534\/revisions"}],"predecessor-version":[{"id":1557,"href":"https:\/\/emubirdoil.com\/hu\/wp-json\/wp\/v2\/pages\/1534\/revisions\/1557"}],"up":[{"embeddable":true,"href":"https:\/\/emubirdoil.com\/hu\/wp-json\/wp\/v2\/pages\/1677"}],"wp:attachment":[{"href":"https:\/\/emubirdoil.com\/hu\/wp-json\/wp\/v2\/media?parent=1534"}],"curies":[{"name":"wp","href":"https:\/\/api.w.org\/{rel}","templated":true}]}}