{"id":1522,"date":"2024-01-10T16:26:01","date_gmt":"2024-01-10T16:26:01","guid":{"rendered":"https:\/\/emubirdoil.com\/visszateritesi-es-visszateritesi-politika\/"},"modified":"2024-02-01T20:28:41","modified_gmt":"2024-02-01T20:28:41","slug":"visszateritesi-es-visszateritesi-politika","status":"publish","type":"page","link":"https:\/\/emubirdoil.com\/hu\/visszateritesi-es-visszateritesi-politika\/","title":{"rendered":"Visszat\u00e9r\u00edt\u00e9si \u00e9s visszat\u00e9r\u00edt\u00e9si politika"},"content":{"rendered":"\t\t<div data-elementor-type=\"wp-page\" data-elementor-id=\"1522\" class=\"elementor elementor-1522 elementor-21\" data-elementor-post-type=\"page\">\n\t\t\t\t<div class=\"elementor-element elementor-element-b005353 e-flex e-con-boxed e-con e-parent\" data-id=\"b005353\" data-element_type=\"container\" data-e-type=\"container\">\n\t\t\t\t\t<div class=\"e-con-inner\">\n\t\t\t\t<div class=\"elementor-element elementor-element-a72f55f elementor-widget elementor-widget-heading\" data-id=\"a72f55f\" data-element_type=\"widget\" data-e-type=\"widget\" data-widget_type=\"heading.default\">\n\t\t\t\t<div class=\"elementor-widget-container\">\n\t\t\t\t\t<h1 class=\"elementor-heading-title elementor-size-default\">Visszat\u00e9r\u00edt\u00e9si \u00e9s visszat\u00e9r\u00edt\u00e9si politika<\/h1>\t\t\t\t<\/div>\n\t\t\t\t<\/div>\n\t\t\t\t<div class=\"elementor-element elementor-element-4f3b01ee elementor-widget elementor-widget-text-editor\" data-id=\"4f3b01ee\" data-element_type=\"widget\" data-e-type=\"widget\" data-widget_type=\"text-editor.default\">\n\t\t\t\t<div class=\"elementor-widget-container\">\n\t\t\t\t\t\t\t\t\t<p>Minden \u00e1ltalunk \u00e9rt\u00e9kes\u00edtett term\u00e9ket gondosan megvizsg\u00e1lunk, miel\u0151tt elsz\u00e1ll\u00edtan\u00e1nk. Ha \u00d6n nem el\u00e9gedett az \u00e1ruval, \u00e9s err\u0151l az \u00e1ru \u00e1tv\u00e9tel\u00e9t\u0151l sz\u00e1m\u00edtott 14 napon bel\u00fcl t\u00e1j\u00e9koztat minket, gondoskodunk az \u00e1ru (a teljes rendel\u00e9s) \u00e1tv\u00e9tel\u00e9r\u0151l \u00e9s a teljes \u00f6sszeg visszat\u00e9r\u00edt\u00e9s\u00e9r\u0151l. Vagy kicser\u00e9lj\u00fck a term\u00e9keket, ha azok a kisz\u00e1ll\u00edt\u00e1skor hib\u00e1sak, \u00e9s err\u0151l a term\u00e9k \u00e1tv\u00e9tel\u00e9t\u0151l sz\u00e1m\u00edtott 14 napon bel\u00fcl \u00e9rtes\u00edt\u00e9st kapunk. Minden visszak\u00fcldend\u0151 term\u00e9ket gondosan vissza kell csomagolni az eredeti csomagol\u00e1sban. Az \u00e1ru visszak\u00fcld\u00e9se a vev\u0151 felel\u0151ss\u00e9ge.<br><br>A visszak\u00fcld\u00e9s elind\u00edt\u00e1s\u00e1hoz l\u00e9pjen kapcsolatba vel\u00fcnk a info@ynotnatural.com c\u00edmen, \u00e9s t\u00e1j\u00e9koztatni fogjuk a visszak\u00fcld\u00e9si c\u00edmr\u0151l.<\/p>\n<p><strong>K\u00e1rok \u00e9s k\u00e9rd\u00e9sek<\/strong><br>K\u00e9rj\u00fck, hogy \u00e1tv\u00e9telkor ellen\u0151rizze a megrendel\u00e9s\u00e9t, \u00e9s azonnal l\u00e9pjen kapcsolatba vel\u00fcnk, ha a term\u00e9k hib\u00e1s, s\u00e9r\u00fclt, vagy ha rossz term\u00e9ket kapott, hogy ki tudjuk \u00e9rt\u00e9kelni a probl\u00e9m\u00e1t, \u00e9s helyre tudjuk hozni.<\/p>\n<p> <\/p>\n<p><strong>Kiv\u00e9telek \/ nem visszav\u00e1lthat\u00f3 t\u00e9telek<\/strong><br><br>Sajnos nem \u00e1ll m\u00f3dunkban visszavenni az akci\u00f3s term\u00e9keket vagy aj\u00e1nd\u00e9kk\u00e1rty\u00e1kat.<\/p>\n<p> <\/p>\n<p><strong>Cser\u00e9k<\/strong><br>A leggyorsabb m\u00f3dja annak, hogy biztosan azt kapja, amit szeretne, ha visszak\u00fcldi a megl\u00e9v\u0151 term\u00e9ket, \u00e9s miut\u00e1n a visszak\u00fcld\u00e9st elfogadt\u00e1k, k\u00fcl\u00f6n v\u00e1s\u00e1rolja meg az \u00faj term\u00e9ket.<\/p>\n<p> <\/p>\n<p><strong>Eur\u00f3pai Uni\u00f3 14 napos t\u00fcrelmi id\u0151<\/strong><br>A fentiek ellen\u00e9re, ha az \u00e1rut az Eur\u00f3pai Uni\u00f3ba sz\u00e1ll\u00edtj\u00e1k, \u00d6nnek jog\u00e1ban \u00e1ll 14 napon bel\u00fcl b\u00e1rmilyen okb\u00f3l \u00e9s indokl\u00e1s n\u00e9lk\u00fcl t\u00f6r\u00f6lni vagy visszak\u00fcldeni a megrendel\u00e9s\u00e9t. A fentiekhez hasonl\u00f3an a term\u00e9knek ugyanolyan \u00e1llapotban kell lennie, mint ahogyan megkapta, nem viselt vagy nem haszn\u00e1lt, c\u00edmk\u00e9vel ell\u00e1tva \u00e9s eredeti csomagol\u00e1s\u00e1ban. Sz\u00fcks\u00e9ge lesz a v\u00e1s\u00e1rl\u00e1st igazol\u00f3 nyugt\u00e1ra vagy bizonylatra is.<\/p>\n<p> <\/p>\n<p><strong>Visszat\u00e9r\u00edt\u00e9sek<\/strong><br>\u00c9rtes\u00edtj\u00fck \u00d6nt, amint megkaptuk \u00e9s megvizsg\u00e1ltuk a visszak\u00fcld\u00f6tt term\u00e9ket, \u00e9s t\u00e1j\u00e9koztatjuk, hogy a visszat\u00e9r\u00edt\u00e9st j\u00f3v\u00e1hagytuk-e vagy sem. K\u00e9rj\u00fck, ne feledje, hogy a bankja vagy a hitelk\u00e1rtya-t\u00e1rsas\u00e1ga sz\u00e1m\u00e1ra is eltarthat egy ideig, am\u00edg a visszat\u00e9r\u00edt\u00e9st feldolgozza \u00e9s k\u00f6nyveli.<\/p>\t\t\t\t\t\t\t\t<\/div>\n\t\t\t\t<\/div>\n\t\t\t\t\t<\/div>\n\t\t\t\t<\/div>\n\t\t\t\t<\/div>\n\t\t","protected":false},"excerpt":{"rendered":"<p>Minden \u00e1ltalunk \u00e9rt\u00e9kes\u00edtett term\u00e9ket gondosan megvizsg\u00e1lunk, miel\u0151tt elsz\u00e1ll\u00edtan\u00e1nk. Ha \u00d6n nem el\u00e9gedett az \u00e1ruval, \u00e9s err\u0151l az \u00e1ru \u00e1tv\u00e9tel\u00e9t\u0151l sz\u00e1m\u00edtott 14 napon bel\u00fcl t\u00e1j\u00e9koztat minket, gondoskodunk az \u00e1ru (a teljes rendel\u00e9s) \u00e1tv\u00e9tel\u00e9r\u0151l \u00e9s a teljes \u00f6sszeg visszat\u00e9r\u00edt\u00e9s\u00e9r\u0151l. Vagy kicser\u00e9lj\u00fck a term\u00e9keket, ha azok a kisz\u00e1ll\u00edt\u00e1skor hib\u00e1sak, \u00e9s err\u0151l a term\u00e9k \u00e1tv\u00e9tel\u00e9t\u0151l sz\u00e1m\u00edtott 14 napon bel\u00fcl [&hellip;]<\/p>\n","protected":false},"author":1,"featured_media":0,"parent":0,"menu_order":0,"comment_status":"closed","ping_status":"closed","template":"","meta":{"footnotes":""},"class_list":["post-1522","page","type-page","status-publish","hentry"],"yoast_head":"<!-- This site is optimized with the Yoast SEO plugin v27.4 - https:\/\/yoast.com\/product\/yoast-seo-wordpress\/ -->\n<title>Visszat\u00e9r\u00edt\u00e9si \u00e9s visszat\u00e9r\u00edt\u00e9si politika - Emu Bird Oil<\/title>\n<meta name=\"robots\" content=\"index, follow, max-snippet:-1, max-image-preview:large, max-video-preview:-1\" \/>\n<link rel=\"canonical\" href=\"https:\/\/emubirdoil.com\/hu\/visszateritesi-es-visszateritesi-politika\/\" \/>\n<meta property=\"og:locale\" content=\"hu_HU\" \/>\n<meta property=\"og:type\" content=\"article\" \/>\n<meta property=\"og:title\" content=\"Visszat\u00e9r\u00edt\u00e9si \u00e9s visszat\u00e9r\u00edt\u00e9si politika - Emu Bird Oil\" \/>\n<meta property=\"og:description\" content=\"Minden \u00e1ltalunk \u00e9rt\u00e9kes\u00edtett term\u00e9ket gondosan megvizsg\u00e1lunk, miel\u0151tt elsz\u00e1ll\u00edtan\u00e1nk. Ha \u00d6n nem el\u00e9gedett az \u00e1ruval, \u00e9s err\u0151l az \u00e1ru \u00e1tv\u00e9tel\u00e9t\u0151l sz\u00e1m\u00edtott 14 napon bel\u00fcl t\u00e1j\u00e9koztat minket, gondoskodunk az \u00e1ru (a teljes rendel\u00e9s) \u00e1tv\u00e9tel\u00e9r\u0151l \u00e9s a teljes \u00f6sszeg visszat\u00e9r\u00edt\u00e9s\u00e9r\u0151l. Vagy kicser\u00e9lj\u00fck a term\u00e9keket, ha azok a kisz\u00e1ll\u00edt\u00e1skor hib\u00e1sak, \u00e9s err\u0151l a term\u00e9k \u00e1tv\u00e9tel\u00e9t\u0151l sz\u00e1m\u00edtott 14 napon bel\u00fcl [&hellip;]\" \/>\n<meta property=\"og:url\" content=\"https:\/\/emubirdoil.com\/hu\/visszateritesi-es-visszateritesi-politika\/\" \/>\n<meta property=\"og:site_name\" content=\"Emu Bird Oil\" \/>\n<meta property=\"article:modified_time\" content=\"2024-02-01T20:28:41+00:00\" \/>\n<meta name=\"twitter:card\" content=\"summary_large_image\" \/>\n<meta name=\"twitter:label1\" content=\"Becs\u00fclt olvas\u00e1si id\u0151\" \/>\n\t<meta name=\"twitter:data1\" content=\"2 perc\" \/>\n<script type=\"application\/ld+json\" class=\"yoast-schema-graph\">{\"@context\":\"https:\\\/\\\/schema.org\",\"@graph\":[{\"@type\":\"WebPage\",\"@id\":\"https:\\\/\\\/emubirdoil.com\\\/hu\\\/visszateritesi-es-visszateritesi-politika\\\/\",\"url\":\"https:\\\/\\\/emubirdoil.com\\\/hu\\\/visszateritesi-es-visszateritesi-politika\\\/\",\"name\":\"Visszat\u00e9r\u00edt\u00e9si \u00e9s visszat\u00e9r\u00edt\u00e9si politika - Emu Bird Oil\",\"isPartOf\":{\"@id\":\"https:\\\/\\\/emubirdoil.com\\\/hu\\\/#website\"},\"datePublished\":\"2024-01-10T16:26:01+00:00\",\"dateModified\":\"2024-02-01T20:28:41+00:00\",\"breadcrumb\":{\"@id\":\"https:\\\/\\\/emubirdoil.com\\\/hu\\\/visszateritesi-es-visszateritesi-politika\\\/#breadcrumb\"},\"inLanguage\":\"hu\",\"potentialAction\":[{\"@type\":\"ReadAction\",\"target\":[\"https:\\\/\\\/emubirdoil.com\\\/hu\\\/visszateritesi-es-visszateritesi-politika\\\/\"]}]},{\"@type\":\"BreadcrumbList\",\"@id\":\"https:\\\/\\\/emubirdoil.com\\\/hu\\\/visszateritesi-es-visszateritesi-politika\\\/#breadcrumb\",\"itemListElement\":[{\"@type\":\"ListItem\",\"position\":1,\"name\":\"Home\",\"item\":\"https:\\\/\\\/emubirdoil.com\\\/hu\\\/home\\\/\"},{\"@type\":\"ListItem\",\"position\":2,\"name\":\"Visszat\u00e9r\u00edt\u00e9si \u00e9s visszat\u00e9r\u00edt\u00e9si politika\"}]},{\"@type\":\"WebSite\",\"@id\":\"https:\\\/\\\/emubirdoil.com\\\/hu\\\/#website\",\"url\":\"https:\\\/\\\/emubirdoil.com\\\/hu\\\/\",\"name\":\"Emu Bird Oil YNot Natural\",\"description\":\"Explore premium Emu Bird Oil for natural skincare and pain relief. Pure, effective, and sustainably sourced. Order now for wellness transformation!\",\"publisher\":{\"@id\":\"https:\\\/\\\/emubirdoil.com\\\/hu\\\/#organization\"},\"potentialAction\":[{\"@type\":\"SearchAction\",\"target\":{\"@type\":\"EntryPoint\",\"urlTemplate\":\"https:\\\/\\\/emubirdoil.com\\\/hu\\\/?s={search_term_string}\"},\"query-input\":{\"@type\":\"PropertyValueSpecification\",\"valueRequired\":true,\"valueName\":\"search_term_string\"}}],\"inLanguage\":\"hu\"},{\"@type\":\"Organization\",\"@id\":\"https:\\\/\\\/emubirdoil.com\\\/hu\\\/#organization\",\"name\":\"Emu Bird Oil YNot Natural\",\"url\":\"https:\\\/\\\/emubirdoil.com\\\/hu\\\/\",\"logo\":{\"@type\":\"ImageObject\",\"inLanguage\":\"hu\",\"@id\":\"https:\\\/\\\/emubirdoil.com\\\/hu\\\/#\\\/schema\\\/logo\\\/image\\\/\",\"url\":\"https:\\\/\\\/emubirdoil.com\\\/wp-content\\\/uploads\\\/2023\\\/12\\\/Emu-bird-oil-LOGO.png\",\"contentUrl\":\"https:\\\/\\\/emubirdoil.com\\\/wp-content\\\/uploads\\\/2023\\\/12\\\/Emu-bird-oil-LOGO.png\",\"width\":320,\"height\":172,\"caption\":\"Emu Bird Oil YNot Natural\"},\"image\":{\"@id\":\"https:\\\/\\\/emubirdoil.com\\\/hu\\\/#\\\/schema\\\/logo\\\/image\\\/\"}}]}<\/script>\n<!-- \/ Yoast SEO plugin. -->","yoast_head_json":{"title":"Visszat\u00e9r\u00edt\u00e9si \u00e9s visszat\u00e9r\u00edt\u00e9si politika - Emu Bird Oil","robots":{"index":"index","follow":"follow","max-snippet":"max-snippet:-1","max-image-preview":"max-image-preview:large","max-video-preview":"max-video-preview:-1"},"canonical":"https:\/\/emubirdoil.com\/hu\/visszateritesi-es-visszateritesi-politika\/","og_locale":"hu_HU","og_type":"article","og_title":"Visszat\u00e9r\u00edt\u00e9si \u00e9s visszat\u00e9r\u00edt\u00e9si politika - Emu Bird Oil","og_description":"Minden \u00e1ltalunk \u00e9rt\u00e9kes\u00edtett term\u00e9ket gondosan megvizsg\u00e1lunk, miel\u0151tt elsz\u00e1ll\u00edtan\u00e1nk. Ha \u00d6n nem el\u00e9gedett az \u00e1ruval, \u00e9s err\u0151l az \u00e1ru \u00e1tv\u00e9tel\u00e9t\u0151l sz\u00e1m\u00edtott 14 napon bel\u00fcl t\u00e1j\u00e9koztat minket, gondoskodunk az \u00e1ru (a teljes rendel\u00e9s) \u00e1tv\u00e9tel\u00e9r\u0151l \u00e9s a teljes \u00f6sszeg visszat\u00e9r\u00edt\u00e9s\u00e9r\u0151l. Vagy kicser\u00e9lj\u00fck a term\u00e9keket, ha azok a kisz\u00e1ll\u00edt\u00e1skor hib\u00e1sak, \u00e9s err\u0151l a term\u00e9k \u00e1tv\u00e9tel\u00e9t\u0151l sz\u00e1m\u00edtott 14 napon bel\u00fcl [&hellip;]","og_url":"https:\/\/emubirdoil.com\/hu\/visszateritesi-es-visszateritesi-politika\/","og_site_name":"Emu Bird Oil","article_modified_time":"2024-02-01T20:28:41+00:00","twitter_card":"summary_large_image","twitter_misc":{"Becs\u00fclt olvas\u00e1si id\u0151":"2 perc"},"schema":{"@context":"https:\/\/schema.org","@graph":[{"@type":"WebPage","@id":"https:\/\/emubirdoil.com\/hu\/visszateritesi-es-visszateritesi-politika\/","url":"https:\/\/emubirdoil.com\/hu\/visszateritesi-es-visszateritesi-politika\/","name":"Visszat\u00e9r\u00edt\u00e9si \u00e9s visszat\u00e9r\u00edt\u00e9si politika - Emu Bird Oil","isPartOf":{"@id":"https:\/\/emubirdoil.com\/hu\/#website"},"datePublished":"2024-01-10T16:26:01+00:00","dateModified":"2024-02-01T20:28:41+00:00","breadcrumb":{"@id":"https:\/\/emubirdoil.com\/hu\/visszateritesi-es-visszateritesi-politika\/#breadcrumb"},"inLanguage":"hu","potentialAction":[{"@type":"ReadAction","target":["https:\/\/emubirdoil.com\/hu\/visszateritesi-es-visszateritesi-politika\/"]}]},{"@type":"BreadcrumbList","@id":"https:\/\/emubirdoil.com\/hu\/visszateritesi-es-visszateritesi-politika\/#breadcrumb","itemListElement":[{"@type":"ListItem","position":1,"name":"Home","item":"https:\/\/emubirdoil.com\/hu\/home\/"},{"@type":"ListItem","position":2,"name":"Visszat\u00e9r\u00edt\u00e9si \u00e9s visszat\u00e9r\u00edt\u00e9si politika"}]},{"@type":"WebSite","@id":"https:\/\/emubirdoil.com\/hu\/#website","url":"https:\/\/emubirdoil.com\/hu\/","name":"Emu Bird Oil YNot Natural","description":"Explore premium Emu Bird Oil for natural skincare and pain relief. Pure, effective, and sustainably sourced. Order now for wellness transformation!","publisher":{"@id":"https:\/\/emubirdoil.com\/hu\/#organization"},"potentialAction":[{"@type":"SearchAction","target":{"@type":"EntryPoint","urlTemplate":"https:\/\/emubirdoil.com\/hu\/?s={search_term_string}"},"query-input":{"@type":"PropertyValueSpecification","valueRequired":true,"valueName":"search_term_string"}}],"inLanguage":"hu"},{"@type":"Organization","@id":"https:\/\/emubirdoil.com\/hu\/#organization","name":"Emu Bird Oil YNot Natural","url":"https:\/\/emubirdoil.com\/hu\/","logo":{"@type":"ImageObject","inLanguage":"hu","@id":"https:\/\/emubirdoil.com\/hu\/#\/schema\/logo\/image\/","url":"https:\/\/emubirdoil.com\/wp-content\/uploads\/2023\/12\/Emu-bird-oil-LOGO.png","contentUrl":"https:\/\/emubirdoil.com\/wp-content\/uploads\/2023\/12\/Emu-bird-oil-LOGO.png","width":320,"height":172,"caption":"Emu Bird Oil YNot Natural"},"image":{"@id":"https:\/\/emubirdoil.com\/hu\/#\/schema\/logo\/image\/"}}]}},"_links":{"self":[{"href":"https:\/\/emubirdoil.com\/hu\/wp-json\/wp\/v2\/pages\/1522","targetHints":{"allow":["GET"]}}],"collection":[{"href":"https:\/\/emubirdoil.com\/hu\/wp-json\/wp\/v2\/pages"}],"about":[{"href":"https:\/\/emubirdoil.com\/hu\/wp-json\/wp\/v2\/types\/page"}],"author":[{"embeddable":true,"href":"https:\/\/emubirdoil.com\/hu\/wp-json\/wp\/v2\/users\/1"}],"replies":[{"embeddable":true,"href":"https:\/\/emubirdoil.com\/hu\/wp-json\/wp\/v2\/comments?post=1522"}],"version-history":[{"count":1,"href":"https:\/\/emubirdoil.com\/hu\/wp-json\/wp\/v2\/pages\/1522\/revisions"}],"predecessor-version":[{"id":1537,"href":"https:\/\/emubirdoil.com\/hu\/wp-json\/wp\/v2\/pages\/1522\/revisions\/1537"}],"wp:attachment":[{"href":"https:\/\/emubirdoil.com\/hu\/wp-json\/wp\/v2\/media?parent=1522"}],"curies":[{"name":"wp","href":"https:\/\/api.w.org\/{rel}","templated":true}]}}