{"id":1641,"date":"2023-12-12T09:45:20","date_gmt":"2023-12-12T09:45:20","guid":{"rendered":"https:\/\/emubirdoil.com\/contact\/"},"modified":"2026-03-04T11:05:07","modified_gmt":"2026-03-04T11:05:07","slug":"contact","status":"publish","type":"page","link":"https:\/\/emubirdoil.com\/fr\/contact\/","title":{"rendered":"Contact"},"content":{"rendered":"\t\t<div data-elementor-type=\"wp-page\" data-elementor-id=\"1641\" class=\"elementor elementor-1641 elementor-111\" data-elementor-post-type=\"page\">\n\t\t\t\t<div class=\"elementor-element elementor-element-d8c9eb2 e-flex e-con-boxed e-con e-parent\" data-id=\"d8c9eb2\" data-element_type=\"container\" data-e-type=\"container\" data-settings=\"{&quot;background_background&quot;:&quot;classic&quot;}\">\n\t\t\t\t\t<div class=\"e-con-inner\">\n\t\t<div class=\"elementor-element elementor-element-3b08899 e-con-full e-flex e-con e-child\" data-id=\"3b08899\" data-element_type=\"container\" data-e-type=\"container\">\n\t\t<div class=\"elementor-element elementor-element-ae9cbc9 e-con-full e-flex e-con e-child\" data-id=\"ae9cbc9\" data-element_type=\"container\" data-e-type=\"container\">\n\t\t<div class=\"elementor-element elementor-element-432ea9a e-con-full e-flex e-con e-child\" data-id=\"432ea9a\" data-element_type=\"container\" data-e-type=\"container\" data-settings=\"{&quot;background_background&quot;:&quot;classic&quot;}\">\n\t\t\t\t<div class=\"elementor-element elementor-element-8f2cf0c elementor-widget elementor-widget-heading\" data-id=\"8f2cf0c\" data-element_type=\"widget\" data-e-type=\"widget\" data-widget_type=\"heading.default\">\n\t\t\t\t<div class=\"elementor-widget-container\">\n\t\t\t\t\t<h1 class=\"elementor-heading-title elementor-size-default\">NOS CONTACTS<\/h1>\t\t\t\t<\/div>\n\t\t\t\t<\/div>\n\t\t\t\t<div class=\"elementor-element elementor-element-8d1b368 elementor-widget__width-initial elementor-widget elementor-widget-text-editor\" data-id=\"8d1b368\" data-element_type=\"widget\" data-e-type=\"widget\" data-widget_type=\"text-editor.default\">\n\t\t\t\t<div class=\"elementor-widget-container\">\n\t\t\t\t\t\t\t\t\t<p>Nous sommes un distributeur et d\u00e9taillant en ligne bas\u00e9 dans l&rsquo;Union europ\u00e9enne, sp\u00e9cialis\u00e9 dans l&rsquo;huile d&rsquo;\u00e9meu australienne originale.<\/p><p>Nos produits sont fabriqu\u00e9s et conditionn\u00e9s en Australie, puis l\u00e9galement import\u00e9s dans l&rsquo;Union europ\u00e9enne, o\u00f9 ils sont stock\u00e9s et exp\u00e9di\u00e9s depuis l&rsquo;UE (Croatie).<br \/>Tous les produits sont enti\u00e8rement conformes aux r\u00e9glementations cosm\u00e9tiques de l&rsquo;Union europ\u00e9enne et sont disponibles \u00e0 partir de notre stock en UE.<\/p>\t\t\t\t\t\t\t\t<\/div>\n\t\t\t\t<\/div>\n\t\t\t\t<\/div>\n\t\t\t\t<\/div>\n\t\t<div class=\"elementor-element elementor-element-595ae4b e-con-full e-flex e-con e-child\" data-id=\"595ae4b\" data-element_type=\"container\" data-e-type=\"container\">\n\t\t<div class=\"elementor-element elementor-element-d2afce0 e-con-full e-flex e-con e-child\" data-id=\"d2afce0\" data-element_type=\"container\" data-e-type=\"container\">\n\t\t\t\t<\/div>\n\t\t\t\t<\/div>\n\t\t<div class=\"elementor-element elementor-element-d461f27 e-con-full e-flex e-con e-child\" data-id=\"d461f27\" data-element_type=\"container\" data-e-type=\"container\">\n\t\t<div class=\"elementor-element elementor-element-249dd11 e-con-full e-flex e-con e-child\" data-id=\"249dd11\" data-element_type=\"container\" data-e-type=\"container\">\n\t\t\t\t<div class=\"elementor-element elementor-element-310b0b8 animated-fast elementor-invisible elementor-widget elementor-widget-image\" data-id=\"310b0b8\" data-element_type=\"widget\" data-e-type=\"widget\" data-settings=\"{&quot;_animation&quot;:&quot;fadeInUp&quot;,&quot;_animation_delay&quot;:100}\" data-widget_type=\"image.default\">\n\t\t\t\t<div class=\"elementor-widget-container\">\n\t\t\t\t\t\t\t\t\t\t\t\t\t\t\t<img decoding=\"async\" src=\"https:\/\/emubirdoil.com\/wp-content\/uploads\/elementor\/thumbs\/08_Tablet-Mini-qgp3giyltno7w99otd1df9rrq6s92ihb8t0cpfogko.png\" title=\"08_Tablet-Mini.png\" alt=\"08_Tablet-Mini.png\" loading=\"lazy\" \/>\t\t\t\t\t\t\t\t\t\t\t\t\t\t\t<\/div>\n\t\t\t\t<\/div>\n\t\t\t\t<div class=\"elementor-element elementor-element-e30485e animated-fast elementor-invisible elementor-widget elementor-widget-heading\" data-id=\"e30485e\" data-element_type=\"widget\" data-e-type=\"widget\" data-settings=\"{&quot;_animation&quot;:&quot;fadeInUp&quot;,&quot;_animation_delay&quot;:200}\" data-widget_type=\"heading.default\">\n\t\t\t\t<div class=\"elementor-widget-container\">\n\t\t\t\t\t<h4 class=\"elementor-heading-title elementor-size-default\">CONTACTS<\/h4>\t\t\t\t<\/div>\n\t\t\t\t<\/div>\n\t\t\t\t<div class=\"elementor-element elementor-element-8f6e26b elementor-widget__width-initial animated-fast elementor-invisible elementor-widget elementor-widget-text-editor\" data-id=\"8f6e26b\" data-element_type=\"widget\" data-e-type=\"widget\" data-settings=\"{&quot;_animation&quot;:&quot;fadeInUp&quot;,&quot;_animation_delay&quot;:300}\" data-widget_type=\"text-editor.default\">\n\t\t\t\t<div class=\"elementor-widget-container\">\n\t\t\t\t\t\t\t\t\t<p>e-Natura 75 ltd<\/p><div id=\"text_block-47-30089\" class=\"ct-text-block\">Trondheimska 27, Split Croata<br \/>21 000 Fractionnement<br \/><b>TVA<\/b>:HR 42676774884<br \/><b>IBAN :Zagreba\u010dka banka d.d Zagreb<\/b>:<br \/>HR7923600001102915235<\/div><div id=\"div_block-23-30089\" class=\"ct-div-block\"><div id=\"fancy_icon-24-30089\" class=\"ct-fancy-icon \">\u00a0<\/div><div id=\"text_block-25-30089\" class=\"ct-text-block\">\u00a0<\/div><\/div>\t\t\t\t\t\t\t\t<\/div>\n\t\t\t\t<\/div>\n\t\t\t\t<\/div>\n\t\t<div class=\"elementor-element elementor-element-a70ed59 e-con-full e-flex e-con e-child\" data-id=\"a70ed59\" data-element_type=\"container\" data-e-type=\"container\">\n\t\t\t\t<div class=\"elementor-element elementor-element-0c612c9 elementor-view-default elementor-widget elementor-widget-icon\" data-id=\"0c612c9\" data-element_type=\"widget\" data-e-type=\"widget\" data-widget_type=\"icon.default\">\n\t\t\t\t<div class=\"elementor-widget-container\">\n\t\t\t\t\t\t\t<div class=\"elementor-icon-wrapper\">\n\t\t\t<div class=\"elementor-icon\">\n\t\t\t<i aria-hidden=\"true\" class=\"icon icon-envelope11\"><\/i>\t\t\t<\/div>\n\t\t<\/div>\n\t\t\t\t\t\t<\/div>\n\t\t\t\t<\/div>\n\t\t\t\t<div class=\"elementor-element elementor-element-cadfb55 animated-fast elementor-invisible elementor-widget elementor-widget-heading\" data-id=\"cadfb55\" data-element_type=\"widget\" data-e-type=\"widget\" data-settings=\"{&quot;_animation&quot;:&quot;fadeInUp&quot;,&quot;_animation_delay&quot;:200}\" data-widget_type=\"heading.default\">\n\t\t\t\t<div class=\"elementor-widget-container\">\n\t\t\t\t\t<h4 class=\"elementor-heading-title elementor-size-default\">courriel<\/h4>\t\t\t\t<\/div>\n\t\t\t\t<\/div>\n\t\t\t\t<div class=\"elementor-element elementor-element-3928e86 elementor-widget__width-initial animated-fast elementor-invisible elementor-widget elementor-widget-text-editor\" data-id=\"3928e86\" data-element_type=\"widget\" data-e-type=\"widget\" data-settings=\"{&quot;_animation&quot;:&quot;fadeInUp&quot;,&quot;_animation_delay&quot;:300}\" data-widget_type=\"text-editor.default\">\n\t\t\t\t<div class=\"elementor-widget-container\">\n\t\t\t\t\t\t\t\t\t<p><a href=\"mailto:info@emubirdoil.com\">info@emubirdoil.com<\/a><\/p>\n\t\t\t\t\t\t\t\t<\/div>\n\t\t\t\t<\/div>\n\t\t\t\t<\/div>\n\t\t<div class=\"elementor-element elementor-element-aca100b e-con-full e-flex e-con e-child\" data-id=\"aca100b\" data-element_type=\"container\" data-e-type=\"container\">\n\t\t\t\t<div class=\"elementor-element elementor-element-b127824 animated-fast elementor-invisible elementor-widget elementor-widget-image\" data-id=\"b127824\" data-element_type=\"widget\" data-e-type=\"widget\" data-settings=\"{&quot;_animation&quot;:&quot;fadeInUp&quot;,&quot;_animation_delay&quot;:100}\" data-widget_type=\"image.default\">\n\t\t\t\t<div class=\"elementor-widget-container\">\n\t\t\t\t\t\t\t\t\t\t\t\t\t\t\t<img decoding=\"async\" src=\"https:\/\/emubirdoil.com\/wp-content\/uploads\/elementor\/thumbs\/20_Pin-qgp3gmpylve30bqf09i9682zbedv9tiq9aefwplqaw.png\" title=\"20_Pin.png\" alt=\"20_Pin.png\" loading=\"lazy\" \/>\t\t\t\t\t\t\t\t\t\t\t\t\t\t\t<\/div>\n\t\t\t\t<\/div>\n\t\t\t\t<div class=\"elementor-element elementor-element-2c097e6 animated-fast elementor-invisible elementor-widget elementor-widget-heading\" data-id=\"2c097e6\" data-element_type=\"widget\" data-e-type=\"widget\" data-settings=\"{&quot;_animation&quot;:&quot;fadeInUp&quot;,&quot;_animation_delay&quot;:200}\" data-widget_type=\"heading.default\">\n\t\t\t\t<div class=\"elementor-widget-container\">\n\t\t\t\t\t<h4 class=\"elementor-heading-title elementor-size-default\">Localisation<\/h4>\t\t\t\t<\/div>\n\t\t\t\t<\/div>\n\t\t\t\t<div class=\"elementor-element elementor-element-e3f262f elementor-widget__width-initial animated-fast elementor-invisible elementor-widget elementor-widget-text-editor\" data-id=\"e3f262f\" data-element_type=\"widget\" data-e-type=\"widget\" data-settings=\"{&quot;_animation&quot;:&quot;fadeInUp&quot;,&quot;_animation_delay&quot;:300}\" data-widget_type=\"text-editor.default\">\n\t\t\t\t<div class=\"elementor-widget-container\">\n\t\t\t\t\t\t\t\t\t<p>Trondheimska 27, Split ,Croatia<\/p>\t\t\t\t\t\t\t\t<\/div>\n\t\t\t\t<\/div>\n\t\t\t\t<\/div>\n\t\t\t\t<\/div>\n\t\t\t\t<\/div>\n\t\t\t\t\t<\/div>\n\t\t\t\t<\/div>\n\t\t<div class=\"elementor-element elementor-element-8a4f7a4 e-con-full e-flex e-con e-parent\" data-id=\"8a4f7a4\" data-element_type=\"container\" data-e-type=\"container\" data-settings=\"{&quot;background_background&quot;:&quot;classic&quot;}\">\n\t\t<div class=\"elementor-element elementor-element-eeecd25 e-con-full e-flex e-con e-child\" data-id=\"eeecd25\" data-element_type=\"container\" data-e-type=\"container\">\n\t\t\t\t<\/div>\n\t\t\t\t<\/div>\n\t\t\t\t<\/div>\n\t\t","protected":false},"excerpt":{"rendered":"<p>NOS CONTACTS Nous sommes un distributeur et d\u00e9taillant en ligne bas\u00e9 dans l&rsquo;Union europ\u00e9enne, sp\u00e9cialis\u00e9 dans l&rsquo;huile d&rsquo;\u00e9meu australienne originale. Nos produits sont fabriqu\u00e9s et conditionn\u00e9s en Australie, puis l\u00e9galement import\u00e9s dans l&rsquo;Union europ\u00e9enne, o\u00f9 ils sont stock\u00e9s et exp\u00e9di\u00e9s depuis l&rsquo;UE (Croatie).Tous les produits sont enti\u00e8rement conformes aux r\u00e9glementations cosm\u00e9tiques de l&rsquo;Union europ\u00e9enne et [&hellip;]<\/p>\n","protected":false},"author":1,"featured_media":0,"parent":0,"menu_order":0,"comment_status":"closed","ping_status":"closed","template":"","meta":{"footnotes":""},"class_list":["post-1641","page","type-page","status-publish","hentry"],"yoast_head":"<!-- This site is optimized with the Yoast SEO plugin v27.4 - https:\/\/yoast.com\/product\/yoast-seo-wordpress\/ -->\n<title>Contact - Emu Bird Oil<\/title>\n<meta name=\"robots\" content=\"index, follow, max-snippet:-1, max-image-preview:large, max-video-preview:-1\" \/>\n<link rel=\"canonical\" href=\"https:\/\/emubirdoil.com\/fr\/contact\/\" \/>\n<meta property=\"og:locale\" content=\"fr_FR\" \/>\n<meta property=\"og:type\" content=\"article\" \/>\n<meta property=\"og:title\" content=\"Contact - Emu Bird Oil\" \/>\n<meta property=\"og:description\" content=\"NOS CONTACTS Nous sommes un distributeur et d\u00e9taillant en ligne bas\u00e9 dans l&rsquo;Union europ\u00e9enne, sp\u00e9cialis\u00e9 dans l&rsquo;huile d&rsquo;\u00e9meu australienne originale. Nos produits sont fabriqu\u00e9s et conditionn\u00e9s en Australie, puis l\u00e9galement import\u00e9s dans l&rsquo;Union europ\u00e9enne, o\u00f9 ils sont stock\u00e9s et exp\u00e9di\u00e9s depuis l&rsquo;UE (Croatie).Tous les produits sont enti\u00e8rement conformes aux r\u00e9glementations cosm\u00e9tiques de l&rsquo;Union europ\u00e9enne et [&hellip;]\" \/>\n<meta property=\"og:url\" content=\"https:\/\/emubirdoil.com\/fr\/contact\/\" \/>\n<meta property=\"og:site_name\" content=\"Emu Bird Oil\" \/>\n<meta property=\"article:modified_time\" content=\"2026-03-04T11:05:07+00:00\" \/>\n<meta property=\"og:image\" content=\"https:\/\/emubirdoil.com\/wp-content\/uploads\/2023\/12\/08_Tablet-Mini.png\" \/>\n<meta name=\"twitter:card\" content=\"summary_large_image\" \/>\n<meta name=\"twitter:label1\" content=\"Dur\u00e9e de lecture estim\u00e9e\" \/>\n\t<meta name=\"twitter:data1\" content=\"1 minute\" \/>\n<script type=\"application\/ld+json\" class=\"yoast-schema-graph\">{\"@context\":\"https:\\\/\\\/schema.org\",\"@graph\":[{\"@type\":\"WebPage\",\"@id\":\"https:\\\/\\\/emubirdoil.com\\\/fr\\\/contact\\\/\",\"url\":\"https:\\\/\\\/emubirdoil.com\\\/fr\\\/contact\\\/\",\"name\":\"Contact - Emu Bird Oil\",\"isPartOf\":{\"@id\":\"https:\\\/\\\/emubirdoil.com\\\/fr\\\/#website\"},\"primaryImageOfPage\":{\"@id\":\"https:\\\/\\\/emubirdoil.com\\\/fr\\\/contact\\\/#primaryimage\"},\"image\":{\"@id\":\"https:\\\/\\\/emubirdoil.com\\\/fr\\\/contact\\\/#primaryimage\"},\"thumbnailUrl\":\"https:\\\/\\\/emubirdoil.com\\\/wp-content\\\/uploads\\\/2023\\\/12\\\/08_Tablet-Mini.png\",\"datePublished\":\"2023-12-12T09:45:20+00:00\",\"dateModified\":\"2026-03-04T11:05:07+00:00\",\"breadcrumb\":{\"@id\":\"https:\\\/\\\/emubirdoil.com\\\/fr\\\/contact\\\/#breadcrumb\"},\"inLanguage\":\"fr-FR\",\"potentialAction\":[{\"@type\":\"ReadAction\",\"target\":[\"https:\\\/\\\/emubirdoil.com\\\/fr\\\/contact\\\/\"]}]},{\"@type\":\"ImageObject\",\"inLanguage\":\"fr-FR\",\"@id\":\"https:\\\/\\\/emubirdoil.com\\\/fr\\\/contact\\\/#primaryimage\",\"url\":\"https:\\\/\\\/emubirdoil.com\\\/wp-content\\\/uploads\\\/2023\\\/12\\\/08_Tablet-Mini.png\",\"contentUrl\":\"https:\\\/\\\/emubirdoil.com\\\/wp-content\\\/uploads\\\/2023\\\/12\\\/08_Tablet-Mini.png\"},{\"@type\":\"BreadcrumbList\",\"@id\":\"https:\\\/\\\/emubirdoil.com\\\/fr\\\/contact\\\/#breadcrumb\",\"itemListElement\":[{\"@type\":\"ListItem\",\"position\":1,\"name\":\"Home\",\"item\":\"https:\\\/\\\/emubirdoil.com\\\/fr\\\/accueil\\\/\"},{\"@type\":\"ListItem\",\"position\":2,\"name\":\"Contact\"}]},{\"@type\":\"WebSite\",\"@id\":\"https:\\\/\\\/emubirdoil.com\\\/fr\\\/#website\",\"url\":\"https:\\\/\\\/emubirdoil.com\\\/fr\\\/\",\"name\":\"Emu Bird Oil YNot Natural\",\"description\":\"Explore premium Emu Bird Oil for natural skincare and pain relief. Pure, effective, and sustainably sourced. Order now for wellness transformation!\",\"publisher\":{\"@id\":\"https:\\\/\\\/emubirdoil.com\\\/fr\\\/#organization\"},\"potentialAction\":[{\"@type\":\"SearchAction\",\"target\":{\"@type\":\"EntryPoint\",\"urlTemplate\":\"https:\\\/\\\/emubirdoil.com\\\/fr\\\/?s={search_term_string}\"},\"query-input\":{\"@type\":\"PropertyValueSpecification\",\"valueRequired\":true,\"valueName\":\"search_term_string\"}}],\"inLanguage\":\"fr-FR\"},{\"@type\":\"Organization\",\"@id\":\"https:\\\/\\\/emubirdoil.com\\\/fr\\\/#organization\",\"name\":\"Emu Bird Oil YNot Natural\",\"url\":\"https:\\\/\\\/emubirdoil.com\\\/fr\\\/\",\"logo\":{\"@type\":\"ImageObject\",\"inLanguage\":\"fr-FR\",\"@id\":\"https:\\\/\\\/emubirdoil.com\\\/fr\\\/#\\\/schema\\\/logo\\\/image\\\/\",\"url\":\"https:\\\/\\\/emubirdoil.com\\\/wp-content\\\/uploads\\\/2023\\\/12\\\/Emu-bird-oil-LOGO.png\",\"contentUrl\":\"https:\\\/\\\/emubirdoil.com\\\/wp-content\\\/uploads\\\/2023\\\/12\\\/Emu-bird-oil-LOGO.png\",\"width\":320,\"height\":172,\"caption\":\"Emu Bird Oil YNot Natural\"},\"image\":{\"@id\":\"https:\\\/\\\/emubirdoil.com\\\/fr\\\/#\\\/schema\\\/logo\\\/image\\\/\"}}]}<\/script>\n<!-- \/ Yoast SEO plugin. -->","yoast_head_json":{"title":"Contact - Emu Bird Oil","robots":{"index":"index","follow":"follow","max-snippet":"max-snippet:-1","max-image-preview":"max-image-preview:large","max-video-preview":"max-video-preview:-1"},"canonical":"https:\/\/emubirdoil.com\/fr\/contact\/","og_locale":"fr_FR","og_type":"article","og_title":"Contact - Emu Bird Oil","og_description":"NOS CONTACTS Nous sommes un distributeur et d\u00e9taillant en ligne bas\u00e9 dans l&rsquo;Union europ\u00e9enne, sp\u00e9cialis\u00e9 dans l&rsquo;huile d&rsquo;\u00e9meu australienne originale. Nos produits sont fabriqu\u00e9s et conditionn\u00e9s en Australie, puis l\u00e9galement import\u00e9s dans l&rsquo;Union europ\u00e9enne, o\u00f9 ils sont stock\u00e9s et exp\u00e9di\u00e9s depuis l&rsquo;UE (Croatie).Tous les produits sont enti\u00e8rement conformes aux r\u00e9glementations cosm\u00e9tiques de l&rsquo;Union europ\u00e9enne et [&hellip;]","og_url":"https:\/\/emubirdoil.com\/fr\/contact\/","og_site_name":"Emu Bird Oil","article_modified_time":"2026-03-04T11:05:07+00:00","og_image":[{"url":"https:\/\/emubirdoil.com\/wp-content\/uploads\/2023\/12\/08_Tablet-Mini.png","type":"","width":"","height":""}],"twitter_card":"summary_large_image","twitter_misc":{"Dur\u00e9e de lecture estim\u00e9e":"1 minute"},"schema":{"@context":"https:\/\/schema.org","@graph":[{"@type":"WebPage","@id":"https:\/\/emubirdoil.com\/fr\/contact\/","url":"https:\/\/emubirdoil.com\/fr\/contact\/","name":"Contact - Emu Bird Oil","isPartOf":{"@id":"https:\/\/emubirdoil.com\/fr\/#website"},"primaryImageOfPage":{"@id":"https:\/\/emubirdoil.com\/fr\/contact\/#primaryimage"},"image":{"@id":"https:\/\/emubirdoil.com\/fr\/contact\/#primaryimage"},"thumbnailUrl":"https:\/\/emubirdoil.com\/wp-content\/uploads\/2023\/12\/08_Tablet-Mini.png","datePublished":"2023-12-12T09:45:20+00:00","dateModified":"2026-03-04T11:05:07+00:00","breadcrumb":{"@id":"https:\/\/emubirdoil.com\/fr\/contact\/#breadcrumb"},"inLanguage":"fr-FR","potentialAction":[{"@type":"ReadAction","target":["https:\/\/emubirdoil.com\/fr\/contact\/"]}]},{"@type":"ImageObject","inLanguage":"fr-FR","@id":"https:\/\/emubirdoil.com\/fr\/contact\/#primaryimage","url":"https:\/\/emubirdoil.com\/wp-content\/uploads\/2023\/12\/08_Tablet-Mini.png","contentUrl":"https:\/\/emubirdoil.com\/wp-content\/uploads\/2023\/12\/08_Tablet-Mini.png"},{"@type":"BreadcrumbList","@id":"https:\/\/emubirdoil.com\/fr\/contact\/#breadcrumb","itemListElement":[{"@type":"ListItem","position":1,"name":"Home","item":"https:\/\/emubirdoil.com\/fr\/accueil\/"},{"@type":"ListItem","position":2,"name":"Contact"}]},{"@type":"WebSite","@id":"https:\/\/emubirdoil.com\/fr\/#website","url":"https:\/\/emubirdoil.com\/fr\/","name":"Emu Bird Oil YNot Natural","description":"Explore premium Emu Bird Oil for natural skincare and pain relief. Pure, effective, and sustainably sourced. Order now for wellness transformation!","publisher":{"@id":"https:\/\/emubirdoil.com\/fr\/#organization"},"potentialAction":[{"@type":"SearchAction","target":{"@type":"EntryPoint","urlTemplate":"https:\/\/emubirdoil.com\/fr\/?s={search_term_string}"},"query-input":{"@type":"PropertyValueSpecification","valueRequired":true,"valueName":"search_term_string"}}],"inLanguage":"fr-FR"},{"@type":"Organization","@id":"https:\/\/emubirdoil.com\/fr\/#organization","name":"Emu Bird Oil YNot Natural","url":"https:\/\/emubirdoil.com\/fr\/","logo":{"@type":"ImageObject","inLanguage":"fr-FR","@id":"https:\/\/emubirdoil.com\/fr\/#\/schema\/logo\/image\/","url":"https:\/\/emubirdoil.com\/wp-content\/uploads\/2023\/12\/Emu-bird-oil-LOGO.png","contentUrl":"https:\/\/emubirdoil.com\/wp-content\/uploads\/2023\/12\/Emu-bird-oil-LOGO.png","width":320,"height":172,"caption":"Emu Bird Oil YNot Natural"},"image":{"@id":"https:\/\/emubirdoil.com\/fr\/#\/schema\/logo\/image\/"}}]}},"_links":{"self":[{"href":"https:\/\/emubirdoil.com\/fr\/wp-json\/wp\/v2\/pages\/1641","targetHints":{"allow":["GET"]}}],"collection":[{"href":"https:\/\/emubirdoil.com\/fr\/wp-json\/wp\/v2\/pages"}],"about":[{"href":"https:\/\/emubirdoil.com\/fr\/wp-json\/wp\/v2\/types\/page"}],"author":[{"embeddable":true,"href":"https:\/\/emubirdoil.com\/fr\/wp-json\/wp\/v2\/users\/1"}],"replies":[{"embeddable":true,"href":"https:\/\/emubirdoil.com\/fr\/wp-json\/wp\/v2\/comments?post=1641"}],"version-history":[{"count":5,"href":"https:\/\/emubirdoil.com\/fr\/wp-json\/wp\/v2\/pages\/1641\/revisions"}],"predecessor-version":[{"id":4117,"href":"https:\/\/emubirdoil.com\/fr\/wp-json\/wp\/v2\/pages\/1641\/revisions\/4117"}],"wp:attachment":[{"href":"https:\/\/emubirdoil.com\/fr\/wp-json\/wp\/v2\/media?parent=1641"}],"curies":[{"name":"wp","href":"https:\/\/api.w.org\/{rel}","templated":true}]}}