{"id":1501,"date":"2023-12-12T09:43:16","date_gmt":"2023-12-12T09:43:16","guid":{"rendered":"https:\/\/emubirdoil.com\/qualite-et-fabrication\/"},"modified":"2024-02-01T20:29:13","modified_gmt":"2024-02-01T20:29:13","slug":"qualite-et-fabrication","status":"publish","type":"page","link":"https:\/\/emubirdoil.com\/fr\/huile-demeu\/qualite-et-fabrication\/","title":{"rendered":"Qualit\u00e9 et fabrication"},"content":{"rendered":"\t\t<div data-elementor-type=\"wp-page\" data-elementor-id=\"1501\" class=\"elementor elementor-1501 elementor-109\" data-elementor-post-type=\"page\">\n\t\t\t\t<div class=\"elementor-element elementor-element-40fa958 e-con-full e-flex e-con e-parent\" data-id=\"40fa958\" data-element_type=\"container\" data-e-type=\"container\" data-settings=\"{&quot;background_background&quot;:&quot;classic&quot;}\">\n\t\t<div class=\"elementor-element elementor-element-35d7f8e e-con-full e-flex e-con e-child\" data-id=\"35d7f8e\" data-element_type=\"container\" data-e-type=\"container\">\n\t\t\t\t<\/div>\n\t\t\t\t<\/div>\n\t\t<div class=\"elementor-element elementor-element-8db8a7d e-flex e-con-boxed e-con e-parent\" data-id=\"8db8a7d\" data-element_type=\"container\" data-e-type=\"container\" data-settings=\"{&quot;background_background&quot;:&quot;classic&quot;}\">\n\t\t\t\t\t<div class=\"e-con-inner\">\n\t\t<div class=\"elementor-element elementor-element-c4aa3d0 e-con-full e-flex e-con e-child\" data-id=\"c4aa3d0\" data-element_type=\"container\" data-e-type=\"container\">\n\t\t\t\t<div class=\"elementor-element elementor-element-b26b23f elementor-widget elementor-widget-heading\" data-id=\"b26b23f\" data-element_type=\"widget\" data-e-type=\"widget\" data-widget_type=\"heading.default\">\n\t\t\t\t<div class=\"elementor-widget-container\">\n\t\t\t\t\t<h2 class=\"elementor-heading-title elementor-size-default\">L'excellence pharmaceutique<\/h2>\t\t\t\t<\/div>\n\t\t\t\t<\/div>\n\t\t\t\t<\/div>\n\t\t\t\t\t<\/div>\n\t\t\t\t<\/div>\n\t\t<div class=\"elementor-element elementor-element-1cc14a36 e-flex e-con-boxed e-con e-parent\" data-id=\"1cc14a36\" data-element_type=\"container\" data-e-type=\"container\" data-settings=\"{&quot;background_background&quot;:&quot;classic&quot;}\">\n\t\t\t\t\t<div class=\"e-con-inner\">\n\t\t<div class=\"elementor-element elementor-element-5e0c531c e-con-full e-flex e-con e-child\" data-id=\"5e0c531c\" data-element_type=\"container\" data-e-type=\"container\">\n\t\t<div class=\"elementor-element elementor-element-2410dce9 e-con-full e-flex e-con e-child\" data-id=\"2410dce9\" data-element_type=\"container\" data-e-type=\"container\">\n\t\t<div class=\"elementor-element elementor-element-200c63b2 e-con-full e-flex e-con e-child\" data-id=\"200c63b2\" data-element_type=\"container\" data-e-type=\"container\">\n\t\t\t\t<div class=\"elementor-element elementor-element-5f9182bf animated-fast elementor-invisible elementor-widget elementor-widget-heading\" data-id=\"5f9182bf\" data-element_type=\"widget\" data-e-type=\"widget\" data-settings=\"{&quot;_animation&quot;:&quot;fadeInUp&quot;,&quot;_animation_delay&quot;:200}\" data-widget_type=\"heading.default\">\n\t\t\t\t<div class=\"elementor-widget-container\">\n\t\t\t\t\t<h3 class=\"elementor-heading-title elementor-size-default\">Processus de fabrication<\/h3>\t\t\t\t<\/div>\n\t\t\t\t<\/div>\n\t\t\t\t<div class=\"elementor-element elementor-element-60d75f5e animated-fast elementor-widget__width-initial elementor-widget-tablet__width-inherit elementor-invisible elementor-widget elementor-widget-text-editor\" data-id=\"60d75f5e\" data-element_type=\"widget\" data-e-type=\"widget\" data-settings=\"{&quot;_animation&quot;:&quot;fadeInUp&quot;,&quot;_animation_delay&quot;:300}\" data-widget_type=\"text-editor.default\">\n\t\t\t\t<div class=\"elementor-widget-container\">\n\t\t\t\t\t\t\t\t\t<p>D\u00e9couvrez la qualit\u00e9 sup\u00e9rieure de l&rsquo;huile d&rsquo;\u00e9meu de Y-Not Natural, m\u00e9ticuleusement fabriqu\u00e9e dans une usine d&rsquo;\u00e9quarrissage pharmaceutique de classe mondiale et fi\u00e8rement certifi\u00e9e par la tr\u00e8s estim\u00e9e Therapeutic Goods Association (TGA) et l&rsquo;accr\u00e9ditation de s\u00e9curit\u00e9 alimentaire HACCP Australia.<\/p>\n<p>Il s&rsquo;agit d&rsquo;une reconnaissance de l&rsquo;excellence en mati\u00e8re de s\u00e9curit\u00e9 alimentaire, qui garantit l&rsquo;int\u00e9gration dans les programmes de s\u00e9curit\u00e9 alimentaire fond\u00e9s sur le syst\u00e8me HACCP et la conformit\u00e9 aux normes de bonnes pratiques de fabrication (BPF).<\/p>\n<p>Nos installations et proc\u00e9dures de fabrication de pointe ne se contentent pas de r\u00e9pondre aux normes rigoureuses impos\u00e9es par les autorit\u00e9s australiennes et europ\u00e9ennes pour la production de produits pharmaceutiques et m\u00e9dicinaux, mais les d\u00e9passent syst\u00e9matiquement.<\/p>\n\t\t\t\t\t\t\t\t<\/div>\n\t\t\t\t<\/div>\n\t\t\t\t<\/div>\n\t\t<div class=\"elementor-element elementor-element-459991d6 e-con-full e-flex e-con e-child\" data-id=\"459991d6\" data-element_type=\"container\" data-e-type=\"container\" data-settings=\"{&quot;background_background&quot;:&quot;classic&quot;}\">\n\t\t\t\t<\/div>\n\t\t\t\t<\/div>\n\t\t<div class=\"elementor-element elementor-element-f6ab4a e-con-full e-flex e-con e-child\" data-id=\"f6ab4a\" data-element_type=\"container\" data-e-type=\"container\">\n\t\t<div class=\"elementor-element elementor-element-94ce7e3 e-con-full e-flex e-con e-child\" data-id=\"94ce7e3\" data-element_type=\"container\" data-e-type=\"container\" data-settings=\"{&quot;background_background&quot;:&quot;classic&quot;}\">\n\t\t\t\t<\/div>\n\t\t<div class=\"elementor-element elementor-element-3035828e e-con-full e-flex e-con e-child\" data-id=\"3035828e\" data-element_type=\"container\" data-e-type=\"container\">\n\t\t\t\t<div class=\"elementor-element elementor-element-14d5cda0 animated-fast elementor-invisible elementor-widget elementor-widget-heading\" data-id=\"14d5cda0\" data-element_type=\"widget\" data-e-type=\"widget\" data-settings=\"{&quot;_animation&quot;:&quot;fadeInUp&quot;,&quot;_animation_delay&quot;:200}\" data-widget_type=\"heading.default\">\n\t\t\t\t<div class=\"elementor-widget-container\">\n\t\t\t\t\t<h3 class=\"elementor-heading-title elementor-size-default\">Sauvegarder l'essence de la nature<\/h3>\t\t\t\t<\/div>\n\t\t\t\t<\/div>\n\t\t\t\t<div class=\"elementor-element elementor-element-7c6d38e8 animated-fast elementor-widget__width-initial elementor-widget-tablet__width-inherit elementor-invisible elementor-widget elementor-widget-text-editor\" data-id=\"7c6d38e8\" data-element_type=\"widget\" data-e-type=\"widget\" data-settings=\"{&quot;_animation&quot;:&quot;fadeInUp&quot;,&quot;_animation_delay&quot;:300}\" data-widget_type=\"text-editor.default\">\n\t\t\t\t<div class=\"elementor-widget-container\">\n\t\t\t\t\t\t\t\t\t<p>Contrairement \u00e0 la norme industrielle qui consiste \u00e0 soumettre les ingr\u00e9dients \u00e0 des processus difficiles impliquant des temp\u00e9ratures \u00e9lev\u00e9es et des produits chimiques, Y-Not Natural adopte une approche unique. Nous pr\u00e9servons la synergie inh\u00e9rente de nos ingr\u00e9dients, en veillant \u00e0 ce que les composants vitaux et les avantages restent inchang\u00e9s au cours du processus d&rsquo;\u00e9quarrissage. Il n&rsquo;y a pas de retrait d&rsquo;\u00e9l\u00e9ments essentiels et aucun additif n&rsquo;est introduit. Atteindre ce niveau de puret\u00e9 est un accomplissement remarquable, car il repr\u00e9sente un formidable d\u00e9fi. Peu d&rsquo;usines poss\u00e8dent l&rsquo;expertise et la capacit\u00e9 de produire de l&rsquo;huile d&rsquo;\u00e9meu sous sa forme v\u00e9ritablement naturelle.<\/p><\/p>\n\t\t\t\t\t\t\t\t<\/div>\n\t\t\t\t<\/div>\n\t\t\t\t<\/div>\n\t\t\t\t<\/div>\n\t\t\t\t<\/div>\n\t\t\t\t\t<\/div>\n\t\t\t\t<\/div>\n\t\t<div class=\"elementor-element elementor-element-6959c17 e-flex e-con-boxed e-con e-parent\" data-id=\"6959c17\" data-element_type=\"container\" data-e-type=\"container\" data-settings=\"{&quot;background_background&quot;:&quot;classic&quot;}\">\n\t\t\t\t\t<div class=\"e-con-inner\">\n\t\t<div class=\"elementor-element elementor-element-32da25f e-con-full e-flex e-con e-child\" data-id=\"32da25f\" data-element_type=\"container\" data-e-type=\"container\">\n\t\t\t\t<div class=\"elementor-element elementor-element-3419d2d elementor-widget elementor-widget-heading\" data-id=\"3419d2d\" data-element_type=\"widget\" data-e-type=\"widget\" data-widget_type=\"heading.default\">\n\t\t\t\t<div class=\"elementor-widget-container\">\n\t\t\t\t\t<h2 class=\"elementor-heading-title elementor-size-default\">PROPOSITIONS SP\u00c9CIALES<\/h2>\t\t\t\t<\/div>\n\t\t\t\t<\/div>\n\t\t\t\t<div class=\"elementor-element elementor-element-3c5f5e7 elementor-grid-3 elementor-grid-tablet-3 elementor-grid-mobile-1 elementor-product-loop-item--align-center animated-fast elementor-products-grid elementor-wc-products elementor-invisible elementor-widget elementor-widget-woocommerce-products\" data-id=\"3c5f5e7\" data-element_type=\"widget\" data-e-type=\"widget\" data-settings=\"{&quot;_animation&quot;:&quot;fadeInUp&quot;,&quot;_animation_delay&quot;:200}\" data-widget_type=\"woocommerce-products.default\">\n\t\t\t\t<div class=\"elementor-widget-container\">\n\t\t\t\t\t<div class=\"woocommerce columns-3 \"><ul class=\"products elementor-grid columns-3\">\n<li class=\"product type-product post-2395 status-publish first instock product_cat-y-non-naturel has-post-thumbnail sale shipping-taxable purchasable product-type-simple\">\n\t<a href=\"https:\/\/emubirdoil.com\/fr\/produit\/huile-demeu-100-pure-et-biologique-60ml\/\" class=\"woocommerce-LoopProduct-link woocommerce-loop-product__link\">\n\t<span class=\"onsale\">Promo\u00a0!<\/span>\n\t<img fetchpriority=\"high\" decoding=\"async\" width=\"300\" height=\"300\" src=\"https:\/\/emubirdoil.com\/wp-content\/uploads\/2025\/03\/100-pure-emu-oil-for-hypoallergenic-skin-care-hair-and-healing-all-natural-source-of-vitamin-k2-1-300x300.jpg\" class=\"attachment-woocommerce_thumbnail size-woocommerce_thumbnail\" alt=\"Huile d&#039;\u00e9meu 100% pure et biologique 60ml\" srcset=\"https:\/\/emubirdoil.com\/wp-content\/uploads\/2025\/03\/100-pure-emu-oil-for-hypoallergenic-skin-care-hair-and-healing-all-natural-source-of-vitamin-k2-1-300x300.jpg 300w, https:\/\/emubirdoil.com\/wp-content\/uploads\/2025\/03\/100-pure-emu-oil-for-hypoallergenic-skin-care-hair-and-healing-all-natural-source-of-vitamin-k2-1-150x150.jpg 150w, https:\/\/emubirdoil.com\/wp-content\/uploads\/2025\/03\/100-pure-emu-oil-for-hypoallergenic-skin-care-hair-and-healing-all-natural-source-of-vitamin-k2-1-100x100.jpg 100w, https:\/\/emubirdoil.com\/wp-content\/uploads\/2025\/03\/100-pure-emu-oil-for-hypoallergenic-skin-care-hair-and-healing-all-natural-source-of-vitamin-k2-1.jpg 458w\" sizes=\"(max-width: 300px) 100vw, 300px\" \/><h2 class=\"woocommerce-loop-product__title\">Huile d&rsquo;\u00e9meu 100% pure et biologique 60ml<\/h2><div class=\"star-rating\" role=\"img\" aria-label=\"Note 5.00 sur 5\"><span style=\"width:100%\">Note <strong class=\"rating\">5.00<\/strong> sur 5<\/span><\/div>\n\t<span class=\"price\"><del aria-hidden=\"true\"><span class=\"woocommerce-Price-amount amount\"><bdi>34,90&nbsp;<span class=\"woocommerce-Price-currencySymbol\">&euro;<\/span><\/bdi><\/span><\/del> <span class=\"screen-reader-text\">Le prix initial \u00e9tait\u00a0: 34,90&nbsp;&euro;.<\/span><ins aria-hidden=\"true\"><span class=\"woocommerce-Price-amount amount\"><bdi>24,90&nbsp;<span class=\"woocommerce-Price-currencySymbol\">&euro;<\/span><\/bdi><\/span><\/ins><span class=\"screen-reader-text\">Le prix actuel est\u00a0: 24,90&nbsp;&euro;.<\/span><\/span>\n<\/a><a href=\"\/fr\/wp-json\/wp\/v2\/pages\/1501?add-to-cart=2395\" aria-describedby=\"woocommerce_loop_add_to_cart_link_describedby_2395\" data-quantity=\"1\" class=\"button product_type_simple add_to_cart_button ajax_add_to_cart\" data-product_id=\"2395\" data-product_sku=\"YNNOMEGAOleo60\" aria-label=\"Ajouter au panier\u00a0: &ldquo;Huile d&#039;\u00e9meu 100% pure et biologique 60ml&rdquo;\" rel=\"nofollow\" data-success_message=\"\u00ab\u00a0Huile d&#039;\u00e9meu 100% pure et biologique 60ml\u00a0\u00bb a \u00e9t\u00e9 ajout\u00e9 \u00e0 votre panier\" role=\"button\">Ajouter au panier<\/a>\t<span id=\"woocommerce_loop_add_to_cart_link_describedby_2395\" class=\"screen-reader-text\">\n\t\t\t<\/span>\n<span class=\"gtm4wp_productdata\" style=\"display:none; visibility:hidden;\" data-gtm4wp_product_data=\"{&quot;internal_id&quot;:2395,&quot;item_id&quot;:2395,&quot;item_name&quot;:&quot;Huile d&#039;\\u00e9meu 100% pure et biologique 60ml&quot;,&quot;sku&quot;:&quot;YNNOMEGAOleo60&quot;,&quot;price&quot;:24.89999999999999857891452847979962825775146484375,&quot;stocklevel&quot;:31,&quot;stockstatus&quot;:&quot;instock&quot;,&quot;google_business_vertical&quot;:&quot;custom&quot;,&quot;item_category&quot;:&quot;Y-Non naturel&quot;,&quot;id&quot;:2395,&quot;productlink&quot;:&quot;https:\\\/\\\/emubirdoil.com\\\/fr\\\/produit\\\/huile-demeu-100-pure-et-biologique-60ml\\\/&quot;,&quot;item_list_name&quot;:&quot;Liste g\\u00e9n\\u00e9rale des produits&quot;,&quot;index&quot;:1,&quot;product_type&quot;:&quot;simple&quot;,&quot;item_brand&quot;:&quot;&quot;}\"><\/span><\/li>\n<\/ul>\n<\/div>\t\t\t\t<\/div>\n\t\t\t\t<\/div>\n\t\t\t\t<\/div>\n\t\t\t\t\t<\/div>\n\t\t\t\t<\/div>\n\t\t\t\t<\/div>\n\t\t","protected":false},"excerpt":{"rendered":"<p>L&rsquo;excellence pharmaceutique Processus de fabrication D\u00e9couvrez la qualit\u00e9 sup\u00e9rieure de l&rsquo;huile d&rsquo;\u00e9meu de Y-Not Natural, m\u00e9ticuleusement fabriqu\u00e9e dans une usine d&rsquo;\u00e9quarrissage pharmaceutique de classe mondiale et fi\u00e8rement certifi\u00e9e par la tr\u00e8s estim\u00e9e Therapeutic Goods Association (TGA) et l&rsquo;accr\u00e9ditation de s\u00e9curit\u00e9 alimentaire HACCP Australia. Il s&rsquo;agit d&rsquo;une reconnaissance de l&rsquo;excellence en mati\u00e8re de s\u00e9curit\u00e9 alimentaire, qui [&hellip;]<\/p>\n","protected":false},"author":1,"featured_media":0,"parent":1829,"menu_order":0,"comment_status":"closed","ping_status":"closed","template":"","meta":{"footnotes":""},"class_list":["post-1501","page","type-page","status-publish","hentry"],"yoast_head":"<!-- This site is optimized with the Yoast SEO plugin v27.4 - https:\/\/yoast.com\/product\/yoast-seo-wordpress\/ -->\n<title>Qualit\u00e9 et fabrication - Emu Bird Oil<\/title>\n<meta name=\"robots\" content=\"index, follow, max-snippet:-1, max-image-preview:large, max-video-preview:-1\" \/>\n<link rel=\"canonical\" href=\"https:\/\/emubirdoil.com\/fr\/huile-demeu\/qualite-et-fabrication\/\" \/>\n<meta property=\"og:locale\" content=\"fr_FR\" \/>\n<meta property=\"og:type\" content=\"article\" \/>\n<meta property=\"og:title\" content=\"Qualit\u00e9 et fabrication - Emu Bird Oil\" \/>\n<meta property=\"og:description\" content=\"L&rsquo;excellence pharmaceutique Processus de fabrication D\u00e9couvrez la qualit\u00e9 sup\u00e9rieure de l&rsquo;huile d&rsquo;\u00e9meu de Y-Not Natural, m\u00e9ticuleusement fabriqu\u00e9e dans une usine d&rsquo;\u00e9quarrissage pharmaceutique de classe mondiale et fi\u00e8rement certifi\u00e9e par la tr\u00e8s estim\u00e9e Therapeutic Goods Association (TGA) et l&rsquo;accr\u00e9ditation de s\u00e9curit\u00e9 alimentaire HACCP Australia. Il s&rsquo;agit d&rsquo;une reconnaissance de l&rsquo;excellence en mati\u00e8re de s\u00e9curit\u00e9 alimentaire, qui [&hellip;]\" \/>\n<meta property=\"og:url\" content=\"https:\/\/emubirdoil.com\/fr\/huile-demeu\/qualite-et-fabrication\/\" \/>\n<meta property=\"og:site_name\" content=\"Emu Bird Oil\" \/>\n<meta property=\"article:modified_time\" content=\"2024-02-01T20:29:13+00:00\" \/>\n<meta name=\"twitter:card\" content=\"summary_large_image\" \/>\n<meta name=\"twitter:label1\" content=\"Dur\u00e9e de lecture estim\u00e9e\" \/>\n\t<meta name=\"twitter:data1\" content=\"1 minute\" \/>\n<script type=\"application\/ld+json\" class=\"yoast-schema-graph\">{\"@context\":\"https:\\\/\\\/schema.org\",\"@graph\":[{\"@type\":\"WebPage\",\"@id\":\"https:\\\/\\\/emubirdoil.com\\\/fr\\\/huile-demeu\\\/qualite-et-fabrication\\\/\",\"url\":\"https:\\\/\\\/emubirdoil.com\\\/fr\\\/huile-demeu\\\/qualite-et-fabrication\\\/\",\"name\":\"Qualit\u00e9 et fabrication - Emu Bird Oil\",\"isPartOf\":{\"@id\":\"https:\\\/\\\/emubirdoil.com\\\/fr\\\/#website\"},\"datePublished\":\"2023-12-12T09:43:16+00:00\",\"dateModified\":\"2024-02-01T20:29:13+00:00\",\"breadcrumb\":{\"@id\":\"https:\\\/\\\/emubirdoil.com\\\/fr\\\/huile-demeu\\\/qualite-et-fabrication\\\/#breadcrumb\"},\"inLanguage\":\"fr-FR\",\"potentialAction\":[{\"@type\":\"ReadAction\",\"target\":[\"https:\\\/\\\/emubirdoil.com\\\/fr\\\/huile-demeu\\\/qualite-et-fabrication\\\/\"]}]},{\"@type\":\"BreadcrumbList\",\"@id\":\"https:\\\/\\\/emubirdoil.com\\\/fr\\\/huile-demeu\\\/qualite-et-fabrication\\\/#breadcrumb\",\"itemListElement\":[{\"@type\":\"ListItem\",\"position\":1,\"name\":\"Home\",\"item\":\"https:\\\/\\\/emubirdoil.com\\\/fr\\\/accueil\\\/\"},{\"@type\":\"ListItem\",\"position\":2,\"name\":\"Huile d&#8217;\u00e9meu\",\"item\":\"https:\\\/\\\/emubirdoil.com\\\/fr\\\/huile-demeu\\\/\"},{\"@type\":\"ListItem\",\"position\":3,\"name\":\"Qualit\u00e9 et fabrication\"}]},{\"@type\":\"WebSite\",\"@id\":\"https:\\\/\\\/emubirdoil.com\\\/fr\\\/#website\",\"url\":\"https:\\\/\\\/emubirdoil.com\\\/fr\\\/\",\"name\":\"Emu Bird Oil YNot Natural\",\"description\":\"Explore premium Emu Bird Oil for natural skincare and pain relief. Pure, effective, and sustainably sourced. Order now for wellness transformation!\",\"publisher\":{\"@id\":\"https:\\\/\\\/emubirdoil.com\\\/fr\\\/#organization\"},\"potentialAction\":[{\"@type\":\"SearchAction\",\"target\":{\"@type\":\"EntryPoint\",\"urlTemplate\":\"https:\\\/\\\/emubirdoil.com\\\/fr\\\/?s={search_term_string}\"},\"query-input\":{\"@type\":\"PropertyValueSpecification\",\"valueRequired\":true,\"valueName\":\"search_term_string\"}}],\"inLanguage\":\"fr-FR\"},{\"@type\":\"Organization\",\"@id\":\"https:\\\/\\\/emubirdoil.com\\\/fr\\\/#organization\",\"name\":\"Emu Bird Oil YNot Natural\",\"url\":\"https:\\\/\\\/emubirdoil.com\\\/fr\\\/\",\"logo\":{\"@type\":\"ImageObject\",\"inLanguage\":\"fr-FR\",\"@id\":\"https:\\\/\\\/emubirdoil.com\\\/fr\\\/#\\\/schema\\\/logo\\\/image\\\/\",\"url\":\"https:\\\/\\\/emubirdoil.com\\\/wp-content\\\/uploads\\\/2023\\\/12\\\/Emu-bird-oil-LOGO.png\",\"contentUrl\":\"https:\\\/\\\/emubirdoil.com\\\/wp-content\\\/uploads\\\/2023\\\/12\\\/Emu-bird-oil-LOGO.png\",\"width\":320,\"height\":172,\"caption\":\"Emu Bird Oil YNot Natural\"},\"image\":{\"@id\":\"https:\\\/\\\/emubirdoil.com\\\/fr\\\/#\\\/schema\\\/logo\\\/image\\\/\"}}]}<\/script>\n<!-- \/ Yoast SEO plugin. -->","yoast_head_json":{"title":"Qualit\u00e9 et fabrication - Emu Bird Oil","robots":{"index":"index","follow":"follow","max-snippet":"max-snippet:-1","max-image-preview":"max-image-preview:large","max-video-preview":"max-video-preview:-1"},"canonical":"https:\/\/emubirdoil.com\/fr\/huile-demeu\/qualite-et-fabrication\/","og_locale":"fr_FR","og_type":"article","og_title":"Qualit\u00e9 et fabrication - Emu Bird Oil","og_description":"L&rsquo;excellence pharmaceutique Processus de fabrication D\u00e9couvrez la qualit\u00e9 sup\u00e9rieure de l&rsquo;huile d&rsquo;\u00e9meu de Y-Not Natural, m\u00e9ticuleusement fabriqu\u00e9e dans une usine d&rsquo;\u00e9quarrissage pharmaceutique de classe mondiale et fi\u00e8rement certifi\u00e9e par la tr\u00e8s estim\u00e9e Therapeutic Goods Association (TGA) et l&rsquo;accr\u00e9ditation de s\u00e9curit\u00e9 alimentaire HACCP Australia. Il s&rsquo;agit d&rsquo;une reconnaissance de l&rsquo;excellence en mati\u00e8re de s\u00e9curit\u00e9 alimentaire, qui [&hellip;]","og_url":"https:\/\/emubirdoil.com\/fr\/huile-demeu\/qualite-et-fabrication\/","og_site_name":"Emu Bird Oil","article_modified_time":"2024-02-01T20:29:13+00:00","twitter_card":"summary_large_image","twitter_misc":{"Dur\u00e9e de lecture estim\u00e9e":"1 minute"},"schema":{"@context":"https:\/\/schema.org","@graph":[{"@type":"WebPage","@id":"https:\/\/emubirdoil.com\/fr\/huile-demeu\/qualite-et-fabrication\/","url":"https:\/\/emubirdoil.com\/fr\/huile-demeu\/qualite-et-fabrication\/","name":"Qualit\u00e9 et fabrication - Emu Bird Oil","isPartOf":{"@id":"https:\/\/emubirdoil.com\/fr\/#website"},"datePublished":"2023-12-12T09:43:16+00:00","dateModified":"2024-02-01T20:29:13+00:00","breadcrumb":{"@id":"https:\/\/emubirdoil.com\/fr\/huile-demeu\/qualite-et-fabrication\/#breadcrumb"},"inLanguage":"fr-FR","potentialAction":[{"@type":"ReadAction","target":["https:\/\/emubirdoil.com\/fr\/huile-demeu\/qualite-et-fabrication\/"]}]},{"@type":"BreadcrumbList","@id":"https:\/\/emubirdoil.com\/fr\/huile-demeu\/qualite-et-fabrication\/#breadcrumb","itemListElement":[{"@type":"ListItem","position":1,"name":"Home","item":"https:\/\/emubirdoil.com\/fr\/accueil\/"},{"@type":"ListItem","position":2,"name":"Huile d&#8217;\u00e9meu","item":"https:\/\/emubirdoil.com\/fr\/huile-demeu\/"},{"@type":"ListItem","position":3,"name":"Qualit\u00e9 et fabrication"}]},{"@type":"WebSite","@id":"https:\/\/emubirdoil.com\/fr\/#website","url":"https:\/\/emubirdoil.com\/fr\/","name":"Emu Bird Oil YNot Natural","description":"Explore premium Emu Bird Oil for natural skincare and pain relief. Pure, effective, and sustainably sourced. Order now for wellness transformation!","publisher":{"@id":"https:\/\/emubirdoil.com\/fr\/#organization"},"potentialAction":[{"@type":"SearchAction","target":{"@type":"EntryPoint","urlTemplate":"https:\/\/emubirdoil.com\/fr\/?s={search_term_string}"},"query-input":{"@type":"PropertyValueSpecification","valueRequired":true,"valueName":"search_term_string"}}],"inLanguage":"fr-FR"},{"@type":"Organization","@id":"https:\/\/emubirdoil.com\/fr\/#organization","name":"Emu Bird Oil YNot Natural","url":"https:\/\/emubirdoil.com\/fr\/","logo":{"@type":"ImageObject","inLanguage":"fr-FR","@id":"https:\/\/emubirdoil.com\/fr\/#\/schema\/logo\/image\/","url":"https:\/\/emubirdoil.com\/wp-content\/uploads\/2023\/12\/Emu-bird-oil-LOGO.png","contentUrl":"https:\/\/emubirdoil.com\/wp-content\/uploads\/2023\/12\/Emu-bird-oil-LOGO.png","width":320,"height":172,"caption":"Emu Bird Oil YNot Natural"},"image":{"@id":"https:\/\/emubirdoil.com\/fr\/#\/schema\/logo\/image\/"}}]}},"_links":{"self":[{"href":"https:\/\/emubirdoil.com\/fr\/wp-json\/wp\/v2\/pages\/1501","targetHints":{"allow":["GET"]}}],"collection":[{"href":"https:\/\/emubirdoil.com\/fr\/wp-json\/wp\/v2\/pages"}],"about":[{"href":"https:\/\/emubirdoil.com\/fr\/wp-json\/wp\/v2\/types\/page"}],"author":[{"embeddable":true,"href":"https:\/\/emubirdoil.com\/fr\/wp-json\/wp\/v2\/users\/1"}],"replies":[{"embeddable":true,"href":"https:\/\/emubirdoil.com\/fr\/wp-json\/wp\/v2\/comments?post=1501"}],"version-history":[{"count":2,"href":"https:\/\/emubirdoil.com\/fr\/wp-json\/wp\/v2\/pages\/1501\/revisions"}],"predecessor-version":[{"id":1548,"href":"https:\/\/emubirdoil.com\/fr\/wp-json\/wp\/v2\/pages\/1501\/revisions\/1548"}],"up":[{"embeddable":true,"href":"https:\/\/emubirdoil.com\/fr\/wp-json\/wp\/v2\/pages\/1829"}],"wp:attachment":[{"href":"https:\/\/emubirdoil.com\/fr\/wp-json\/wp\/v2\/media?parent=1501"}],"curies":[{"name":"wp","href":"https:\/\/api.w.org\/{rel}","templated":true}]}}