{"id":2379,"date":"2025-03-08T08:35:08","date_gmt":"2025-03-08T08:35:08","guid":{"rendered":"https:\/\/emubirdoil.com\/product\/aceite-de-emu-ecologico-100-puro-60ml\/"},"modified":"2026-01-20T18:07:55","modified_gmt":"2026-01-20T18:07:55","slug":"aceite-de-emu-ecologico-100-puro-60ml","status":"publish","type":"product","link":"https:\/\/emubirdoil.com\/es\/producto\/aceite-de-emu-ecologico-100-puro-60ml\/","title":{"rendered":"Aceite de Em\u00fa Ecol\u00f3gico 100% Puro 60ml"},"content":{"rendered":"<p>YNOT Natural Omega369 El aceite de em\u00fa es una de las sinergias m\u00e1s potentes de \u00e1cidos grasos, vitaminas, minerales y neurotransmisores. El aceite de em\u00fa australiano es ampliamente reconocido por sus cualidades \u00fanicas, que incluyen propiedades antiinflamatorias y penetrabilidad en la piel, lo que lo convierte en uno de los aceites terap\u00e9uticos naturales m\u00e1s utilizados en Australia desde hace m\u00e1s de mil a\u00f1os por las culturas ind\u00edgenas.<\/p>\n<p>El em\u00fa como especie se remonta aprox. 40 millones de a\u00f1os a la era sauria y su aceite ha sido -y sigue siendo- utilizado por los abor\u00edgenes australianos desde hace m\u00e1s de 40 000 a\u00f1os como proveedor de alimentos y medicinas. El aceite de em\u00fa es una de las sinergias m\u00e1s potentes de \u00e1cidos grasos, vitaminas, minerales, neurotransmisores y muchos otros componentes a\u00fan no identificados. Es LA sustancia que proporciona vida a la especie.<\/p>\n<p>Nuestro aceite de em\u00fa se procesa en una planta de transformaci\u00f3n farmac\u00e9utica de nivel mundial registrada en la Therapeutic Goods Association (TGA) y con la acreditaci\u00f3n de seguridad alimentaria HACCP Australia. Es la \u00fanica empresa de aceite de em\u00fa del mundo que tiene acceso directo a las pruebas de actividad biol\u00f3gica del aceite de em\u00fa.<\/p>\n<p>&nbsp;<\/p>\n<p><img decoding=\"async\" class=\"alignnone size-full wp-image-307\" src=\"https:\/\/emubirdoil.com\/wp-content\/uploads\/2024\/01\/YNN-logo%C2%AEname_lge-2-300x121.jpg.webp\" alt=\"\" width=\"300\" height=\"121\"><\/p>\n<p><strong>Fabricaci\u00f3n y calidad farmac\u00e9uticas<\/strong><br \/>\nNuestro aceite de em\u00fa se procesa en una planta de transformaci\u00f3n farmac\u00e9utica de nivel mundial registrada en la Therapeutic Goods Association (TGA) y con la acreditaci\u00f3n de seguridad alimentaria HACCP Australia. Somos la \u00fanica empresa de aceite de em\u00fa del mundo que tiene acceso directo a las pruebas de actividad biol\u00f3gica del aceite de em\u00fa.<\/p>\n<p>Nuestros em\u00fas se cr\u00edan en un entorno libre de estr\u00e9s y en libertad; s\u00f3lo los mejores y m\u00e1s limpios piensos producen un aceite biol\u00f3gicamente muy activo. Los antibi\u00f3ticos, las vacunas y las hormonas de crecimiento est\u00e1n excluidos de la producci\u00f3n.<\/p>\n<p><strong>Beneficios clave del aceite de em\u00fa 100% puro YNotNatural<\/strong><\/p>\n<ul>\n<li>Antiinflamatorio &#8211; Reduce la hinchaz\u00f3n y la inflamaci\u00f3n del eczema.<\/li>\n<li>Hipoalerg\u00e9nico &#8211; No causa irritaci\u00f3n cut\u00e1nea ni tiene efectos secundarios, ideal para personas con piel sensible y erupciones cut\u00e1neas.<\/li>\n<li>Altamente penetrante &#8211; No graso, se absorbe en la piel sin dejar sensaci\u00f3n grasa ni residuos<\/li>\n<li>No comedog\u00e9nico &#8211; El aceite de em\u00fa puro no obstruye los poros<\/li>\n<\/ul>\n<p><strong>Eficaz para una variedad de dolencias de la piel:<\/strong><\/p>\n<ul>\n<li>Eczema y psoriasis<\/li>\n<li>Erupciones cut\u00e1neas<\/li>\n<li>Piel seca<\/li>\n<li>Arrugas faciales, antienvejecimiento o piel sensible<\/li>\n<li>Quemaduras solares<\/li>\n<li>Estr\u00edas<\/li>\n<li>Cicatrices<\/li>\n<\/ul>\n<p><strong>Modo de empleo:<\/strong><\/p>\n<p>Aplicar con las manos sobre la zona deseada. Aplique m\u00e1s aceite de em\u00fa si es necesario para cubrir toda la zona. No es necesario frotar el aceite hasta el final, ya que este aceite de em\u00fa es un aceite penetrante y se absorbe en la piel por s\u00ed solo. La piel no debe quedar grasa al terminar. Si es as\u00ed, es probable que haya utilizado demasiada. Basta con reducir la cantidad que utilice la pr\u00f3xima vez.<\/p>\n<div style=\"width: 720px;\" class=\"wp-video\"><video class=\"wp-video-shortcode\" id=\"video-2379-1\" width=\"720\" height=\"720\" preload=\"metadata\" controls=\"controls\"><source type=\"video\/mp4\" src=\"https:\/\/emubirdoil.com\/wp-content\/uploads\/2024\/01\/Apply-Emu-oil.mp4?_=1\" \/><a href=\"https:\/\/emubirdoil.com\/wp-content\/uploads\/2024\/01\/Apply-Emu-oil.mp4\">https:\/\/emubirdoil.com\/wp-content\/uploads\/2024\/01\/Apply-Emu-oil.mp4<\/a><\/video><\/div>\n<p>&nbsp;<\/p>\n","protected":false},"excerpt":{"rendered":"<p>Y-Not Natural- Aceite de Em\u00fa Bio Farmac\u00e9utico 100% Puro 200ml<br \/>\nAceite aborigen libre de Omega 3, 6 y 9 con infusi\u00f3n de lavanda para el cuidado hipoalerg\u00e9nico de la piel, el cabello y la cicatrizaci\u00f3n<\/p>\n<ul>\n<li>Apto para ni\u00f1os, adultos y ancianos<\/li>\n<li>Rico en vitaminas K, E y A, \u00e1cidos grasos esenciales Omega 3,6 y 9<\/li>\n<li>Aceite de em\u00fa org\u00e1nico 100% puro australiano criado en libertad<\/li>\n<li>Alivio antiinflamatorio natural sin esteroides.<\/li>\n<li>Alivio natural sin escozor para erupciones cut\u00e1neas, ros\u00e1cea, psoriasis, eczema y TSW, a diferencia de la mayor\u00eda de lociones y cremas que escuecen.<\/li>\n<li>Puede utilizarse para aliviar dolores articulares, prevenir arrugas y ayuda a la cicatrizaci\u00f3n natural de cicatrices y pigmentaciones<\/li>\n<li>Probado por muchos enfermos de eczema grave<\/li>\n<li>Sin perfume: no contiene fragancia ni ning\u00fan otro ingrediente aparte del aceite de em\u00fa puro ecol\u00f3gico.<\/li>\n<li>Ganador del premio a los \u00abMejores productos ecol\u00f3gicos \/ naturales &#8211; Mejor aceite corporal\u00bb<\/li>\n<\/ul>\n<p><strong>Ingredientes<\/strong>: Aceite de em\u00fa 100% puro de alta calidad farmac\u00e9utica.<\/p>\n<p>&nbsp;<\/p>\n","protected":false},"featured_media":3064,"comment_status":"open","ping_status":"closed","template":"","meta":[],"product_brand":[],"product_cat":[75],"product_tag":[],"class_list":{"0":"post-2379","1":"product","2":"type-product","3":"status-publish","4":"has-post-thumbnail","6":"product_cat-y-no-natural","8":"first","9":"instock","10":"sale","11":"shipping-taxable","12":"purchasable","13":"product-type-simple"},"yoast_head":"<!-- This site is optimized with the Yoast SEO plugin v27.4 - https:\/\/yoast.com\/product\/yoast-seo-wordpress\/ -->\n<title>Aceite de Em\u00fa Ecol\u00f3gico 100% Puro 60ml - Emu Bird Oil<\/title>\n<meta name=\"robots\" content=\"index, follow, max-snippet:-1, max-image-preview:large, max-video-preview:-1\" \/>\n<link rel=\"canonical\" href=\"https:\/\/emubirdoil.com\/es\/producto\/aceite-de-emu-ecologico-100-puro-60ml\/\" \/>\n<meta property=\"og:locale\" content=\"es_ES\" \/>\n<meta property=\"og:type\" content=\"article\" \/>\n<meta property=\"og:title\" content=\"Aceite de Em\u00fa Ecol\u00f3gico 100% Puro 60ml - Emu Bird Oil\" \/>\n<meta property=\"og:description\" content=\"Y-Not Natural- Aceite de Em\u00fa Bio Farmac\u00e9utico 100% Puro 200ml Aceite aborigen libre de Omega 3, 6 y 9 con infusi\u00f3n de lavanda para el cuidado hipoalerg\u00e9nico de la piel, el cabello y la cicatrizaci\u00f3n  Apto para ni\u00f1os, adultos y ancianos  Rico en vitaminas K, E y A, \u00e1cidos grasos esenciales Omega 3,6 y 9  Aceite de em\u00fa org\u00e1nico 100% puro australiano criado en libertad  Alivio antiinflamatorio natural sin esteroides.  Alivio natural sin escozor para erupciones cut\u00e1neas, ros\u00e1cea, psoriasis, eczema y TSW, a diferencia de la mayor\u00eda de lociones y cremas que escuecen.  Puede utilizarse para aliviar dolores articulares, prevenir arrugas y ayuda a la cicatrizaci\u00f3n natural de cicatrices y pigmentaciones  Probado por muchos enfermos de eczema grave  Sin perfume: no contiene fragancia ni ning\u00fan otro ingrediente aparte del aceite de em\u00fa puro ecol\u00f3gico.  Ganador del premio a los &quot;Mejores productos ecol\u00f3gicos \/ naturales - Mejor aceite corporal&quot; Ingredientes: Aceite de em\u00fa 100% puro de alta calidad farmac\u00e9utica. &nbsp;\" \/>\n<meta property=\"og:url\" content=\"https:\/\/emubirdoil.com\/es\/producto\/aceite-de-emu-ecologico-100-puro-60ml\/\" \/>\n<meta property=\"og:site_name\" content=\"Emu Bird Oil\" \/>\n<meta property=\"article:modified_time\" content=\"2026-01-20T18:07:55+00:00\" \/>\n<meta property=\"og:image\" content=\"https:\/\/emubirdoil.com\/wp-content\/uploads\/2024\/01\/61LN-GRMpbS._AC_SX522_.jpg\" \/>\n\t<meta property=\"og:image:width\" content=\"522\" \/>\n\t<meta property=\"og:image:height\" content=\"712\" \/>\n\t<meta property=\"og:image:type\" content=\"image\/jpeg\" \/>\n<meta name=\"twitter:card\" content=\"summary_large_image\" \/>\n<meta name=\"twitter:label1\" content=\"Tiempo de lectura\" \/>\n\t<meta name=\"twitter:data1\" content=\"3 minutos\" \/>\n<script type=\"application\/ld+json\" class=\"yoast-schema-graph\">{\"@context\":\"https:\\\/\\\/schema.org\",\"@graph\":[{\"@type\":\"WebPage\",\"@id\":\"https:\\\/\\\/emubirdoil.com\\\/es\\\/producto\\\/aceite-de-emu-ecologico-100-puro-60ml\\\/\",\"url\":\"https:\\\/\\\/emubirdoil.com\\\/es\\\/producto\\\/aceite-de-emu-ecologico-100-puro-60ml\\\/\",\"name\":\"Aceite de Em\u00fa Ecol\u00f3gico 100% Puro 60ml - Emu Bird Oil\",\"isPartOf\":{\"@id\":\"https:\\\/\\\/emubirdoil.com\\\/es\\\/#website\"},\"primaryImageOfPage\":{\"@id\":\"https:\\\/\\\/emubirdoil.com\\\/es\\\/producto\\\/aceite-de-emu-ecologico-100-puro-60ml\\\/#primaryimage\"},\"image\":{\"@id\":\"https:\\\/\\\/emubirdoil.com\\\/es\\\/producto\\\/aceite-de-emu-ecologico-100-puro-60ml\\\/#primaryimage\"},\"thumbnailUrl\":\"https:\\\/\\\/emubirdoil.com\\\/wp-content\\\/uploads\\\/2025\\\/03\\\/100-pure-emu-oil-for-hypoallergenic-skin-care-hair-and-healing-all-natural-source-of-vitamin-k2-1.jpg\",\"datePublished\":\"2025-03-08T08:35:08+00:00\",\"dateModified\":\"2026-01-20T18:07:55+00:00\",\"breadcrumb\":{\"@id\":\"https:\\\/\\\/emubirdoil.com\\\/es\\\/producto\\\/aceite-de-emu-ecologico-100-puro-60ml\\\/#breadcrumb\"},\"inLanguage\":\"es\",\"potentialAction\":[{\"@type\":\"ReadAction\",\"target\":[\"https:\\\/\\\/emubirdoil.com\\\/es\\\/producto\\\/aceite-de-emu-ecologico-100-puro-60ml\\\/\"]}]},{\"@type\":\"ImageObject\",\"inLanguage\":\"es\",\"@id\":\"https:\\\/\\\/emubirdoil.com\\\/es\\\/producto\\\/aceite-de-emu-ecologico-100-puro-60ml\\\/#primaryimage\",\"url\":\"https:\\\/\\\/emubirdoil.com\\\/wp-content\\\/uploads\\\/2025\\\/03\\\/100-pure-emu-oil-for-hypoallergenic-skin-care-hair-and-healing-all-natural-source-of-vitamin-k2-1.jpg\",\"contentUrl\":\"https:\\\/\\\/emubirdoil.com\\\/wp-content\\\/uploads\\\/2025\\\/03\\\/100-pure-emu-oil-for-hypoallergenic-skin-care-hair-and-healing-all-natural-source-of-vitamin-k2-1.jpg\",\"width\":458,\"height\":458},{\"@type\":\"BreadcrumbList\",\"@id\":\"https:\\\/\\\/emubirdoil.com\\\/es\\\/producto\\\/aceite-de-emu-ecologico-100-puro-60ml\\\/#breadcrumb\",\"itemListElement\":[{\"@type\":\"ListItem\",\"position\":1,\"name\":\"Home\",\"item\":\"https:\\\/\\\/emubirdoil.com\\\/es\\\/inicio\\\/\"},{\"@type\":\"ListItem\",\"position\":2,\"name\":\"Tienda\",\"item\":\"https:\\\/\\\/emubirdoil.com\\\/es\\\/tienda\\\/\"},{\"@type\":\"ListItem\",\"position\":3,\"name\":\"Aceite de Em\u00fa Ecol\u00f3gico 100% Puro 60ml\"}]},{\"@type\":\"WebSite\",\"@id\":\"https:\\\/\\\/emubirdoil.com\\\/es\\\/#website\",\"url\":\"https:\\\/\\\/emubirdoil.com\\\/es\\\/\",\"name\":\"Emu Bird Oil YNot Natural\",\"description\":\"Explore premium Emu Bird Oil for natural skincare and pain relief. Pure, effective, and sustainably sourced. Order now for wellness transformation!\",\"publisher\":{\"@id\":\"https:\\\/\\\/emubirdoil.com\\\/es\\\/#organization\"},\"potentialAction\":[{\"@type\":\"SearchAction\",\"target\":{\"@type\":\"EntryPoint\",\"urlTemplate\":\"https:\\\/\\\/emubirdoil.com\\\/es\\\/?s={search_term_string}\"},\"query-input\":{\"@type\":\"PropertyValueSpecification\",\"valueRequired\":true,\"valueName\":\"search_term_string\"}}],\"inLanguage\":\"es\"},{\"@type\":\"Organization\",\"@id\":\"https:\\\/\\\/emubirdoil.com\\\/es\\\/#organization\",\"name\":\"Emu Bird Oil YNot Natural\",\"url\":\"https:\\\/\\\/emubirdoil.com\\\/es\\\/\",\"logo\":{\"@type\":\"ImageObject\",\"inLanguage\":\"es\",\"@id\":\"https:\\\/\\\/emubirdoil.com\\\/es\\\/#\\\/schema\\\/logo\\\/image\\\/\",\"url\":\"https:\\\/\\\/emubirdoil.com\\\/wp-content\\\/uploads\\\/2023\\\/12\\\/Emu-bird-oil-LOGO.png\",\"contentUrl\":\"https:\\\/\\\/emubirdoil.com\\\/wp-content\\\/uploads\\\/2023\\\/12\\\/Emu-bird-oil-LOGO.png\",\"width\":320,\"height\":172,\"caption\":\"Emu Bird Oil YNot Natural\"},\"image\":{\"@id\":\"https:\\\/\\\/emubirdoil.com\\\/es\\\/#\\\/schema\\\/logo\\\/image\\\/\"}}]}<\/script>\n<!-- \/ Yoast SEO plugin. -->","yoast_head_json":{"title":"Aceite de Em\u00fa Ecol\u00f3gico 100% Puro 60ml - Emu Bird Oil","robots":{"index":"index","follow":"follow","max-snippet":"max-snippet:-1","max-image-preview":"max-image-preview:large","max-video-preview":"max-video-preview:-1"},"canonical":"https:\/\/emubirdoil.com\/es\/producto\/aceite-de-emu-ecologico-100-puro-60ml\/","og_locale":"es_ES","og_type":"article","og_title":"Aceite de Em\u00fa Ecol\u00f3gico 100% Puro 60ml - Emu Bird Oil","og_description":"Y-Not Natural- Aceite de Em\u00fa Bio Farmac\u00e9utico 100% Puro 200ml Aceite aborigen libre de Omega 3, 6 y 9 con infusi\u00f3n de lavanda para el cuidado hipoalerg\u00e9nico de la piel, el cabello y la cicatrizaci\u00f3n  Apto para ni\u00f1os, adultos y ancianos  Rico en vitaminas K, E y A, \u00e1cidos grasos esenciales Omega 3,6 y 9  Aceite de em\u00fa org\u00e1nico 100% puro australiano criado en libertad  Alivio antiinflamatorio natural sin esteroides.  Alivio natural sin escozor para erupciones cut\u00e1neas, ros\u00e1cea, psoriasis, eczema y TSW, a diferencia de la mayor\u00eda de lociones y cremas que escuecen.  Puede utilizarse para aliviar dolores articulares, prevenir arrugas y ayuda a la cicatrizaci\u00f3n natural de cicatrices y pigmentaciones  Probado por muchos enfermos de eczema grave  Sin perfume: no contiene fragancia ni ning\u00fan otro ingrediente aparte del aceite de em\u00fa puro ecol\u00f3gico.  Ganador del premio a los \"Mejores productos ecol\u00f3gicos \/ naturales - Mejor aceite corporal\" Ingredientes: Aceite de em\u00fa 100% puro de alta calidad farmac\u00e9utica. &nbsp;","og_url":"https:\/\/emubirdoil.com\/es\/producto\/aceite-de-emu-ecologico-100-puro-60ml\/","og_site_name":"Emu Bird Oil","article_modified_time":"2026-01-20T18:07:55+00:00","og_image":[{"width":522,"height":712,"url":"https:\/\/emubirdoil.com\/wp-content\/uploads\/2024\/01\/61LN-GRMpbS._AC_SX522_.jpg","type":"image\/jpeg"}],"twitter_card":"summary_large_image","twitter_misc":{"Tiempo de lectura":"3 minutos"},"schema":{"@context":"https:\/\/schema.org","@graph":[{"@type":"WebPage","@id":"https:\/\/emubirdoil.com\/es\/producto\/aceite-de-emu-ecologico-100-puro-60ml\/","url":"https:\/\/emubirdoil.com\/es\/producto\/aceite-de-emu-ecologico-100-puro-60ml\/","name":"Aceite de Em\u00fa Ecol\u00f3gico 100% Puro 60ml - Emu Bird Oil","isPartOf":{"@id":"https:\/\/emubirdoil.com\/es\/#website"},"primaryImageOfPage":{"@id":"https:\/\/emubirdoil.com\/es\/producto\/aceite-de-emu-ecologico-100-puro-60ml\/#primaryimage"},"image":{"@id":"https:\/\/emubirdoil.com\/es\/producto\/aceite-de-emu-ecologico-100-puro-60ml\/#primaryimage"},"thumbnailUrl":"https:\/\/emubirdoil.com\/wp-content\/uploads\/2025\/03\/100-pure-emu-oil-for-hypoallergenic-skin-care-hair-and-healing-all-natural-source-of-vitamin-k2-1.jpg","datePublished":"2025-03-08T08:35:08+00:00","dateModified":"2026-01-20T18:07:55+00:00","breadcrumb":{"@id":"https:\/\/emubirdoil.com\/es\/producto\/aceite-de-emu-ecologico-100-puro-60ml\/#breadcrumb"},"inLanguage":"es","potentialAction":[{"@type":"ReadAction","target":["https:\/\/emubirdoil.com\/es\/producto\/aceite-de-emu-ecologico-100-puro-60ml\/"]}]},{"@type":"ImageObject","inLanguage":"es","@id":"https:\/\/emubirdoil.com\/es\/producto\/aceite-de-emu-ecologico-100-puro-60ml\/#primaryimage","url":"https:\/\/emubirdoil.com\/wp-content\/uploads\/2025\/03\/100-pure-emu-oil-for-hypoallergenic-skin-care-hair-and-healing-all-natural-source-of-vitamin-k2-1.jpg","contentUrl":"https:\/\/emubirdoil.com\/wp-content\/uploads\/2025\/03\/100-pure-emu-oil-for-hypoallergenic-skin-care-hair-and-healing-all-natural-source-of-vitamin-k2-1.jpg","width":458,"height":458},{"@type":"BreadcrumbList","@id":"https:\/\/emubirdoil.com\/es\/producto\/aceite-de-emu-ecologico-100-puro-60ml\/#breadcrumb","itemListElement":[{"@type":"ListItem","position":1,"name":"Home","item":"https:\/\/emubirdoil.com\/es\/inicio\/"},{"@type":"ListItem","position":2,"name":"Tienda","item":"https:\/\/emubirdoil.com\/es\/tienda\/"},{"@type":"ListItem","position":3,"name":"Aceite de Em\u00fa Ecol\u00f3gico 100% Puro 60ml"}]},{"@type":"WebSite","@id":"https:\/\/emubirdoil.com\/es\/#website","url":"https:\/\/emubirdoil.com\/es\/","name":"Emu Bird Oil YNot Natural","description":"Explore premium Emu Bird Oil for natural skincare and pain relief. Pure, effective, and sustainably sourced. Order now for wellness transformation!","publisher":{"@id":"https:\/\/emubirdoil.com\/es\/#organization"},"potentialAction":[{"@type":"SearchAction","target":{"@type":"EntryPoint","urlTemplate":"https:\/\/emubirdoil.com\/es\/?s={search_term_string}"},"query-input":{"@type":"PropertyValueSpecification","valueRequired":true,"valueName":"search_term_string"}}],"inLanguage":"es"},{"@type":"Organization","@id":"https:\/\/emubirdoil.com\/es\/#organization","name":"Emu Bird Oil YNot Natural","url":"https:\/\/emubirdoil.com\/es\/","logo":{"@type":"ImageObject","inLanguage":"es","@id":"https:\/\/emubirdoil.com\/es\/#\/schema\/logo\/image\/","url":"https:\/\/emubirdoil.com\/wp-content\/uploads\/2023\/12\/Emu-bird-oil-LOGO.png","contentUrl":"https:\/\/emubirdoil.com\/wp-content\/uploads\/2023\/12\/Emu-bird-oil-LOGO.png","width":320,"height":172,"caption":"Emu Bird Oil YNot Natural"},"image":{"@id":"https:\/\/emubirdoil.com\/es\/#\/schema\/logo\/image\/"}}]}},"_links":{"self":[{"href":"https:\/\/emubirdoil.com\/es\/wp-json\/wp\/v2\/product\/2379","targetHints":{"allow":["GET"]}}],"collection":[{"href":"https:\/\/emubirdoil.com\/es\/wp-json\/wp\/v2\/product"}],"about":[{"href":"https:\/\/emubirdoil.com\/es\/wp-json\/wp\/v2\/types\/product"}],"replies":[{"embeddable":true,"href":"https:\/\/emubirdoil.com\/es\/wp-json\/wp\/v2\/comments?post=2379"}],"wp:featuredmedia":[{"embeddable":true,"href":"https:\/\/emubirdoil.com\/es\/wp-json\/wp\/v2\/media\/3064"}],"wp:attachment":[{"href":"https:\/\/emubirdoil.com\/es\/wp-json\/wp\/v2\/media?parent=2379"}],"wp:term":[{"taxonomy":"product_brand","embeddable":true,"href":"https:\/\/emubirdoil.com\/es\/wp-json\/wp\/v2\/product_brand?post=2379"},{"taxonomy":"product_cat","embeddable":true,"href":"https:\/\/emubirdoil.com\/es\/wp-json\/wp\/v2\/product_cat?post=2379"},{"taxonomy":"product_tag","embeddable":true,"href":"https:\/\/emubirdoil.com\/es\/wp-json\/wp\/v2\/product_tag?post=2379"}],"curies":[{"name":"wp","href":"https:\/\/api.w.org\/{rel}","templated":true}]}}