{"id":1721,"date":"2024-01-09T18:09:03","date_gmt":"2024-01-09T18:09:03","guid":{"rendered":"https:\/\/emubirdoil.com\/politica-de-envios\/"},"modified":"2024-02-08T16:26:11","modified_gmt":"2024-02-08T16:26:11","slug":"politica-de-envios","status":"publish","type":"page","link":"https:\/\/emubirdoil.com\/es\/politica-de-envios\/","title":{"rendered":"Pol\u00edtica de env\u00edos"},"content":{"rendered":"\t\t<div data-elementor-type=\"wp-page\" data-elementor-id=\"1721\" class=\"elementor elementor-1721 elementor-288\" data-elementor-post-type=\"page\">\n\t\t\t\t<div class=\"elementor-element elementor-element-6de17350 e-flex e-con-boxed e-con e-parent\" data-id=\"6de17350\" data-element_type=\"container\" data-e-type=\"container\">\n\t\t\t\t\t<div class=\"e-con-inner\">\n\t\t\t\t<div class=\"elementor-element elementor-element-5e1c35cf elementor-widget elementor-widget-heading\" data-id=\"5e1c35cf\" data-element_type=\"widget\" data-e-type=\"widget\" data-widget_type=\"heading.default\">\n\t\t\t\t<div class=\"elementor-widget-container\">\n\t\t\t\t\t<h1 class=\"elementor-heading-title elementor-size-default\">Pol\u00edtica de env\u00edos<\/h1>\t\t\t\t<\/div>\n\t\t\t\t<\/div>\n\t\t\t\t<div class=\"elementor-element elementor-element-380841d elementor-widget elementor-widget-text-editor\" data-id=\"380841d\" data-element_type=\"widget\" data-e-type=\"widget\" data-widget_type=\"text-editor.default\">\n\t\t\t\t<div class=\"elementor-widget-container\">\n\t\t\t\t\t\t\t\t\t<p>El env\u00edo para todos los pedidos superiores a 59,99 EUR adquiridos en la tienda online es gratuito en toda la UE.<\/p><p>El coste de env\u00edo para pedidos inferiores a 59,99 euros es de 5,99 euros.<\/p><p>Los productos pagados de acuerdo con la oferta presentada se entregar\u00e1n al Cliente en un plazo de 2 a 5 d\u00edas h\u00e1biles.<\/p><p>Si desea concertar un plazo de entrega adecuado, escr\u00edbalo en NOTAS para que podamos transmitir su deseo al servicio de entrega.<\/p><p>Proceso de entrega<\/p><p>Los productos se entregan a trav\u00e9s de los servicios de entrega DPD y GLS.<\/p>\t\t\t\t\t\t\t\t<\/div>\n\t\t\t\t<\/div>\n\t\t\t\t\t<\/div>\n\t\t\t\t<\/div>\n\t\t\t\t<\/div>\n\t\t","protected":false},"excerpt":{"rendered":"<p>El env\u00edo para todos los pedidos superiores a 59,99 EUR adquiridos en la tienda online es gratuito en toda la UE. El coste de env\u00edo para pedidos inferiores a 59,99 euros es de 5,99 euros. Los productos pagados de acuerdo con la oferta presentada se entregar\u00e1n al Cliente en un plazo de 2 a 5 [&hellip;]<\/p>\n","protected":false},"author":1,"featured_media":0,"parent":0,"menu_order":0,"comment_status":"closed","ping_status":"closed","template":"","meta":{"footnotes":""},"class_list":["post-1721","page","type-page","status-publish","hentry"],"yoast_head":"<!-- This site is optimized with the Yoast SEO plugin v27.4 - https:\/\/yoast.com\/product\/yoast-seo-wordpress\/ -->\n<title>Pol\u00edtica de env\u00edos - Emu Bird Oil<\/title>\n<meta name=\"robots\" content=\"index, follow, max-snippet:-1, max-image-preview:large, max-video-preview:-1\" \/>\n<link rel=\"canonical\" href=\"https:\/\/emubirdoil.com\/es\/politica-de-envios\/\" \/>\n<meta property=\"og:locale\" content=\"es_ES\" \/>\n<meta property=\"og:type\" content=\"article\" \/>\n<meta property=\"og:title\" content=\"Pol\u00edtica de env\u00edos - Emu Bird Oil\" \/>\n<meta property=\"og:description\" content=\"El env\u00edo para todos los pedidos superiores a 59,99 EUR adquiridos en la tienda online es gratuito en toda la UE. El coste de env\u00edo para pedidos inferiores a 59,99 euros es de 5,99 euros. Los productos pagados de acuerdo con la oferta presentada se entregar\u00e1n al Cliente en un plazo de 2 a 5 [&hellip;]\" \/>\n<meta property=\"og:url\" content=\"https:\/\/emubirdoil.com\/es\/politica-de-envios\/\" \/>\n<meta property=\"og:site_name\" content=\"Emu Bird Oil\" \/>\n<meta property=\"article:modified_time\" content=\"2024-02-08T16:26:11+00:00\" \/>\n<meta name=\"twitter:card\" content=\"summary_large_image\" \/>\n<meta name=\"twitter:label1\" content=\"Tiempo de lectura\" \/>\n\t<meta name=\"twitter:data1\" content=\"1 minuto\" \/>\n<script type=\"application\/ld+json\" class=\"yoast-schema-graph\">{\"@context\":\"https:\\\/\\\/schema.org\",\"@graph\":[{\"@type\":\"WebPage\",\"@id\":\"https:\\\/\\\/emubirdoil.com\\\/es\\\/politica-de-envios\\\/\",\"url\":\"https:\\\/\\\/emubirdoil.com\\\/es\\\/politica-de-envios\\\/\",\"name\":\"Pol\u00edtica de env\u00edos - Emu Bird Oil\",\"isPartOf\":{\"@id\":\"https:\\\/\\\/emubirdoil.com\\\/es\\\/#website\"},\"datePublished\":\"2024-01-09T18:09:03+00:00\",\"dateModified\":\"2024-02-08T16:26:11+00:00\",\"breadcrumb\":{\"@id\":\"https:\\\/\\\/emubirdoil.com\\\/es\\\/politica-de-envios\\\/#breadcrumb\"},\"inLanguage\":\"es\",\"potentialAction\":[{\"@type\":\"ReadAction\",\"target\":[\"https:\\\/\\\/emubirdoil.com\\\/es\\\/politica-de-envios\\\/\"]}]},{\"@type\":\"BreadcrumbList\",\"@id\":\"https:\\\/\\\/emubirdoil.com\\\/es\\\/politica-de-envios\\\/#breadcrumb\",\"itemListElement\":[{\"@type\":\"ListItem\",\"position\":1,\"name\":\"Home\",\"item\":\"https:\\\/\\\/emubirdoil.com\\\/es\\\/inicio\\\/\"},{\"@type\":\"ListItem\",\"position\":2,\"name\":\"Pol\u00edtica de env\u00edos\"}]},{\"@type\":\"WebSite\",\"@id\":\"https:\\\/\\\/emubirdoil.com\\\/es\\\/#website\",\"url\":\"https:\\\/\\\/emubirdoil.com\\\/es\\\/\",\"name\":\"Emu Bird Oil YNot Natural\",\"description\":\"Explore premium Emu Bird Oil for natural skincare and pain relief. Pure, effective, and sustainably sourced. Order now for wellness transformation!\",\"publisher\":{\"@id\":\"https:\\\/\\\/emubirdoil.com\\\/es\\\/#organization\"},\"potentialAction\":[{\"@type\":\"SearchAction\",\"target\":{\"@type\":\"EntryPoint\",\"urlTemplate\":\"https:\\\/\\\/emubirdoil.com\\\/es\\\/?s={search_term_string}\"},\"query-input\":{\"@type\":\"PropertyValueSpecification\",\"valueRequired\":true,\"valueName\":\"search_term_string\"}}],\"inLanguage\":\"es\"},{\"@type\":\"Organization\",\"@id\":\"https:\\\/\\\/emubirdoil.com\\\/es\\\/#organization\",\"name\":\"Emu Bird Oil YNot Natural\",\"url\":\"https:\\\/\\\/emubirdoil.com\\\/es\\\/\",\"logo\":{\"@type\":\"ImageObject\",\"inLanguage\":\"es\",\"@id\":\"https:\\\/\\\/emubirdoil.com\\\/es\\\/#\\\/schema\\\/logo\\\/image\\\/\",\"url\":\"https:\\\/\\\/emubirdoil.com\\\/wp-content\\\/uploads\\\/2023\\\/12\\\/Emu-bird-oil-LOGO.png\",\"contentUrl\":\"https:\\\/\\\/emubirdoil.com\\\/wp-content\\\/uploads\\\/2023\\\/12\\\/Emu-bird-oil-LOGO.png\",\"width\":320,\"height\":172,\"caption\":\"Emu Bird Oil YNot Natural\"},\"image\":{\"@id\":\"https:\\\/\\\/emubirdoil.com\\\/es\\\/#\\\/schema\\\/logo\\\/image\\\/\"}}]}<\/script>\n<!-- \/ Yoast SEO plugin. -->","yoast_head_json":{"title":"Pol\u00edtica de env\u00edos - Emu Bird Oil","robots":{"index":"index","follow":"follow","max-snippet":"max-snippet:-1","max-image-preview":"max-image-preview:large","max-video-preview":"max-video-preview:-1"},"canonical":"https:\/\/emubirdoil.com\/es\/politica-de-envios\/","og_locale":"es_ES","og_type":"article","og_title":"Pol\u00edtica de env\u00edos - Emu Bird Oil","og_description":"El env\u00edo para todos los pedidos superiores a 59,99 EUR adquiridos en la tienda online es gratuito en toda la UE. El coste de env\u00edo para pedidos inferiores a 59,99 euros es de 5,99 euros. Los productos pagados de acuerdo con la oferta presentada se entregar\u00e1n al Cliente en un plazo de 2 a 5 [&hellip;]","og_url":"https:\/\/emubirdoil.com\/es\/politica-de-envios\/","og_site_name":"Emu Bird Oil","article_modified_time":"2024-02-08T16:26:11+00:00","twitter_card":"summary_large_image","twitter_misc":{"Tiempo de lectura":"1 minuto"},"schema":{"@context":"https:\/\/schema.org","@graph":[{"@type":"WebPage","@id":"https:\/\/emubirdoil.com\/es\/politica-de-envios\/","url":"https:\/\/emubirdoil.com\/es\/politica-de-envios\/","name":"Pol\u00edtica de env\u00edos - Emu Bird Oil","isPartOf":{"@id":"https:\/\/emubirdoil.com\/es\/#website"},"datePublished":"2024-01-09T18:09:03+00:00","dateModified":"2024-02-08T16:26:11+00:00","breadcrumb":{"@id":"https:\/\/emubirdoil.com\/es\/politica-de-envios\/#breadcrumb"},"inLanguage":"es","potentialAction":[{"@type":"ReadAction","target":["https:\/\/emubirdoil.com\/es\/politica-de-envios\/"]}]},{"@type":"BreadcrumbList","@id":"https:\/\/emubirdoil.com\/es\/politica-de-envios\/#breadcrumb","itemListElement":[{"@type":"ListItem","position":1,"name":"Home","item":"https:\/\/emubirdoil.com\/es\/inicio\/"},{"@type":"ListItem","position":2,"name":"Pol\u00edtica de env\u00edos"}]},{"@type":"WebSite","@id":"https:\/\/emubirdoil.com\/es\/#website","url":"https:\/\/emubirdoil.com\/es\/","name":"Emu Bird Oil YNot Natural","description":"Explore premium Emu Bird Oil for natural skincare and pain relief. Pure, effective, and sustainably sourced. Order now for wellness transformation!","publisher":{"@id":"https:\/\/emubirdoil.com\/es\/#organization"},"potentialAction":[{"@type":"SearchAction","target":{"@type":"EntryPoint","urlTemplate":"https:\/\/emubirdoil.com\/es\/?s={search_term_string}"},"query-input":{"@type":"PropertyValueSpecification","valueRequired":true,"valueName":"search_term_string"}}],"inLanguage":"es"},{"@type":"Organization","@id":"https:\/\/emubirdoil.com\/es\/#organization","name":"Emu Bird Oil YNot Natural","url":"https:\/\/emubirdoil.com\/es\/","logo":{"@type":"ImageObject","inLanguage":"es","@id":"https:\/\/emubirdoil.com\/es\/#\/schema\/logo\/image\/","url":"https:\/\/emubirdoil.com\/wp-content\/uploads\/2023\/12\/Emu-bird-oil-LOGO.png","contentUrl":"https:\/\/emubirdoil.com\/wp-content\/uploads\/2023\/12\/Emu-bird-oil-LOGO.png","width":320,"height":172,"caption":"Emu Bird Oil YNot Natural"},"image":{"@id":"https:\/\/emubirdoil.com\/es\/#\/schema\/logo\/image\/"}}]}},"_links":{"self":[{"href":"https:\/\/emubirdoil.com\/es\/wp-json\/wp\/v2\/pages\/1721","targetHints":{"allow":["GET"]}}],"collection":[{"href":"https:\/\/emubirdoil.com\/es\/wp-json\/wp\/v2\/pages"}],"about":[{"href":"https:\/\/emubirdoil.com\/es\/wp-json\/wp\/v2\/types\/page"}],"author":[{"embeddable":true,"href":"https:\/\/emubirdoil.com\/es\/wp-json\/wp\/v2\/users\/1"}],"replies":[{"embeddable":true,"href":"https:\/\/emubirdoil.com\/es\/wp-json\/wp\/v2\/comments?post=1721"}],"version-history":[{"count":10,"href":"https:\/\/emubirdoil.com\/es\/wp-json\/wp\/v2\/pages\/1721\/revisions"}],"predecessor-version":[{"id":2628,"href":"https:\/\/emubirdoil.com\/es\/wp-json\/wp\/v2\/pages\/1721\/revisions\/2628"}],"wp:attachment":[{"href":"https:\/\/emubirdoil.com\/es\/wp-json\/wp\/v2\/media?parent=1721"}],"curies":[{"name":"wp","href":"https:\/\/api.w.org\/{rel}","templated":true}]}}