{"id":1676,"date":"2023-12-12T09:47:33","date_gmt":"2023-12-12T09:47:33","guid":{"rendered":"https:\/\/emubirdoil.com\/por-que-nuestro-petroleo\/"},"modified":"2024-02-01T20:29:08","modified_gmt":"2024-02-01T20:29:08","slug":"por-que-nuestro-petroleo","status":"publish","type":"page","link":"https:\/\/emubirdoil.com\/es\/aceite-de-emu\/por-que-nuestro-petroleo\/","title":{"rendered":"Por qu\u00e9 nuestro petr\u00f3leo"},"content":{"rendered":"\t\t<div data-elementor-type=\"wp-page\" data-elementor-id=\"1676\" class=\"elementor elementor-1676 elementor-117\" data-elementor-post-type=\"page\">\n\t\t\t\t<div class=\"elementor-element elementor-element-f242c4e e-con-full e-flex e-con e-parent\" data-id=\"f242c4e\" data-element_type=\"container\" data-e-type=\"container\" data-settings=\"{&quot;background_background&quot;:&quot;classic&quot;}\">\n\t\t<div class=\"elementor-element elementor-element-8a7ca15 e-con-full e-flex e-con e-child\" data-id=\"8a7ca15\" data-element_type=\"container\" data-e-type=\"container\">\n\t\t\t\t<\/div>\n\t\t\t\t<\/div>\n\t\t<div class=\"elementor-element elementor-element-3571741 e-flex e-con-boxed e-con e-parent\" data-id=\"3571741\" data-element_type=\"container\" data-e-type=\"container\" data-settings=\"{&quot;background_background&quot;:&quot;classic&quot;}\">\n\t\t\t\t\t<div class=\"e-con-inner\">\n\t\t<div class=\"elementor-element elementor-element-0d33ff1 e-con-full e-flex e-con e-child\" data-id=\"0d33ff1\" data-element_type=\"container\" data-e-type=\"container\">\n\t\t\t\t<div class=\"elementor-element elementor-element-2e19403 animated-fast elementor-invisible elementor-widget elementor-widget-text-editor\" data-id=\"2e19403\" data-element_type=\"widget\" data-e-type=\"widget\" data-settings=\"{&quot;_animation&quot;:&quot;fadeInUp&quot;,&quot;_animation_delay&quot;:200}\" data-widget_type=\"text-editor.default\">\n\t\t\t\t<div class=\"elementor-widget-container\">\n\t\t\t\t\t\t\t\t\t<p><strong>NUESTRO ACEITE DE EM\u00da ES UN ACEITE 100% PURO Y NATURAL DE CALIDAD FARMAC\u00c9UTICA.<\/strong><\/p>\n<p>La mayor\u00eda de los aceites de em\u00fa biol\u00f3gicamente activos y ricos en K2 (el nutriente fundamental denominado \u00abFactor X\u00bb, que el doctor Weston A. Price identific\u00f3 en sus investigaciones), equivalente al 100% de la potente MK-4, proceden de un genotipo espec\u00edfico de em\u00fa que s\u00f3lo vive en Australia: \u00abTodos los em\u00fas fuera de Australia son h\u00edbridos y no poseen esta caracter\u00edstica gen\u00e9tica particular\u00bb.<\/p>\n<p>Nuestras c\u00e1psulas de aceite de em\u00fa \u00abOMEGA 3-6-9\u00bb contienen MK-4 totalmente natural, sin efectos secundarios ni reacciones al\u00e9rgicas.<\/p>\n\t\t\t\t\t\t\t\t<\/div>\n\t\t\t\t<\/div>\n\t\t<div class=\"elementor-element elementor-element-7c1232d e-con-full e-flex e-con e-child\" data-id=\"7c1232d\" data-element_type=\"container\" data-e-type=\"container\">\n\t\t<div class=\"elementor-element elementor-element-b333bfc e-con-full e-flex e-con e-child\" data-id=\"b333bfc\" data-element_type=\"container\" data-e-type=\"container\">\n\t\t\t\t<div class=\"elementor-element elementor-element-c246881 animated-fast elementor-invisible elementor-widget elementor-widget-image\" data-id=\"c246881\" data-element_type=\"widget\" data-e-type=\"widget\" data-settings=\"{&quot;_animation&quot;:&quot;fadeInUp&quot;,&quot;_animation_delay&quot;:100}\" data-widget_type=\"image.default\">\n\t\t\t\t<div class=\"elementor-widget-container\">\n\t\t\t\t\t\t\t\t\t\t\t\t\t\t\t<img fetchpriority=\"high\" decoding=\"async\" width=\"1440\" height=\"1800\" src=\"https:\/\/emubirdoil.com\/wp-content\/uploads\/2024\/01\/406460160_18303064819132192_1263748962598694700_n.jpg\" class=\"attachment-full size-full wp-image-1390\" alt=\"\" srcset=\"https:\/\/emubirdoil.com\/wp-content\/uploads\/2024\/01\/406460160_18303064819132192_1263748962598694700_n.jpg 1440w, https:\/\/emubirdoil.com\/wp-content\/uploads\/2024\/01\/406460160_18303064819132192_1263748962598694700_n-240x300.jpg 240w, https:\/\/emubirdoil.com\/wp-content\/uploads\/2024\/01\/406460160_18303064819132192_1263748962598694700_n-819x1024.jpg 819w, https:\/\/emubirdoil.com\/wp-content\/uploads\/2024\/01\/406460160_18303064819132192_1263748962598694700_n-768x960.jpg 768w, https:\/\/emubirdoil.com\/wp-content\/uploads\/2024\/01\/406460160_18303064819132192_1263748962598694700_n-1229x1536.jpg 1229w, https:\/\/emubirdoil.com\/wp-content\/uploads\/2024\/01\/406460160_18303064819132192_1263748962598694700_n-600x750.jpg 600w\" sizes=\"(max-width: 1440px) 100vw, 1440px\" \/>\t\t\t\t\t\t\t\t\t\t\t\t\t\t\t<\/div>\n\t\t\t\t<\/div>\n\t\t\t\t<\/div>\n\t\t<div class=\"elementor-element elementor-element-49c04c7 e-con-full e-flex e-con e-child\" data-id=\"49c04c7\" data-element_type=\"container\" data-e-type=\"container\">\n\t\t\t\t<div class=\"elementor-element elementor-element-0a8a470 animated-fast elementor-invisible elementor-widget elementor-widget-image\" data-id=\"0a8a470\" data-element_type=\"widget\" data-e-type=\"widget\" data-settings=\"{&quot;_animation&quot;:&quot;fadeInUp&quot;,&quot;_animation_delay&quot;:200}\" data-widget_type=\"image.default\">\n\t\t\t\t<div class=\"elementor-widget-container\">\n\t\t\t\t\t\t\t\t\t\t\t\t\t\t\t<img decoding=\"async\" src=\"https:\/\/emubirdoil.com\/wp-content\/uploads\/elementor\/thumbs\/Pure-emu-oil-infused-Lavender-2-700x700_e27e8d4e-7e6a-40aa-89f3-aef048960120-qgqpf07ouk8jaishqdgm3hdezf683ldq1z8ds5dduo.webp\" title=\"Pure-emu-oil-infused-Lavender-2-700x700_e27e8d4e-7e6a-40aa-89f3-aef048960120\" alt=\"Pure-emu-oil-infused-Lavender-2-700x700_e27e8d4e-7e6a-40aa-89f3-aef048960120\" loading=\"lazy\" \/>\t\t\t\t\t\t\t\t\t\t\t\t\t\t\t<\/div>\n\t\t\t\t<\/div>\n\t\t\t\t<\/div>\n\t\t<div class=\"elementor-element elementor-element-0c30929 e-con-full e-flex e-con e-child\" data-id=\"0c30929\" data-element_type=\"container\" data-e-type=\"container\">\n\t\t\t\t<div class=\"elementor-element elementor-element-66390ac animated-fast elementor-invisible elementor-widget elementor-widget-image\" data-id=\"66390ac\" data-element_type=\"widget\" data-e-type=\"widget\" data-settings=\"{&quot;_animation&quot;:&quot;fadeInUp&quot;,&quot;_animation_delay&quot;:300}\" data-widget_type=\"image.default\">\n\t\t\t\t<div class=\"elementor-widget-container\">\n\t\t\t\t\t\t\t\t\t\t\t\t\t\t\t<img decoding=\"async\" src=\"https:\/\/emubirdoil.com\/wp-content\/uploads\/elementor\/thumbs\/few-each-product-range-model-2-qi3myygdanw5vzl149mxyorwgq0s0qb7lslldtwpy8.webp\" title=\"few-each-product-range-model-2\" alt=\"few-each-product-range-model-2\" loading=\"lazy\" \/>\t\t\t\t\t\t\t\t\t\t\t\t\t\t\t<\/div>\n\t\t\t\t<\/div>\n\t\t\t\t<\/div>\n\t\t\t\t<\/div>\n\t\t\t\t<\/div>\n\t\t\t\t\t<\/div>\n\t\t\t\t<\/div>\n\t\t<div class=\"elementor-element elementor-element-d4ebb12 e-flex e-con-boxed e-con e-parent\" data-id=\"d4ebb12\" data-element_type=\"container\" data-e-type=\"container\" data-settings=\"{&quot;background_background&quot;:&quot;classic&quot;}\">\n\t\t\t\t\t<div class=\"e-con-inner\">\n\t\t<div class=\"elementor-element elementor-element-5ef1c2e e-con-full e-flex e-con e-child\" data-id=\"5ef1c2e\" data-element_type=\"container\" data-e-type=\"container\">\n\t\t\t\t<div class=\"elementor-element elementor-element-7ba941e elementor-widget elementor-widget-heading\" data-id=\"7ba941e\" data-element_type=\"widget\" data-e-type=\"widget\" data-widget_type=\"heading.default\">\n\t\t\t\t<div class=\"elementor-widget-container\">\n\t\t\t\t\t<h2 class=\"elementor-heading-title elementor-size-default\">Informaci\u00f3n relevante sobre el MK-4<\/h2>\t\t\t\t<\/div>\n\t\t\t\t<\/div>\n\t\t\t\t<div class=\"elementor-element elementor-element-ae70cd1 animated-fast elementor-invisible elementor-widget elementor-widget-text-editor\" data-id=\"ae70cd1\" data-element_type=\"widget\" data-e-type=\"widget\" data-settings=\"{&quot;_animation&quot;:&quot;fadeInUp&quot;,&quot;_animation_delay&quot;:200}\" data-widget_type=\"text-editor.default\">\n\t\t\t\t<div class=\"elementor-widget-container\">\n\t\t\t\t\t\t\t\t\t<p><strong>La potente forma de vitamina K2<\/strong><\/p>\n<p>La vitamina K2 es una vitamina liposoluble, conocida sobre todo por el importante papel que desempe\u00f1a en la coagulaci\u00f3n de la sangre. Sin embargo, la vitamina K tambi\u00e9n es esencial para la formaci\u00f3n de huesos fuertes y la prevenci\u00f3n de enfermedades cardiacas, adem\u00e1s de desempe\u00f1ar papeles cruciales en otros procesos corporales. Por desgracia, la vitamina K se conoce a veces como \u00abla vitamina olvidada\u00bb porque a menudo se pasan por alto los grandes beneficios que aporta.<\/p>\n<p>Seg\u00fan la opini\u00f3n de uno de los mejores investigadores del mundo sobre la vitamina K, el Dr. Cees Vermeer, al igual que ocurre con la vitamina D, casi todos los seres humanos tienen carencias de vitamina K.<\/p>\n<p>La mayor\u00eda de las personas, a trav\u00e9s de la dieta, ingieren una cantidad de vitamina K suficiente para mantener unos valores adecuados de coagulaci\u00f3n de la sangre, pero no la suficiente para protegerse de toda una serie de problemas de salud posteriores.<\/p>\n<p>La siguiente lista resume los posibles problemas de salud relacionados con la carencia de vitamina K:<\/p>\n<ul>\n<li>calcificaci\u00f3n arterial, enfermedades<\/li>\n<li>cardiovascular y varices;<\/li>\n<li>problemas de salud cerebral, incluida la demencia (estudios cient\u00edficos en curso);<\/li>\n<li>osteoporosis;<\/li>\n<li>caries;<\/li>\n<li>c\u00e1ncer de pr\u00f3stata, c\u00e1ncer de pulm\u00f3n, c\u00e1ncer de h\u00edgado y<\/li>\n<li>leucemia;<\/li>\n<li>enfermedades infecciosas como la neumon\u00eda.<\/li>\n<\/ul>\n\t\t\t\t\t\t\t\t<\/div>\n\t\t\t\t<\/div>\n\t\t\t\t<\/div>\n\t\t\t\t\t<\/div>\n\t\t\t\t<\/div>\n\t\t<div class=\"elementor-element elementor-element-16d778f e-flex e-con-boxed e-con e-parent\" data-id=\"16d778f\" data-element_type=\"container\" data-e-type=\"container\" data-settings=\"{&quot;background_background&quot;:&quot;classic&quot;}\">\n\t\t\t\t\t<div class=\"e-con-inner\">\n\t\t<div class=\"elementor-element elementor-element-43703e6 e-con-full e-flex e-con e-child\" data-id=\"43703e6\" data-element_type=\"container\" data-e-type=\"container\">\n\t\t\t\t<div class=\"elementor-element elementor-element-eb4d9d7 elementor-widget elementor-widget-heading\" data-id=\"eb4d9d7\" data-element_type=\"widget\" data-e-type=\"widget\" data-widget_type=\"heading.default\">\n\t\t\t\t<div class=\"elementor-widget-container\">\n\t\t\t\t\t<h2 class=\"elementor-heading-title elementor-size-default\">PROPUESTAS ESPECIALES<\/h2>\t\t\t\t<\/div>\n\t\t\t\t<\/div>\n\t\t\t\t<div class=\"elementor-element elementor-element-be2a4e2 elementor-grid-3 elementor-grid-tablet-3 elementor-grid-mobile-1 elementor-product-loop-item--align-center animated-fast elementor-products-grid elementor-wc-products elementor-invisible elementor-widget elementor-widget-woocommerce-products\" data-id=\"be2a4e2\" data-element_type=\"widget\" data-e-type=\"widget\" data-settings=\"{&quot;_animation&quot;:&quot;fadeInUp&quot;,&quot;_animation_delay&quot;:200}\" data-widget_type=\"woocommerce-products.default\">\n\t\t\t\t<div class=\"elementor-widget-container\">\n\t\t\t\t\t<div class=\"woocommerce columns-3 \"><ul class=\"products elementor-grid columns-3\">\n<li class=\"product type-product post-2379 status-publish first instock product_cat-y-no-natural has-post-thumbnail sale shipping-taxable purchasable product-type-simple\">\n\t<a href=\"https:\/\/emubirdoil.com\/es\/producto\/aceite-de-emu-ecologico-100-puro-60ml\/\" class=\"woocommerce-LoopProduct-link woocommerce-loop-product__link\">\n\t<span class=\"onsale\">\u00a1Oferta!<\/span>\n\t<img decoding=\"async\" width=\"300\" height=\"300\" src=\"https:\/\/emubirdoil.com\/wp-content\/uploads\/2025\/03\/100-pure-emu-oil-for-hypoallergenic-skin-care-hair-and-healing-all-natural-source-of-vitamin-k2-1-300x300.jpg\" class=\"attachment-woocommerce_thumbnail size-woocommerce_thumbnail\" alt=\"Aceite de Em\u00fa Ecol\u00f3gico 100% Puro 60ml\" srcset=\"https:\/\/emubirdoil.com\/wp-content\/uploads\/2025\/03\/100-pure-emu-oil-for-hypoallergenic-skin-care-hair-and-healing-all-natural-source-of-vitamin-k2-1-300x300.jpg 300w, https:\/\/emubirdoil.com\/wp-content\/uploads\/2025\/03\/100-pure-emu-oil-for-hypoallergenic-skin-care-hair-and-healing-all-natural-source-of-vitamin-k2-1-150x150.jpg 150w, https:\/\/emubirdoil.com\/wp-content\/uploads\/2025\/03\/100-pure-emu-oil-for-hypoallergenic-skin-care-hair-and-healing-all-natural-source-of-vitamin-k2-1-100x100.jpg 100w, https:\/\/emubirdoil.com\/wp-content\/uploads\/2025\/03\/100-pure-emu-oil-for-hypoallergenic-skin-care-hair-and-healing-all-natural-source-of-vitamin-k2-1.jpg 458w\" sizes=\"(max-width: 300px) 100vw, 300px\" \/><h2 class=\"woocommerce-loop-product__title\">Aceite de Em\u00fa Ecol\u00f3gico 100% Puro 60ml<\/h2><div class=\"star-rating\" role=\"img\" aria-label=\"Valorado con 5.00 de 5\"><span style=\"width:100%\">Valorado con <strong class=\"rating\">5.00<\/strong> de 5<\/span><\/div>\n\t<span class=\"price\"><del aria-hidden=\"true\"><span class=\"woocommerce-Price-amount amount\"><bdi>34,90&nbsp;<span class=\"woocommerce-Price-currencySymbol\">&euro;<\/span><\/bdi><\/span><\/del> <span class=\"screen-reader-text\">El precio original era: 34,90&nbsp;&euro;.<\/span><ins aria-hidden=\"true\"><span class=\"woocommerce-Price-amount amount\"><bdi>24,90&nbsp;<span class=\"woocommerce-Price-currencySymbol\">&euro;<\/span><\/bdi><\/span><\/ins><span class=\"screen-reader-text\">El precio actual es: 24,90&nbsp;&euro;.<\/span><\/span>\n<\/a><a href=\"\/es\/wp-json\/wp\/v2\/pages\/1676?add-to-cart=2379\" aria-describedby=\"woocommerce_loop_add_to_cart_link_describedby_2379\" data-quantity=\"1\" class=\"button product_type_simple add_to_cart_button ajax_add_to_cart\" data-product_id=\"2379\" data-product_sku=\"YNNOMEGAOleo60\" aria-label=\"A\u00f1adir al carrito: &ldquo;Aceite de Em\u00fa Ecol\u00f3gico 100% Puro 60ml&rdquo;\" rel=\"nofollow\" data-success_message=\"\u00abAceite de Em\u00fa Ecol\u00f3gico 100% Puro 60ml\u00bb se ha a\u00f1adido a tu carrito\" role=\"button\">A\u00f1adir al carrito<\/a>\t<span id=\"woocommerce_loop_add_to_cart_link_describedby_2379\" class=\"screen-reader-text\">\n\t\t\t<\/span>\n<span class=\"gtm4wp_productdata\" style=\"display:none; visibility:hidden;\" data-gtm4wp_product_data=\"{&quot;internal_id&quot;:2379,&quot;item_id&quot;:2379,&quot;item_name&quot;:&quot;Aceite de Em\\u00fa Ecol\\u00f3gico 100% Puro 60ml&quot;,&quot;sku&quot;:&quot;YNNOMEGAOleo60&quot;,&quot;price&quot;:24.89999999999999857891452847979962825775146484375,&quot;stocklevel&quot;:31,&quot;stockstatus&quot;:&quot;instock&quot;,&quot;google_business_vertical&quot;:&quot;custom&quot;,&quot;item_category&quot;:&quot;Y-No Natural&quot;,&quot;id&quot;:2379,&quot;productlink&quot;:&quot;https:\\\/\\\/emubirdoil.com\\\/es\\\/producto\\\/aceite-de-emu-ecologico-100-puro-60ml\\\/&quot;,&quot;item_list_name&quot;:&quot;Lista general de productos&quot;,&quot;index&quot;:1,&quot;product_type&quot;:&quot;simple&quot;,&quot;item_brand&quot;:&quot;&quot;}\"><\/span><\/li>\n<\/ul>\n<\/div>\t\t\t\t<\/div>\n\t\t\t\t<\/div>\n\t\t\t\t<\/div>\n\t\t\t\t\t<\/div>\n\t\t\t\t<\/div>\n\t\t\t\t<\/div>\n\t\t","protected":false},"excerpt":{"rendered":"<p>NUESTRO ACEITE DE EM\u00da ES UN ACEITE 100% PURO Y NATURAL DE CALIDAD FARMAC\u00c9UTICA. La mayor\u00eda de los aceites de em\u00fa biol\u00f3gicamente activos y ricos en K2 (el nutriente fundamental denominado \u00abFactor X\u00bb, que el doctor Weston A. Price identific\u00f3 en sus investigaciones), equivalente al 100% de la potente MK-4, proceden de un genotipo espec\u00edfico [&hellip;]<\/p>\n","protected":false},"author":1,"featured_media":0,"parent":1814,"menu_order":0,"comment_status":"closed","ping_status":"closed","template":"","meta":{"footnotes":""},"class_list":["post-1676","page","type-page","status-publish","hentry"],"yoast_head":"<!-- This site is optimized with the Yoast SEO plugin v27.4 - https:\/\/yoast.com\/product\/yoast-seo-wordpress\/ -->\n<title>Por qu\u00e9 nuestro petr\u00f3leo - Emu Bird Oil<\/title>\n<meta name=\"robots\" content=\"index, follow, max-snippet:-1, max-image-preview:large, max-video-preview:-1\" \/>\n<link rel=\"canonical\" href=\"https:\/\/emubirdoil.com\/es\/aceite-de-emu\/por-que-nuestro-petroleo\/\" \/>\n<meta property=\"og:locale\" content=\"es_ES\" \/>\n<meta property=\"og:type\" content=\"article\" \/>\n<meta property=\"og:title\" content=\"Por qu\u00e9 nuestro petr\u00f3leo - Emu Bird Oil\" \/>\n<meta property=\"og:description\" content=\"NUESTRO ACEITE DE EM\u00da ES UN ACEITE 100% PURO Y NATURAL DE CALIDAD FARMAC\u00c9UTICA. La mayor\u00eda de los aceites de em\u00fa biol\u00f3gicamente activos y ricos en K2 (el nutriente fundamental denominado \u00abFactor X\u00bb, que el doctor Weston A. Price identific\u00f3 en sus investigaciones), equivalente al 100% de la potente MK-4, proceden de un genotipo espec\u00edfico [&hellip;]\" \/>\n<meta property=\"og:url\" content=\"https:\/\/emubirdoil.com\/es\/aceite-de-emu\/por-que-nuestro-petroleo\/\" \/>\n<meta property=\"og:site_name\" content=\"Emu Bird Oil\" \/>\n<meta property=\"article:modified_time\" content=\"2024-02-01T20:29:08+00:00\" \/>\n<meta property=\"og:image\" content=\"https:\/\/emubirdoil.com\/wp-content\/uploads\/2024\/01\/406460160_18303064819132192_1263748962598694700_n.jpg\" \/>\n<meta name=\"twitter:card\" content=\"summary_large_image\" \/>\n<meta name=\"twitter:label1\" content=\"Tiempo de lectura\" \/>\n\t<meta name=\"twitter:data1\" content=\"2 minutos\" \/>\n<script type=\"application\/ld+json\" class=\"yoast-schema-graph\">{\"@context\":\"https:\\\/\\\/schema.org\",\"@graph\":[{\"@type\":\"WebPage\",\"@id\":\"https:\\\/\\\/emubirdoil.com\\\/es\\\/aceite-de-emu\\\/por-que-nuestro-petroleo\\\/\",\"url\":\"https:\\\/\\\/emubirdoil.com\\\/es\\\/aceite-de-emu\\\/por-que-nuestro-petroleo\\\/\",\"name\":\"Por qu\u00e9 nuestro petr\u00f3leo - Emu Bird Oil\",\"isPartOf\":{\"@id\":\"https:\\\/\\\/emubirdoil.com\\\/es\\\/#website\"},\"primaryImageOfPage\":{\"@id\":\"https:\\\/\\\/emubirdoil.com\\\/es\\\/aceite-de-emu\\\/por-que-nuestro-petroleo\\\/#primaryimage\"},\"image\":{\"@id\":\"https:\\\/\\\/emubirdoil.com\\\/es\\\/aceite-de-emu\\\/por-que-nuestro-petroleo\\\/#primaryimage\"},\"thumbnailUrl\":\"https:\\\/\\\/emubirdoil.com\\\/wp-content\\\/uploads\\\/2024\\\/01\\\/406460160_18303064819132192_1263748962598694700_n.jpg\",\"datePublished\":\"2023-12-12T09:47:33+00:00\",\"dateModified\":\"2024-02-01T20:29:08+00:00\",\"breadcrumb\":{\"@id\":\"https:\\\/\\\/emubirdoil.com\\\/es\\\/aceite-de-emu\\\/por-que-nuestro-petroleo\\\/#breadcrumb\"},\"inLanguage\":\"es\",\"potentialAction\":[{\"@type\":\"ReadAction\",\"target\":[\"https:\\\/\\\/emubirdoil.com\\\/es\\\/aceite-de-emu\\\/por-que-nuestro-petroleo\\\/\"]}]},{\"@type\":\"ImageObject\",\"inLanguage\":\"es\",\"@id\":\"https:\\\/\\\/emubirdoil.com\\\/es\\\/aceite-de-emu\\\/por-que-nuestro-petroleo\\\/#primaryimage\",\"url\":\"https:\\\/\\\/emubirdoil.com\\\/wp-content\\\/uploads\\\/2024\\\/01\\\/406460160_18303064819132192_1263748962598694700_n.jpg\",\"contentUrl\":\"https:\\\/\\\/emubirdoil.com\\\/wp-content\\\/uploads\\\/2024\\\/01\\\/406460160_18303064819132192_1263748962598694700_n.jpg\"},{\"@type\":\"BreadcrumbList\",\"@id\":\"https:\\\/\\\/emubirdoil.com\\\/es\\\/aceite-de-emu\\\/por-que-nuestro-petroleo\\\/#breadcrumb\",\"itemListElement\":[{\"@type\":\"ListItem\",\"position\":1,\"name\":\"Home\",\"item\":\"https:\\\/\\\/emubirdoil.com\\\/es\\\/inicio\\\/\"},{\"@type\":\"ListItem\",\"position\":2,\"name\":\"Aceite de em\u00fa\",\"item\":\"https:\\\/\\\/emubirdoil.com\\\/es\\\/aceite-de-emu\\\/\"},{\"@type\":\"ListItem\",\"position\":3,\"name\":\"Por qu\u00e9 nuestro petr\u00f3leo\"}]},{\"@type\":\"WebSite\",\"@id\":\"https:\\\/\\\/emubirdoil.com\\\/es\\\/#website\",\"url\":\"https:\\\/\\\/emubirdoil.com\\\/es\\\/\",\"name\":\"Emu Bird Oil YNot Natural\",\"description\":\"Explore premium Emu Bird Oil for natural skincare and pain relief. Pure, effective, and sustainably sourced. Order now for wellness transformation!\",\"publisher\":{\"@id\":\"https:\\\/\\\/emubirdoil.com\\\/es\\\/#organization\"},\"potentialAction\":[{\"@type\":\"SearchAction\",\"target\":{\"@type\":\"EntryPoint\",\"urlTemplate\":\"https:\\\/\\\/emubirdoil.com\\\/es\\\/?s={search_term_string}\"},\"query-input\":{\"@type\":\"PropertyValueSpecification\",\"valueRequired\":true,\"valueName\":\"search_term_string\"}}],\"inLanguage\":\"es\"},{\"@type\":\"Organization\",\"@id\":\"https:\\\/\\\/emubirdoil.com\\\/es\\\/#organization\",\"name\":\"Emu Bird Oil YNot Natural\",\"url\":\"https:\\\/\\\/emubirdoil.com\\\/es\\\/\",\"logo\":{\"@type\":\"ImageObject\",\"inLanguage\":\"es\",\"@id\":\"https:\\\/\\\/emubirdoil.com\\\/es\\\/#\\\/schema\\\/logo\\\/image\\\/\",\"url\":\"https:\\\/\\\/emubirdoil.com\\\/wp-content\\\/uploads\\\/2023\\\/12\\\/Emu-bird-oil-LOGO.png\",\"contentUrl\":\"https:\\\/\\\/emubirdoil.com\\\/wp-content\\\/uploads\\\/2023\\\/12\\\/Emu-bird-oil-LOGO.png\",\"width\":320,\"height\":172,\"caption\":\"Emu Bird Oil YNot Natural\"},\"image\":{\"@id\":\"https:\\\/\\\/emubirdoil.com\\\/es\\\/#\\\/schema\\\/logo\\\/image\\\/\"}}]}<\/script>\n<!-- \/ Yoast SEO plugin. -->","yoast_head_json":{"title":"Por qu\u00e9 nuestro petr\u00f3leo - Emu Bird Oil","robots":{"index":"index","follow":"follow","max-snippet":"max-snippet:-1","max-image-preview":"max-image-preview:large","max-video-preview":"max-video-preview:-1"},"canonical":"https:\/\/emubirdoil.com\/es\/aceite-de-emu\/por-que-nuestro-petroleo\/","og_locale":"es_ES","og_type":"article","og_title":"Por qu\u00e9 nuestro petr\u00f3leo - Emu Bird Oil","og_description":"NUESTRO ACEITE DE EM\u00da ES UN ACEITE 100% PURO Y NATURAL DE CALIDAD FARMAC\u00c9UTICA. La mayor\u00eda de los aceites de em\u00fa biol\u00f3gicamente activos y ricos en K2 (el nutriente fundamental denominado \u00abFactor X\u00bb, que el doctor Weston A. Price identific\u00f3 en sus investigaciones), equivalente al 100% de la potente MK-4, proceden de un genotipo espec\u00edfico [&hellip;]","og_url":"https:\/\/emubirdoil.com\/es\/aceite-de-emu\/por-que-nuestro-petroleo\/","og_site_name":"Emu Bird Oil","article_modified_time":"2024-02-01T20:29:08+00:00","og_image":[{"url":"https:\/\/emubirdoil.com\/wp-content\/uploads\/2024\/01\/406460160_18303064819132192_1263748962598694700_n.jpg","type":"","width":"","height":""}],"twitter_card":"summary_large_image","twitter_misc":{"Tiempo de lectura":"2 minutos"},"schema":{"@context":"https:\/\/schema.org","@graph":[{"@type":"WebPage","@id":"https:\/\/emubirdoil.com\/es\/aceite-de-emu\/por-que-nuestro-petroleo\/","url":"https:\/\/emubirdoil.com\/es\/aceite-de-emu\/por-que-nuestro-petroleo\/","name":"Por qu\u00e9 nuestro petr\u00f3leo - Emu Bird Oil","isPartOf":{"@id":"https:\/\/emubirdoil.com\/es\/#website"},"primaryImageOfPage":{"@id":"https:\/\/emubirdoil.com\/es\/aceite-de-emu\/por-que-nuestro-petroleo\/#primaryimage"},"image":{"@id":"https:\/\/emubirdoil.com\/es\/aceite-de-emu\/por-que-nuestro-petroleo\/#primaryimage"},"thumbnailUrl":"https:\/\/emubirdoil.com\/wp-content\/uploads\/2024\/01\/406460160_18303064819132192_1263748962598694700_n.jpg","datePublished":"2023-12-12T09:47:33+00:00","dateModified":"2024-02-01T20:29:08+00:00","breadcrumb":{"@id":"https:\/\/emubirdoil.com\/es\/aceite-de-emu\/por-que-nuestro-petroleo\/#breadcrumb"},"inLanguage":"es","potentialAction":[{"@type":"ReadAction","target":["https:\/\/emubirdoil.com\/es\/aceite-de-emu\/por-que-nuestro-petroleo\/"]}]},{"@type":"ImageObject","inLanguage":"es","@id":"https:\/\/emubirdoil.com\/es\/aceite-de-emu\/por-que-nuestro-petroleo\/#primaryimage","url":"https:\/\/emubirdoil.com\/wp-content\/uploads\/2024\/01\/406460160_18303064819132192_1263748962598694700_n.jpg","contentUrl":"https:\/\/emubirdoil.com\/wp-content\/uploads\/2024\/01\/406460160_18303064819132192_1263748962598694700_n.jpg"},{"@type":"BreadcrumbList","@id":"https:\/\/emubirdoil.com\/es\/aceite-de-emu\/por-que-nuestro-petroleo\/#breadcrumb","itemListElement":[{"@type":"ListItem","position":1,"name":"Home","item":"https:\/\/emubirdoil.com\/es\/inicio\/"},{"@type":"ListItem","position":2,"name":"Aceite de em\u00fa","item":"https:\/\/emubirdoil.com\/es\/aceite-de-emu\/"},{"@type":"ListItem","position":3,"name":"Por qu\u00e9 nuestro petr\u00f3leo"}]},{"@type":"WebSite","@id":"https:\/\/emubirdoil.com\/es\/#website","url":"https:\/\/emubirdoil.com\/es\/","name":"Emu Bird Oil YNot Natural","description":"Explore premium Emu Bird Oil for natural skincare and pain relief. Pure, effective, and sustainably sourced. Order now for wellness transformation!","publisher":{"@id":"https:\/\/emubirdoil.com\/es\/#organization"},"potentialAction":[{"@type":"SearchAction","target":{"@type":"EntryPoint","urlTemplate":"https:\/\/emubirdoil.com\/es\/?s={search_term_string}"},"query-input":{"@type":"PropertyValueSpecification","valueRequired":true,"valueName":"search_term_string"}}],"inLanguage":"es"},{"@type":"Organization","@id":"https:\/\/emubirdoil.com\/es\/#organization","name":"Emu Bird Oil YNot Natural","url":"https:\/\/emubirdoil.com\/es\/","logo":{"@type":"ImageObject","inLanguage":"es","@id":"https:\/\/emubirdoil.com\/es\/#\/schema\/logo\/image\/","url":"https:\/\/emubirdoil.com\/wp-content\/uploads\/2023\/12\/Emu-bird-oil-LOGO.png","contentUrl":"https:\/\/emubirdoil.com\/wp-content\/uploads\/2023\/12\/Emu-bird-oil-LOGO.png","width":320,"height":172,"caption":"Emu Bird Oil YNot Natural"},"image":{"@id":"https:\/\/emubirdoil.com\/es\/#\/schema\/logo\/image\/"}}]}},"_links":{"self":[{"href":"https:\/\/emubirdoil.com\/es\/wp-json\/wp\/v2\/pages\/1676","targetHints":{"allow":["GET"]}}],"collection":[{"href":"https:\/\/emubirdoil.com\/es\/wp-json\/wp\/v2\/pages"}],"about":[{"href":"https:\/\/emubirdoil.com\/es\/wp-json\/wp\/v2\/types\/page"}],"author":[{"embeddable":true,"href":"https:\/\/emubirdoil.com\/es\/wp-json\/wp\/v2\/users\/1"}],"replies":[{"embeddable":true,"href":"https:\/\/emubirdoil.com\/es\/wp-json\/wp\/v2\/comments?post=1676"}],"version-history":[{"count":2,"href":"https:\/\/emubirdoil.com\/es\/wp-json\/wp\/v2\/pages\/1676\/revisions"}],"predecessor-version":[{"id":1712,"href":"https:\/\/emubirdoil.com\/es\/wp-json\/wp\/v2\/pages\/1676\/revisions\/1712"}],"up":[{"embeddable":true,"href":"https:\/\/emubirdoil.com\/es\/wp-json\/wp\/v2\/pages\/1814"}],"wp:attachment":[{"href":"https:\/\/emubirdoil.com\/es\/wp-json\/wp\/v2\/media?parent=1676"}],"curies":[{"name":"wp","href":"https:\/\/api.w.org\/{rel}","templated":true}]}}