{"id":1648,"date":"2024-01-10T16:26:01","date_gmt":"2024-01-10T16:26:01","guid":{"rendered":"https:\/\/emubirdoil.com\/politica-de-devoluciones-y-reembolsos\/"},"modified":"2024-02-01T20:28:46","modified_gmt":"2024-02-01T20:28:46","slug":"politica-de-devoluciones-y-reembolsos","status":"publish","type":"page","link":"https:\/\/emubirdoil.com\/es\/politica-de-devoluciones-y-reembolsos\/","title":{"rendered":"Pol\u00edtica de devoluciones y reembolsos"},"content":{"rendered":"\t\t<div data-elementor-type=\"wp-page\" data-elementor-id=\"1648\" class=\"elementor elementor-1648 elementor-21\" data-elementor-post-type=\"page\">\n\t\t\t\t<div class=\"elementor-element elementor-element-b005353 e-flex e-con-boxed e-con e-parent\" data-id=\"b005353\" data-element_type=\"container\" data-e-type=\"container\">\n\t\t\t\t\t<div class=\"e-con-inner\">\n\t\t\t\t<div class=\"elementor-element elementor-element-a72f55f elementor-widget elementor-widget-heading\" data-id=\"a72f55f\" data-element_type=\"widget\" data-e-type=\"widget\" data-widget_type=\"heading.default\">\n\t\t\t\t<div class=\"elementor-widget-container\">\n\t\t\t\t\t<h1 class=\"elementor-heading-title elementor-size-default\">Pol\u00edtica de devoluciones y reembolsos<\/h1>\t\t\t\t<\/div>\n\t\t\t\t<\/div>\n\t\t\t\t<div class=\"elementor-element elementor-element-4f3b01ee elementor-widget elementor-widget-text-editor\" data-id=\"4f3b01ee\" data-element_type=\"widget\" data-e-type=\"widget\" data-widget_type=\"text-editor.default\">\n\t\t\t\t<div class=\"elementor-widget-container\">\n\t\t\t\t\t\t\t\t\t<p>Todos los art\u00edculos que vendemos se inspeccionan cuidadosamente antes de ser enviados. Si no est\u00e1 satisfecho con la mercanc\u00eda y nos lo comunica en un plazo de 14 d\u00edas a partir de la recepci\u00f3n de la misma, nos encargaremos de recogerla (todo el pedido) y le reembolsaremos el importe \u00edntegro. O cambiaremos los art\u00edculos si est\u00e1n defectuosos en el momento de la entrega y se nos notifica en un plazo de 14 d\u00edas a partir de la recepci\u00f3n del producto por parte del cliente. Todos los productos que se devuelvan deben embalarse cuidadosamente en su embalaje original. Ser\u00e1 responsabilidad del comprador devolver la mercanc\u00eda<br><br>Para iniciar una devoluci\u00f3n, puede ponerse en contacto con nosotros en info@ynotnatural.com y le informaremos de la direcci\u00f3n de devoluci\u00f3n.<\/p>\n<p><strong>Da\u00f1os y perjuicios<\/strong><br>Por favor, inspeccione su pedido al recibirlo y p\u00f3ngase en contacto con nosotros inmediatamente si el art\u00edculo est\u00e1 defectuoso, da\u00f1ado o si recibe un art\u00edculo equivocado, para que podamos evaluar el problema y solucionarlo.<\/p>\n<p> <\/p>\n<p><strong>Excepciones \/ art\u00edculos no retornables<\/strong><br><br>Lamentablemente, no podemos aceptar devoluciones de art\u00edculos en oferta o tarjetas regalo.<\/p>\n<p> <\/p>\n<p><strong>Intercambios<\/strong><br>La forma m\u00e1s r\u00e1pida de asegurarse lo que quiere es devolver el art\u00edculo que tiene y, una vez aceptada la devoluci\u00f3n, hacer una compra por separado del nuevo art\u00edculo.<\/p>\n<p> <\/p>\n<p><strong>Periodo de reflexi\u00f3n de 14 d\u00edas de la Uni\u00f3n Europea<\/strong><br>No obstante lo anterior, si la mercanc\u00eda se env\u00eda a la Uni\u00f3n Europea, usted tiene derecho a anular o devolver su pedido en un plazo de 14 d\u00edas, por cualquier motivo y sin necesidad de justificaci\u00f3n. Al igual que en el caso anterior, el art\u00edculo debe estar en las mismas condiciones en que lo recibi\u00f3, sin usar, con las etiquetas y en su embalaje original. Tambi\u00e9n necesitar\u00e1 el recibo o justificante de compra.<\/p>\n<p> <\/p>\n<p><strong>Reembolsos<\/strong><br>Le notificaremos una vez hayamos recibido e inspeccionado su devoluci\u00f3n, y le comunicaremos si el reembolso ha sido aprobado o no. Recuerde que el banco o la entidad emisora de la tarjeta de cr\u00e9dito pueden tardar alg\u00fan tiempo en procesar y contabilizar el reembolso.<\/p>\t\t\t\t\t\t\t\t<\/div>\n\t\t\t\t<\/div>\n\t\t\t\t\t<\/div>\n\t\t\t\t<\/div>\n\t\t\t\t<\/div>\n\t\t","protected":false},"excerpt":{"rendered":"<p>Todos los art\u00edculos que vendemos se inspeccionan cuidadosamente antes de ser enviados. Si no est\u00e1 satisfecho con la mercanc\u00eda y nos lo comunica en un plazo de 14 d\u00edas a partir de la recepci\u00f3n de la misma, nos encargaremos de recogerla (todo el pedido) y le reembolsaremos el importe \u00edntegro. O cambiaremos los art\u00edculos si [&hellip;]<\/p>\n","protected":false},"author":1,"featured_media":0,"parent":0,"menu_order":0,"comment_status":"closed","ping_status":"closed","template":"","meta":{"footnotes":""},"class_list":["post-1648","page","type-page","status-publish","hentry"],"yoast_head":"<!-- This site is optimized with the Yoast SEO plugin v27.4 - https:\/\/yoast.com\/product\/yoast-seo-wordpress\/ -->\n<title>Pol\u00edtica de devoluciones y reembolsos - Emu Bird Oil<\/title>\n<meta name=\"robots\" content=\"index, follow, max-snippet:-1, max-image-preview:large, max-video-preview:-1\" \/>\n<link rel=\"canonical\" href=\"https:\/\/emubirdoil.com\/es\/politica-de-devoluciones-y-reembolsos\/\" \/>\n<meta property=\"og:locale\" content=\"es_ES\" \/>\n<meta property=\"og:type\" content=\"article\" \/>\n<meta property=\"og:title\" content=\"Pol\u00edtica de devoluciones y reembolsos - Emu Bird Oil\" \/>\n<meta property=\"og:description\" content=\"Todos los art\u00edculos que vendemos se inspeccionan cuidadosamente antes de ser enviados. Si no est\u00e1 satisfecho con la mercanc\u00eda y nos lo comunica en un plazo de 14 d\u00edas a partir de la recepci\u00f3n de la misma, nos encargaremos de recogerla (todo el pedido) y le reembolsaremos el importe \u00edntegro. O cambiaremos los art\u00edculos si [&hellip;]\" \/>\n<meta property=\"og:url\" content=\"https:\/\/emubirdoil.com\/es\/politica-de-devoluciones-y-reembolsos\/\" \/>\n<meta property=\"og:site_name\" content=\"Emu Bird Oil\" \/>\n<meta property=\"article:modified_time\" content=\"2024-02-01T20:28:46+00:00\" \/>\n<meta name=\"twitter:card\" content=\"summary_large_image\" \/>\n<meta name=\"twitter:label1\" content=\"Tiempo de lectura\" \/>\n\t<meta name=\"twitter:data1\" content=\"2 minutos\" \/>\n<script type=\"application\/ld+json\" class=\"yoast-schema-graph\">{\"@context\":\"https:\\\/\\\/schema.org\",\"@graph\":[{\"@type\":\"WebPage\",\"@id\":\"https:\\\/\\\/emubirdoil.com\\\/es\\\/politica-de-devoluciones-y-reembolsos\\\/\",\"url\":\"https:\\\/\\\/emubirdoil.com\\\/es\\\/politica-de-devoluciones-y-reembolsos\\\/\",\"name\":\"Pol\u00edtica de devoluciones y reembolsos - Emu Bird Oil\",\"isPartOf\":{\"@id\":\"https:\\\/\\\/emubirdoil.com\\\/es\\\/#website\"},\"datePublished\":\"2024-01-10T16:26:01+00:00\",\"dateModified\":\"2024-02-01T20:28:46+00:00\",\"breadcrumb\":{\"@id\":\"https:\\\/\\\/emubirdoil.com\\\/es\\\/politica-de-devoluciones-y-reembolsos\\\/#breadcrumb\"},\"inLanguage\":\"es\",\"potentialAction\":[{\"@type\":\"ReadAction\",\"target\":[\"https:\\\/\\\/emubirdoil.com\\\/es\\\/politica-de-devoluciones-y-reembolsos\\\/\"]}]},{\"@type\":\"BreadcrumbList\",\"@id\":\"https:\\\/\\\/emubirdoil.com\\\/es\\\/politica-de-devoluciones-y-reembolsos\\\/#breadcrumb\",\"itemListElement\":[{\"@type\":\"ListItem\",\"position\":1,\"name\":\"Home\",\"item\":\"https:\\\/\\\/emubirdoil.com\\\/es\\\/inicio\\\/\"},{\"@type\":\"ListItem\",\"position\":2,\"name\":\"Pol\u00edtica de devoluciones y reembolsos\"}]},{\"@type\":\"WebSite\",\"@id\":\"https:\\\/\\\/emubirdoil.com\\\/es\\\/#website\",\"url\":\"https:\\\/\\\/emubirdoil.com\\\/es\\\/\",\"name\":\"Emu Bird Oil YNot Natural\",\"description\":\"Explore premium Emu Bird Oil for natural skincare and pain relief. Pure, effective, and sustainably sourced. Order now for wellness transformation!\",\"publisher\":{\"@id\":\"https:\\\/\\\/emubirdoil.com\\\/es\\\/#organization\"},\"potentialAction\":[{\"@type\":\"SearchAction\",\"target\":{\"@type\":\"EntryPoint\",\"urlTemplate\":\"https:\\\/\\\/emubirdoil.com\\\/es\\\/?s={search_term_string}\"},\"query-input\":{\"@type\":\"PropertyValueSpecification\",\"valueRequired\":true,\"valueName\":\"search_term_string\"}}],\"inLanguage\":\"es\"},{\"@type\":\"Organization\",\"@id\":\"https:\\\/\\\/emubirdoil.com\\\/es\\\/#organization\",\"name\":\"Emu Bird Oil YNot Natural\",\"url\":\"https:\\\/\\\/emubirdoil.com\\\/es\\\/\",\"logo\":{\"@type\":\"ImageObject\",\"inLanguage\":\"es\",\"@id\":\"https:\\\/\\\/emubirdoil.com\\\/es\\\/#\\\/schema\\\/logo\\\/image\\\/\",\"url\":\"https:\\\/\\\/emubirdoil.com\\\/wp-content\\\/uploads\\\/2023\\\/12\\\/Emu-bird-oil-LOGO.png\",\"contentUrl\":\"https:\\\/\\\/emubirdoil.com\\\/wp-content\\\/uploads\\\/2023\\\/12\\\/Emu-bird-oil-LOGO.png\",\"width\":320,\"height\":172,\"caption\":\"Emu Bird Oil YNot Natural\"},\"image\":{\"@id\":\"https:\\\/\\\/emubirdoil.com\\\/es\\\/#\\\/schema\\\/logo\\\/image\\\/\"}}]}<\/script>\n<!-- \/ Yoast SEO plugin. -->","yoast_head_json":{"title":"Pol\u00edtica de devoluciones y reembolsos - Emu Bird Oil","robots":{"index":"index","follow":"follow","max-snippet":"max-snippet:-1","max-image-preview":"max-image-preview:large","max-video-preview":"max-video-preview:-1"},"canonical":"https:\/\/emubirdoil.com\/es\/politica-de-devoluciones-y-reembolsos\/","og_locale":"es_ES","og_type":"article","og_title":"Pol\u00edtica de devoluciones y reembolsos - Emu Bird Oil","og_description":"Todos los art\u00edculos que vendemos se inspeccionan cuidadosamente antes de ser enviados. Si no est\u00e1 satisfecho con la mercanc\u00eda y nos lo comunica en un plazo de 14 d\u00edas a partir de la recepci\u00f3n de la misma, nos encargaremos de recogerla (todo el pedido) y le reembolsaremos el importe \u00edntegro. O cambiaremos los art\u00edculos si [&hellip;]","og_url":"https:\/\/emubirdoil.com\/es\/politica-de-devoluciones-y-reembolsos\/","og_site_name":"Emu Bird Oil","article_modified_time":"2024-02-01T20:28:46+00:00","twitter_card":"summary_large_image","twitter_misc":{"Tiempo de lectura":"2 minutos"},"schema":{"@context":"https:\/\/schema.org","@graph":[{"@type":"WebPage","@id":"https:\/\/emubirdoil.com\/es\/politica-de-devoluciones-y-reembolsos\/","url":"https:\/\/emubirdoil.com\/es\/politica-de-devoluciones-y-reembolsos\/","name":"Pol\u00edtica de devoluciones y reembolsos - Emu Bird Oil","isPartOf":{"@id":"https:\/\/emubirdoil.com\/es\/#website"},"datePublished":"2024-01-10T16:26:01+00:00","dateModified":"2024-02-01T20:28:46+00:00","breadcrumb":{"@id":"https:\/\/emubirdoil.com\/es\/politica-de-devoluciones-y-reembolsos\/#breadcrumb"},"inLanguage":"es","potentialAction":[{"@type":"ReadAction","target":["https:\/\/emubirdoil.com\/es\/politica-de-devoluciones-y-reembolsos\/"]}]},{"@type":"BreadcrumbList","@id":"https:\/\/emubirdoil.com\/es\/politica-de-devoluciones-y-reembolsos\/#breadcrumb","itemListElement":[{"@type":"ListItem","position":1,"name":"Home","item":"https:\/\/emubirdoil.com\/es\/inicio\/"},{"@type":"ListItem","position":2,"name":"Pol\u00edtica de devoluciones y reembolsos"}]},{"@type":"WebSite","@id":"https:\/\/emubirdoil.com\/es\/#website","url":"https:\/\/emubirdoil.com\/es\/","name":"Emu Bird Oil YNot Natural","description":"Explore premium Emu Bird Oil for natural skincare and pain relief. Pure, effective, and sustainably sourced. Order now for wellness transformation!","publisher":{"@id":"https:\/\/emubirdoil.com\/es\/#organization"},"potentialAction":[{"@type":"SearchAction","target":{"@type":"EntryPoint","urlTemplate":"https:\/\/emubirdoil.com\/es\/?s={search_term_string}"},"query-input":{"@type":"PropertyValueSpecification","valueRequired":true,"valueName":"search_term_string"}}],"inLanguage":"es"},{"@type":"Organization","@id":"https:\/\/emubirdoil.com\/es\/#organization","name":"Emu Bird Oil YNot Natural","url":"https:\/\/emubirdoil.com\/es\/","logo":{"@type":"ImageObject","inLanguage":"es","@id":"https:\/\/emubirdoil.com\/es\/#\/schema\/logo\/image\/","url":"https:\/\/emubirdoil.com\/wp-content\/uploads\/2023\/12\/Emu-bird-oil-LOGO.png","contentUrl":"https:\/\/emubirdoil.com\/wp-content\/uploads\/2023\/12\/Emu-bird-oil-LOGO.png","width":320,"height":172,"caption":"Emu Bird Oil YNot Natural"},"image":{"@id":"https:\/\/emubirdoil.com\/es\/#\/schema\/logo\/image\/"}}]}},"_links":{"self":[{"href":"https:\/\/emubirdoil.com\/es\/wp-json\/wp\/v2\/pages\/1648","targetHints":{"allow":["GET"]}}],"collection":[{"href":"https:\/\/emubirdoil.com\/es\/wp-json\/wp\/v2\/pages"}],"about":[{"href":"https:\/\/emubirdoil.com\/es\/wp-json\/wp\/v2\/types\/page"}],"author":[{"embeddable":true,"href":"https:\/\/emubirdoil.com\/es\/wp-json\/wp\/v2\/users\/1"}],"replies":[{"embeddable":true,"href":"https:\/\/emubirdoil.com\/es\/wp-json\/wp\/v2\/comments?post=1648"}],"version-history":[{"count":1,"href":"https:\/\/emubirdoil.com\/es\/wp-json\/wp\/v2\/pages\/1648\/revisions"}],"predecessor-version":[{"id":1654,"href":"https:\/\/emubirdoil.com\/es\/wp-json\/wp\/v2\/pages\/1648\/revisions\/1654"}],"wp:attachment":[{"href":"https:\/\/emubirdoil.com\/es\/wp-json\/wp\/v2\/media?parent=1648"}],"curies":[{"name":"wp","href":"https:\/\/api.w.org\/{rel}","templated":true}]}}