{"id":1620,"date":"2023-12-12T09:45:20","date_gmt":"2023-12-12T09:45:20","guid":{"rendered":"https:\/\/emubirdoil.com\/pongase-en-contacto-con\/"},"modified":"2025-01-16T13:59:20","modified_gmt":"2025-01-16T13:59:20","slug":"pongase-en-contacto-con","status":"publish","type":"page","link":"https:\/\/emubirdoil.com\/es\/pongase-en-contacto-con\/","title":{"rendered":"P\u00f3ngase en contacto con"},"content":{"rendered":"\t\t<div data-elementor-type=\"wp-page\" data-elementor-id=\"1620\" class=\"elementor elementor-1620 elementor-111\" data-elementor-post-type=\"page\">\n\t\t\t\t<div class=\"elementor-element elementor-element-d8c9eb2 e-flex e-con-boxed e-con e-parent\" data-id=\"d8c9eb2\" data-element_type=\"container\" data-e-type=\"container\" data-settings=\"{&quot;background_background&quot;:&quot;classic&quot;}\">\n\t\t\t\t\t<div class=\"e-con-inner\">\n\t\t<div class=\"elementor-element elementor-element-3b08899 e-con-full e-flex e-con e-child\" data-id=\"3b08899\" data-element_type=\"container\" data-e-type=\"container\">\n\t\t<div class=\"elementor-element elementor-element-ae9cbc9 e-con-full e-flex e-con e-child\" data-id=\"ae9cbc9\" data-element_type=\"container\" data-e-type=\"container\">\n\t\t<div class=\"elementor-element elementor-element-432ea9a e-con-full e-flex e-con e-child\" data-id=\"432ea9a\" data-element_type=\"container\" data-e-type=\"container\" data-settings=\"{&quot;background_background&quot;:&quot;classic&quot;}\">\n\t\t\t\t<div class=\"elementor-element elementor-element-8f2cf0c elementor-widget elementor-widget-heading\" data-id=\"8f2cf0c\" data-element_type=\"widget\" data-e-type=\"widget\" data-widget_type=\"heading.default\">\n\t\t\t\t<div class=\"elementor-widget-container\">\n\t\t\t\t\t<h1 class=\"elementor-heading-title elementor-size-default\">NUESTROS CONTACTOS<\/h1>\t\t\t\t<\/div>\n\t\t\t\t<\/div>\n\t\t\t\t<div class=\"elementor-element elementor-element-8d1b368 elementor-widget__width-initial elementor-widget elementor-widget-text-editor\" data-id=\"8d1b368\" data-element_type=\"widget\" data-e-type=\"widget\" data-widget_type=\"text-editor.default\">\n\t\t\t\t<div class=\"elementor-widget-container\">\n\t\t\t\t\t\t\t\t\t<p>Para recibir m\u00e1s informaci\u00f3n sobre productos y servicios, puede enviar y rellenar el formulario de contacto. Nuestro personal se pondr\u00e1 en contacto con usted lo antes posible.<\/p>\n\t\t\t\t\t\t\t\t<\/div>\n\t\t\t\t<\/div>\n\t\t\t\t<\/div>\n\t\t\t\t<\/div>\n\t\t<div class=\"elementor-element elementor-element-595ae4b e-con-full e-flex e-con e-child\" data-id=\"595ae4b\" data-element_type=\"container\" data-e-type=\"container\">\n\t\t<div class=\"elementor-element elementor-element-d2afce0 e-con-full e-flex e-con e-child\" data-id=\"d2afce0\" data-element_type=\"container\" data-e-type=\"container\">\n\t\t\t\t<\/div>\n\t\t\t\t<\/div>\n\t\t<div class=\"elementor-element elementor-element-d461f27 e-con-full e-flex e-con e-child\" data-id=\"d461f27\" data-element_type=\"container\" data-e-type=\"container\">\n\t\t<div class=\"elementor-element elementor-element-249dd11 e-con-full e-flex e-con e-child\" data-id=\"249dd11\" data-element_type=\"container\" data-e-type=\"container\">\n\t\t\t\t<div class=\"elementor-element elementor-element-310b0b8 animated-fast elementor-invisible elementor-widget elementor-widget-image\" data-id=\"310b0b8\" data-element_type=\"widget\" data-e-type=\"widget\" data-settings=\"{&quot;_animation&quot;:&quot;fadeInUp&quot;,&quot;_animation_delay&quot;:100}\" data-widget_type=\"image.default\">\n\t\t\t\t<div class=\"elementor-widget-container\">\n\t\t\t\t\t\t\t\t\t\t\t\t\t\t\t<img decoding=\"async\" src=\"https:\/\/emubirdoil.com\/wp-content\/uploads\/elementor\/thumbs\/08_Tablet-Mini-qgp3giyltno7w99otd1df9rrq6s92ihb8t0cpfogko.png\" title=\"08_Tablet-Mini.png\" alt=\"08_Tablet-Mini.png\" loading=\"lazy\" \/>\t\t\t\t\t\t\t\t\t\t\t\t\t\t\t<\/div>\n\t\t\t\t<\/div>\n\t\t\t\t<div class=\"elementor-element elementor-element-e30485e animated-fast elementor-invisible elementor-widget elementor-widget-heading\" data-id=\"e30485e\" data-element_type=\"widget\" data-e-type=\"widget\" data-settings=\"{&quot;_animation&quot;:&quot;fadeInUp&quot;,&quot;_animation_delay&quot;:200}\" data-widget_type=\"heading.default\">\n\t\t\t\t<div class=\"elementor-widget-container\">\n\t\t\t\t\t<h4 class=\"elementor-heading-title elementor-size-default\">CONTACTOS<\/h4>\t\t\t\t<\/div>\n\t\t\t\t<\/div>\n\t\t\t\t<div class=\"elementor-element elementor-element-8f6e26b elementor-widget__width-initial animated-fast elementor-invisible elementor-widget elementor-widget-text-editor\" data-id=\"8f6e26b\" data-element_type=\"widget\" data-e-type=\"widget\" data-settings=\"{&quot;_animation&quot;:&quot;fadeInUp&quot;,&quot;_animation_delay&quot;:300}\" data-widget_type=\"text-editor.default\">\n\t\t\t\t<div class=\"elementor-widget-container\">\n\t\t\t\t\t\t\t\t\t<p>e-Natura 75 ltd<\/p>\n<div id=\"text_block-47-30089\" class=\"ct-text-block\">Trondheimska 27<br \/>21 000 Split<br \/><b>IVA<\/b>:HR 42676774884<br \/><b>IBAN :Zagreba\u010dka banka d.d Zagreb<\/b>:<br \/>  HR7923600001102915235<\/div>\n<div id=\"div_block-23-30089\" class=\"ct-div-block\">\n<div id=\"fancy_icon-24-30089\" class=\"ct-fancy-icon \"> <\/div>\n<div id=\"text_block-25-30089\" class=\"ct-text-block\">correo electr\u00f3nico: info@emubirdoil.com<\/div>\n<\/div>\n\t\t\t\t\t\t\t\t<\/div>\n\t\t\t\t<\/div>\n\t\t\t\t<\/div>\n\t\t<div class=\"elementor-element elementor-element-a70ed59 e-con-full e-flex e-con e-child\" data-id=\"a70ed59\" data-element_type=\"container\" data-e-type=\"container\">\n\t\t\t\t<div class=\"elementor-element elementor-element-0c612c9 elementor-view-default elementor-widget elementor-widget-icon\" data-id=\"0c612c9\" data-element_type=\"widget\" data-e-type=\"widget\" data-widget_type=\"icon.default\">\n\t\t\t\t<div class=\"elementor-widget-container\">\n\t\t\t\t\t\t\t<div class=\"elementor-icon-wrapper\">\n\t\t\t<div class=\"elementor-icon\">\n\t\t\t<i aria-hidden=\"true\" class=\"icon icon-envelope11\"><\/i>\t\t\t<\/div>\n\t\t<\/div>\n\t\t\t\t\t\t<\/div>\n\t\t\t\t<\/div>\n\t\t\t\t<div class=\"elementor-element elementor-element-cadfb55 animated-fast elementor-invisible elementor-widget elementor-widget-heading\" data-id=\"cadfb55\" data-element_type=\"widget\" data-e-type=\"widget\" data-settings=\"{&quot;_animation&quot;:&quot;fadeInUp&quot;,&quot;_animation_delay&quot;:200}\" data-widget_type=\"heading.default\">\n\t\t\t\t<div class=\"elementor-widget-container\">\n\t\t\t\t\t<h4 class=\"elementor-heading-title elementor-size-default\">correo electr\u00f3nico<\/h4>\t\t\t\t<\/div>\n\t\t\t\t<\/div>\n\t\t\t\t<div class=\"elementor-element elementor-element-3928e86 elementor-widget__width-initial animated-fast elementor-invisible elementor-widget elementor-widget-text-editor\" data-id=\"3928e86\" data-element_type=\"widget\" data-e-type=\"widget\" data-settings=\"{&quot;_animation&quot;:&quot;fadeInUp&quot;,&quot;_animation_delay&quot;:300}\" data-widget_type=\"text-editor.default\">\n\t\t\t\t<div class=\"elementor-widget-container\">\n\t\t\t\t\t\t\t\t\t<p><a href=\"mailto:info@emubirdoil.com\">info@emubirdoil.com<\/a><\/p>\n\t\t\t\t\t\t\t\t<\/div>\n\t\t\t\t<\/div>\n\t\t\t\t<\/div>\n\t\t<div class=\"elementor-element elementor-element-aca100b e-con-full e-flex e-con e-child\" data-id=\"aca100b\" data-element_type=\"container\" data-e-type=\"container\">\n\t\t\t\t<div class=\"elementor-element elementor-element-b127824 animated-fast elementor-invisible elementor-widget elementor-widget-image\" data-id=\"b127824\" data-element_type=\"widget\" data-e-type=\"widget\" data-settings=\"{&quot;_animation&quot;:&quot;fadeInUp&quot;,&quot;_animation_delay&quot;:100}\" data-widget_type=\"image.default\">\n\t\t\t\t<div class=\"elementor-widget-container\">\n\t\t\t\t\t\t\t\t\t\t\t\t\t\t\t<img decoding=\"async\" src=\"https:\/\/emubirdoil.com\/wp-content\/uploads\/elementor\/thumbs\/20_Pin-qgp3gmpylve30bqf09i9682zbedv9tiq9aefwplqaw.png\" title=\"20_Pin.png\" alt=\"20_Pin.png\" loading=\"lazy\" \/>\t\t\t\t\t\t\t\t\t\t\t\t\t\t\t<\/div>\n\t\t\t\t<\/div>\n\t\t\t\t<div class=\"elementor-element elementor-element-2c097e6 animated-fast elementor-invisible elementor-widget elementor-widget-heading\" data-id=\"2c097e6\" data-element_type=\"widget\" data-e-type=\"widget\" data-settings=\"{&quot;_animation&quot;:&quot;fadeInUp&quot;,&quot;_animation_delay&quot;:200}\" data-widget_type=\"heading.default\">\n\t\t\t\t<div class=\"elementor-widget-container\">\n\t\t\t\t\t<h4 class=\"elementor-heading-title elementor-size-default\">Ubicaci\u00f3n<\/h4>\t\t\t\t<\/div>\n\t\t\t\t<\/div>\n\t\t\t\t<div class=\"elementor-element elementor-element-e3f262f elementor-widget__width-initial animated-fast elementor-invisible elementor-widget elementor-widget-text-editor\" data-id=\"e3f262f\" data-element_type=\"widget\" data-e-type=\"widget\" data-settings=\"{&quot;_animation&quot;:&quot;fadeInUp&quot;,&quot;_animation_delay&quot;:300}\" data-widget_type=\"text-editor.default\">\n\t\t\t\t<div class=\"elementor-widget-container\">\n\t\t\t\t\t\t\t\t\t<p>Trondheimska 27, Split HR<\/p>\n\t\t\t\t\t\t\t\t<\/div>\n\t\t\t\t<\/div>\n\t\t\t\t<\/div>\n\t\t\t\t<\/div>\n\t\t\t\t<\/div>\n\t\t\t\t\t<\/div>\n\t\t\t\t<\/div>\n\t\t<div class=\"elementor-element elementor-element-8a4f7a4 e-con-full e-flex e-con e-parent\" data-id=\"8a4f7a4\" data-element_type=\"container\" data-e-type=\"container\" data-settings=\"{&quot;background_background&quot;:&quot;classic&quot;}\">\n\t\t<div class=\"elementor-element elementor-element-eeecd25 e-con-full e-flex e-con e-child\" data-id=\"eeecd25\" data-element_type=\"container\" data-e-type=\"container\">\n\t\t\t\t<\/div>\n\t\t\t\t<\/div>\n\t\t\t\t<\/div>\n\t\t","protected":false},"excerpt":{"rendered":"<p>NUESTROS CONTACTOS Para recibir m\u00e1s informaci\u00f3n sobre productos y servicios, puede enviar y rellenar el formulario de contacto. Nuestro personal se pondr\u00e1 en contacto con usted lo antes posible. CONTACTOS e-Natura 75 ltd Trondheimska 2721 000 SplitIVA:HR 42676774884IBAN :Zagreba\u010dka banka d.d Zagreb: HR7923600001102915235 correo electr\u00f3nico: info@emubirdoil.com correo electr\u00f3nico info@emubirdoil.com Ubicaci\u00f3n Trondheimska 27, Split HR<\/p>\n","protected":false},"author":1,"featured_media":0,"parent":0,"menu_order":0,"comment_status":"closed","ping_status":"closed","template":"","meta":{"footnotes":""},"class_list":["post-1620","page","type-page","status-publish","hentry"],"yoast_head":"<!-- This site is optimized with the Yoast SEO plugin v27.4 - https:\/\/yoast.com\/product\/yoast-seo-wordpress\/ -->\n<title>P\u00f3ngase en contacto con - Emu Bird Oil<\/title>\n<meta name=\"robots\" content=\"index, follow, max-snippet:-1, max-image-preview:large, max-video-preview:-1\" \/>\n<link rel=\"canonical\" href=\"https:\/\/emubirdoil.com\/es\/pongase-en-contacto-con\/\" \/>\n<meta property=\"og:locale\" content=\"es_ES\" \/>\n<meta property=\"og:type\" content=\"article\" \/>\n<meta property=\"og:title\" content=\"P\u00f3ngase en contacto con - Emu Bird Oil\" \/>\n<meta property=\"og:description\" content=\"NUESTROS CONTACTOS Para recibir m\u00e1s informaci\u00f3n sobre productos y servicios, puede enviar y rellenar el formulario de contacto. Nuestro personal se pondr\u00e1 en contacto con usted lo antes posible. CONTACTOS e-Natura 75 ltd Trondheimska 2721 000 SplitIVA:HR 42676774884IBAN :Zagreba\u010dka banka d.d Zagreb: HR7923600001102915235 correo electr\u00f3nico: info@emubirdoil.com correo electr\u00f3nico info@emubirdoil.com Ubicaci\u00f3n Trondheimska 27, Split HR\" \/>\n<meta property=\"og:url\" content=\"https:\/\/emubirdoil.com\/es\/pongase-en-contacto-con\/\" \/>\n<meta property=\"og:site_name\" content=\"Emu Bird Oil\" \/>\n<meta property=\"article:modified_time\" content=\"2025-01-16T13:59:20+00:00\" \/>\n<meta property=\"og:image\" content=\"https:\/\/emubirdoil.com\/wp-content\/uploads\/elementor\/thumbs\/08_Tablet-Mini-qgp3giyltno7w99otd1df9rrq6s92ihb8t0cpfogko.png\" \/>\n<meta name=\"twitter:card\" content=\"summary_large_image\" \/>\n<script type=\"application\/ld+json\" class=\"yoast-schema-graph\">{\"@context\":\"https:\\\/\\\/schema.org\",\"@graph\":[{\"@type\":\"WebPage\",\"@id\":\"https:\\\/\\\/emubirdoil.com\\\/es\\\/pongase-en-contacto-con\\\/\",\"url\":\"https:\\\/\\\/emubirdoil.com\\\/es\\\/pongase-en-contacto-con\\\/\",\"name\":\"P\u00f3ngase en contacto con - Emu Bird Oil\",\"isPartOf\":{\"@id\":\"https:\\\/\\\/emubirdoil.com\\\/es\\\/#website\"},\"primaryImageOfPage\":{\"@id\":\"https:\\\/\\\/emubirdoil.com\\\/es\\\/pongase-en-contacto-con\\\/#primaryimage\"},\"image\":{\"@id\":\"https:\\\/\\\/emubirdoil.com\\\/es\\\/pongase-en-contacto-con\\\/#primaryimage\"},\"thumbnailUrl\":\"https:\\\/\\\/emubirdoil.com\\\/wp-content\\\/uploads\\\/elementor\\\/thumbs\\\/08_Tablet-Mini-qgp3giyltno7w99otd1df9rrq6s92ihb8t0cpfogko.png\",\"datePublished\":\"2023-12-12T09:45:20+00:00\",\"dateModified\":\"2025-01-16T13:59:20+00:00\",\"breadcrumb\":{\"@id\":\"https:\\\/\\\/emubirdoil.com\\\/es\\\/pongase-en-contacto-con\\\/#breadcrumb\"},\"inLanguage\":\"es\",\"potentialAction\":[{\"@type\":\"ReadAction\",\"target\":[\"https:\\\/\\\/emubirdoil.com\\\/es\\\/pongase-en-contacto-con\\\/\"]}]},{\"@type\":\"ImageObject\",\"inLanguage\":\"es\",\"@id\":\"https:\\\/\\\/emubirdoil.com\\\/es\\\/pongase-en-contacto-con\\\/#primaryimage\",\"url\":\"https:\\\/\\\/emubirdoil.com\\\/wp-content\\\/uploads\\\/elementor\\\/thumbs\\\/08_Tablet-Mini-qgp3giyltno7w99otd1df9rrq6s92ihb8t0cpfogko.png\",\"contentUrl\":\"https:\\\/\\\/emubirdoil.com\\\/wp-content\\\/uploads\\\/elementor\\\/thumbs\\\/08_Tablet-Mini-qgp3giyltno7w99otd1df9rrq6s92ihb8t0cpfogko.png\"},{\"@type\":\"BreadcrumbList\",\"@id\":\"https:\\\/\\\/emubirdoil.com\\\/es\\\/pongase-en-contacto-con\\\/#breadcrumb\",\"itemListElement\":[{\"@type\":\"ListItem\",\"position\":1,\"name\":\"Home\",\"item\":\"https:\\\/\\\/emubirdoil.com\\\/es\\\/inicio\\\/\"},{\"@type\":\"ListItem\",\"position\":2,\"name\":\"P\u00f3ngase en contacto con\"}]},{\"@type\":\"WebSite\",\"@id\":\"https:\\\/\\\/emubirdoil.com\\\/es\\\/#website\",\"url\":\"https:\\\/\\\/emubirdoil.com\\\/es\\\/\",\"name\":\"Emu Bird Oil YNot Natural\",\"description\":\"Explore premium Emu Bird Oil for natural skincare and pain relief. Pure, effective, and sustainably sourced. Order now for wellness transformation!\",\"publisher\":{\"@id\":\"https:\\\/\\\/emubirdoil.com\\\/es\\\/#organization\"},\"potentialAction\":[{\"@type\":\"SearchAction\",\"target\":{\"@type\":\"EntryPoint\",\"urlTemplate\":\"https:\\\/\\\/emubirdoil.com\\\/es\\\/?s={search_term_string}\"},\"query-input\":{\"@type\":\"PropertyValueSpecification\",\"valueRequired\":true,\"valueName\":\"search_term_string\"}}],\"inLanguage\":\"es\"},{\"@type\":\"Organization\",\"@id\":\"https:\\\/\\\/emubirdoil.com\\\/es\\\/#organization\",\"name\":\"Emu Bird Oil YNot Natural\",\"url\":\"https:\\\/\\\/emubirdoil.com\\\/es\\\/\",\"logo\":{\"@type\":\"ImageObject\",\"inLanguage\":\"es\",\"@id\":\"https:\\\/\\\/emubirdoil.com\\\/es\\\/#\\\/schema\\\/logo\\\/image\\\/\",\"url\":\"https:\\\/\\\/emubirdoil.com\\\/wp-content\\\/uploads\\\/2023\\\/12\\\/Emu-bird-oil-LOGO.png\",\"contentUrl\":\"https:\\\/\\\/emubirdoil.com\\\/wp-content\\\/uploads\\\/2023\\\/12\\\/Emu-bird-oil-LOGO.png\",\"width\":320,\"height\":172,\"caption\":\"Emu Bird Oil YNot Natural\"},\"image\":{\"@id\":\"https:\\\/\\\/emubirdoil.com\\\/es\\\/#\\\/schema\\\/logo\\\/image\\\/\"}}]}<\/script>\n<!-- \/ Yoast SEO plugin. -->","yoast_head_json":{"title":"P\u00f3ngase en contacto con - Emu Bird Oil","robots":{"index":"index","follow":"follow","max-snippet":"max-snippet:-1","max-image-preview":"max-image-preview:large","max-video-preview":"max-video-preview:-1"},"canonical":"https:\/\/emubirdoil.com\/es\/pongase-en-contacto-con\/","og_locale":"es_ES","og_type":"article","og_title":"P\u00f3ngase en contacto con - Emu Bird Oil","og_description":"NUESTROS CONTACTOS Para recibir m\u00e1s informaci\u00f3n sobre productos y servicios, puede enviar y rellenar el formulario de contacto. Nuestro personal se pondr\u00e1 en contacto con usted lo antes posible. CONTACTOS e-Natura 75 ltd Trondheimska 2721 000 SplitIVA:HR 42676774884IBAN :Zagreba\u010dka banka d.d Zagreb: HR7923600001102915235 correo electr\u00f3nico: info@emubirdoil.com correo electr\u00f3nico info@emubirdoil.com Ubicaci\u00f3n Trondheimska 27, Split HR","og_url":"https:\/\/emubirdoil.com\/es\/pongase-en-contacto-con\/","og_site_name":"Emu Bird Oil","article_modified_time":"2025-01-16T13:59:20+00:00","og_image":[{"url":"https:\/\/emubirdoil.com\/wp-content\/uploads\/elementor\/thumbs\/08_Tablet-Mini-qgp3giyltno7w99otd1df9rrq6s92ihb8t0cpfogko.png","type":"","width":"","height":""}],"twitter_card":"summary_large_image","schema":{"@context":"https:\/\/schema.org","@graph":[{"@type":"WebPage","@id":"https:\/\/emubirdoil.com\/es\/pongase-en-contacto-con\/","url":"https:\/\/emubirdoil.com\/es\/pongase-en-contacto-con\/","name":"P\u00f3ngase en contacto con - Emu Bird Oil","isPartOf":{"@id":"https:\/\/emubirdoil.com\/es\/#website"},"primaryImageOfPage":{"@id":"https:\/\/emubirdoil.com\/es\/pongase-en-contacto-con\/#primaryimage"},"image":{"@id":"https:\/\/emubirdoil.com\/es\/pongase-en-contacto-con\/#primaryimage"},"thumbnailUrl":"https:\/\/emubirdoil.com\/wp-content\/uploads\/elementor\/thumbs\/08_Tablet-Mini-qgp3giyltno7w99otd1df9rrq6s92ihb8t0cpfogko.png","datePublished":"2023-12-12T09:45:20+00:00","dateModified":"2025-01-16T13:59:20+00:00","breadcrumb":{"@id":"https:\/\/emubirdoil.com\/es\/pongase-en-contacto-con\/#breadcrumb"},"inLanguage":"es","potentialAction":[{"@type":"ReadAction","target":["https:\/\/emubirdoil.com\/es\/pongase-en-contacto-con\/"]}]},{"@type":"ImageObject","inLanguage":"es","@id":"https:\/\/emubirdoil.com\/es\/pongase-en-contacto-con\/#primaryimage","url":"https:\/\/emubirdoil.com\/wp-content\/uploads\/elementor\/thumbs\/08_Tablet-Mini-qgp3giyltno7w99otd1df9rrq6s92ihb8t0cpfogko.png","contentUrl":"https:\/\/emubirdoil.com\/wp-content\/uploads\/elementor\/thumbs\/08_Tablet-Mini-qgp3giyltno7w99otd1df9rrq6s92ihb8t0cpfogko.png"},{"@type":"BreadcrumbList","@id":"https:\/\/emubirdoil.com\/es\/pongase-en-contacto-con\/#breadcrumb","itemListElement":[{"@type":"ListItem","position":1,"name":"Home","item":"https:\/\/emubirdoil.com\/es\/inicio\/"},{"@type":"ListItem","position":2,"name":"P\u00f3ngase en contacto con"}]},{"@type":"WebSite","@id":"https:\/\/emubirdoil.com\/es\/#website","url":"https:\/\/emubirdoil.com\/es\/","name":"Emu Bird Oil YNot Natural","description":"Explore premium Emu Bird Oil for natural skincare and pain relief. Pure, effective, and sustainably sourced. Order now for wellness transformation!","publisher":{"@id":"https:\/\/emubirdoil.com\/es\/#organization"},"potentialAction":[{"@type":"SearchAction","target":{"@type":"EntryPoint","urlTemplate":"https:\/\/emubirdoil.com\/es\/?s={search_term_string}"},"query-input":{"@type":"PropertyValueSpecification","valueRequired":true,"valueName":"search_term_string"}}],"inLanguage":"es"},{"@type":"Organization","@id":"https:\/\/emubirdoil.com\/es\/#organization","name":"Emu Bird Oil YNot Natural","url":"https:\/\/emubirdoil.com\/es\/","logo":{"@type":"ImageObject","inLanguage":"es","@id":"https:\/\/emubirdoil.com\/es\/#\/schema\/logo\/image\/","url":"https:\/\/emubirdoil.com\/wp-content\/uploads\/2023\/12\/Emu-bird-oil-LOGO.png","contentUrl":"https:\/\/emubirdoil.com\/wp-content\/uploads\/2023\/12\/Emu-bird-oil-LOGO.png","width":320,"height":172,"caption":"Emu Bird Oil YNot Natural"},"image":{"@id":"https:\/\/emubirdoil.com\/es\/#\/schema\/logo\/image\/"}}]}},"_links":{"self":[{"href":"https:\/\/emubirdoil.com\/es\/wp-json\/wp\/v2\/pages\/1620","targetHints":{"allow":["GET"]}}],"collection":[{"href":"https:\/\/emubirdoil.com\/es\/wp-json\/wp\/v2\/pages"}],"about":[{"href":"https:\/\/emubirdoil.com\/es\/wp-json\/wp\/v2\/types\/page"}],"author":[{"embeddable":true,"href":"https:\/\/emubirdoil.com\/es\/wp-json\/wp\/v2\/users\/1"}],"replies":[{"embeddable":true,"href":"https:\/\/emubirdoil.com\/es\/wp-json\/wp\/v2\/comments?post=1620"}],"version-history":[{"count":2,"href":"https:\/\/emubirdoil.com\/es\/wp-json\/wp\/v2\/pages\/1620\/revisions"}],"predecessor-version":[{"id":2846,"href":"https:\/\/emubirdoil.com\/es\/wp-json\/wp\/v2\/pages\/1620\/revisions\/2846"}],"wp:attachment":[{"href":"https:\/\/emubirdoil.com\/es\/wp-json\/wp\/v2\/media?parent=1620"}],"curies":[{"name":"wp","href":"https:\/\/api.w.org\/{rel}","templated":true}]}}