{"id":1503,"date":"2023-12-12T09:42:57","date_gmt":"2023-12-12T09:42:57","guid":{"rendered":"https:\/\/emubirdoil.com\/que-es-el-aceite-de-emu\/"},"modified":"2024-02-01T20:29:08","modified_gmt":"2024-02-01T20:29:08","slug":"que-es-el-aceite-de-emu","status":"publish","type":"page","link":"https:\/\/emubirdoil.com\/es\/aceite-de-emu\/que-es-el-aceite-de-emu\/","title":{"rendered":"Qu\u00e9 es el aceite de em\u00fa"},"content":{"rendered":"\t\t<div data-elementor-type=\"wp-page\" data-elementor-id=\"1503\" class=\"elementor elementor-1503 elementor-107\" data-elementor-post-type=\"page\">\n\t\t\t\t<div class=\"elementor-element elementor-element-73ab93a e-con-full e-flex e-con e-parent\" data-id=\"73ab93a\" data-element_type=\"container\" data-e-type=\"container\" data-settings=\"{&quot;background_background&quot;:&quot;classic&quot;}\">\n\t\t<div class=\"elementor-element elementor-element-451e220 e-con-full e-flex e-con e-child\" data-id=\"451e220\" data-element_type=\"container\" data-e-type=\"container\">\n\t\t\t\t<\/div>\n\t\t\t\t<\/div>\n\t\t<div class=\"elementor-element elementor-element-d709969 e-flex e-con-boxed e-con e-parent\" data-id=\"d709969\" data-element_type=\"container\" data-e-type=\"container\" data-settings=\"{&quot;background_background&quot;:&quot;classic&quot;}\">\n\t\t\t\t\t<div class=\"e-con-inner\">\n\t\t<div class=\"elementor-element elementor-element-b6dfac0 e-con-full e-flex e-con e-child\" data-id=\"b6dfac0\" data-element_type=\"container\" data-e-type=\"container\">\n\t\t\t\t<div class=\"elementor-element elementor-element-d9e6537 animated-fast elementor-invisible elementor-widget elementor-widget-text-editor\" data-id=\"d9e6537\" data-element_type=\"widget\" data-e-type=\"widget\" data-settings=\"{&quot;_animation&quot;:&quot;fadeInUp&quot;,&quot;_animation_delay&quot;:200}\" data-widget_type=\"text-editor.default\">\n\t\t\t\t<div class=\"elementor-widget-container\">\n\t\t\t\t\t\t\t\t\t<p>En Y-Not Natural, creemos que la verdadera belleza y el bienestar proceden de los tesoros de la naturaleza. Por eso nos complace presentarle los extraordinarios beneficios del aceite de em\u00fa, un secreto apreciado durante siglos. Nuestra pasi\u00f3n por las soluciones naturales nos ha llevado a aprovechar el poder del aceite de em\u00fa en nuestros productos, abriendo un mundo de luminosidad y vitalidad para su piel y su bienestar general.<\/p>\n\t\t\t\t\t\t\t\t<\/div>\n\t\t\t\t<\/div>\n\t\t\t\t<\/div>\n\t\t\t\t\t<\/div>\n\t\t\t\t<\/div>\n\t\t<div class=\"elementor-element elementor-element-516fe1c2 e-flex e-con-boxed e-con e-parent\" data-id=\"516fe1c2\" data-element_type=\"container\" data-e-type=\"container\" data-settings=\"{&quot;background_background&quot;:&quot;classic&quot;}\">\n\t\t\t\t\t<div class=\"e-con-inner\">\n\t\t<div class=\"elementor-element elementor-element-5f88b3ea e-con-full e-flex e-con e-child\" data-id=\"5f88b3ea\" data-element_type=\"container\" data-e-type=\"container\">\n\t\t<div class=\"elementor-element elementor-element-5ded09 e-con-full e-flex e-con e-child\" data-id=\"5ded09\" data-element_type=\"container\" data-e-type=\"container\">\n\t\t<div class=\"elementor-element elementor-element-45fe5b1a e-con-full e-flex e-con e-child\" data-id=\"45fe5b1a\" data-element_type=\"container\" data-e-type=\"container\">\n\t\t\t\t<div class=\"elementor-element elementor-element-9bb6362 animated-fast elementor-invisible elementor-widget elementor-widget-heading\" data-id=\"9bb6362\" data-element_type=\"widget\" data-e-type=\"widget\" data-settings=\"{&quot;_animation&quot;:&quot;fadeInUp&quot;,&quot;_animation_delay&quot;:200}\" data-widget_type=\"heading.default\">\n\t\t\t\t<div class=\"elementor-widget-container\">\n\t\t\t\t\t<h3 class=\"elementor-heading-title elementor-size-default\">Un regalo de la naturaleza<\/h3>\t\t\t\t<\/div>\n\t\t\t\t<\/div>\n\t\t\t\t<div class=\"elementor-element elementor-element-7298164a animated-fast elementor-widget__width-initial elementor-widget-tablet__width-inherit elementor-invisible elementor-widget elementor-widget-text-editor\" data-id=\"7298164a\" data-element_type=\"widget\" data-e-type=\"widget\" data-settings=\"{&quot;_animation&quot;:&quot;fadeInUp&quot;,&quot;_animation_delay&quot;:300}\" data-widget_type=\"text-editor.default\">\n\t\t\t\t<div class=\"elementor-widget-container\">\n\t\t\t\t\t\t\t\t\t<p>El aceite de em\u00fa es una sustancia preciosa derivada de la grasa del ave em\u00fa, originaria de Australia. Durante siglos, las comunidades ind\u00edgenas australianas han venerado este aceite por sus excepcionales propiedades hidratantes y curativas.<\/p>\n<p>Cosechado de forma responsable y sostenible, el aceite de em\u00fa es un testimonio de la sabidur\u00eda de las pr\u00e1cticas tradicionales y la magnificencia de la naturaleza.<\/p>\n<p>En YNotNatural, hemos aprovechado el poder del aceite de em\u00fa para crear una gama de productos que se adaptan a las necesidades \u00fanicas de su piel. Nuestros expertos mezclan este preciado aceite con ingredientes naturales cuidadosamente seleccionados para amplificar sus beneficios.<\/p>\n\t\t\t\t\t\t\t\t<\/div>\n\t\t\t\t<\/div>\n\t\t\t\t<\/div>\n\t\t<div class=\"elementor-element elementor-element-e4e68ac e-con-full e-flex e-con e-child\" data-id=\"e4e68ac\" data-element_type=\"container\" data-e-type=\"container\" data-settings=\"{&quot;background_background&quot;:&quot;classic&quot;}\">\n\t\t\t\t<\/div>\n\t\t\t\t<\/div>\n\t\t<div class=\"elementor-element elementor-element-410057a6 e-con-full e-flex e-con e-child\" data-id=\"410057a6\" data-element_type=\"container\" data-e-type=\"container\">\n\t\t<div class=\"elementor-element elementor-element-5b702be e-con-full e-flex e-con e-child\" data-id=\"5b702be\" data-element_type=\"container\" data-e-type=\"container\" data-settings=\"{&quot;background_background&quot;:&quot;classic&quot;}\">\n\t\t\t\t<\/div>\n\t\t<div class=\"elementor-element elementor-element-1018d196 e-con-full e-flex e-con e-child\" data-id=\"1018d196\" data-element_type=\"container\" data-e-type=\"container\">\n\t\t\t\t<div class=\"elementor-element elementor-element-41fe23ff animated-fast elementor-invisible elementor-widget elementor-widget-heading\" data-id=\"41fe23ff\" data-element_type=\"widget\" data-e-type=\"widget\" data-settings=\"{&quot;_animation&quot;:&quot;fadeInUp&quot;,&quot;_animation_delay&quot;:200}\" data-widget_type=\"heading.default\">\n\t\t\t\t<div class=\"elementor-widget-container\">\n\t\t\t\t\t<h3 class=\"elementor-heading-title elementor-size-default\">Desbloquear los beneficios<\/h3>\t\t\t\t<\/div>\n\t\t\t\t<\/div>\n\t\t\t\t<div class=\"elementor-element elementor-element-b74f4a6 animated-fast elementor-widget__width-initial elementor-widget-tablet__width-inherit elementor-invisible elementor-widget elementor-widget-text-editor\" data-id=\"b74f4a6\" data-element_type=\"widget\" data-e-type=\"widget\" data-settings=\"{&quot;_animation&quot;:&quot;fadeInUp&quot;,&quot;_animation_delay&quot;:300}\" data-widget_type=\"text-editor.default\">\n\t\t\t\t<div class=\"elementor-widget-container\">\n\t\t\t\t\t\t\t\t\t<p>\u00bfPor qu\u00e9 el aceite de em\u00fa? Es muy sencillo: el aceite de em\u00fa es una fuente natural de nutrientes, incluidos los \u00e1cidos grasos esenciales Omega-3, Omega-6 y Omega-9.<\/p>\n<p>Estos \u00e1cidos grasos penetran profundamente en la piel, proporcionando una hidrataci\u00f3n y nutrici\u00f3n inigualables. El aceite de em\u00fa tambi\u00e9n es famoso por sus propiedades antiinflamatorias, que lo convierten en un remedio calmante para las pieles sensibles e irritadas.<\/p>\n<p>Tanto si est\u00e1 combatiendo la sequedad, los signos del envejecimiento o incluso peque\u00f1os problemas de la piel, el aceite de em\u00fa ofrece una soluci\u00f3n hol\u00edstica que realmente funciona.<\/p><\/p>\n\t\t\t\t\t\t\t\t<\/div>\n\t\t\t\t<\/div>\n\t\t\t\t<\/div>\n\t\t\t\t<\/div>\n\t\t\t\t<\/div>\n\t\t\t\t\t<\/div>\n\t\t\t\t<\/div>\n\t\t<div class=\"elementor-element elementor-element-0b3170c e-flex e-con-boxed e-con e-parent\" data-id=\"0b3170c\" data-element_type=\"container\" data-e-type=\"container\" data-settings=\"{&quot;background_background&quot;:&quot;classic&quot;}\">\n\t\t\t\t\t<div class=\"e-con-inner\">\n\t\t<div class=\"elementor-element elementor-element-09e2f1b e-con-full e-flex e-con e-child\" data-id=\"09e2f1b\" data-element_type=\"container\" data-e-type=\"container\">\n\t\t\t\t<div class=\"elementor-element elementor-element-1797982 elementor-widget elementor-widget-heading\" data-id=\"1797982\" data-element_type=\"widget\" data-e-type=\"widget\" data-widget_type=\"heading.default\">\n\t\t\t\t<div class=\"elementor-widget-container\">\n\t\t\t\t\t<h2 class=\"elementor-heading-title elementor-size-default\">PROPUESTAS ESPECIALES<\/h2>\t\t\t\t<\/div>\n\t\t\t\t<\/div>\n\t\t\t\t<div class=\"elementor-element elementor-element-17a59e1 elementor-grid-3 elementor-grid-tablet-3 elementor-grid-mobile-1 elementor-product-loop-item--align-center animated-fast elementor-products-grid elementor-wc-products elementor-invisible elementor-widget elementor-widget-woocommerce-products\" data-id=\"17a59e1\" data-element_type=\"widget\" data-e-type=\"widget\" data-settings=\"{&quot;_animation&quot;:&quot;fadeInUp&quot;,&quot;_animation_delay&quot;:200}\" data-widget_type=\"woocommerce-products.default\">\n\t\t\t\t<div class=\"elementor-widget-container\">\n\t\t\t\t\t<div class=\"woocommerce columns-3 \"><ul class=\"products elementor-grid columns-3\">\n<li class=\"product type-product post-2379 status-publish first instock product_cat-y-no-natural has-post-thumbnail sale shipping-taxable purchasable product-type-simple\">\n\t<a href=\"https:\/\/emubirdoil.com\/es\/producto\/aceite-de-emu-ecologico-100-puro-60ml\/\" class=\"woocommerce-LoopProduct-link woocommerce-loop-product__link\">\n\t<span class=\"onsale\">\u00a1Oferta!<\/span>\n\t<img fetchpriority=\"high\" decoding=\"async\" width=\"300\" height=\"300\" src=\"https:\/\/emubirdoil.com\/wp-content\/uploads\/2025\/03\/100-pure-emu-oil-for-hypoallergenic-skin-care-hair-and-healing-all-natural-source-of-vitamin-k2-1-300x300.jpg\" class=\"attachment-woocommerce_thumbnail size-woocommerce_thumbnail\" alt=\"Aceite de Em\u00fa Ecol\u00f3gico 100% Puro 60ml\" srcset=\"https:\/\/emubirdoil.com\/wp-content\/uploads\/2025\/03\/100-pure-emu-oil-for-hypoallergenic-skin-care-hair-and-healing-all-natural-source-of-vitamin-k2-1-300x300.jpg 300w, https:\/\/emubirdoil.com\/wp-content\/uploads\/2025\/03\/100-pure-emu-oil-for-hypoallergenic-skin-care-hair-and-healing-all-natural-source-of-vitamin-k2-1-150x150.jpg 150w, https:\/\/emubirdoil.com\/wp-content\/uploads\/2025\/03\/100-pure-emu-oil-for-hypoallergenic-skin-care-hair-and-healing-all-natural-source-of-vitamin-k2-1-100x100.jpg 100w, https:\/\/emubirdoil.com\/wp-content\/uploads\/2025\/03\/100-pure-emu-oil-for-hypoallergenic-skin-care-hair-and-healing-all-natural-source-of-vitamin-k2-1.jpg 458w\" sizes=\"(max-width: 300px) 100vw, 300px\" \/><h2 class=\"woocommerce-loop-product__title\">Aceite de Em\u00fa Ecol\u00f3gico 100% Puro 60ml<\/h2><div class=\"star-rating\" role=\"img\" aria-label=\"Valorado con 5.00 de 5\"><span style=\"width:100%\">Valorado con <strong class=\"rating\">5.00<\/strong> de 5<\/span><\/div>\n\t<span class=\"price\"><del aria-hidden=\"true\"><span class=\"woocommerce-Price-amount amount\"><bdi>34,90&nbsp;<span class=\"woocommerce-Price-currencySymbol\">&euro;<\/span><\/bdi><\/span><\/del> <span class=\"screen-reader-text\">El precio original era: 34,90&nbsp;&euro;.<\/span><ins aria-hidden=\"true\"><span class=\"woocommerce-Price-amount amount\"><bdi>24,90&nbsp;<span class=\"woocommerce-Price-currencySymbol\">&euro;<\/span><\/bdi><\/span><\/ins><span class=\"screen-reader-text\">El precio actual es: 24,90&nbsp;&euro;.<\/span><\/span>\n<\/a><a href=\"\/es\/wp-json\/wp\/v2\/pages\/1503?add-to-cart=2379\" aria-describedby=\"woocommerce_loop_add_to_cart_link_describedby_2379\" data-quantity=\"1\" class=\"button product_type_simple add_to_cart_button ajax_add_to_cart\" data-product_id=\"2379\" data-product_sku=\"YNNOMEGAOleo60\" aria-label=\"A\u00f1adir al carrito: &ldquo;Aceite de Em\u00fa Ecol\u00f3gico 100% Puro 60ml&rdquo;\" rel=\"nofollow\" data-success_message=\"\u00abAceite de Em\u00fa Ecol\u00f3gico 100% Puro 60ml\u00bb se ha a\u00f1adido a tu carrito\" role=\"button\">A\u00f1adir al carrito<\/a>\t<span id=\"woocommerce_loop_add_to_cart_link_describedby_2379\" class=\"screen-reader-text\">\n\t\t\t<\/span>\n<span class=\"gtm4wp_productdata\" style=\"display:none; visibility:hidden;\" data-gtm4wp_product_data=\"{&quot;internal_id&quot;:2379,&quot;item_id&quot;:2379,&quot;item_name&quot;:&quot;Aceite de Em\\u00fa Ecol\\u00f3gico 100% Puro 60ml&quot;,&quot;sku&quot;:&quot;YNNOMEGAOleo60&quot;,&quot;price&quot;:24.89999999999999857891452847979962825775146484375,&quot;stocklevel&quot;:33,&quot;stockstatus&quot;:&quot;instock&quot;,&quot;google_business_vertical&quot;:&quot;custom&quot;,&quot;item_category&quot;:&quot;Y-No Natural&quot;,&quot;id&quot;:2379,&quot;productlink&quot;:&quot;https:\\\/\\\/emubirdoil.com\\\/es\\\/producto\\\/aceite-de-emu-ecologico-100-puro-60ml\\\/&quot;,&quot;item_list_name&quot;:&quot;Lista general de productos&quot;,&quot;index&quot;:1,&quot;product_type&quot;:&quot;simple&quot;,&quot;item_brand&quot;:&quot;&quot;}\"><\/span><\/li>\n<\/ul>\n<\/div>\t\t\t\t<\/div>\n\t\t\t\t<\/div>\n\t\t\t\t<\/div>\n\t\t\t\t\t<\/div>\n\t\t\t\t<\/div>\n\t\t\t\t<\/div>\n\t\t","protected":false},"excerpt":{"rendered":"<p>En Y-Not Natural, creemos que la verdadera belleza y el bienestar proceden de los tesoros de la naturaleza. Por eso nos complace presentarle los extraordinarios beneficios del aceite de em\u00fa, un secreto apreciado durante siglos. Nuestra pasi\u00f3n por las soluciones naturales nos ha llevado a aprovechar el poder del aceite de em\u00fa en nuestros productos, [&hellip;]<\/p>\n","protected":false},"author":1,"featured_media":0,"parent":1814,"menu_order":0,"comment_status":"closed","ping_status":"closed","template":"","meta":{"footnotes":""},"class_list":["post-1503","page","type-page","status-publish","hentry"],"yoast_head":"<!-- This site is optimized with the Yoast SEO plugin v27.3 - https:\/\/yoast.com\/product\/yoast-seo-wordpress\/ -->\n<title>Qu\u00e9 es el aceite de em\u00fa - Emu Bird Oil<\/title>\n<meta name=\"robots\" content=\"index, follow, max-snippet:-1, max-image-preview:large, max-video-preview:-1\" \/>\n<link rel=\"canonical\" href=\"https:\/\/emubirdoil.com\/es\/aceite-de-emu\/que-es-el-aceite-de-emu\/\" \/>\n<meta property=\"og:locale\" content=\"es_ES\" \/>\n<meta property=\"og:type\" content=\"article\" \/>\n<meta property=\"og:title\" content=\"Qu\u00e9 es el aceite de em\u00fa - Emu Bird Oil\" \/>\n<meta property=\"og:description\" content=\"En Y-Not Natural, creemos que la verdadera belleza y el bienestar proceden de los tesoros de la naturaleza. Por eso nos complace presentarle los extraordinarios beneficios del aceite de em\u00fa, un secreto apreciado durante siglos. Nuestra pasi\u00f3n por las soluciones naturales nos ha llevado a aprovechar el poder del aceite de em\u00fa en nuestros productos, [&hellip;]\" \/>\n<meta property=\"og:url\" content=\"https:\/\/emubirdoil.com\/es\/aceite-de-emu\/que-es-el-aceite-de-emu\/\" \/>\n<meta property=\"og:site_name\" content=\"Emu Bird Oil\" \/>\n<meta property=\"article:modified_time\" content=\"2024-02-01T20:29:08+00:00\" \/>\n<meta name=\"twitter:card\" content=\"summary_large_image\" \/>\n<meta name=\"twitter:label1\" content=\"Tiempo de lectura\" \/>\n\t<meta name=\"twitter:data1\" content=\"1 minuto\" \/>\n<script type=\"application\/ld+json\" class=\"yoast-schema-graph\">{\"@context\":\"https:\\\/\\\/schema.org\",\"@graph\":[{\"@type\":\"WebPage\",\"@id\":\"https:\\\/\\\/emubirdoil.com\\\/es\\\/aceite-de-emu\\\/que-es-el-aceite-de-emu\\\/\",\"url\":\"https:\\\/\\\/emubirdoil.com\\\/es\\\/aceite-de-emu\\\/que-es-el-aceite-de-emu\\\/\",\"name\":\"Qu\u00e9 es el aceite de em\u00fa - Emu Bird Oil\",\"isPartOf\":{\"@id\":\"https:\\\/\\\/emubirdoil.com\\\/es\\\/#website\"},\"datePublished\":\"2023-12-12T09:42:57+00:00\",\"dateModified\":\"2024-02-01T20:29:08+00:00\",\"breadcrumb\":{\"@id\":\"https:\\\/\\\/emubirdoil.com\\\/es\\\/aceite-de-emu\\\/que-es-el-aceite-de-emu\\\/#breadcrumb\"},\"inLanguage\":\"es\",\"potentialAction\":[{\"@type\":\"ReadAction\",\"target\":[\"https:\\\/\\\/emubirdoil.com\\\/es\\\/aceite-de-emu\\\/que-es-el-aceite-de-emu\\\/\"]}]},{\"@type\":\"BreadcrumbList\",\"@id\":\"https:\\\/\\\/emubirdoil.com\\\/es\\\/aceite-de-emu\\\/que-es-el-aceite-de-emu\\\/#breadcrumb\",\"itemListElement\":[{\"@type\":\"ListItem\",\"position\":1,\"name\":\"Home\",\"item\":\"https:\\\/\\\/emubirdoil.com\\\/es\\\/inicio\\\/\"},{\"@type\":\"ListItem\",\"position\":2,\"name\":\"Aceite de em\u00fa\",\"item\":\"https:\\\/\\\/emubirdoil.com\\\/es\\\/aceite-de-emu\\\/\"},{\"@type\":\"ListItem\",\"position\":3,\"name\":\"Qu\u00e9 es el aceite de em\u00fa\"}]},{\"@type\":\"WebSite\",\"@id\":\"https:\\\/\\\/emubirdoil.com\\\/es\\\/#website\",\"url\":\"https:\\\/\\\/emubirdoil.com\\\/es\\\/\",\"name\":\"Emu Bird Oil YNot Natural\",\"description\":\"Explore premium Emu Bird Oil for natural skincare and pain relief. Pure, effective, and sustainably sourced. Order now for wellness transformation!\",\"publisher\":{\"@id\":\"https:\\\/\\\/emubirdoil.com\\\/es\\\/#organization\"},\"potentialAction\":[{\"@type\":\"SearchAction\",\"target\":{\"@type\":\"EntryPoint\",\"urlTemplate\":\"https:\\\/\\\/emubirdoil.com\\\/es\\\/?s={search_term_string}\"},\"query-input\":{\"@type\":\"PropertyValueSpecification\",\"valueRequired\":true,\"valueName\":\"search_term_string\"}}],\"inLanguage\":\"es\"},{\"@type\":\"Organization\",\"@id\":\"https:\\\/\\\/emubirdoil.com\\\/es\\\/#organization\",\"name\":\"Emu Bird Oil YNot Natural\",\"url\":\"https:\\\/\\\/emubirdoil.com\\\/es\\\/\",\"logo\":{\"@type\":\"ImageObject\",\"inLanguage\":\"es\",\"@id\":\"https:\\\/\\\/emubirdoil.com\\\/es\\\/#\\\/schema\\\/logo\\\/image\\\/\",\"url\":\"https:\\\/\\\/emubirdoil.com\\\/wp-content\\\/uploads\\\/2023\\\/12\\\/Emu-bird-oil-LOGO.png\",\"contentUrl\":\"https:\\\/\\\/emubirdoil.com\\\/wp-content\\\/uploads\\\/2023\\\/12\\\/Emu-bird-oil-LOGO.png\",\"width\":320,\"height\":172,\"caption\":\"Emu Bird Oil YNot Natural\"},\"image\":{\"@id\":\"https:\\\/\\\/emubirdoil.com\\\/es\\\/#\\\/schema\\\/logo\\\/image\\\/\"}}]}<\/script>\n<!-- \/ Yoast SEO plugin. -->","yoast_head_json":{"title":"Qu\u00e9 es el aceite de em\u00fa - Emu Bird Oil","robots":{"index":"index","follow":"follow","max-snippet":"max-snippet:-1","max-image-preview":"max-image-preview:large","max-video-preview":"max-video-preview:-1"},"canonical":"https:\/\/emubirdoil.com\/es\/aceite-de-emu\/que-es-el-aceite-de-emu\/","og_locale":"es_ES","og_type":"article","og_title":"Qu\u00e9 es el aceite de em\u00fa - Emu Bird Oil","og_description":"En Y-Not Natural, creemos que la verdadera belleza y el bienestar proceden de los tesoros de la naturaleza. Por eso nos complace presentarle los extraordinarios beneficios del aceite de em\u00fa, un secreto apreciado durante siglos. Nuestra pasi\u00f3n por las soluciones naturales nos ha llevado a aprovechar el poder del aceite de em\u00fa en nuestros productos, [&hellip;]","og_url":"https:\/\/emubirdoil.com\/es\/aceite-de-emu\/que-es-el-aceite-de-emu\/","og_site_name":"Emu Bird Oil","article_modified_time":"2024-02-01T20:29:08+00:00","twitter_card":"summary_large_image","twitter_misc":{"Tiempo de lectura":"1 minuto"},"schema":{"@context":"https:\/\/schema.org","@graph":[{"@type":"WebPage","@id":"https:\/\/emubirdoil.com\/es\/aceite-de-emu\/que-es-el-aceite-de-emu\/","url":"https:\/\/emubirdoil.com\/es\/aceite-de-emu\/que-es-el-aceite-de-emu\/","name":"Qu\u00e9 es el aceite de em\u00fa - Emu Bird Oil","isPartOf":{"@id":"https:\/\/emubirdoil.com\/es\/#website"},"datePublished":"2023-12-12T09:42:57+00:00","dateModified":"2024-02-01T20:29:08+00:00","breadcrumb":{"@id":"https:\/\/emubirdoil.com\/es\/aceite-de-emu\/que-es-el-aceite-de-emu\/#breadcrumb"},"inLanguage":"es","potentialAction":[{"@type":"ReadAction","target":["https:\/\/emubirdoil.com\/es\/aceite-de-emu\/que-es-el-aceite-de-emu\/"]}]},{"@type":"BreadcrumbList","@id":"https:\/\/emubirdoil.com\/es\/aceite-de-emu\/que-es-el-aceite-de-emu\/#breadcrumb","itemListElement":[{"@type":"ListItem","position":1,"name":"Home","item":"https:\/\/emubirdoil.com\/es\/inicio\/"},{"@type":"ListItem","position":2,"name":"Aceite de em\u00fa","item":"https:\/\/emubirdoil.com\/es\/aceite-de-emu\/"},{"@type":"ListItem","position":3,"name":"Qu\u00e9 es el aceite de em\u00fa"}]},{"@type":"WebSite","@id":"https:\/\/emubirdoil.com\/es\/#website","url":"https:\/\/emubirdoil.com\/es\/","name":"Emu Bird Oil YNot Natural","description":"Explore premium Emu Bird Oil for natural skincare and pain relief. Pure, effective, and sustainably sourced. Order now for wellness transformation!","publisher":{"@id":"https:\/\/emubirdoil.com\/es\/#organization"},"potentialAction":[{"@type":"SearchAction","target":{"@type":"EntryPoint","urlTemplate":"https:\/\/emubirdoil.com\/es\/?s={search_term_string}"},"query-input":{"@type":"PropertyValueSpecification","valueRequired":true,"valueName":"search_term_string"}}],"inLanguage":"es"},{"@type":"Organization","@id":"https:\/\/emubirdoil.com\/es\/#organization","name":"Emu Bird Oil YNot Natural","url":"https:\/\/emubirdoil.com\/es\/","logo":{"@type":"ImageObject","inLanguage":"es","@id":"https:\/\/emubirdoil.com\/es\/#\/schema\/logo\/image\/","url":"https:\/\/emubirdoil.com\/wp-content\/uploads\/2023\/12\/Emu-bird-oil-LOGO.png","contentUrl":"https:\/\/emubirdoil.com\/wp-content\/uploads\/2023\/12\/Emu-bird-oil-LOGO.png","width":320,"height":172,"caption":"Emu Bird Oil YNot Natural"},"image":{"@id":"https:\/\/emubirdoil.com\/es\/#\/schema\/logo\/image\/"}}]}},"_links":{"self":[{"href":"https:\/\/emubirdoil.com\/es\/wp-json\/wp\/v2\/pages\/1503","targetHints":{"allow":["GET"]}}],"collection":[{"href":"https:\/\/emubirdoil.com\/es\/wp-json\/wp\/v2\/pages"}],"about":[{"href":"https:\/\/emubirdoil.com\/es\/wp-json\/wp\/v2\/types\/page"}],"author":[{"embeddable":true,"href":"https:\/\/emubirdoil.com\/es\/wp-json\/wp\/v2\/users\/1"}],"replies":[{"embeddable":true,"href":"https:\/\/emubirdoil.com\/es\/wp-json\/wp\/v2\/comments?post=1503"}],"version-history":[{"count":2,"href":"https:\/\/emubirdoil.com\/es\/wp-json\/wp\/v2\/pages\/1503\/revisions"}],"predecessor-version":[{"id":1551,"href":"https:\/\/emubirdoil.com\/es\/wp-json\/wp\/v2\/pages\/1503\/revisions\/1551"}],"up":[{"embeddable":true,"href":"https:\/\/emubirdoil.com\/es\/wp-json\/wp\/v2\/pages\/1814"}],"wp:attachment":[{"href":"https:\/\/emubirdoil.com\/es\/wp-json\/wp\/v2\/media?parent=1503"}],"curies":[{"name":"wp","href":"https:\/\/api.w.org\/{rel}","templated":true}]}}