{"id":2949,"date":"2025-03-05T19:30:48","date_gmt":"2025-03-05T19:30:48","guid":{"rendered":"https:\/\/emubirdoil.com\/?post_type=product&#038;p=2949"},"modified":"2025-10-19T06:38:11","modified_gmt":"2025-10-19T06:38:11","slug":"kollagen-pulver","status":"publish","type":"product","link":"https:\/\/emubirdoil.com\/de\/produkt\/kollagen-pulver\/","title":{"rendered":"Swedish Kollagen Pulver \u2013 300\u202fg Hydrolysiertes Meereskollagen f\u00fcr Haut, Haare, N\u00e4gel &#038; Gelenke"},"content":{"rendered":"<pre id=\"title\" class=\"a-size-large a-spacing-none\"><span id=\"productTitle\" class=\"a-size-large product-title-word-break\">Meereskollagenpulver <\/span>Typ 1 und 3 mit 10.000 mg  f\u00fcr Haare, Haut und N\u00e4gel<\/pre>\n<p data-start=\"96\" data-end=\"358\">Wir pr\u00e4sentieren Ihnen ein hochwertiges Produkt mit hochkonzentriertem Kollagenpulver des Typs 1 und 3, das 10.000 mg pro Tagesdosis liefert. Die Formel enth\u00e4lt ausschlie\u00dflich reines Kollagen und ist ideal zur Erhaltung der Sch\u00f6nheit von Haut, Haaren und N\u00e4geln.<\/p>\n<h3 class=\"subheading mb-8\">100% reines Meereskollagen<\/h3>\n<h2 class=\"mb-16\">Kein Geruch &amp; Ungl\u00e4ubig<\/h2>\n<div class=\"rte mb-16\">\n<p>Collagen Pure st\u00e4rkt Haut und Haar mit 10.000 mg hydrolysierten marinen Kollagenpeptiden. Das niedermolekulare Kollagen <strong>(1500 Da)<\/strong> sorgt f\u00fcr optimale Absorption ohne Geschmack und Geruch.<\/p>\n<\/div>\n<p data-start=\"360\" data-end=\"373\"><strong data-start=\"360\" data-end=\"373\">Vorteile:<\/strong><\/p>\n<ul data-start=\"374\" data-end=\"819\">\n<li data-start=\"374\" data-end=\"409\">Reduziert feine Linien und Falten<\/li>\n<li data-start=\"410\" data-end=\"458\">Erh\u00f6ht die Elastizit\u00e4t und Festigkeit der Haut<\/li>\n<li data-start=\"459\" data-end=\"506\">Verbessert die Hautfeuchtigkeit und den Glanz<\/li>\n<li data-start=\"507\" data-end=\"549\">Bek\u00e4mpft Akne und reduziert Entz\u00fcndungen<\/li>\n<li data-start=\"550\" data-end=\"596\">Gl\u00e4ttet die Haut und gleicht den Hautton aus<\/li>\n<li data-start=\"597\" data-end=\"647\">Reduziert Narben, Cellulite und Dehnungsstreifen<\/li>\n<li data-start=\"648\" data-end=\"697\">Hellt braune Flecken und Hyperpigmentierung auf<\/li>\n<li data-start=\"698\" data-end=\"743\">F\u00f6rdert das Haarwachstum, Volumen und Glanz<\/li>\n<li data-start=\"744\" data-end=\"770\">St\u00e4rkt N\u00e4gel und Wimpern<\/li>\n<li data-start=\"771\" data-end=\"819\">St\u00e4rkt die Knochen und lindert Gelenkschmerzen<\/li>\n<\/ul>\n<p data-start=\"821\" data-end=\"848\"><strong data-start=\"821\" data-end=\"848\">Produktspezifikationen:<\/strong><\/p>\n<ul data-start=\"849\" data-end=\"1111\" data-is-only-node=\"\" data-is-last-node=\"\">\n<li data-start=\"849\" data-end=\"948\">Die Formel basiert ausschlie\u00dflich auf reinem hydrolysiertem Kollagen, ohne jegliche Zusatzstoffe.<\/li>\n<li data-start=\"1000\" data-end=\"1068\">Deckt Ihre t\u00e4glichen Kollagenbed\u00fcrfnisse mit nur einer Tagesdosis.<\/li>\n<li data-start=\"1069\" data-end=\"1111\" data-is-last-node=\"\">Geeignet f\u00fcr die langfristige Anwendung.<\/li>\n<\/ul>\n<p>&nbsp;<\/p>\n<div>\n<h4 class=\"summary__title\"><strong><span class=\"small accordion__title\" style=\"color: #000000;\">Klinisch bewiesen<\/span><\/strong><\/h4>\n<\/div>\n<div id=\"ProductAccordion-collapsible_tab_e99KHg-template--25252960043347__main\" class=\"accordion__content rte pt-8 pb-16\">\n<p>Die klinische Studie* zeigt, dass unser Meereskollagen 5 wichtige Aspekte der Haut verbessert:<\/p>\n<ul>\n<li>Falten<\/li>\n<li>Hautelastizit\u00e4t<\/li>\n<li>Fl\u00fcssigkeitszufuhr<\/li>\n<li>Festigkeit<\/li>\n<li>Glanz<\/li>\n<\/ul>\n<p>*In einer randomisierten, doppelblinden, placebokontrollierten klinischen Studie nahmen 50 Frauen 12 Wochen lang t\u00e4glich 10 g Meereskollagen oder ein Placebo ein. 3D-Gesichtsaufnahmen wurden zu Beginn, in Woche 6 und 12 durchgef\u00fchrt und zeigten statistisch eine Verbesserung der Hautqualit\u00e4t.<\/p>\n<\/div>\n<p>&nbsp;<\/p>\n<p><img decoding=\"async\" src=\"https:\/\/cdn.shopify.com\/s\/files\/1\/0523\/4982\/9291\/files\/Skarmavbild_2021-11-18_kl._10.09.37.png?v=1637226594\" srcset=\"\" alt=\"\" width=\"203\" height=\"91\" data-cmp-info=\"10\" data-srcset=\"\" \/><\/p>\n","protected":false},"excerpt":{"rendered":"<div class=\"product-block product-block__description\">\n<div class=\"product__description rte\">\n<h2 class=\"accordion-section\"><span style=\"color: #000000;\">100 % reine hydrolysierte Meereskollagenpeptide<\/span><\/h2>\n<div class=\"accordion-section\">\n<div class=\"accordion\">\n<p><span style=\"color: #000000;\">\u2714\ufe0f 10.000 mg Meereskollagen pro Portion<\/span><br \/>\n<span style=\"color: #000000;\">\u2714\ufe0f H\u00f6here Absorptionsrate<\/span><br \/>\n<span style=\"color: #000000;\">\u2714\ufe0f Geruchs- und geschmacksneutral<\/span><br \/>\n<span style=\"color: #000000;\">\u2714\ufe0f Einfaches Mischen, auch in kaltem Wasser<\/span><\/p>\n<\/div>\n<\/div>\n<\/div>\n<\/div>\n","protected":false},"featured_media":3527,"comment_status":"open","ping_status":"closed","template":"","meta":[],"product_brand":[],"product_cat":[92],"product_tag":[],"class_list":{"0":"post-2949","1":"product","2":"type-product","3":"status-publish","4":"has-post-thumbnail","6":"product_cat-swedish-collagen-de","8":"first","9":"instock","10":"sale","11":"shipping-taxable","12":"purchasable","13":"product-type-simple"},"yoast_head":"<!-- This site is optimized with the Yoast SEO plugin v27.4 - https:\/\/yoast.com\/product\/yoast-seo-wordpress\/ -->\n<title>Kollagen Pulver 300\u202fg \u2013 Hydrolysiert, F\u00fcr Haut &amp; Gelenke<\/title>\n<meta name=\"description\" content=\"Feines hydrolysiertes Kollagenpulver \u2013 unterst\u00fctzt Haut, Haare, N\u00e4gel und Gelenke. Hohe Bioverf\u00fcgbarkeit, neutraler Geschmack, 30-Tage-Vorrat.\" \/>\n<meta name=\"robots\" content=\"index, follow, max-snippet:-1, max-image-preview:large, max-video-preview:-1\" \/>\n<link rel=\"canonical\" href=\"https:\/\/emubirdoil.com\/de\/produkt\/kollagen-pulver\/\" \/>\n<meta property=\"og:locale\" content=\"de_DE\" \/>\n<meta property=\"og:type\" content=\"article\" \/>\n<meta property=\"og:title\" content=\"Kollagen Pulver 300\u202fg \u2013 Hydrolysiert, F\u00fcr Haut &amp; Gelenke\" \/>\n<meta property=\"og:description\" content=\"Feines hydrolysiertes Kollagenpulver \u2013 unterst\u00fctzt Haut, Haare, N\u00e4gel und Gelenke. Hohe Bioverf\u00fcgbarkeit, neutraler Geschmack, 30-Tage-Vorrat.\" \/>\n<meta property=\"og:url\" content=\"https:\/\/emubirdoil.com\/de\/produkt\/kollagen-pulver\/\" \/>\n<meta property=\"og:site_name\" content=\"Emu Bird Oil\" \/>\n<meta property=\"article:modified_time\" content=\"2025-10-19T06:38:11+00:00\" \/>\n<meta property=\"og:image\" content=\"https:\/\/emubirdoil.com\/wp-content\/uploads\/2025\/03\/71YSVgoUkL._AC_SX679_.jpg\" \/>\n\t<meta property=\"og:image:width\" content=\"679\" \/>\n\t<meta property=\"og:image:height\" content=\"512\" \/>\n\t<meta property=\"og:image:type\" content=\"image\/jpeg\" \/>\n<meta name=\"twitter:card\" content=\"summary_large_image\" \/>\n<meta name=\"twitter:label1\" content=\"Gesch\u00e4tzte Lesezeit\" \/>\n\t<meta name=\"twitter:data1\" content=\"2\u00a0Minuten\" \/>\n<script type=\"application\/ld+json\" class=\"yoast-schema-graph\">{\"@context\":\"https:\\\/\\\/schema.org\",\"@graph\":[{\"@type\":\"WebPage\",\"@id\":\"https:\\\/\\\/emubirdoil.com\\\/de\\\/produkt\\\/kollagen-pulver\\\/\",\"url\":\"https:\\\/\\\/emubirdoil.com\\\/de\\\/produkt\\\/kollagen-pulver\\\/\",\"name\":\"Kollagen Pulver 300\u202fg \u2013 Hydrolysiert, F\u00fcr Haut & Gelenke\",\"isPartOf\":{\"@id\":\"https:\\\/\\\/emubirdoil.com\\\/de\\\/#website\"},\"primaryImageOfPage\":{\"@id\":\"https:\\\/\\\/emubirdoil.com\\\/de\\\/produkt\\\/kollagen-pulver\\\/#primaryimage\"},\"image\":{\"@id\":\"https:\\\/\\\/emubirdoil.com\\\/de\\\/produkt\\\/kollagen-pulver\\\/#primaryimage\"},\"thumbnailUrl\":\"https:\\\/\\\/emubirdoil.com\\\/wp-content\\\/uploads\\\/2025\\\/03\\\/71YSVgoUkL._AC_SX679_.jpg\",\"datePublished\":\"2025-03-05T19:30:48+00:00\",\"dateModified\":\"2025-10-19T06:38:11+00:00\",\"description\":\"Feines hydrolysiertes Kollagenpulver \u2013 unterst\u00fctzt Haut, Haare, N\u00e4gel und Gelenke. Hohe Bioverf\u00fcgbarkeit, neutraler Geschmack, 30-Tage-Vorrat.\",\"breadcrumb\":{\"@id\":\"https:\\\/\\\/emubirdoil.com\\\/de\\\/produkt\\\/kollagen-pulver\\\/#breadcrumb\"},\"inLanguage\":\"de\",\"potentialAction\":[{\"@type\":\"ReadAction\",\"target\":[\"https:\\\/\\\/emubirdoil.com\\\/de\\\/produkt\\\/kollagen-pulver\\\/\"]}]},{\"@type\":\"ImageObject\",\"inLanguage\":\"de\",\"@id\":\"https:\\\/\\\/emubirdoil.com\\\/de\\\/produkt\\\/kollagen-pulver\\\/#primaryimage\",\"url\":\"https:\\\/\\\/emubirdoil.com\\\/wp-content\\\/uploads\\\/2025\\\/03\\\/71YSVgoUkL._AC_SX679_.jpg\",\"contentUrl\":\"https:\\\/\\\/emubirdoil.com\\\/wp-content\\\/uploads\\\/2025\\\/03\\\/71YSVgoUkL._AC_SX679_.jpg\",\"width\":679,\"height\":512},{\"@type\":\"BreadcrumbList\",\"@id\":\"https:\\\/\\\/emubirdoil.com\\\/de\\\/produkt\\\/kollagen-pulver\\\/#breadcrumb\",\"itemListElement\":[{\"@type\":\"ListItem\",\"position\":1,\"name\":\"Home\",\"item\":\"https:\\\/\\\/emubirdoil.com\\\/de\\\/\"},{\"@type\":\"ListItem\",\"position\":2,\"name\":\"Shop\",\"item\":\"https:\\\/\\\/emubirdoil.com\\\/de\\\/shop\\\/\"},{\"@type\":\"ListItem\",\"position\":3,\"name\":\"Swedish Kollagen Pulver \u2013 300\u202fg Hydrolysiertes Meereskollagen f\u00fcr Haut, Haare, N\u00e4gel &#038; Gelenke\"}]},{\"@type\":\"WebSite\",\"@id\":\"https:\\\/\\\/emubirdoil.com\\\/de\\\/#website\",\"url\":\"https:\\\/\\\/emubirdoil.com\\\/de\\\/\",\"name\":\"Emu Bird Oil YNot Natural\",\"description\":\"Explore premium Emu Bird Oil for natural skincare and pain relief. Pure, effective, and sustainably sourced. Order now for wellness transformation!\",\"publisher\":{\"@id\":\"https:\\\/\\\/emubirdoil.com\\\/de\\\/#organization\"},\"potentialAction\":[{\"@type\":\"SearchAction\",\"target\":{\"@type\":\"EntryPoint\",\"urlTemplate\":\"https:\\\/\\\/emubirdoil.com\\\/de\\\/?s={search_term_string}\"},\"query-input\":{\"@type\":\"PropertyValueSpecification\",\"valueRequired\":true,\"valueName\":\"search_term_string\"}}],\"inLanguage\":\"de\"},{\"@type\":\"Organization\",\"@id\":\"https:\\\/\\\/emubirdoil.com\\\/de\\\/#organization\",\"name\":\"Emu Bird Oil YNot Natural\",\"url\":\"https:\\\/\\\/emubirdoil.com\\\/de\\\/\",\"logo\":{\"@type\":\"ImageObject\",\"inLanguage\":\"de\",\"@id\":\"https:\\\/\\\/emubirdoil.com\\\/de\\\/#\\\/schema\\\/logo\\\/image\\\/\",\"url\":\"https:\\\/\\\/emubirdoil.com\\\/wp-content\\\/uploads\\\/2023\\\/12\\\/Emu-bird-oil-LOGO.png\",\"contentUrl\":\"https:\\\/\\\/emubirdoil.com\\\/wp-content\\\/uploads\\\/2023\\\/12\\\/Emu-bird-oil-LOGO.png\",\"width\":320,\"height\":172,\"caption\":\"Emu Bird Oil YNot Natural\"},\"image\":{\"@id\":\"https:\\\/\\\/emubirdoil.com\\\/de\\\/#\\\/schema\\\/logo\\\/image\\\/\"}}]}<\/script>\n<!-- \/ Yoast SEO plugin. -->","yoast_head_json":{"title":"Kollagen Pulver 300\u202fg \u2013 Hydrolysiert, F\u00fcr Haut & Gelenke","description":"Feines hydrolysiertes Kollagenpulver \u2013 unterst\u00fctzt Haut, Haare, N\u00e4gel und Gelenke. Hohe Bioverf\u00fcgbarkeit, neutraler Geschmack, 30-Tage-Vorrat.","robots":{"index":"index","follow":"follow","max-snippet":"max-snippet:-1","max-image-preview":"max-image-preview:large","max-video-preview":"max-video-preview:-1"},"canonical":"https:\/\/emubirdoil.com\/de\/produkt\/kollagen-pulver\/","og_locale":"de_DE","og_type":"article","og_title":"Kollagen Pulver 300\u202fg \u2013 Hydrolysiert, F\u00fcr Haut & Gelenke","og_description":"Feines hydrolysiertes Kollagenpulver \u2013 unterst\u00fctzt Haut, Haare, N\u00e4gel und Gelenke. Hohe Bioverf\u00fcgbarkeit, neutraler Geschmack, 30-Tage-Vorrat.","og_url":"https:\/\/emubirdoil.com\/de\/produkt\/kollagen-pulver\/","og_site_name":"Emu Bird Oil","article_modified_time":"2025-10-19T06:38:11+00:00","og_image":[{"width":679,"height":512,"url":"https:\/\/emubirdoil.com\/wp-content\/uploads\/2025\/03\/71YSVgoUkL._AC_SX679_.jpg","type":"image\/jpeg"}],"twitter_card":"summary_large_image","twitter_misc":{"Gesch\u00e4tzte Lesezeit":"2\u00a0Minuten"},"schema":{"@context":"https:\/\/schema.org","@graph":[{"@type":"WebPage","@id":"https:\/\/emubirdoil.com\/de\/produkt\/kollagen-pulver\/","url":"https:\/\/emubirdoil.com\/de\/produkt\/kollagen-pulver\/","name":"Kollagen Pulver 300\u202fg \u2013 Hydrolysiert, F\u00fcr Haut & Gelenke","isPartOf":{"@id":"https:\/\/emubirdoil.com\/de\/#website"},"primaryImageOfPage":{"@id":"https:\/\/emubirdoil.com\/de\/produkt\/kollagen-pulver\/#primaryimage"},"image":{"@id":"https:\/\/emubirdoil.com\/de\/produkt\/kollagen-pulver\/#primaryimage"},"thumbnailUrl":"https:\/\/emubirdoil.com\/wp-content\/uploads\/2025\/03\/71YSVgoUkL._AC_SX679_.jpg","datePublished":"2025-03-05T19:30:48+00:00","dateModified":"2025-10-19T06:38:11+00:00","description":"Feines hydrolysiertes Kollagenpulver \u2013 unterst\u00fctzt Haut, Haare, N\u00e4gel und Gelenke. Hohe Bioverf\u00fcgbarkeit, neutraler Geschmack, 30-Tage-Vorrat.","breadcrumb":{"@id":"https:\/\/emubirdoil.com\/de\/produkt\/kollagen-pulver\/#breadcrumb"},"inLanguage":"de","potentialAction":[{"@type":"ReadAction","target":["https:\/\/emubirdoil.com\/de\/produkt\/kollagen-pulver\/"]}]},{"@type":"ImageObject","inLanguage":"de","@id":"https:\/\/emubirdoil.com\/de\/produkt\/kollagen-pulver\/#primaryimage","url":"https:\/\/emubirdoil.com\/wp-content\/uploads\/2025\/03\/71YSVgoUkL._AC_SX679_.jpg","contentUrl":"https:\/\/emubirdoil.com\/wp-content\/uploads\/2025\/03\/71YSVgoUkL._AC_SX679_.jpg","width":679,"height":512},{"@type":"BreadcrumbList","@id":"https:\/\/emubirdoil.com\/de\/produkt\/kollagen-pulver\/#breadcrumb","itemListElement":[{"@type":"ListItem","position":1,"name":"Home","item":"https:\/\/emubirdoil.com\/de\/"},{"@type":"ListItem","position":2,"name":"Shop","item":"https:\/\/emubirdoil.com\/de\/shop\/"},{"@type":"ListItem","position":3,"name":"Swedish Kollagen Pulver \u2013 300\u202fg Hydrolysiertes Meereskollagen f\u00fcr Haut, Haare, N\u00e4gel &#038; Gelenke"}]},{"@type":"WebSite","@id":"https:\/\/emubirdoil.com\/de\/#website","url":"https:\/\/emubirdoil.com\/de\/","name":"Emu Bird Oil YNot Natural","description":"Explore premium Emu Bird Oil for natural skincare and pain relief. Pure, effective, and sustainably sourced. Order now for wellness transformation!","publisher":{"@id":"https:\/\/emubirdoil.com\/de\/#organization"},"potentialAction":[{"@type":"SearchAction","target":{"@type":"EntryPoint","urlTemplate":"https:\/\/emubirdoil.com\/de\/?s={search_term_string}"},"query-input":{"@type":"PropertyValueSpecification","valueRequired":true,"valueName":"search_term_string"}}],"inLanguage":"de"},{"@type":"Organization","@id":"https:\/\/emubirdoil.com\/de\/#organization","name":"Emu Bird Oil YNot Natural","url":"https:\/\/emubirdoil.com\/de\/","logo":{"@type":"ImageObject","inLanguage":"de","@id":"https:\/\/emubirdoil.com\/de\/#\/schema\/logo\/image\/","url":"https:\/\/emubirdoil.com\/wp-content\/uploads\/2023\/12\/Emu-bird-oil-LOGO.png","contentUrl":"https:\/\/emubirdoil.com\/wp-content\/uploads\/2023\/12\/Emu-bird-oil-LOGO.png","width":320,"height":172,"caption":"Emu Bird Oil YNot Natural"},"image":{"@id":"https:\/\/emubirdoil.com\/de\/#\/schema\/logo\/image\/"}}]}},"_links":{"self":[{"href":"https:\/\/emubirdoil.com\/de\/wp-json\/wp\/v2\/product\/2949","targetHints":{"allow":["GET"]}}],"collection":[{"href":"https:\/\/emubirdoil.com\/de\/wp-json\/wp\/v2\/product"}],"about":[{"href":"https:\/\/emubirdoil.com\/de\/wp-json\/wp\/v2\/types\/product"}],"replies":[{"embeddable":true,"href":"https:\/\/emubirdoil.com\/de\/wp-json\/wp\/v2\/comments?post=2949"}],"wp:featuredmedia":[{"embeddable":true,"href":"https:\/\/emubirdoil.com\/de\/wp-json\/wp\/v2\/media\/3527"}],"wp:attachment":[{"href":"https:\/\/emubirdoil.com\/de\/wp-json\/wp\/v2\/media?parent=2949"}],"wp:term":[{"taxonomy":"product_brand","embeddable":true,"href":"https:\/\/emubirdoil.com\/de\/wp-json\/wp\/v2\/product_brand?post=2949"},{"taxonomy":"product_cat","embeddable":true,"href":"https:\/\/emubirdoil.com\/de\/wp-json\/wp\/v2\/product_cat?post=2949"},{"taxonomy":"product_tag","embeddable":true,"href":"https:\/\/emubirdoil.com\/de\/wp-json\/wp\/v2\/product_tag?post=2949"}],"curies":[{"name":"wp","href":"https:\/\/api.w.org\/{rel}","templated":true}]}}