{"id":2892,"date":"2025-02-18T09:06:27","date_gmt":"2025-02-18T09:06:27","guid":{"rendered":"https:\/\/emubirdoil.com\/?post_type=product&#038;p=2892"},"modified":"2026-02-09T10:06:15","modified_gmt":"2026-02-09T10:06:15","slug":"swedish-collagen-deluxe-angebot-von-3-stueck","status":"publish","type":"product","link":"https:\/\/emubirdoil.com\/de\/produkt\/swedish-collagen-deluxe-angebot-von-3-stueck\/","title":{"rendered":"Swedish Collagen Deluxe\u00ae \u2013 3 Monatskur (3\u00d7500 ml)"},"content":{"rendered":"<div style=\"width: 800px;\" class=\"wp-video\"><video class=\"wp-video-shortcode\" id=\"video-2892-1\" width=\"800\" height=\"450\" preload=\"metadata\" controls=\"controls\"><source type=\"video\/mp4\" src=\"https:\/\/emubirdoil.com\/wp-content\/uploads\/2025\/01\/Deluxe500ml_DE-ezgif.com-gif-maker.mp4?_=1\" \/><a href=\"https:\/\/emubirdoil.com\/wp-content\/uploads\/2025\/01\/Deluxe500ml_DE-ezgif.com-gif-maker.mp4\">https:\/\/emubirdoil.com\/wp-content\/uploads\/2025\/01\/Deluxe500ml_DE-ezgif.com-gif-maker.mp4<\/a><\/video><\/div>\n<p>Kollagen Deluxe, unser Flaggschiff-Produkt, ist eines der leistungsst\u00e4rksten und effektivsten Kollagenpr\u00e4parate auf dem Markt zur Verlangsamung der Zeichen der Hautalterung. Es liefert sichtbare Ergebnisse in nur 8 Wochen und ist wissenschaftlich erwiesen<\/p>\n<p>&nbsp;<\/p>\n<ul>\n<li data-start=\"0\" data-end=\"38\">Feine Linien und Falten reduzieren<\/li>\n<li data-start=\"39\" data-end=\"90\">Die Elastizit\u00e4t und Festigkeit der Haut erh\u00f6hen<\/li>\n<li data-start=\"91\" data-end=\"146\">Die Hydratation und Strahlkraft der Haut verbessern<\/li>\n<li data-start=\"147\" data-end=\"194\">Akne beseitigen und Entz\u00fcndungen reduzieren<\/li>\n<li data-start=\"195\" data-end=\"241\">Die Haut gl\u00e4tten und den Teint ausgleichen<\/li>\n<li data-start=\"242\" data-end=\"295\">Narben, Cellulite und Dehnungsstreifen reduzieren<\/li>\n<li data-start=\"296\" data-end=\"347\">Braune Flecken und Hyperpigmentierung aufhellen<\/li>\n<li data-start=\"348\" data-end=\"391\">Haarwachstum, Volumen und Glanz f\u00f6rdern<\/li>\n<li data-start=\"392\" data-end=\"421\">N\u00e4gel und Wimpern st\u00e4rken<\/li>\n<li data-start=\"422\" data-end=\"467\" data-is-last-node=\"\">Knochen st\u00e4rken und Gelenkschmerzen lindern<\/li>\n<\/ul>\n<p>&nbsp;<\/p>\n<p data-start=\"0\" data-end=\"400\">Jede t\u00e4gliche Dosis enth\u00e4lt 12.500 mg hochwertige hydrolysierte marine Kollagenpeptide \u2013 2- bis 5-mal mehr als andere Marken \u2013 f\u00fcr optimale Ergebnisse in kurzer Zeit. Collagen Deluxe enth\u00e4lt Kollagen vom Typ I und III, die am h\u00e4ufigsten in unserem K\u00f6rper vorkommen. Diese Formel ist nano-hydrolysiert auf ein Molekulargewicht von nur 1.000 Dalton, was eine Absorptionsrate von \u00fcber 96 % erm\u00f6glicht.<\/p>\n<p data-start=\"402\" data-end=\"730\" data-is-last-node=\"\">Unsere einzigartige Formel ist mit 14 zus\u00e4tzlichen aktiven Inhaltsstoffen angereichert, darunter Hyalurons\u00e4ure und Vitamin C, um die Kollagenproduktion weiter anzuregen und das Erscheinungsbild von Haut, Haaren und N\u00e4geln zu verbessern. Sie hat einen k\u00f6stlichen nat\u00fcrlichen Beerengeschmack und enth\u00e4lt keinen zugesetzten Zucker.<\/p>\n<p>&nbsp;<\/p>\n<p data-start=\"0\" data-end=\"43\"><strong data-start=\"0\" data-end=\"41\">Aktive Inhaltsstoffe pro 25 ml Dosis:<\/strong><\/p>\n<ul data-start=\"45\" data-end=\"405\" data-is-last-node=\"\">\n<li data-start=\"45\" data-end=\"91\">Hydrolysiertes marines Kollagen: 12.500 mg<\/li>\n<li data-start=\"92\" data-end=\"116\">Hyalurons\u00e4ure: 75 mg<\/li>\n<li data-start=\"117\" data-end=\"138\">Vitamin C: 120 mg<\/li>\n<li data-start=\"139\" data-end=\"160\">Vitamin B5: 50 mg<\/li>\n<li data-start=\"161\" data-end=\"183\">Vitamin B6: 1,4 mg<\/li>\n<li data-start=\"184\" data-end=\"203\">Biotin: 5000 \u03bcg<\/li>\n<li data-start=\"204\" data-end=\"227\">Vitamin B12: 7,5 \u03bcg<\/li>\n<li data-start=\"228\" data-end=\"249\">Vitamin D3: 30 \u03bcg<\/li>\n<li data-start=\"250\" data-end=\"266\">Selen: 55 \u03bcg<\/li>\n<li data-start=\"267\" data-end=\"282\">Zink: 10 mg<\/li>\n<li data-start=\"283\" data-end=\"298\">MSM: 125 mg<\/li>\n<li data-start=\"299\" data-end=\"324\">Siliziumdioxid: 25 mg<\/li>\n<li data-start=\"325\" data-end=\"354\">Gr\u00fcner Tee Extrakt: 35 mg<\/li>\n<li data-start=\"355\" data-end=\"375\">Aloe Vera: 35 mg<\/li>\n<li data-start=\"376\" data-end=\"405\" data-is-last-node=\"\">Zitrus-Bioflavonoide: 30 mg<\/li>\n<\/ul>\n<p>Enth\u00e4lt Fisch.<\/p>\n<p><strong>ZUTATEN<\/strong>: gereinigtes Wasser, hydrolysiertes Fischkollagen Typ 1 und 3 (hydrolysiertes Kollagen aus reinem Peptid enth\u00e4lt die folgenden Aminos\u00e4uren: L-Glycin, L-Prolin, L-Alanin, L-Hydroxyprolin, L-Glutamins\u00e4ure, L-Arginin, L-Asparagins\u00e4ure, L-Serin, L-Lysin, L-Leucin, L-Valin, L-Threonin, L-Phenylalanin, L-Isoleucin, L-Hydroxylysin, L-Methionin, L-Histidin, L-Tyrosin, L-Cystein), Methylsulfonylmethan (MSM), Vitamin C, Zinkgluconat, Natriumhyaluronat, Natriumpantothenat-Calcium (Vitamin B5), nat\u00fcrliche Aromen, lila Kartoffelpulver (nat\u00fcrlicher Farbstoff), Kiesels\u00e4ure, Konservierungsmittel: Kaliumsorbat, Natriumbenzoat, Trockenextrakt aus gr\u00fcnem Tee, Trockenextrakt aus Aloe Vera, Zitrus Bioflavonoide, D-Biotin, Pyridoxinhydrochlorid (Vitamin B6), Zitronens\u00e4ure (S\u00e4uerungsmittel), Cholecalciferol (Vitamin D3), Natriumselenit, S\u00fc\u00dfstoffe: Steviolglycoside, Sucralose, Methylcobalamin (Vitamin B12).<\/p>\n<p>&nbsp;<\/p>\n<p>&nbsp;<\/p>\n<p><img decoding=\"async\" src=\"https:\/\/cdn.shopify.com\/s\/files\/1\/0523\/4982\/9291\/files\/Skarmavbild_2021-11-18_kl._10.09.37.png?v=1637226594\" srcset=\"\" alt=\"\" width=\"203\" height=\"91\" data-cmp-info=\"10\" data-srcset=\"\" \/><\/p>\n","protected":false},"excerpt":{"rendered":"<h5 data-start=\"217\" data-end=\"305\">\ud83d\udce6 <strong data-start=\"255\" data-end=\"303\">Kostenloser Versand \u2013 Lieferung in 3\u20134 Tagen<\/strong><\/h5>\n<h5 data-start=\"307\" data-end=\"502\">\u2705 <strong data-start=\"309\" data-end=\"322\">12.500 mg<\/strong> hochdosiertes marines Kollagen pro Portion<br data-start=\"365\" data-end=\"368\" \/>\u2705 Mit Hyalurons\u00e4ure, Vitaminen &amp; Mineralstoffen<br data-start=\"415\" data-end=\"418\" \/>\u2705 Zuckerfrei &amp; nat\u00fcrliches Waldbeeraroma<br data-start=\"458\" data-end=\"461\" \/>\u2705 Premiumqualit\u00e4t \u2013 direkt aus Schweden<\/h5>\n<h5 data-start=\"504\" data-end=\"633\">\ud83c\udfa5 <strong data-start=\"507\" data-end=\"573\">Sehen Sie, warum \u00fcber 10.000 Kundinnen Swedish Collagen lieben<\/strong><br data-start=\"573\" data-end=\"576\" \/>\u26a1 <strong data-start=\"578\" data-end=\"633\">Jetzt bestellen &amp; schon bald den Unterschied sehen!<\/strong><\/h5>\n","protected":false},"featured_media":2895,"comment_status":"open","ping_status":"closed","template":"","meta":[],"product_brand":[],"product_cat":[92],"product_tag":[],"class_list":{"0":"post-2892","1":"product","2":"type-product","3":"status-publish","4":"has-post-thumbnail","6":"product_cat-swedish-collagen-de","8":"first","9":"instock","10":"sale","11":"shipping-taxable","12":"purchasable","13":"product-type-simple"},"yoast_head":"<!-- This site is optimized with the Yoast SEO plugin v27.4 - https:\/\/yoast.com\/product\/yoast-seo-wordpress\/ -->\n<title>Swedish Collagen Deluxe\u00ae \u2013 3 Monatskur (3\u00d7500 ml) - Emu Bird Oil<\/title>\n<meta name=\"robots\" content=\"index, follow, max-snippet:-1, max-image-preview:large, max-video-preview:-1\" \/>\n<link rel=\"canonical\" href=\"https:\/\/emubirdoil.com\/de\/produkt\/swedish-collagen-deluxe-angebot-von-3-stueck\/\" \/>\n<meta property=\"og:locale\" content=\"de_DE\" \/>\n<meta property=\"og:type\" content=\"article\" \/>\n<meta property=\"og:title\" content=\"Swedish Collagen Deluxe\u00ae \u2013 3 Monatskur (3\u00d7500 ml) - Emu Bird Oil\" \/>\n<meta property=\"og:description\" content=\"\ud83d\udce6 Kostenloser Versand \u2013 Lieferung in 3\u20134 Tagen \u2705 12.500 mg hochdosiertes marines Kollagen pro Portion\u2705 Mit Hyalurons\u00e4ure, Vitaminen &amp; Mineralstoffen\u2705 Zuckerfrei &amp; nat\u00fcrliches Waldbeeraroma\u2705 Premiumqualit\u00e4t \u2013 direkt aus Schweden \ud83c\udfa5 Sehen Sie, warum \u00fcber 10.000 Kundinnen Swedish Collagen lieben\u26a1 Jetzt bestellen &amp; schon bald den Unterschied sehen!\" \/>\n<meta property=\"og:url\" content=\"https:\/\/emubirdoil.com\/de\/produkt\/swedish-collagen-deluxe-angebot-von-3-stueck\/\" \/>\n<meta property=\"og:site_name\" content=\"Emu Bird Oil\" \/>\n<meta property=\"article:modified_time\" content=\"2026-02-09T10:06:15+00:00\" \/>\n<meta property=\"og:image\" content=\"https:\/\/emubirdoil.com\/wp-content\/uploads\/2025\/02\/81UKpk-FduL._AC_SY450_.jpg\" \/>\n\t<meta property=\"og:image:width\" content=\"469\" \/>\n\t<meta property=\"og:image:height\" content=\"450\" \/>\n\t<meta property=\"og:image:type\" content=\"image\/jpeg\" \/>\n<meta name=\"twitter:card\" content=\"summary_large_image\" \/>\n<meta name=\"twitter:label1\" content=\"Gesch\u00e4tzte Lesezeit\" \/>\n\t<meta name=\"twitter:data1\" content=\"2\u00a0Minuten\" \/>\n<script type=\"application\/ld+json\" class=\"yoast-schema-graph\">{\"@context\":\"https:\\\/\\\/schema.org\",\"@graph\":[{\"@type\":\"WebPage\",\"@id\":\"https:\\\/\\\/emubirdoil.com\\\/de\\\/produkt\\\/swedish-collagen-deluxe-angebot-von-3-stueck\\\/\",\"url\":\"https:\\\/\\\/emubirdoil.com\\\/de\\\/produkt\\\/swedish-collagen-deluxe-angebot-von-3-stueck\\\/\",\"name\":\"Swedish Collagen Deluxe\u00ae \u2013 3 Monatskur (3\u00d7500 ml) - Emu Bird Oil\",\"isPartOf\":{\"@id\":\"https:\\\/\\\/emubirdoil.com\\\/de\\\/#website\"},\"primaryImageOfPage\":{\"@id\":\"https:\\\/\\\/emubirdoil.com\\\/de\\\/produkt\\\/swedish-collagen-deluxe-angebot-von-3-stueck\\\/#primaryimage\"},\"image\":{\"@id\":\"https:\\\/\\\/emubirdoil.com\\\/de\\\/produkt\\\/swedish-collagen-deluxe-angebot-von-3-stueck\\\/#primaryimage\"},\"thumbnailUrl\":\"https:\\\/\\\/emubirdoil.com\\\/wp-content\\\/uploads\\\/2025\\\/02\\\/81UKpk-FduL._AC_SY450_.jpg\",\"datePublished\":\"2025-02-18T09:06:27+00:00\",\"dateModified\":\"2026-02-09T10:06:15+00:00\",\"breadcrumb\":{\"@id\":\"https:\\\/\\\/emubirdoil.com\\\/de\\\/produkt\\\/swedish-collagen-deluxe-angebot-von-3-stueck\\\/#breadcrumb\"},\"inLanguage\":\"de\",\"potentialAction\":[{\"@type\":\"ReadAction\",\"target\":[\"https:\\\/\\\/emubirdoil.com\\\/de\\\/produkt\\\/swedish-collagen-deluxe-angebot-von-3-stueck\\\/\"]}]},{\"@type\":\"ImageObject\",\"inLanguage\":\"de\",\"@id\":\"https:\\\/\\\/emubirdoil.com\\\/de\\\/produkt\\\/swedish-collagen-deluxe-angebot-von-3-stueck\\\/#primaryimage\",\"url\":\"https:\\\/\\\/emubirdoil.com\\\/wp-content\\\/uploads\\\/2025\\\/02\\\/81UKpk-FduL._AC_SY450_.jpg\",\"contentUrl\":\"https:\\\/\\\/emubirdoil.com\\\/wp-content\\\/uploads\\\/2025\\\/02\\\/81UKpk-FduL._AC_SY450_.jpg\",\"width\":469,\"height\":450},{\"@type\":\"BreadcrumbList\",\"@id\":\"https:\\\/\\\/emubirdoil.com\\\/de\\\/produkt\\\/swedish-collagen-deluxe-angebot-von-3-stueck\\\/#breadcrumb\",\"itemListElement\":[{\"@type\":\"ListItem\",\"position\":1,\"name\":\"Home\",\"item\":\"https:\\\/\\\/emubirdoil.com\\\/de\\\/\"},{\"@type\":\"ListItem\",\"position\":2,\"name\":\"Shop\",\"item\":\"https:\\\/\\\/emubirdoil.com\\\/de\\\/shop\\\/\"},{\"@type\":\"ListItem\",\"position\":3,\"name\":\"Swedish Collagen Deluxe\u00ae \u2013 3 Monatskur (3\u00d7500 ml)\"}]},{\"@type\":\"WebSite\",\"@id\":\"https:\\\/\\\/emubirdoil.com\\\/de\\\/#website\",\"url\":\"https:\\\/\\\/emubirdoil.com\\\/de\\\/\",\"name\":\"Emu Bird Oil YNot Natural\",\"description\":\"Explore premium Emu Bird Oil for natural skincare and pain relief. Pure, effective, and sustainably sourced. Order now for wellness transformation!\",\"publisher\":{\"@id\":\"https:\\\/\\\/emubirdoil.com\\\/de\\\/#organization\"},\"potentialAction\":[{\"@type\":\"SearchAction\",\"target\":{\"@type\":\"EntryPoint\",\"urlTemplate\":\"https:\\\/\\\/emubirdoil.com\\\/de\\\/?s={search_term_string}\"},\"query-input\":{\"@type\":\"PropertyValueSpecification\",\"valueRequired\":true,\"valueName\":\"search_term_string\"}}],\"inLanguage\":\"de\"},{\"@type\":\"Organization\",\"@id\":\"https:\\\/\\\/emubirdoil.com\\\/de\\\/#organization\",\"name\":\"Emu Bird Oil YNot Natural\",\"url\":\"https:\\\/\\\/emubirdoil.com\\\/de\\\/\",\"logo\":{\"@type\":\"ImageObject\",\"inLanguage\":\"de\",\"@id\":\"https:\\\/\\\/emubirdoil.com\\\/de\\\/#\\\/schema\\\/logo\\\/image\\\/\",\"url\":\"https:\\\/\\\/emubirdoil.com\\\/wp-content\\\/uploads\\\/2023\\\/12\\\/Emu-bird-oil-LOGO.png\",\"contentUrl\":\"https:\\\/\\\/emubirdoil.com\\\/wp-content\\\/uploads\\\/2023\\\/12\\\/Emu-bird-oil-LOGO.png\",\"width\":320,\"height\":172,\"caption\":\"Emu Bird Oil YNot Natural\"},\"image\":{\"@id\":\"https:\\\/\\\/emubirdoil.com\\\/de\\\/#\\\/schema\\\/logo\\\/image\\\/\"}}]}<\/script>\n<!-- \/ Yoast SEO plugin. -->","yoast_head_json":{"title":"Swedish Collagen Deluxe\u00ae \u2013 3 Monatskur (3\u00d7500 ml) - Emu Bird Oil","robots":{"index":"index","follow":"follow","max-snippet":"max-snippet:-1","max-image-preview":"max-image-preview:large","max-video-preview":"max-video-preview:-1"},"canonical":"https:\/\/emubirdoil.com\/de\/produkt\/swedish-collagen-deluxe-angebot-von-3-stueck\/","og_locale":"de_DE","og_type":"article","og_title":"Swedish Collagen Deluxe\u00ae \u2013 3 Monatskur (3\u00d7500 ml) - Emu Bird Oil","og_description":"\ud83d\udce6 Kostenloser Versand \u2013 Lieferung in 3\u20134 Tagen \u2705 12.500 mg hochdosiertes marines Kollagen pro Portion\u2705 Mit Hyalurons\u00e4ure, Vitaminen &amp; Mineralstoffen\u2705 Zuckerfrei &amp; nat\u00fcrliches Waldbeeraroma\u2705 Premiumqualit\u00e4t \u2013 direkt aus Schweden \ud83c\udfa5 Sehen Sie, warum \u00fcber 10.000 Kundinnen Swedish Collagen lieben\u26a1 Jetzt bestellen &amp; schon bald den Unterschied sehen!","og_url":"https:\/\/emubirdoil.com\/de\/produkt\/swedish-collagen-deluxe-angebot-von-3-stueck\/","og_site_name":"Emu Bird Oil","article_modified_time":"2026-02-09T10:06:15+00:00","og_image":[{"width":469,"height":450,"url":"https:\/\/emubirdoil.com\/wp-content\/uploads\/2025\/02\/81UKpk-FduL._AC_SY450_.jpg","type":"image\/jpeg"}],"twitter_card":"summary_large_image","twitter_misc":{"Gesch\u00e4tzte Lesezeit":"2\u00a0Minuten"},"schema":{"@context":"https:\/\/schema.org","@graph":[{"@type":"WebPage","@id":"https:\/\/emubirdoil.com\/de\/produkt\/swedish-collagen-deluxe-angebot-von-3-stueck\/","url":"https:\/\/emubirdoil.com\/de\/produkt\/swedish-collagen-deluxe-angebot-von-3-stueck\/","name":"Swedish Collagen Deluxe\u00ae \u2013 3 Monatskur (3\u00d7500 ml) - Emu Bird Oil","isPartOf":{"@id":"https:\/\/emubirdoil.com\/de\/#website"},"primaryImageOfPage":{"@id":"https:\/\/emubirdoil.com\/de\/produkt\/swedish-collagen-deluxe-angebot-von-3-stueck\/#primaryimage"},"image":{"@id":"https:\/\/emubirdoil.com\/de\/produkt\/swedish-collagen-deluxe-angebot-von-3-stueck\/#primaryimage"},"thumbnailUrl":"https:\/\/emubirdoil.com\/wp-content\/uploads\/2025\/02\/81UKpk-FduL._AC_SY450_.jpg","datePublished":"2025-02-18T09:06:27+00:00","dateModified":"2026-02-09T10:06:15+00:00","breadcrumb":{"@id":"https:\/\/emubirdoil.com\/de\/produkt\/swedish-collagen-deluxe-angebot-von-3-stueck\/#breadcrumb"},"inLanguage":"de","potentialAction":[{"@type":"ReadAction","target":["https:\/\/emubirdoil.com\/de\/produkt\/swedish-collagen-deluxe-angebot-von-3-stueck\/"]}]},{"@type":"ImageObject","inLanguage":"de","@id":"https:\/\/emubirdoil.com\/de\/produkt\/swedish-collagen-deluxe-angebot-von-3-stueck\/#primaryimage","url":"https:\/\/emubirdoil.com\/wp-content\/uploads\/2025\/02\/81UKpk-FduL._AC_SY450_.jpg","contentUrl":"https:\/\/emubirdoil.com\/wp-content\/uploads\/2025\/02\/81UKpk-FduL._AC_SY450_.jpg","width":469,"height":450},{"@type":"BreadcrumbList","@id":"https:\/\/emubirdoil.com\/de\/produkt\/swedish-collagen-deluxe-angebot-von-3-stueck\/#breadcrumb","itemListElement":[{"@type":"ListItem","position":1,"name":"Home","item":"https:\/\/emubirdoil.com\/de\/"},{"@type":"ListItem","position":2,"name":"Shop","item":"https:\/\/emubirdoil.com\/de\/shop\/"},{"@type":"ListItem","position":3,"name":"Swedish Collagen Deluxe\u00ae \u2013 3 Monatskur (3\u00d7500 ml)"}]},{"@type":"WebSite","@id":"https:\/\/emubirdoil.com\/de\/#website","url":"https:\/\/emubirdoil.com\/de\/","name":"Emu Bird Oil YNot Natural","description":"Explore premium Emu Bird Oil for natural skincare and pain relief. Pure, effective, and sustainably sourced. Order now for wellness transformation!","publisher":{"@id":"https:\/\/emubirdoil.com\/de\/#organization"},"potentialAction":[{"@type":"SearchAction","target":{"@type":"EntryPoint","urlTemplate":"https:\/\/emubirdoil.com\/de\/?s={search_term_string}"},"query-input":{"@type":"PropertyValueSpecification","valueRequired":true,"valueName":"search_term_string"}}],"inLanguage":"de"},{"@type":"Organization","@id":"https:\/\/emubirdoil.com\/de\/#organization","name":"Emu Bird Oil YNot Natural","url":"https:\/\/emubirdoil.com\/de\/","logo":{"@type":"ImageObject","inLanguage":"de","@id":"https:\/\/emubirdoil.com\/de\/#\/schema\/logo\/image\/","url":"https:\/\/emubirdoil.com\/wp-content\/uploads\/2023\/12\/Emu-bird-oil-LOGO.png","contentUrl":"https:\/\/emubirdoil.com\/wp-content\/uploads\/2023\/12\/Emu-bird-oil-LOGO.png","width":320,"height":172,"caption":"Emu Bird Oil YNot Natural"},"image":{"@id":"https:\/\/emubirdoil.com\/de\/#\/schema\/logo\/image\/"}}]}},"_links":{"self":[{"href":"https:\/\/emubirdoil.com\/de\/wp-json\/wp\/v2\/product\/2892","targetHints":{"allow":["GET"]}}],"collection":[{"href":"https:\/\/emubirdoil.com\/de\/wp-json\/wp\/v2\/product"}],"about":[{"href":"https:\/\/emubirdoil.com\/de\/wp-json\/wp\/v2\/types\/product"}],"replies":[{"embeddable":true,"href":"https:\/\/emubirdoil.com\/de\/wp-json\/wp\/v2\/comments?post=2892"}],"wp:featuredmedia":[{"embeddable":true,"href":"https:\/\/emubirdoil.com\/de\/wp-json\/wp\/v2\/media\/2895"}],"wp:attachment":[{"href":"https:\/\/emubirdoil.com\/de\/wp-json\/wp\/v2\/media?parent=2892"}],"wp:term":[{"taxonomy":"product_brand","embeddable":true,"href":"https:\/\/emubirdoil.com\/de\/wp-json\/wp\/v2\/product_brand?post=2892"},{"taxonomy":"product_cat","embeddable":true,"href":"https:\/\/emubirdoil.com\/de\/wp-json\/wp\/v2\/product_cat?post=2892"},{"taxonomy":"product_tag","embeddable":true,"href":"https:\/\/emubirdoil.com\/de\/wp-json\/wp\/v2\/product_tag?post=2892"}],"curies":[{"name":"wp","href":"https:\/\/api.w.org\/{rel}","templated":true}]}}