{"id":2346,"date":"2025-03-08T08:35:08","date_gmt":"2025-03-08T08:35:08","guid":{"rendered":"https:\/\/emubirdoil.com\/product\/100-reines-bio-emuoel-60ml\/"},"modified":"2026-03-22T12:08:24","modified_gmt":"2026-03-22T12:08:24","slug":"100-reines-bio-emuoel-60ml","status":"publish","type":"product","link":"https:\/\/emubirdoil.com\/de\/produkt\/100-reines-bio-emuoel-60ml\/","title":{"rendered":"Emu \u00d6l \u2013 100 % reines australisches Emu\u00f6l 60 ml"},"content":{"rendered":"<p>Omega369 Emu-\u00d6l ist eine der st\u00e4rksten Synergien von Fetts\u00e4uren, Vitaminen, Mineralien und Neurotransmittern. Das australische Emu-\u00d6l ist weithin f\u00fcr seine einzigartigen Qualit\u00e4ten bekannt, zu denen entz\u00fcndungshemmende Eigenschaften und die gute Hautdurchdringung geh\u00f6ren, was es zu einem der meistverwendeten nat\u00fcrlichen Therapie\u00f6le Australiens macht, das seit \u00fcber tausend Jahren von den einheimischen Kulturen verwendet wird.<\/p>\n<p>Der Emu als Spezies geht auf ca. 40 Millionen Jahre vor der Saurierzeit wurde und wird sein \u00d6l von den australischen Aborigines seit mehr als 40 000 Jahren als Nahrungs- und Medizinlieferant genutzt. Emu-\u00d6l ist eine der st\u00e4rksten Synergien von Fetts\u00e4uren, Vitaminen, Mineralien, Neurotransmittern und vielen anderen noch nicht identifizierten Komponenten. Es ist DIE lebensspendende Substanz f\u00fcr die Spezies.<\/p>\n<p>Unser Emu-\u00d6l wird in einer pharmazeutischen Rendering-Anlage nach Weltstandard verarbeitet, die bei der Therapeutic Goods Association (TGA) registriert ist und \u00fcber eine HACCP-Zulassung f\u00fcr Lebensmittelsicherheit in Australien verf\u00fcgt. Es ist das einzige Emu-\u00d6l-Unternehmen in der Welt, das direkten Zugang zu Tests von Emu-\u00d6l auf biologische Aktivit\u00e4t hat.<\/p>\n<p>&nbsp;<\/p>\n<p><img decoding=\"async\" class=\"alignnone size-full wp-image-307\" src=\"https:\/\/emubirdoil.com\/wp-content\/uploads\/2024\/01\/YNN-logo%C2%AEname_lge-2-300x121.jpg.webp\" alt=\"\" width=\"300\" height=\"121\" \/><\/p>\n<p><strong>Herstellung und Qualit\u00e4t in pharmazeutischer Qualit\u00e4t<\/strong><br \/>\nUnser Emu\u00d6l wird in einer pharmazeutischen Rendering-Anlage nach Weltstandard verarbeitet, die bei der Therapeutic Goods Association (TGA) registriert ist und \u00fcber eine HACCP-Zulassung f\u00fcr Lebensmittelsicherheit in Australien verf\u00fcgt. Wir sind das einzige Emu-\u00d6l-Unternehmen in der Welt, das direkten Zugang zu Tests von australisches \u00d6lauf biologische Aktivit\u00e4t hat.<\/p>\n<p>Unsere Emus werden in stressfreier Freilandhaltung gez\u00fcchtet; nur das sauberste und beste Futter liefert hochgradig biologisch aktives \u00d6l. Antibiotika, Impfungen und Wachstumshormone sind aus der Produktion ausgeschlossen.<\/p>\n<p><strong>Die wichtigsten Vorteile von YNotNatural 100% reinem Emu \u00d6l<\/strong><\/p>\n<ul>\n<li>Entz\u00fcndungshemmend &#8211; Lindert die Schwellung und Entz\u00fcndung des Ekzems.<\/li>\n<li>Hypoallergen &#8211; Verursacht keine Hautreizungen und hat keine Nebenwirkungen, ideal f\u00fcr Menschen mit empfindlicher Haut und Hautausschlag.<\/li>\n<li>Zieht gut in die Haut ein &#8211; Nicht fettig, zieht in die Haut ein, ohne ein fettiges Gef\u00fchl oder R\u00fcckst\u00e4nde zu hinterlassen<\/li>\n<li>Nicht komedogen &#8211; Reines Emu-\u00d6l verstopft die Poren nicht<\/li>\n<\/ul>\n<p><strong>Wirksam bei einer Vielzahl von Hautkrankheiten:<\/strong><\/p>\n<ul>\n<li>Ekzem &amp; Schuppenflechte<\/li>\n<li>Hautausschl\u00e4ge<\/li>\n<li>Trockene Haut<\/li>\n<li>Gesichtsfalten, Anti-Aging oder empfindliche Haut<\/li>\n<li>Sonnenbrand<\/li>\n<li>Dehnungsstreifen<\/li>\n<li>Narben<\/li>\n<\/ul>\n<p><strong>Wie zu verwenden:<\/strong><\/p>\n<p>Mit den H\u00e4nden auf die gew\u00fcnschte Stelle auftragen. Tragen Sie bei Bedarf mehr <strong data-start=\"396\" data-end=\"405\">Emu\u00f6l<\/strong> auf, um den gesamten Bereich zu bedecken. Sie brauchen das \u00d6l nicht vollst\u00e4ndig einzureiben, da dieses Emu-\u00d6l in die Haut eindringt und von selbst einzieht. Die Haut sollte sich nicht fettig anf\u00fchlen, wenn Sie fertig sind. Wenn dies der Fall ist, haben Sie wahrscheinlich zu viel verwendet. Reduzieren Sie einfach die Menge, die Sie beim n\u00e4chsten Mal verwenden.<\/p>\n<p>Mehr \u00fcber die Wirkung und Anwendung erfahren Sie auf unserer Seite<br \/>\n&lt;a href=&#8220;\/de\/emu-oel\/&#8220;&gt;Emu \u00d6l aus Australien&lt;\/a&gt;.<\/p>\n<div style=\"width: 720px;\" class=\"wp-video\"><video class=\"wp-video-shortcode\" id=\"video-2346-1\" width=\"720\" height=\"720\" preload=\"metadata\" controls=\"controls\"><source type=\"video\/mp4\" src=\"https:\/\/emubirdoil.com\/wp-content\/uploads\/2024\/01\/Apply-Emu-oil.mp4?_=1\" \/><a href=\"https:\/\/emubirdoil.com\/wp-content\/uploads\/2024\/01\/Apply-Emu-oil.mp4\">https:\/\/emubirdoil.com\/wp-content\/uploads\/2024\/01\/Apply-Emu-oil.mp4<\/a><\/video><\/div>\n<p>&nbsp;<\/p>\n","protected":false},"excerpt":{"rendered":"<p data-start=\"345\" data-end=\"402\"><strong data-start=\"345\" data-end=\"402\">iologisches 100 % reines Emu \u00d6l 60 ml aus Australien<\/strong><\/p>\n<p data-start=\"404\" data-end=\"587\">Omega-3-6-9-reiches Emu \u00d6l aus Freilandhaltung \u2013 ideal f\u00fcr <strong data-start=\"463\" data-end=\"492\">Haut, Gelenke und Muskeln<\/strong>.<br data-start=\"493\" data-end=\"496\" \/>Zieht schnell ein, ist <strong data-start=\"519\" data-end=\"535\">hypoallergen<\/strong>, unparf\u00fcmiert und f\u00fcr die t\u00e4gliche Pflege geeignet.<\/p>\n<p data-start=\"589\" data-end=\"606\"><strong data-start=\"589\" data-end=\"606\">Geeignet f\u00fcr:<\/strong><\/p>\n<ul data-start=\"607\" data-end=\"712\">\n<li data-start=\"607\" data-end=\"638\">\n<p data-start=\"609\" data-end=\"638\">\u2714 empfindliche &amp; reife Haut<\/p>\n<\/li>\n<li data-start=\"639\" data-end=\"676\">\n<p data-start=\"641\" data-end=\"676\">\u2714 Gelenke, Muskeln &amp; Narbenpflege<\/p>\n<\/li>\n<li data-start=\"677\" data-end=\"712\">\n<p data-start=\"679\" data-end=\"712\">\u2714 Kinder, Erwachsene &amp; Senioren<\/p>\n<\/li>\n<\/ul>\n<p data-start=\"714\" data-end=\"743\"><strong data-start=\"714\" data-end=\"743\">Qualit\u00e4t &amp; Eigenschaften:<\/strong><\/p>\n<ul data-start=\"744\" data-end=\"901\">\n<li data-start=\"744\" data-end=\"786\">\n<p data-start=\"746\" data-end=\"786\">\u2714 100 % reines australisches Bio-Emu\u00f6l<\/p>\n<\/li>\n<li data-start=\"787\" data-end=\"833\">\n<p data-start=\"789\" data-end=\"833\">\u2714 Reich an Omega-3-6-9 &amp; Vitaminen A, E, K<\/p>\n<\/li>\n<li data-start=\"834\" data-end=\"870\">\n<p data-start=\"836\" data-end=\"870\">\u2714 Ohne Duftstoffe &amp; Zusatzstoffe<\/p>\n<\/li>\n<li data-start=\"871\" data-end=\"901\">\n<p data-start=\"873\" data-end=\"901\">\u2714 Pharmazeutische Qualit\u00e4t<\/p>\n<\/li>\n<\/ul>\n<p data-start=\"903\" data-end=\"965\">\ud83d\udc49 <strong data-start=\"906\" data-end=\"965\">Jetzt Emu \u00d6l kaufen \u2013 nat\u00fcrliche Pflege aus Australien.<\/strong><\/p>\n","protected":false},"featured_media":3058,"comment_status":"open","ping_status":"closed","template":"","meta":[],"product_brand":[],"product_cat":[74],"product_tag":[],"class_list":{"0":"post-2346","1":"product","2":"type-product","3":"status-publish","4":"has-post-thumbnail","6":"product_cat-y-nicht-naturlich","8":"first","9":"instock","10":"sale","11":"shipping-taxable","12":"purchasable","13":"product-type-simple"},"yoast_head":"<!-- This site is optimized with the Yoast SEO plugin v27.4 - https:\/\/yoast.com\/product\/yoast-seo-wordpress\/ -->\n<title>Emu \u00d6l kaufen \u2013 100 % reines australisches Emu\u00f6l 60 ml<\/title>\n<meta name=\"description\" content=\"100 % reines australisches Emu \u00d6l in h\u00f6chster Qualit\u00e4t. Ideal f\u00fcr Gelenke, Muskeln und Haut. Zieht schnell ein, ohne zu fetten. Jetzt Emu \u00d6l kaufen\" \/>\n<meta name=\"robots\" content=\"index, follow, max-snippet:-1, max-image-preview:large, max-video-preview:-1\" \/>\n<link rel=\"canonical\" href=\"https:\/\/emubirdoil.com\/de\/produkt\/100-reines-bio-emuoel-60ml\/\" \/>\n<meta property=\"og:locale\" content=\"de_DE\" \/>\n<meta property=\"og:type\" content=\"article\" \/>\n<meta property=\"og:title\" content=\"Emu \u00d6l kaufen \u2013 100 % reines australisches Emu\u00f6l 60 ml\" \/>\n<meta property=\"og:description\" content=\"100 % reines australisches Emu \u00d6l in h\u00f6chster Qualit\u00e4t. Ideal f\u00fcr Gelenke, Muskeln und Haut. Zieht schnell ein, ohne zu fetten. Jetzt Emu \u00d6l kaufen\" \/>\n<meta property=\"og:url\" content=\"https:\/\/emubirdoil.com\/de\/produkt\/100-reines-bio-emuoel-60ml\/\" \/>\n<meta property=\"og:site_name\" content=\"Emu Bird Oil\" \/>\n<meta property=\"article:modified_time\" content=\"2026-03-22T12:08:24+00:00\" \/>\n<meta property=\"og:image\" content=\"https:\/\/emubirdoil.com\/wp-content\/uploads\/2025\/03\/100-pure-emu-oil-for-hypoallergenic-skin-care-hair-and-healing-all-natural-source-of-vitamin-k2-1.jpg\" \/>\n\t<meta property=\"og:image:width\" content=\"458\" \/>\n\t<meta property=\"og:image:height\" content=\"458\" \/>\n\t<meta property=\"og:image:type\" content=\"image\/jpeg\" \/>\n<meta name=\"twitter:card\" content=\"summary_large_image\" \/>\n<meta name=\"twitter:label1\" content=\"Gesch\u00e4tzte Lesezeit\" \/>\n\t<meta name=\"twitter:data1\" content=\"3\u00a0Minuten\" \/>\n<script type=\"application\/ld+json\" class=\"yoast-schema-graph\">{\"@context\":\"https:\\\/\\\/schema.org\",\"@graph\":[{\"@type\":\"WebPage\",\"@id\":\"https:\\\/\\\/emubirdoil.com\\\/de\\\/produkt\\\/100-reines-bio-emuoel-60ml\\\/\",\"url\":\"https:\\\/\\\/emubirdoil.com\\\/de\\\/produkt\\\/100-reines-bio-emuoel-60ml\\\/\",\"name\":\"Emu \u00d6l kaufen \u2013 100 % reines australisches Emu\u00f6l 60 ml\",\"isPartOf\":{\"@id\":\"https:\\\/\\\/emubirdoil.com\\\/de\\\/#website\"},\"primaryImageOfPage\":{\"@id\":\"https:\\\/\\\/emubirdoil.com\\\/de\\\/produkt\\\/100-reines-bio-emuoel-60ml\\\/#primaryimage\"},\"image\":{\"@id\":\"https:\\\/\\\/emubirdoil.com\\\/de\\\/produkt\\\/100-reines-bio-emuoel-60ml\\\/#primaryimage\"},\"thumbnailUrl\":\"https:\\\/\\\/emubirdoil.com\\\/wp-content\\\/uploads\\\/2025\\\/03\\\/100-pure-emu-oil-for-hypoallergenic-skin-care-hair-and-healing-all-natural-source-of-vitamin-k2-1.jpg\",\"datePublished\":\"2025-03-08T08:35:08+00:00\",\"dateModified\":\"2026-03-22T12:08:24+00:00\",\"description\":\"100 % reines australisches Emu \u00d6l in h\u00f6chster Qualit\u00e4t. Ideal f\u00fcr Gelenke, Muskeln und Haut. Zieht schnell ein, ohne zu fetten. Jetzt Emu \u00d6l kaufen\",\"breadcrumb\":{\"@id\":\"https:\\\/\\\/emubirdoil.com\\\/de\\\/produkt\\\/100-reines-bio-emuoel-60ml\\\/#breadcrumb\"},\"inLanguage\":\"de\",\"potentialAction\":[{\"@type\":\"ReadAction\",\"target\":[\"https:\\\/\\\/emubirdoil.com\\\/de\\\/produkt\\\/100-reines-bio-emuoel-60ml\\\/\"]}]},{\"@type\":\"ImageObject\",\"inLanguage\":\"de\",\"@id\":\"https:\\\/\\\/emubirdoil.com\\\/de\\\/produkt\\\/100-reines-bio-emuoel-60ml\\\/#primaryimage\",\"url\":\"https:\\\/\\\/emubirdoil.com\\\/wp-content\\\/uploads\\\/2025\\\/03\\\/100-pure-emu-oil-for-hypoallergenic-skin-care-hair-and-healing-all-natural-source-of-vitamin-k2-1.jpg\",\"contentUrl\":\"https:\\\/\\\/emubirdoil.com\\\/wp-content\\\/uploads\\\/2025\\\/03\\\/100-pure-emu-oil-for-hypoallergenic-skin-care-hair-and-healing-all-natural-source-of-vitamin-k2-1.jpg\",\"width\":458,\"height\":458},{\"@type\":\"BreadcrumbList\",\"@id\":\"https:\\\/\\\/emubirdoil.com\\\/de\\\/produkt\\\/100-reines-bio-emuoel-60ml\\\/#breadcrumb\",\"itemListElement\":[{\"@type\":\"ListItem\",\"position\":1,\"name\":\"Home\",\"item\":\"https:\\\/\\\/emubirdoil.com\\\/de\\\/\"},{\"@type\":\"ListItem\",\"position\":2,\"name\":\"Shop\",\"item\":\"https:\\\/\\\/emubirdoil.com\\\/de\\\/shop\\\/\"},{\"@type\":\"ListItem\",\"position\":3,\"name\":\"Emu \u00d6l \u2013 100 % reines australisches Emu\u00f6l 60 ml\"}]},{\"@type\":\"WebSite\",\"@id\":\"https:\\\/\\\/emubirdoil.com\\\/de\\\/#website\",\"url\":\"https:\\\/\\\/emubirdoil.com\\\/de\\\/\",\"name\":\"Emu Bird Oil YNot Natural\",\"description\":\"Explore premium Emu Bird Oil for natural skincare and pain relief. Pure, effective, and sustainably sourced. Order now for wellness transformation!\",\"publisher\":{\"@id\":\"https:\\\/\\\/emubirdoil.com\\\/de\\\/#organization\"},\"potentialAction\":[{\"@type\":\"SearchAction\",\"target\":{\"@type\":\"EntryPoint\",\"urlTemplate\":\"https:\\\/\\\/emubirdoil.com\\\/de\\\/?s={search_term_string}\"},\"query-input\":{\"@type\":\"PropertyValueSpecification\",\"valueRequired\":true,\"valueName\":\"search_term_string\"}}],\"inLanguage\":\"de\"},{\"@type\":\"Organization\",\"@id\":\"https:\\\/\\\/emubirdoil.com\\\/de\\\/#organization\",\"name\":\"Emu Bird Oil YNot Natural\",\"url\":\"https:\\\/\\\/emubirdoil.com\\\/de\\\/\",\"logo\":{\"@type\":\"ImageObject\",\"inLanguage\":\"de\",\"@id\":\"https:\\\/\\\/emubirdoil.com\\\/de\\\/#\\\/schema\\\/logo\\\/image\\\/\",\"url\":\"https:\\\/\\\/emubirdoil.com\\\/wp-content\\\/uploads\\\/2023\\\/12\\\/Emu-bird-oil-LOGO.png\",\"contentUrl\":\"https:\\\/\\\/emubirdoil.com\\\/wp-content\\\/uploads\\\/2023\\\/12\\\/Emu-bird-oil-LOGO.png\",\"width\":320,\"height\":172,\"caption\":\"Emu Bird Oil YNot Natural\"},\"image\":{\"@id\":\"https:\\\/\\\/emubirdoil.com\\\/de\\\/#\\\/schema\\\/logo\\\/image\\\/\"}}]}<\/script>\n<!-- \/ Yoast SEO plugin. -->","yoast_head_json":{"title":"Emu \u00d6l kaufen \u2013 100 % reines australisches Emu\u00f6l 60 ml","description":"100 % reines australisches Emu \u00d6l in h\u00f6chster Qualit\u00e4t. Ideal f\u00fcr Gelenke, Muskeln und Haut. Zieht schnell ein, ohne zu fetten. Jetzt Emu \u00d6l kaufen","robots":{"index":"index","follow":"follow","max-snippet":"max-snippet:-1","max-image-preview":"max-image-preview:large","max-video-preview":"max-video-preview:-1"},"canonical":"https:\/\/emubirdoil.com\/de\/produkt\/100-reines-bio-emuoel-60ml\/","og_locale":"de_DE","og_type":"article","og_title":"Emu \u00d6l kaufen \u2013 100 % reines australisches Emu\u00f6l 60 ml","og_description":"100 % reines australisches Emu \u00d6l in h\u00f6chster Qualit\u00e4t. Ideal f\u00fcr Gelenke, Muskeln und Haut. Zieht schnell ein, ohne zu fetten. Jetzt Emu \u00d6l kaufen","og_url":"https:\/\/emubirdoil.com\/de\/produkt\/100-reines-bio-emuoel-60ml\/","og_site_name":"Emu Bird Oil","article_modified_time":"2026-03-22T12:08:24+00:00","og_image":[{"width":458,"height":458,"url":"https:\/\/emubirdoil.com\/wp-content\/uploads\/2025\/03\/100-pure-emu-oil-for-hypoallergenic-skin-care-hair-and-healing-all-natural-source-of-vitamin-k2-1.jpg","type":"image\/jpeg"}],"twitter_card":"summary_large_image","twitter_misc":{"Gesch\u00e4tzte Lesezeit":"3\u00a0Minuten"},"schema":{"@context":"https:\/\/schema.org","@graph":[{"@type":"WebPage","@id":"https:\/\/emubirdoil.com\/de\/produkt\/100-reines-bio-emuoel-60ml\/","url":"https:\/\/emubirdoil.com\/de\/produkt\/100-reines-bio-emuoel-60ml\/","name":"Emu \u00d6l kaufen \u2013 100 % reines australisches Emu\u00f6l 60 ml","isPartOf":{"@id":"https:\/\/emubirdoil.com\/de\/#website"},"primaryImageOfPage":{"@id":"https:\/\/emubirdoil.com\/de\/produkt\/100-reines-bio-emuoel-60ml\/#primaryimage"},"image":{"@id":"https:\/\/emubirdoil.com\/de\/produkt\/100-reines-bio-emuoel-60ml\/#primaryimage"},"thumbnailUrl":"https:\/\/emubirdoil.com\/wp-content\/uploads\/2025\/03\/100-pure-emu-oil-for-hypoallergenic-skin-care-hair-and-healing-all-natural-source-of-vitamin-k2-1.jpg","datePublished":"2025-03-08T08:35:08+00:00","dateModified":"2026-03-22T12:08:24+00:00","description":"100 % reines australisches Emu \u00d6l in h\u00f6chster Qualit\u00e4t. Ideal f\u00fcr Gelenke, Muskeln und Haut. Zieht schnell ein, ohne zu fetten. Jetzt Emu \u00d6l kaufen","breadcrumb":{"@id":"https:\/\/emubirdoil.com\/de\/produkt\/100-reines-bio-emuoel-60ml\/#breadcrumb"},"inLanguage":"de","potentialAction":[{"@type":"ReadAction","target":["https:\/\/emubirdoil.com\/de\/produkt\/100-reines-bio-emuoel-60ml\/"]}]},{"@type":"ImageObject","inLanguage":"de","@id":"https:\/\/emubirdoil.com\/de\/produkt\/100-reines-bio-emuoel-60ml\/#primaryimage","url":"https:\/\/emubirdoil.com\/wp-content\/uploads\/2025\/03\/100-pure-emu-oil-for-hypoallergenic-skin-care-hair-and-healing-all-natural-source-of-vitamin-k2-1.jpg","contentUrl":"https:\/\/emubirdoil.com\/wp-content\/uploads\/2025\/03\/100-pure-emu-oil-for-hypoallergenic-skin-care-hair-and-healing-all-natural-source-of-vitamin-k2-1.jpg","width":458,"height":458},{"@type":"BreadcrumbList","@id":"https:\/\/emubirdoil.com\/de\/produkt\/100-reines-bio-emuoel-60ml\/#breadcrumb","itemListElement":[{"@type":"ListItem","position":1,"name":"Home","item":"https:\/\/emubirdoil.com\/de\/"},{"@type":"ListItem","position":2,"name":"Shop","item":"https:\/\/emubirdoil.com\/de\/shop\/"},{"@type":"ListItem","position":3,"name":"Emu \u00d6l \u2013 100 % reines australisches Emu\u00f6l 60 ml"}]},{"@type":"WebSite","@id":"https:\/\/emubirdoil.com\/de\/#website","url":"https:\/\/emubirdoil.com\/de\/","name":"Emu Bird Oil YNot Natural","description":"Explore premium Emu Bird Oil for natural skincare and pain relief. Pure, effective, and sustainably sourced. Order now for wellness transformation!","publisher":{"@id":"https:\/\/emubirdoil.com\/de\/#organization"},"potentialAction":[{"@type":"SearchAction","target":{"@type":"EntryPoint","urlTemplate":"https:\/\/emubirdoil.com\/de\/?s={search_term_string}"},"query-input":{"@type":"PropertyValueSpecification","valueRequired":true,"valueName":"search_term_string"}}],"inLanguage":"de"},{"@type":"Organization","@id":"https:\/\/emubirdoil.com\/de\/#organization","name":"Emu Bird Oil YNot Natural","url":"https:\/\/emubirdoil.com\/de\/","logo":{"@type":"ImageObject","inLanguage":"de","@id":"https:\/\/emubirdoil.com\/de\/#\/schema\/logo\/image\/","url":"https:\/\/emubirdoil.com\/wp-content\/uploads\/2023\/12\/Emu-bird-oil-LOGO.png","contentUrl":"https:\/\/emubirdoil.com\/wp-content\/uploads\/2023\/12\/Emu-bird-oil-LOGO.png","width":320,"height":172,"caption":"Emu Bird Oil YNot Natural"},"image":{"@id":"https:\/\/emubirdoil.com\/de\/#\/schema\/logo\/image\/"}}]}},"_links":{"self":[{"href":"https:\/\/emubirdoil.com\/de\/wp-json\/wp\/v2\/product\/2346","targetHints":{"allow":["GET"]}}],"collection":[{"href":"https:\/\/emubirdoil.com\/de\/wp-json\/wp\/v2\/product"}],"about":[{"href":"https:\/\/emubirdoil.com\/de\/wp-json\/wp\/v2\/types\/product"}],"replies":[{"embeddable":true,"href":"https:\/\/emubirdoil.com\/de\/wp-json\/wp\/v2\/comments?post=2346"}],"wp:featuredmedia":[{"embeddable":true,"href":"https:\/\/emubirdoil.com\/de\/wp-json\/wp\/v2\/media\/3058"}],"wp:attachment":[{"href":"https:\/\/emubirdoil.com\/de\/wp-json\/wp\/v2\/media?parent=2346"}],"wp:term":[{"taxonomy":"product_brand","embeddable":true,"href":"https:\/\/emubirdoil.com\/de\/wp-json\/wp\/v2\/product_brand?post=2346"},{"taxonomy":"product_cat","embeddable":true,"href":"https:\/\/emubirdoil.com\/de\/wp-json\/wp\/v2\/product_cat?post=2346"},{"taxonomy":"product_tag","embeddable":true,"href":"https:\/\/emubirdoil.com\/de\/wp-json\/wp\/v2\/product_tag?post=2346"}],"curies":[{"name":"wp","href":"https:\/\/api.w.org\/{rel}","templated":true}]}}