{"id":1695,"date":"2024-01-09T18:09:03","date_gmt":"2024-01-09T18:09:03","guid":{"rendered":"https:\/\/emubirdoil.com\/versandpolitik\/"},"modified":"2025-05-13T11:14:35","modified_gmt":"2025-05-13T11:14:35","slug":"versandpolitik","status":"publish","type":"page","link":"https:\/\/emubirdoil.com\/de\/versandpolitik\/","title":{"rendered":"Versandpolitik"},"content":{"rendered":"\t\t<div data-elementor-type=\"wp-page\" data-elementor-id=\"1695\" class=\"elementor elementor-1695 elementor-288\" data-elementor-post-type=\"page\">\n\t\t\t\t<div class=\"elementor-element elementor-element-6de17350 e-flex e-con-boxed e-con e-parent\" data-id=\"6de17350\" data-element_type=\"container\" data-e-type=\"container\">\n\t\t\t\t\t<div class=\"e-con-inner\">\n\t\t\t\t<div class=\"elementor-element elementor-element-5e1c35cf elementor-widget elementor-widget-heading\" data-id=\"5e1c35cf\" data-element_type=\"widget\" data-e-type=\"widget\" data-widget_type=\"heading.default\">\n\t\t\t\t<div class=\"elementor-widget-container\">\n\t\t\t\t\t<h1 class=\"elementor-heading-title elementor-size-default\">Versandpolitik<\/h1>\t\t\t\t<\/div>\n\t\t\t\t<\/div>\n\t\t\t\t<div class=\"elementor-element elementor-element-380841d elementor-widget elementor-widget-text-editor\" data-id=\"380841d\" data-element_type=\"widget\" data-e-type=\"widget\" data-widget_type=\"text-editor.default\">\n\t\t\t\t<div class=\"elementor-widget-container\">\n\t\t\t\t\t\t\t\t\t<p>Die Lieferung aller im Online-Shop gekauften Bestellungen \u00fcber 59,80EUR ist innerhalb der gesamten EU versandkostenfrei.<\/p><p>Die Versandkosten f\u00fcr Bestellungen unter 59,80 Euro betragen 5,99 Euro.<\/p><p>Produkte, die gem\u00e4\u00df dem abgegebenen Angebot bezahlt wurden, werden innerhalb von 2-5 Werktagen an den Kunden geliefert.<\/p><p>Wenn Sie einen passenden Liefertermin vereinbaren m\u00f6chten, vermerken Sie dies bitte unter HINWEIS, damit wir Ihren Wunsch dem Lieferdienst mitteilen k\u00f6nnen.<\/p><p>Lieferprozess<\/p><p>Die Lieferung der Produkte erfolgt \u00fcber die Lieferdienste DPD und GLS.<\/p><p>Zahlungsmethoden: Klarna (Kauf auf Rechnung, Ratenzahlung), PayPal, Kreditkarte, Google Pay, Apple Pay.<\/p>\t\t\t\t\t\t\t\t<\/div>\n\t\t\t\t<\/div>\n\t\t\t\t\t<\/div>\n\t\t\t\t<\/div>\n\t\t\t\t<\/div>\n\t\t","protected":false},"excerpt":{"rendered":"<p>Die Lieferung aller im Online-Shop gekauften Bestellungen \u00fcber 59,80EUR ist innerhalb der gesamten EU versandkostenfrei. Die Versandkosten f\u00fcr Bestellungen unter 59,80 Euro betragen 5,99 Euro. Produkte, die gem\u00e4\u00df dem abgegebenen Angebot bezahlt wurden, werden innerhalb von 2-5 Werktagen an den Kunden geliefert. Wenn Sie einen passenden Liefertermin vereinbaren m\u00f6chten, vermerken Sie dies bitte unter HINWEIS, [&hellip;]<\/p>\n","protected":false},"author":1,"featured_media":0,"parent":0,"menu_order":0,"comment_status":"closed","ping_status":"closed","template":"","meta":{"footnotes":""},"class_list":["post-1695","page","type-page","status-publish","hentry"],"yoast_head":"<!-- This site is optimized with the Yoast SEO plugin v27.4 - https:\/\/yoast.com\/product\/yoast-seo-wordpress\/ -->\n<title>Versandpolitik - Emu Bird Oil<\/title>\n<meta name=\"robots\" content=\"index, follow, max-snippet:-1, max-image-preview:large, max-video-preview:-1\" \/>\n<link rel=\"canonical\" href=\"https:\/\/emubirdoil.com\/de\/versandpolitik\/\" \/>\n<meta property=\"og:locale\" content=\"de_DE\" \/>\n<meta property=\"og:type\" content=\"article\" \/>\n<meta property=\"og:title\" content=\"Versandpolitik - Emu Bird Oil\" \/>\n<meta property=\"og:description\" content=\"Die Lieferung aller im Online-Shop gekauften Bestellungen \u00fcber 59,80EUR ist innerhalb der gesamten EU versandkostenfrei. Die Versandkosten f\u00fcr Bestellungen unter 59,80 Euro betragen 5,99 Euro. Produkte, die gem\u00e4\u00df dem abgegebenen Angebot bezahlt wurden, werden innerhalb von 2-5 Werktagen an den Kunden geliefert. Wenn Sie einen passenden Liefertermin vereinbaren m\u00f6chten, vermerken Sie dies bitte unter HINWEIS, [&hellip;]\" \/>\n<meta property=\"og:url\" content=\"https:\/\/emubirdoil.com\/de\/versandpolitik\/\" \/>\n<meta property=\"og:site_name\" content=\"Emu Bird Oil\" \/>\n<meta property=\"article:modified_time\" content=\"2025-05-13T11:14:35+00:00\" \/>\n<meta name=\"twitter:card\" content=\"summary_large_image\" \/>\n<meta name=\"twitter:label1\" content=\"Gesch\u00e4tzte Lesezeit\" \/>\n\t<meta name=\"twitter:data1\" content=\"1\u00a0Minute\" \/>\n<script type=\"application\/ld+json\" class=\"yoast-schema-graph\">{\"@context\":\"https:\\\/\\\/schema.org\",\"@graph\":[{\"@type\":\"WebPage\",\"@id\":\"https:\\\/\\\/emubirdoil.com\\\/de\\\/versandpolitik\\\/\",\"url\":\"https:\\\/\\\/emubirdoil.com\\\/de\\\/versandpolitik\\\/\",\"name\":\"Versandpolitik - Emu Bird Oil\",\"isPartOf\":{\"@id\":\"https:\\\/\\\/emubirdoil.com\\\/de\\\/#website\"},\"datePublished\":\"2024-01-09T18:09:03+00:00\",\"dateModified\":\"2025-05-13T11:14:35+00:00\",\"breadcrumb\":{\"@id\":\"https:\\\/\\\/emubirdoil.com\\\/de\\\/versandpolitik\\\/#breadcrumb\"},\"inLanguage\":\"de\",\"potentialAction\":[{\"@type\":\"ReadAction\",\"target\":[\"https:\\\/\\\/emubirdoil.com\\\/de\\\/versandpolitik\\\/\"]}]},{\"@type\":\"BreadcrumbList\",\"@id\":\"https:\\\/\\\/emubirdoil.com\\\/de\\\/versandpolitik\\\/#breadcrumb\",\"itemListElement\":[{\"@type\":\"ListItem\",\"position\":1,\"name\":\"Home\",\"item\":\"https:\\\/\\\/emubirdoil.com\\\/de\\\/\"},{\"@type\":\"ListItem\",\"position\":2,\"name\":\"Versandpolitik\"}]},{\"@type\":\"WebSite\",\"@id\":\"https:\\\/\\\/emubirdoil.com\\\/de\\\/#website\",\"url\":\"https:\\\/\\\/emubirdoil.com\\\/de\\\/\",\"name\":\"Emu Bird Oil YNot Natural\",\"description\":\"Explore premium Emu Bird Oil for natural skincare and pain relief. Pure, effective, and sustainably sourced. Order now for wellness transformation!\",\"publisher\":{\"@id\":\"https:\\\/\\\/emubirdoil.com\\\/de\\\/#organization\"},\"potentialAction\":[{\"@type\":\"SearchAction\",\"target\":{\"@type\":\"EntryPoint\",\"urlTemplate\":\"https:\\\/\\\/emubirdoil.com\\\/de\\\/?s={search_term_string}\"},\"query-input\":{\"@type\":\"PropertyValueSpecification\",\"valueRequired\":true,\"valueName\":\"search_term_string\"}}],\"inLanguage\":\"de\"},{\"@type\":\"Organization\",\"@id\":\"https:\\\/\\\/emubirdoil.com\\\/de\\\/#organization\",\"name\":\"Emu Bird Oil YNot Natural\",\"url\":\"https:\\\/\\\/emubirdoil.com\\\/de\\\/\",\"logo\":{\"@type\":\"ImageObject\",\"inLanguage\":\"de\",\"@id\":\"https:\\\/\\\/emubirdoil.com\\\/de\\\/#\\\/schema\\\/logo\\\/image\\\/\",\"url\":\"https:\\\/\\\/emubirdoil.com\\\/wp-content\\\/uploads\\\/2023\\\/12\\\/Emu-bird-oil-LOGO.png\",\"contentUrl\":\"https:\\\/\\\/emubirdoil.com\\\/wp-content\\\/uploads\\\/2023\\\/12\\\/Emu-bird-oil-LOGO.png\",\"width\":320,\"height\":172,\"caption\":\"Emu Bird Oil YNot Natural\"},\"image\":{\"@id\":\"https:\\\/\\\/emubirdoil.com\\\/de\\\/#\\\/schema\\\/logo\\\/image\\\/\"}}]}<\/script>\n<!-- \/ Yoast SEO plugin. -->","yoast_head_json":{"title":"Versandpolitik - Emu Bird Oil","robots":{"index":"index","follow":"follow","max-snippet":"max-snippet:-1","max-image-preview":"max-image-preview:large","max-video-preview":"max-video-preview:-1"},"canonical":"https:\/\/emubirdoil.com\/de\/versandpolitik\/","og_locale":"de_DE","og_type":"article","og_title":"Versandpolitik - Emu Bird Oil","og_description":"Die Lieferung aller im Online-Shop gekauften Bestellungen \u00fcber 59,80EUR ist innerhalb der gesamten EU versandkostenfrei. Die Versandkosten f\u00fcr Bestellungen unter 59,80 Euro betragen 5,99 Euro. Produkte, die gem\u00e4\u00df dem abgegebenen Angebot bezahlt wurden, werden innerhalb von 2-5 Werktagen an den Kunden geliefert. Wenn Sie einen passenden Liefertermin vereinbaren m\u00f6chten, vermerken Sie dies bitte unter HINWEIS, [&hellip;]","og_url":"https:\/\/emubirdoil.com\/de\/versandpolitik\/","og_site_name":"Emu Bird Oil","article_modified_time":"2025-05-13T11:14:35+00:00","twitter_card":"summary_large_image","twitter_misc":{"Gesch\u00e4tzte Lesezeit":"1\u00a0Minute"},"schema":{"@context":"https:\/\/schema.org","@graph":[{"@type":"WebPage","@id":"https:\/\/emubirdoil.com\/de\/versandpolitik\/","url":"https:\/\/emubirdoil.com\/de\/versandpolitik\/","name":"Versandpolitik - Emu Bird Oil","isPartOf":{"@id":"https:\/\/emubirdoil.com\/de\/#website"},"datePublished":"2024-01-09T18:09:03+00:00","dateModified":"2025-05-13T11:14:35+00:00","breadcrumb":{"@id":"https:\/\/emubirdoil.com\/de\/versandpolitik\/#breadcrumb"},"inLanguage":"de","potentialAction":[{"@type":"ReadAction","target":["https:\/\/emubirdoil.com\/de\/versandpolitik\/"]}]},{"@type":"BreadcrumbList","@id":"https:\/\/emubirdoil.com\/de\/versandpolitik\/#breadcrumb","itemListElement":[{"@type":"ListItem","position":1,"name":"Home","item":"https:\/\/emubirdoil.com\/de\/"},{"@type":"ListItem","position":2,"name":"Versandpolitik"}]},{"@type":"WebSite","@id":"https:\/\/emubirdoil.com\/de\/#website","url":"https:\/\/emubirdoil.com\/de\/","name":"Emu Bird Oil YNot Natural","description":"Explore premium Emu Bird Oil for natural skincare and pain relief. Pure, effective, and sustainably sourced. Order now for wellness transformation!","publisher":{"@id":"https:\/\/emubirdoil.com\/de\/#organization"},"potentialAction":[{"@type":"SearchAction","target":{"@type":"EntryPoint","urlTemplate":"https:\/\/emubirdoil.com\/de\/?s={search_term_string}"},"query-input":{"@type":"PropertyValueSpecification","valueRequired":true,"valueName":"search_term_string"}}],"inLanguage":"de"},{"@type":"Organization","@id":"https:\/\/emubirdoil.com\/de\/#organization","name":"Emu Bird Oil YNot Natural","url":"https:\/\/emubirdoil.com\/de\/","logo":{"@type":"ImageObject","inLanguage":"de","@id":"https:\/\/emubirdoil.com\/de\/#\/schema\/logo\/image\/","url":"https:\/\/emubirdoil.com\/wp-content\/uploads\/2023\/12\/Emu-bird-oil-LOGO.png","contentUrl":"https:\/\/emubirdoil.com\/wp-content\/uploads\/2023\/12\/Emu-bird-oil-LOGO.png","width":320,"height":172,"caption":"Emu Bird Oil YNot Natural"},"image":{"@id":"https:\/\/emubirdoil.com\/de\/#\/schema\/logo\/image\/"}}]}},"_links":{"self":[{"href":"https:\/\/emubirdoil.com\/de\/wp-json\/wp\/v2\/pages\/1695","targetHints":{"allow":["GET"]}}],"collection":[{"href":"https:\/\/emubirdoil.com\/de\/wp-json\/wp\/v2\/pages"}],"about":[{"href":"https:\/\/emubirdoil.com\/de\/wp-json\/wp\/v2\/types\/page"}],"author":[{"embeddable":true,"href":"https:\/\/emubirdoil.com\/de\/wp-json\/wp\/v2\/users\/1"}],"replies":[{"embeddable":true,"href":"https:\/\/emubirdoil.com\/de\/wp-json\/wp\/v2\/comments?post=1695"}],"version-history":[{"count":21,"href":"https:\/\/emubirdoil.com\/de\/wp-json\/wp\/v2\/pages\/1695\/revisions"}],"predecessor-version":[{"id":3215,"href":"https:\/\/emubirdoil.com\/de\/wp-json\/wp\/v2\/pages\/1695\/revisions\/3215"}],"wp:attachment":[{"href":"https:\/\/emubirdoil.com\/de\/wp-json\/wp\/v2\/media?parent=1695"}],"curies":[{"name":"wp","href":"https:\/\/api.w.org\/{rel}","templated":true}]}}