{"id":1680,"date":"2024-01-09T18:09:03","date_gmt":"2024-01-09T18:09:03","guid":{"rendered":"https:\/\/emubirdoil.com\/zasady-prepravy\/"},"modified":"2024-02-08T16:19:15","modified_gmt":"2024-02-08T16:19:15","slug":"zasady-prepravy","status":"publish","type":"page","link":"https:\/\/emubirdoil.com\/cs\/zasady-prepravy\/","title":{"rendered":"Z\u00e1sady p\u0159epravy"},"content":{"rendered":"\t\t<div data-elementor-type=\"wp-page\" data-elementor-id=\"1680\" class=\"elementor elementor-1680 elementor-288\" data-elementor-post-type=\"page\">\n\t\t\t\t<div class=\"elementor-element elementor-element-6de17350 e-flex e-con-boxed e-con e-parent\" data-id=\"6de17350\" data-element_type=\"container\" data-e-type=\"container\">\n\t\t\t\t\t<div class=\"e-con-inner\">\n\t\t\t\t<div class=\"elementor-element elementor-element-5e1c35cf elementor-widget elementor-widget-heading\" data-id=\"5e1c35cf\" data-element_type=\"widget\" data-e-type=\"widget\" data-widget_type=\"heading.default\">\n\t\t\t\t<div class=\"elementor-widget-container\">\n\t\t\t\t\t<h1 class=\"elementor-heading-title elementor-size-default\">Z\u00e1sady p\u0159epravy<\/h1>\t\t\t\t<\/div>\n\t\t\t\t<\/div>\n\t\t\t\t<div class=\"elementor-element elementor-element-380841d elementor-widget elementor-widget-text-editor\" data-id=\"380841d\" data-element_type=\"widget\" data-e-type=\"widget\" data-widget_type=\"text-editor.default\">\n\t\t\t\t<div class=\"elementor-widget-container\">\n\t\t\t\t\t\t\t\t\t<p>Doru\u010den\u00ed v\u0161ech objedn\u00e1vek nad 59,99 EUR zakoupen\u00fdch v internetov\u00e9m obchod\u011b je zdarma po cel\u00e9 EU.<\/p><p>Cena dopravy u objedn\u00e1vek pod 59,99 eur je 5,99 eur.<\/p><p>Produkty zaplacen\u00e9 v souladu s p\u0159edlo\u017eenou nab\u00eddkou budou z\u00e1kazn\u00edkovi doru\u010deny do 2-5 pracovn\u00edch dn\u016f.<\/p><p>Pokud si p\u0159ejete sjednat vhodnou dodac\u00ed lh\u016ftu, napi\u0161te ji pros\u00edm do POZN\u00c1MKY, abychom Va\u0161e p\u0159\u00e1n\u00ed mohli p\u0159edat p\u0159epravn\u00ed slu\u017eb\u011b.<\/p><p>Proces doru\u010den\u00ed<\/p><p>Produkty jsou dod\u00e1v\u00e1ny prost\u0159ednictv\u00edm doru\u010dovac\u00edch slu\u017eeb DPD a GLS.<\/p>\t\t\t\t\t\t\t\t<\/div>\n\t\t\t\t<\/div>\n\t\t\t\t\t<\/div>\n\t\t\t\t<\/div>\n\t\t\t\t<\/div>\n\t\t","protected":false},"excerpt":{"rendered":"<p>Doru\u010den\u00ed v\u0161ech objedn\u00e1vek nad 59,99 EUR zakoupen\u00fdch v internetov\u00e9m obchod\u011b je zdarma po cel\u00e9 EU. Cena dopravy u objedn\u00e1vek pod 59,99 eur je 5,99 eur. Produkty zaplacen\u00e9 v souladu s p\u0159edlo\u017eenou nab\u00eddkou budou z\u00e1kazn\u00edkovi doru\u010deny do 2-5 pracovn\u00edch dn\u016f. Pokud si p\u0159ejete sjednat vhodnou dodac\u00ed lh\u016ftu, napi\u0161te ji pros\u00edm do POZN\u00c1MKY, abychom Va\u0161e p\u0159\u00e1n\u00ed mohli [&hellip;]<\/p>\n","protected":false},"author":1,"featured_media":0,"parent":0,"menu_order":0,"comment_status":"closed","ping_status":"closed","template":"","meta":{"footnotes":""},"class_list":["post-1680","page","type-page","status-publish","hentry"],"yoast_head":"<!-- This site is optimized with the Yoast SEO plugin v27.4 - https:\/\/yoast.com\/product\/yoast-seo-wordpress\/ -->\n<title>Z\u00e1sady p\u0159epravy - Emu Bird Oil<\/title>\n<meta name=\"robots\" content=\"index, follow, max-snippet:-1, max-image-preview:large, max-video-preview:-1\" \/>\n<link rel=\"canonical\" href=\"https:\/\/emubirdoil.com\/cs\/zasady-prepravy\/\" \/>\n<meta property=\"og:locale\" content=\"cs_CZ\" \/>\n<meta property=\"og:type\" content=\"article\" \/>\n<meta property=\"og:title\" content=\"Z\u00e1sady p\u0159epravy - Emu Bird Oil\" \/>\n<meta property=\"og:description\" content=\"Doru\u010den\u00ed v\u0161ech objedn\u00e1vek nad 59,99 EUR zakoupen\u00fdch v internetov\u00e9m obchod\u011b je zdarma po cel\u00e9 EU. Cena dopravy u objedn\u00e1vek pod 59,99 eur je 5,99 eur. Produkty zaplacen\u00e9 v souladu s p\u0159edlo\u017eenou nab\u00eddkou budou z\u00e1kazn\u00edkovi doru\u010deny do 2-5 pracovn\u00edch dn\u016f. Pokud si p\u0159ejete sjednat vhodnou dodac\u00ed lh\u016ftu, napi\u0161te ji pros\u00edm do POZN\u00c1MKY, abychom Va\u0161e p\u0159\u00e1n\u00ed mohli [&hellip;]\" \/>\n<meta property=\"og:url\" content=\"https:\/\/emubirdoil.com\/cs\/zasady-prepravy\/\" \/>\n<meta property=\"og:site_name\" content=\"Emu Bird Oil\" \/>\n<meta property=\"article:modified_time\" content=\"2024-02-08T16:19:15+00:00\" \/>\n<meta name=\"twitter:card\" content=\"summary_large_image\" \/>\n<meta name=\"twitter:label1\" content=\"Odhadovan\u00e1 doba \u010dten\u00ed\" \/>\n\t<meta name=\"twitter:data1\" content=\"1 minuta\" \/>\n<script type=\"application\/ld+json\" class=\"yoast-schema-graph\">{\"@context\":\"https:\\\/\\\/schema.org\",\"@graph\":[{\"@type\":\"WebPage\",\"@id\":\"https:\\\/\\\/emubirdoil.com\\\/cs\\\/zasady-prepravy\\\/\",\"url\":\"https:\\\/\\\/emubirdoil.com\\\/cs\\\/zasady-prepravy\\\/\",\"name\":\"Z\u00e1sady p\u0159epravy - Emu Bird Oil\",\"isPartOf\":{\"@id\":\"https:\\\/\\\/emubirdoil.com\\\/cs\\\/#website\"},\"datePublished\":\"2024-01-09T18:09:03+00:00\",\"dateModified\":\"2024-02-08T16:19:15+00:00\",\"breadcrumb\":{\"@id\":\"https:\\\/\\\/emubirdoil.com\\\/cs\\\/zasady-prepravy\\\/#breadcrumb\"},\"inLanguage\":\"cs\",\"potentialAction\":[{\"@type\":\"ReadAction\",\"target\":[\"https:\\\/\\\/emubirdoil.com\\\/cs\\\/zasady-prepravy\\\/\"]}]},{\"@type\":\"BreadcrumbList\",\"@id\":\"https:\\\/\\\/emubirdoil.com\\\/cs\\\/zasady-prepravy\\\/#breadcrumb\",\"itemListElement\":[{\"@type\":\"ListItem\",\"position\":1,\"name\":\"Home\",\"item\":\"https:\\\/\\\/emubirdoil.com\\\/cs\\\/home\\\/\"},{\"@type\":\"ListItem\",\"position\":2,\"name\":\"Z\u00e1sady p\u0159epravy\"}]},{\"@type\":\"WebSite\",\"@id\":\"https:\\\/\\\/emubirdoil.com\\\/cs\\\/#website\",\"url\":\"https:\\\/\\\/emubirdoil.com\\\/cs\\\/\",\"name\":\"Emu Bird Oil YNot Natural\",\"description\":\"Explore premium Emu Bird Oil for natural skincare and pain relief. Pure, effective, and sustainably sourced. Order now for wellness transformation!\",\"publisher\":{\"@id\":\"https:\\\/\\\/emubirdoil.com\\\/cs\\\/#organization\"},\"potentialAction\":[{\"@type\":\"SearchAction\",\"target\":{\"@type\":\"EntryPoint\",\"urlTemplate\":\"https:\\\/\\\/emubirdoil.com\\\/cs\\\/?s={search_term_string}\"},\"query-input\":{\"@type\":\"PropertyValueSpecification\",\"valueRequired\":true,\"valueName\":\"search_term_string\"}}],\"inLanguage\":\"cs\"},{\"@type\":\"Organization\",\"@id\":\"https:\\\/\\\/emubirdoil.com\\\/cs\\\/#organization\",\"name\":\"Emu Bird Oil YNot Natural\",\"url\":\"https:\\\/\\\/emubirdoil.com\\\/cs\\\/\",\"logo\":{\"@type\":\"ImageObject\",\"inLanguage\":\"cs\",\"@id\":\"https:\\\/\\\/emubirdoil.com\\\/cs\\\/#\\\/schema\\\/logo\\\/image\\\/\",\"url\":\"https:\\\/\\\/emubirdoil.com\\\/wp-content\\\/uploads\\\/2023\\\/12\\\/Emu-bird-oil-LOGO.png\",\"contentUrl\":\"https:\\\/\\\/emubirdoil.com\\\/wp-content\\\/uploads\\\/2023\\\/12\\\/Emu-bird-oil-LOGO.png\",\"width\":320,\"height\":172,\"caption\":\"Emu Bird Oil YNot Natural\"},\"image\":{\"@id\":\"https:\\\/\\\/emubirdoil.com\\\/cs\\\/#\\\/schema\\\/logo\\\/image\\\/\"}}]}<\/script>\n<!-- \/ Yoast SEO plugin. -->","yoast_head_json":{"title":"Z\u00e1sady p\u0159epravy - Emu Bird Oil","robots":{"index":"index","follow":"follow","max-snippet":"max-snippet:-1","max-image-preview":"max-image-preview:large","max-video-preview":"max-video-preview:-1"},"canonical":"https:\/\/emubirdoil.com\/cs\/zasady-prepravy\/","og_locale":"cs_CZ","og_type":"article","og_title":"Z\u00e1sady p\u0159epravy - Emu Bird Oil","og_description":"Doru\u010den\u00ed v\u0161ech objedn\u00e1vek nad 59,99 EUR zakoupen\u00fdch v internetov\u00e9m obchod\u011b je zdarma po cel\u00e9 EU. Cena dopravy u objedn\u00e1vek pod 59,99 eur je 5,99 eur. Produkty zaplacen\u00e9 v souladu s p\u0159edlo\u017eenou nab\u00eddkou budou z\u00e1kazn\u00edkovi doru\u010deny do 2-5 pracovn\u00edch dn\u016f. Pokud si p\u0159ejete sjednat vhodnou dodac\u00ed lh\u016ftu, napi\u0161te ji pros\u00edm do POZN\u00c1MKY, abychom Va\u0161e p\u0159\u00e1n\u00ed mohli [&hellip;]","og_url":"https:\/\/emubirdoil.com\/cs\/zasady-prepravy\/","og_site_name":"Emu Bird Oil","article_modified_time":"2024-02-08T16:19:15+00:00","twitter_card":"summary_large_image","twitter_misc":{"Odhadovan\u00e1 doba \u010dten\u00ed":"1 minuta"},"schema":{"@context":"https:\/\/schema.org","@graph":[{"@type":"WebPage","@id":"https:\/\/emubirdoil.com\/cs\/zasady-prepravy\/","url":"https:\/\/emubirdoil.com\/cs\/zasady-prepravy\/","name":"Z\u00e1sady p\u0159epravy - Emu Bird Oil","isPartOf":{"@id":"https:\/\/emubirdoil.com\/cs\/#website"},"datePublished":"2024-01-09T18:09:03+00:00","dateModified":"2024-02-08T16:19:15+00:00","breadcrumb":{"@id":"https:\/\/emubirdoil.com\/cs\/zasady-prepravy\/#breadcrumb"},"inLanguage":"cs","potentialAction":[{"@type":"ReadAction","target":["https:\/\/emubirdoil.com\/cs\/zasady-prepravy\/"]}]},{"@type":"BreadcrumbList","@id":"https:\/\/emubirdoil.com\/cs\/zasady-prepravy\/#breadcrumb","itemListElement":[{"@type":"ListItem","position":1,"name":"Home","item":"https:\/\/emubirdoil.com\/cs\/home\/"},{"@type":"ListItem","position":2,"name":"Z\u00e1sady p\u0159epravy"}]},{"@type":"WebSite","@id":"https:\/\/emubirdoil.com\/cs\/#website","url":"https:\/\/emubirdoil.com\/cs\/","name":"Emu Bird Oil YNot Natural","description":"Explore premium Emu Bird Oil for natural skincare and pain relief. Pure, effective, and sustainably sourced. Order now for wellness transformation!","publisher":{"@id":"https:\/\/emubirdoil.com\/cs\/#organization"},"potentialAction":[{"@type":"SearchAction","target":{"@type":"EntryPoint","urlTemplate":"https:\/\/emubirdoil.com\/cs\/?s={search_term_string}"},"query-input":{"@type":"PropertyValueSpecification","valueRequired":true,"valueName":"search_term_string"}}],"inLanguage":"cs"},{"@type":"Organization","@id":"https:\/\/emubirdoil.com\/cs\/#organization","name":"Emu Bird Oil YNot Natural","url":"https:\/\/emubirdoil.com\/cs\/","logo":{"@type":"ImageObject","inLanguage":"cs","@id":"https:\/\/emubirdoil.com\/cs\/#\/schema\/logo\/image\/","url":"https:\/\/emubirdoil.com\/wp-content\/uploads\/2023\/12\/Emu-bird-oil-LOGO.png","contentUrl":"https:\/\/emubirdoil.com\/wp-content\/uploads\/2023\/12\/Emu-bird-oil-LOGO.png","width":320,"height":172,"caption":"Emu Bird Oil YNot Natural"},"image":{"@id":"https:\/\/emubirdoil.com\/cs\/#\/schema\/logo\/image\/"}}]}},"_links":{"self":[{"href":"https:\/\/emubirdoil.com\/cs\/wp-json\/wp\/v2\/pages\/1680","targetHints":{"allow":["GET"]}}],"collection":[{"href":"https:\/\/emubirdoil.com\/cs\/wp-json\/wp\/v2\/pages"}],"about":[{"href":"https:\/\/emubirdoil.com\/cs\/wp-json\/wp\/v2\/types\/page"}],"author":[{"embeddable":true,"href":"https:\/\/emubirdoil.com\/cs\/wp-json\/wp\/v2\/users\/1"}],"replies":[{"embeddable":true,"href":"https:\/\/emubirdoil.com\/cs\/wp-json\/wp\/v2\/comments?post=1680"}],"version-history":[{"count":14,"href":"https:\/\/emubirdoil.com\/cs\/wp-json\/wp\/v2\/pages\/1680\/revisions"}],"predecessor-version":[{"id":2610,"href":"https:\/\/emubirdoil.com\/cs\/wp-json\/wp\/v2\/pages\/1680\/revisions\/2610"}],"wp:attachment":[{"href":"https:\/\/emubirdoil.com\/cs\/wp-json\/wp\/v2\/media?parent=1680"}],"curies":[{"name":"wp","href":"https:\/\/api.w.org\/{rel}","templated":true}]}}