{"id":1581,"date":"2023-12-12T09:42:57","date_gmt":"2023-12-12T09:42:57","guid":{"rendered":"https:\/\/emubirdoil.com\/co-je-emu-olej\/"},"modified":"2024-02-01T20:28:58","modified_gmt":"2024-02-01T20:28:58","slug":"co-je-emu-olej","status":"publish","type":"page","link":"https:\/\/emubirdoil.com\/cs\/emu-olej\/co-je-emu-olej\/","title":{"rendered":"Co je emu olej"},"content":{"rendered":"\t\t<div data-elementor-type=\"wp-page\" data-elementor-id=\"1581\" class=\"elementor elementor-1581 elementor-107\" data-elementor-post-type=\"page\">\n\t\t\t\t<div class=\"elementor-element elementor-element-73ab93a e-con-full e-flex e-con e-parent\" data-id=\"73ab93a\" data-element_type=\"container\" data-e-type=\"container\" data-settings=\"{&quot;background_background&quot;:&quot;classic&quot;}\">\n\t\t<div class=\"elementor-element elementor-element-451e220 e-con-full e-flex e-con e-child\" data-id=\"451e220\" data-element_type=\"container\" data-e-type=\"container\">\n\t\t\t\t<\/div>\n\t\t\t\t<\/div>\n\t\t<div class=\"elementor-element elementor-element-d709969 e-flex e-con-boxed e-con e-parent\" data-id=\"d709969\" data-element_type=\"container\" data-e-type=\"container\" data-settings=\"{&quot;background_background&quot;:&quot;classic&quot;}\">\n\t\t\t\t\t<div class=\"e-con-inner\">\n\t\t<div class=\"elementor-element elementor-element-b6dfac0 e-con-full e-flex e-con e-child\" data-id=\"b6dfac0\" data-element_type=\"container\" data-e-type=\"container\">\n\t\t\t\t<div class=\"elementor-element elementor-element-d9e6537 animated-fast elementor-invisible elementor-widget elementor-widget-text-editor\" data-id=\"d9e6537\" data-element_type=\"widget\" data-e-type=\"widget\" data-settings=\"{&quot;_animation&quot;:&quot;fadeInUp&quot;,&quot;_animation_delay&quot;:200}\" data-widget_type=\"text-editor.default\">\n\t\t\t\t<div class=\"elementor-widget-container\">\n\t\t\t\t\t\t\t\t\t<p>Ve spole\u010dnosti Y-Not Natural v\u011b\u0159\u00edme, \u017ee skute\u010dn\u00e1 kr\u00e1sa a wellness pramen\u00ed z p\u0159\u00edrodn\u00edch poklad\u016f. Proto jsme r\u00e1di, \u017ee v\u00e1m m\u016f\u017eeme p\u0159edstavit pozoruhodn\u00e9 \u00fa\u010dinky emu oleje &#8211; tajemstv\u00ed, kter\u00e9 se cen\u00ed ji\u017e po stalet\u00ed. Na\u0161e v\u00e1\u0161e\u0148 pro p\u0159\u00edrodn\u00ed \u0159e\u0161en\u00ed n\u00e1s vedla k tomu, \u017ee jsme v na\u0161ich produktech vyu\u017eili s\u00edlu emu oleje, kter\u00fd odemyk\u00e1 sv\u011bt z\u00e1\u0159ivosti a vitality pro va\u0161i ple\u0165 a celkovou pohodu.<\/p>\n\t\t\t\t\t\t\t\t<\/div>\n\t\t\t\t<\/div>\n\t\t\t\t<\/div>\n\t\t\t\t\t<\/div>\n\t\t\t\t<\/div>\n\t\t<div class=\"elementor-element elementor-element-516fe1c2 e-flex e-con-boxed e-con e-parent\" data-id=\"516fe1c2\" data-element_type=\"container\" data-e-type=\"container\" data-settings=\"{&quot;background_background&quot;:&quot;classic&quot;}\">\n\t\t\t\t\t<div class=\"e-con-inner\">\n\t\t<div class=\"elementor-element elementor-element-5f88b3ea e-con-full e-flex e-con e-child\" data-id=\"5f88b3ea\" data-element_type=\"container\" data-e-type=\"container\">\n\t\t<div class=\"elementor-element elementor-element-5ded09 e-con-full e-flex e-con e-child\" data-id=\"5ded09\" data-element_type=\"container\" data-e-type=\"container\">\n\t\t<div class=\"elementor-element elementor-element-45fe5b1a e-con-full e-flex e-con e-child\" data-id=\"45fe5b1a\" data-element_type=\"container\" data-e-type=\"container\">\n\t\t\t\t<div class=\"elementor-element elementor-element-9bb6362 animated-fast elementor-invisible elementor-widget elementor-widget-heading\" data-id=\"9bb6362\" data-element_type=\"widget\" data-e-type=\"widget\" data-settings=\"{&quot;_animation&quot;:&quot;fadeInUp&quot;,&quot;_animation_delay&quot;:200}\" data-widget_type=\"heading.default\">\n\t\t\t\t<div class=\"elementor-widget-container\">\n\t\t\t\t\t<h3 class=\"elementor-heading-title elementor-size-default\">D\u00e1rek od p\u0159\u00edrody<\/h3>\t\t\t\t<\/div>\n\t\t\t\t<\/div>\n\t\t\t\t<div class=\"elementor-element elementor-element-7298164a animated-fast elementor-widget__width-initial elementor-widget-tablet__width-inherit elementor-invisible elementor-widget elementor-widget-text-editor\" data-id=\"7298164a\" data-element_type=\"widget\" data-e-type=\"widget\" data-settings=\"{&quot;_animation&quot;:&quot;fadeInUp&quot;,&quot;_animation_delay&quot;:300}\" data-widget_type=\"text-editor.default\">\n\t\t\t\t<div class=\"elementor-widget-container\">\n\t\t\t\t\t\t\t\t\t<p>Emu olej je vz\u00e1cn\u00e1 l\u00e1tka z\u00edsk\u00e1van\u00e1 z tuku pt\u00e1ka emu, kter\u00fd poch\u00e1z\u00ed z Austr\u00e1lie. Domorod\u00e9 australsk\u00e9 komunity tento olej po stalet\u00ed uct\u00edvaj\u00ed pro jeho v\u00fdjime\u010dn\u00e9 hydrata\u010dn\u00ed a l\u00e9\u010div\u00e9 vlastnosti.<\/p>\n<p>Olej z emu, kter\u00fd se skl\u00edz\u00ed zodpov\u011bdn\u011b a udr\u017eiteln\u00fdm zp\u016fsobem, je d\u016fkazem moudrosti tradi\u010dn\u00edch postup\u016f a n\u00e1dhery p\u0159\u00edrody.<\/p>\n<p>Ve spole\u010dnosti YNotNatural jsme vyu\u017eili s\u00edlu Emu oleje a vytvo\u0159ili \u0159adu produkt\u016f, kter\u00e9 uspokoj\u00ed jedine\u010dn\u00e9 pot\u0159eby va\u0161\u00ed pleti. Na\u0161i odborn\u00edci m\u00edchaj\u00ed tento vz\u00e1cn\u00fd olej s pe\u010dliv\u011b vybran\u00fdmi p\u0159\u00edrodn\u00edmi slo\u017ekami, aby umocnili jeho blahod\u00e1rn\u00e9 \u00fa\u010dinky.<\/p>\n\t\t\t\t\t\t\t\t<\/div>\n\t\t\t\t<\/div>\n\t\t\t\t<\/div>\n\t\t<div class=\"elementor-element elementor-element-e4e68ac e-con-full e-flex e-con e-child\" data-id=\"e4e68ac\" data-element_type=\"container\" data-e-type=\"container\" data-settings=\"{&quot;background_background&quot;:&quot;classic&quot;}\">\n\t\t\t\t<\/div>\n\t\t\t\t<\/div>\n\t\t<div class=\"elementor-element elementor-element-410057a6 e-con-full e-flex e-con e-child\" data-id=\"410057a6\" data-element_type=\"container\" data-e-type=\"container\">\n\t\t<div class=\"elementor-element elementor-element-5b702be e-con-full e-flex e-con e-child\" data-id=\"5b702be\" data-element_type=\"container\" data-e-type=\"container\" data-settings=\"{&quot;background_background&quot;:&quot;classic&quot;}\">\n\t\t\t\t<\/div>\n\t\t<div class=\"elementor-element elementor-element-1018d196 e-con-full e-flex e-con e-child\" data-id=\"1018d196\" data-element_type=\"container\" data-e-type=\"container\">\n\t\t\t\t<div class=\"elementor-element elementor-element-41fe23ff animated-fast elementor-invisible elementor-widget elementor-widget-heading\" data-id=\"41fe23ff\" data-element_type=\"widget\" data-e-type=\"widget\" data-settings=\"{&quot;_animation&quot;:&quot;fadeInUp&quot;,&quot;_animation_delay&quot;:200}\" data-widget_type=\"heading.default\">\n\t\t\t\t<div class=\"elementor-widget-container\">\n\t\t\t\t\t<h3 class=\"elementor-heading-title elementor-size-default\">Odemyk\u00e1n\u00ed v\u00fdhod<\/h3>\t\t\t\t<\/div>\n\t\t\t\t<\/div>\n\t\t\t\t<div class=\"elementor-element elementor-element-b74f4a6 animated-fast elementor-widget__width-initial elementor-widget-tablet__width-inherit elementor-invisible elementor-widget elementor-widget-text-editor\" data-id=\"b74f4a6\" data-element_type=\"widget\" data-e-type=\"widget\" data-settings=\"{&quot;_animation&quot;:&quot;fadeInUp&quot;,&quot;_animation_delay&quot;:300}\" data-widget_type=\"text-editor.default\">\n\t\t\t\t<div class=\"elementor-widget-container\">\n\t\t\t\t\t\t\t\t\t<p>Pro\u010d tedy olej Emu? Je to jednoduch\u00e9 &#8211; Emu olej je p\u0159\u00edrodn\u00ed zdroj \u017eivin, v\u010detn\u011b esenci\u00e1ln\u00edch mastn\u00fdch kyselin, jako jsou omega-3, omega-6 a omega-9.<\/p>\n<p>Tyto mastn\u00e9 kyseliny pronikaj\u00ed hluboko do poko\u017eky a poskytuj\u00ed j\u00ed jedine\u010dnou hydrataci a v\u00fd\u017eivu. Emu olej je tak\u00e9 zn\u00e1m\u00fd sv\u00fdmi protiz\u00e1n\u011btliv\u00fdmi \u00fa\u010dinky, tak\u017ee je uklid\u0148uj\u00edc\u00edm prost\u0159edkem pro citlivou a podr\u00e1\u017ed\u011bnou poko\u017eku.<\/p>\n<p>A\u0165 u\u017e bojujete se suchost\u00ed, zn\u00e1mkami st\u00e1rnut\u00ed nebo dokonce s drobn\u00fdmi ko\u017en\u00edmi probl\u00e9my, Emu olej nab\u00edz\u00ed komplexn\u00ed \u0159e\u0161en\u00ed, kter\u00e9 skute\u010dn\u011b funguje.<\/p><\/p>\n\t\t\t\t\t\t\t\t<\/div>\n\t\t\t\t<\/div>\n\t\t\t\t<\/div>\n\t\t\t\t<\/div>\n\t\t\t\t<\/div>\n\t\t\t\t\t<\/div>\n\t\t\t\t<\/div>\n\t\t<div class=\"elementor-element elementor-element-0b3170c e-flex e-con-boxed e-con e-parent\" data-id=\"0b3170c\" data-element_type=\"container\" data-e-type=\"container\" data-settings=\"{&quot;background_background&quot;:&quot;classic&quot;}\">\n\t\t\t\t\t<div class=\"e-con-inner\">\n\t\t<div class=\"elementor-element elementor-element-09e2f1b e-con-full e-flex e-con e-child\" data-id=\"09e2f1b\" data-element_type=\"container\" data-e-type=\"container\">\n\t\t\t\t<div class=\"elementor-element elementor-element-1797982 elementor-widget elementor-widget-heading\" data-id=\"1797982\" data-element_type=\"widget\" data-e-type=\"widget\" data-widget_type=\"heading.default\">\n\t\t\t\t<div class=\"elementor-widget-container\">\n\t\t\t\t\t<h2 class=\"elementor-heading-title elementor-size-default\">ZVL\u00c1\u0160TN\u00cd N\u00c1VRHY<\/h2>\t\t\t\t<\/div>\n\t\t\t\t<\/div>\n\t\t\t\t<div class=\"elementor-element elementor-element-17a59e1 elementor-grid-3 elementor-grid-tablet-3 elementor-grid-mobile-1 elementor-product-loop-item--align-center animated-fast elementor-products-grid elementor-wc-products elementor-invisible elementor-widget elementor-widget-woocommerce-products\" data-id=\"17a59e1\" data-element_type=\"widget\" data-e-type=\"widget\" data-settings=\"{&quot;_animation&quot;:&quot;fadeInUp&quot;,&quot;_animation_delay&quot;:200}\" data-widget_type=\"woocommerce-products.default\">\n\t\t\t\t<div class=\"elementor-widget-container\">\n\t\t\t\t\t<div class=\"woocommerce columns-3 \"><ul class=\"products elementor-grid columns-3\">\n<li class=\"product type-product post-2317 status-publish first instock product_cat-y-neni-prirodni has-post-thumbnail sale shipping-taxable purchasable product-type-simple\">\n\t<a href=\"https:\/\/emubirdoil.com\/cs\/produkt\/organicky-100-cisty-emu-olej-60ml\/\" class=\"woocommerce-LoopProduct-link woocommerce-loop-product__link\">\n\t<span class=\"onsale\">Sleva!<\/span>\n\t<img fetchpriority=\"high\" decoding=\"async\" width=\"300\" height=\"300\" src=\"https:\/\/emubirdoil.com\/wp-content\/uploads\/2025\/03\/100-pure-emu-oil-for-hypoallergenic-skin-care-hair-and-healing-all-natural-source-of-vitamin-k2-1-300x300.jpg\" class=\"attachment-woocommerce_thumbnail size-woocommerce_thumbnail\" alt=\"Organick\u00fd 100% \u010dist\u00fd emu olej 60ml\" srcset=\"https:\/\/emubirdoil.com\/wp-content\/uploads\/2025\/03\/100-pure-emu-oil-for-hypoallergenic-skin-care-hair-and-healing-all-natural-source-of-vitamin-k2-1-300x300.jpg 300w, https:\/\/emubirdoil.com\/wp-content\/uploads\/2025\/03\/100-pure-emu-oil-for-hypoallergenic-skin-care-hair-and-healing-all-natural-source-of-vitamin-k2-1-150x150.jpg 150w, https:\/\/emubirdoil.com\/wp-content\/uploads\/2025\/03\/100-pure-emu-oil-for-hypoallergenic-skin-care-hair-and-healing-all-natural-source-of-vitamin-k2-1-100x100.jpg 100w, https:\/\/emubirdoil.com\/wp-content\/uploads\/2025\/03\/100-pure-emu-oil-for-hypoallergenic-skin-care-hair-and-healing-all-natural-source-of-vitamin-k2-1.jpg 458w\" sizes=\"(max-width: 300px) 100vw, 300px\" \/><h2 class=\"woocommerce-loop-product__title\">Organick\u00fd 100% \u010dist\u00fd emu olej 60ml<\/h2><div class=\"star-rating\" role=\"img\" aria-label=\"Hodnocen\u00ed 5.00 z 5\"><span style=\"width:100%\">Hodnocen\u00ed <strong class=\"rating\">5.00<\/strong> z 5<\/span><\/div>\n\t<span class=\"price\"><del aria-hidden=\"true\"><span class=\"woocommerce-Price-amount amount\"><bdi>34,90&nbsp;<span class=\"woocommerce-Price-currencySymbol\">&euro;<\/span><\/bdi><\/span><\/del> <span class=\"screen-reader-text\">P\u016fvodn\u00ed cena byla: 34,90&nbsp;&euro;.<\/span><ins aria-hidden=\"true\"><span class=\"woocommerce-Price-amount amount\"><bdi>24,90&nbsp;<span class=\"woocommerce-Price-currencySymbol\">&euro;<\/span><\/bdi><\/span><\/ins><span class=\"screen-reader-text\">Aktu\u00e1ln\u00ed cena je: 24,90&nbsp;&euro;.<\/span><\/span>\n<\/a><a href=\"\/cs\/wp-json\/wp\/v2\/pages\/1581?add-to-cart=2317\" aria-describedby=\"woocommerce_loop_add_to_cart_link_describedby_2317\" data-quantity=\"1\" class=\"button product_type_simple add_to_cart_button ajax_add_to_cart\" data-product_id=\"2317\" data-product_sku=\"YNNOMEGAOleo60\" aria-label=\"P\u0159idat do ko\u0161\u00edku: &ldquo;Organick\u00fd 100% \u010dist\u00fd emu olej 60ml&rdquo;\" rel=\"nofollow\" data-success_message=\"&ldquo;Organick\u00fd 100% \u010dist\u00fd emu olej 60ml&rdquo; byl p\u0159id\u00e1n do ko\u0161\u00edku\" role=\"button\">P\u0159idat do ko\u0161\u00edku<\/a>\t<span id=\"woocommerce_loop_add_to_cart_link_describedby_2317\" class=\"screen-reader-text\">\n\t\t\t<\/span>\n<span class=\"gtm4wp_productdata\" style=\"display:none; visibility:hidden;\" data-gtm4wp_product_data=\"{&quot;internal_id&quot;:2317,&quot;item_id&quot;:2317,&quot;item_name&quot;:&quot;Organick\\u00fd 100% \\u010dist\\u00fd emu olej 60ml&quot;,&quot;sku&quot;:&quot;YNNOMEGAOleo60&quot;,&quot;price&quot;:24.89999999999999857891452847979962825775146484375,&quot;stocklevel&quot;:31,&quot;stockstatus&quot;:&quot;instock&quot;,&quot;google_business_vertical&quot;:&quot;custom&quot;,&quot;item_category&quot;:&quot;Y-Nen\\u00ed p\\u0159\\u00edrodn\\u00ed&quot;,&quot;id&quot;:2317,&quot;productlink&quot;:&quot;https:\\\/\\\/emubirdoil.com\\\/cs\\\/produkt\\\/organicky-100-cisty-emu-olej-60ml\\\/&quot;,&quot;item_list_name&quot;:&quot;General Product List&quot;,&quot;index&quot;:1,&quot;product_type&quot;:&quot;simple&quot;,&quot;item_brand&quot;:&quot;&quot;}\"><\/span><\/li>\n<\/ul>\n<\/div>\t\t\t\t<\/div>\n\t\t\t\t<\/div>\n\t\t\t\t<\/div>\n\t\t\t\t\t<\/div>\n\t\t\t\t<\/div>\n\t\t\t\t<\/div>\n\t\t","protected":false},"excerpt":{"rendered":"<p>Ve spole\u010dnosti Y-Not Natural v\u011b\u0159\u00edme, \u017ee skute\u010dn\u00e1 kr\u00e1sa a wellness pramen\u00ed z p\u0159\u00edrodn\u00edch poklad\u016f. Proto jsme r\u00e1di, \u017ee v\u00e1m m\u016f\u017eeme p\u0159edstavit pozoruhodn\u00e9 \u00fa\u010dinky emu oleje &#8211; tajemstv\u00ed, kter\u00e9 se cen\u00ed ji\u017e po stalet\u00ed. Na\u0161e v\u00e1\u0161e\u0148 pro p\u0159\u00edrodn\u00ed \u0159e\u0161en\u00ed n\u00e1s vedla k tomu, \u017ee jsme v na\u0161ich produktech vyu\u017eili s\u00edlu emu oleje, kter\u00fd odemyk\u00e1 sv\u011bt z\u00e1\u0159ivosti [&hellip;]<\/p>\n","protected":false},"author":1,"featured_media":0,"parent":1707,"menu_order":0,"comment_status":"closed","ping_status":"closed","template":"","meta":{"footnotes":""},"class_list":["post-1581","page","type-page","status-publish","hentry"],"yoast_head":"<!-- This site is optimized with the Yoast SEO plugin v27.4 - https:\/\/yoast.com\/product\/yoast-seo-wordpress\/ -->\n<title>Co je emu olej - Emu Bird Oil<\/title>\n<meta name=\"robots\" content=\"index, follow, max-snippet:-1, max-image-preview:large, max-video-preview:-1\" \/>\n<link rel=\"canonical\" href=\"https:\/\/emubirdoil.com\/cs\/emu-olej\/co-je-emu-olej\/\" \/>\n<meta property=\"og:locale\" content=\"cs_CZ\" \/>\n<meta property=\"og:type\" content=\"article\" \/>\n<meta property=\"og:title\" content=\"Co je emu olej - Emu Bird Oil\" \/>\n<meta property=\"og:description\" content=\"Ve spole\u010dnosti Y-Not Natural v\u011b\u0159\u00edme, \u017ee skute\u010dn\u00e1 kr\u00e1sa a wellness pramen\u00ed z p\u0159\u00edrodn\u00edch poklad\u016f. Proto jsme r\u00e1di, \u017ee v\u00e1m m\u016f\u017eeme p\u0159edstavit pozoruhodn\u00e9 \u00fa\u010dinky emu oleje &#8211; tajemstv\u00ed, kter\u00e9 se cen\u00ed ji\u017e po stalet\u00ed. Na\u0161e v\u00e1\u0161e\u0148 pro p\u0159\u00edrodn\u00ed \u0159e\u0161en\u00ed n\u00e1s vedla k tomu, \u017ee jsme v na\u0161ich produktech vyu\u017eili s\u00edlu emu oleje, kter\u00fd odemyk\u00e1 sv\u011bt z\u00e1\u0159ivosti [&hellip;]\" \/>\n<meta property=\"og:url\" content=\"https:\/\/emubirdoil.com\/cs\/emu-olej\/co-je-emu-olej\/\" \/>\n<meta property=\"og:site_name\" content=\"Emu Bird Oil\" \/>\n<meta property=\"article:modified_time\" content=\"2024-02-01T20:28:58+00:00\" \/>\n<meta name=\"twitter:card\" content=\"summary_large_image\" \/>\n<meta name=\"twitter:label1\" content=\"Odhadovan\u00e1 doba \u010dten\u00ed\" \/>\n\t<meta name=\"twitter:data1\" content=\"2 minuty\" \/>\n<script type=\"application\/ld+json\" class=\"yoast-schema-graph\">{\"@context\":\"https:\\\/\\\/schema.org\",\"@graph\":[{\"@type\":\"WebPage\",\"@id\":\"https:\\\/\\\/emubirdoil.com\\\/cs\\\/emu-olej\\\/co-je-emu-olej\\\/\",\"url\":\"https:\\\/\\\/emubirdoil.com\\\/cs\\\/emu-olej\\\/co-je-emu-olej\\\/\",\"name\":\"Co je emu olej - Emu Bird Oil\",\"isPartOf\":{\"@id\":\"https:\\\/\\\/emubirdoil.com\\\/cs\\\/#website\"},\"datePublished\":\"2023-12-12T09:42:57+00:00\",\"dateModified\":\"2024-02-01T20:28:58+00:00\",\"breadcrumb\":{\"@id\":\"https:\\\/\\\/emubirdoil.com\\\/cs\\\/emu-olej\\\/co-je-emu-olej\\\/#breadcrumb\"},\"inLanguage\":\"cs\",\"potentialAction\":[{\"@type\":\"ReadAction\",\"target\":[\"https:\\\/\\\/emubirdoil.com\\\/cs\\\/emu-olej\\\/co-je-emu-olej\\\/\"]}]},{\"@type\":\"BreadcrumbList\",\"@id\":\"https:\\\/\\\/emubirdoil.com\\\/cs\\\/emu-olej\\\/co-je-emu-olej\\\/#breadcrumb\",\"itemListElement\":[{\"@type\":\"ListItem\",\"position\":1,\"name\":\"Home\",\"item\":\"https:\\\/\\\/emubirdoil.com\\\/cs\\\/home\\\/\"},{\"@type\":\"ListItem\",\"position\":2,\"name\":\"Emu olej\",\"item\":\"https:\\\/\\\/emubirdoil.com\\\/cs\\\/emu-olej\\\/\"},{\"@type\":\"ListItem\",\"position\":3,\"name\":\"Co je emu olej\"}]},{\"@type\":\"WebSite\",\"@id\":\"https:\\\/\\\/emubirdoil.com\\\/cs\\\/#website\",\"url\":\"https:\\\/\\\/emubirdoil.com\\\/cs\\\/\",\"name\":\"Emu Bird Oil YNot Natural\",\"description\":\"Explore premium Emu Bird Oil for natural skincare and pain relief. Pure, effective, and sustainably sourced. Order now for wellness transformation!\",\"publisher\":{\"@id\":\"https:\\\/\\\/emubirdoil.com\\\/cs\\\/#organization\"},\"potentialAction\":[{\"@type\":\"SearchAction\",\"target\":{\"@type\":\"EntryPoint\",\"urlTemplate\":\"https:\\\/\\\/emubirdoil.com\\\/cs\\\/?s={search_term_string}\"},\"query-input\":{\"@type\":\"PropertyValueSpecification\",\"valueRequired\":true,\"valueName\":\"search_term_string\"}}],\"inLanguage\":\"cs\"},{\"@type\":\"Organization\",\"@id\":\"https:\\\/\\\/emubirdoil.com\\\/cs\\\/#organization\",\"name\":\"Emu Bird Oil YNot Natural\",\"url\":\"https:\\\/\\\/emubirdoil.com\\\/cs\\\/\",\"logo\":{\"@type\":\"ImageObject\",\"inLanguage\":\"cs\",\"@id\":\"https:\\\/\\\/emubirdoil.com\\\/cs\\\/#\\\/schema\\\/logo\\\/image\\\/\",\"url\":\"https:\\\/\\\/emubirdoil.com\\\/wp-content\\\/uploads\\\/2023\\\/12\\\/Emu-bird-oil-LOGO.png\",\"contentUrl\":\"https:\\\/\\\/emubirdoil.com\\\/wp-content\\\/uploads\\\/2023\\\/12\\\/Emu-bird-oil-LOGO.png\",\"width\":320,\"height\":172,\"caption\":\"Emu Bird Oil YNot Natural\"},\"image\":{\"@id\":\"https:\\\/\\\/emubirdoil.com\\\/cs\\\/#\\\/schema\\\/logo\\\/image\\\/\"}}]}<\/script>\n<!-- \/ Yoast SEO plugin. -->","yoast_head_json":{"title":"Co je emu olej - Emu Bird Oil","robots":{"index":"index","follow":"follow","max-snippet":"max-snippet:-1","max-image-preview":"max-image-preview:large","max-video-preview":"max-video-preview:-1"},"canonical":"https:\/\/emubirdoil.com\/cs\/emu-olej\/co-je-emu-olej\/","og_locale":"cs_CZ","og_type":"article","og_title":"Co je emu olej - Emu Bird Oil","og_description":"Ve spole\u010dnosti Y-Not Natural v\u011b\u0159\u00edme, \u017ee skute\u010dn\u00e1 kr\u00e1sa a wellness pramen\u00ed z p\u0159\u00edrodn\u00edch poklad\u016f. Proto jsme r\u00e1di, \u017ee v\u00e1m m\u016f\u017eeme p\u0159edstavit pozoruhodn\u00e9 \u00fa\u010dinky emu oleje &#8211; tajemstv\u00ed, kter\u00e9 se cen\u00ed ji\u017e po stalet\u00ed. Na\u0161e v\u00e1\u0161e\u0148 pro p\u0159\u00edrodn\u00ed \u0159e\u0161en\u00ed n\u00e1s vedla k tomu, \u017ee jsme v na\u0161ich produktech vyu\u017eili s\u00edlu emu oleje, kter\u00fd odemyk\u00e1 sv\u011bt z\u00e1\u0159ivosti [&hellip;]","og_url":"https:\/\/emubirdoil.com\/cs\/emu-olej\/co-je-emu-olej\/","og_site_name":"Emu Bird Oil","article_modified_time":"2024-02-01T20:28:58+00:00","twitter_card":"summary_large_image","twitter_misc":{"Odhadovan\u00e1 doba \u010dten\u00ed":"2 minuty"},"schema":{"@context":"https:\/\/schema.org","@graph":[{"@type":"WebPage","@id":"https:\/\/emubirdoil.com\/cs\/emu-olej\/co-je-emu-olej\/","url":"https:\/\/emubirdoil.com\/cs\/emu-olej\/co-je-emu-olej\/","name":"Co je emu olej - Emu Bird Oil","isPartOf":{"@id":"https:\/\/emubirdoil.com\/cs\/#website"},"datePublished":"2023-12-12T09:42:57+00:00","dateModified":"2024-02-01T20:28:58+00:00","breadcrumb":{"@id":"https:\/\/emubirdoil.com\/cs\/emu-olej\/co-je-emu-olej\/#breadcrumb"},"inLanguage":"cs","potentialAction":[{"@type":"ReadAction","target":["https:\/\/emubirdoil.com\/cs\/emu-olej\/co-je-emu-olej\/"]}]},{"@type":"BreadcrumbList","@id":"https:\/\/emubirdoil.com\/cs\/emu-olej\/co-je-emu-olej\/#breadcrumb","itemListElement":[{"@type":"ListItem","position":1,"name":"Home","item":"https:\/\/emubirdoil.com\/cs\/home\/"},{"@type":"ListItem","position":2,"name":"Emu olej","item":"https:\/\/emubirdoil.com\/cs\/emu-olej\/"},{"@type":"ListItem","position":3,"name":"Co je emu olej"}]},{"@type":"WebSite","@id":"https:\/\/emubirdoil.com\/cs\/#website","url":"https:\/\/emubirdoil.com\/cs\/","name":"Emu Bird Oil YNot Natural","description":"Explore premium Emu Bird Oil for natural skincare and pain relief. Pure, effective, and sustainably sourced. Order now for wellness transformation!","publisher":{"@id":"https:\/\/emubirdoil.com\/cs\/#organization"},"potentialAction":[{"@type":"SearchAction","target":{"@type":"EntryPoint","urlTemplate":"https:\/\/emubirdoil.com\/cs\/?s={search_term_string}"},"query-input":{"@type":"PropertyValueSpecification","valueRequired":true,"valueName":"search_term_string"}}],"inLanguage":"cs"},{"@type":"Organization","@id":"https:\/\/emubirdoil.com\/cs\/#organization","name":"Emu Bird Oil YNot Natural","url":"https:\/\/emubirdoil.com\/cs\/","logo":{"@type":"ImageObject","inLanguage":"cs","@id":"https:\/\/emubirdoil.com\/cs\/#\/schema\/logo\/image\/","url":"https:\/\/emubirdoil.com\/wp-content\/uploads\/2023\/12\/Emu-bird-oil-LOGO.png","contentUrl":"https:\/\/emubirdoil.com\/wp-content\/uploads\/2023\/12\/Emu-bird-oil-LOGO.png","width":320,"height":172,"caption":"Emu Bird Oil YNot Natural"},"image":{"@id":"https:\/\/emubirdoil.com\/cs\/#\/schema\/logo\/image\/"}}]}},"_links":{"self":[{"href":"https:\/\/emubirdoil.com\/cs\/wp-json\/wp\/v2\/pages\/1581","targetHints":{"allow":["GET"]}}],"collection":[{"href":"https:\/\/emubirdoil.com\/cs\/wp-json\/wp\/v2\/pages"}],"about":[{"href":"https:\/\/emubirdoil.com\/cs\/wp-json\/wp\/v2\/types\/page"}],"author":[{"embeddable":true,"href":"https:\/\/emubirdoil.com\/cs\/wp-json\/wp\/v2\/users\/1"}],"replies":[{"embeddable":true,"href":"https:\/\/emubirdoil.com\/cs\/wp-json\/wp\/v2\/comments?post=1581"}],"version-history":[{"count":2,"href":"https:\/\/emubirdoil.com\/cs\/wp-json\/wp\/v2\/pages\/1581\/revisions"}],"predecessor-version":[{"id":1617,"href":"https:\/\/emubirdoil.com\/cs\/wp-json\/wp\/v2\/pages\/1581\/revisions\/1617"}],"up":[{"embeddable":true,"href":"https:\/\/emubirdoil.com\/cs\/wp-json\/wp\/v2\/pages\/1707"}],"wp:attachment":[{"href":"https:\/\/emubirdoil.com\/cs\/wp-json\/wp\/v2\/media?parent=1581"}],"curies":[{"name":"wp","href":"https:\/\/api.w.org\/{rel}","templated":true}]}}