{"id":1500,"date":"2023-12-12T09:45:40","date_gmt":"2023-12-12T09:45:40","guid":{"rendered":"https:\/\/emubirdoil.com\/blog\/"},"modified":"2024-02-01T20:28:40","modified_gmt":"2024-02-01T20:28:40","slug":"blog","status":"publish","type":"page","link":"https:\/\/emubirdoil.com\/cs\/blog\/","title":{"rendered":"Blog"},"content":{"rendered":"\t\t<div data-elementor-type=\"wp-page\" data-elementor-id=\"1500\" class=\"elementor elementor-1500 elementor-113\" data-elementor-post-type=\"page\">\n\t\t\t\t<div class=\"elementor-element elementor-element-3e74cbd e-con-full e-flex e-con e-parent\" data-id=\"3e74cbd\" data-element_type=\"container\" data-e-type=\"container\" data-settings=\"{&quot;background_background&quot;:&quot;classic&quot;}\">\n\t\t<div class=\"elementor-element elementor-element-9dd3efa e-con-full e-flex e-con e-child\" data-id=\"9dd3efa\" data-element_type=\"container\" data-e-type=\"container\">\n\t\t\t\t<\/div>\n\t\t\t\t<\/div>\n\t\t<div class=\"elementor-element elementor-element-5d2470b e-flex e-con-boxed e-con e-parent\" data-id=\"5d2470b\" data-element_type=\"container\" data-e-type=\"container\" data-settings=\"{&quot;background_background&quot;:&quot;classic&quot;}\">\n\t\t\t\t\t<div class=\"e-con-inner\">\n\t\t<div class=\"elementor-element elementor-element-2162abc e-con-full e-flex e-con e-child\" data-id=\"2162abc\" data-element_type=\"container\" data-e-type=\"container\">\n\t\t\t\t<div class=\"elementor-element elementor-element-58d4243 elementor-grid-3 elementor-grid-tablet-2 elementor-grid-mobile-1 elementor-posts--thumbnail-top elementor-posts--show-avatar elementor-card-shadow-yes elementor-posts__hover-gradient elementor-widget elementor-widget-posts\" data-id=\"58d4243\" data-element_type=\"widget\" data-e-type=\"widget\" data-settings=\"{&quot;cards_columns&quot;:&quot;3&quot;,&quot;cards_columns_tablet&quot;:&quot;2&quot;,&quot;cards_columns_mobile&quot;:&quot;1&quot;,&quot;cards_row_gap&quot;:{&quot;unit&quot;:&quot;px&quot;,&quot;size&quot;:35,&quot;sizes&quot;:[]},&quot;cards_row_gap_tablet&quot;:{&quot;unit&quot;:&quot;px&quot;,&quot;size&quot;:&quot;&quot;,&quot;sizes&quot;:[]},&quot;cards_row_gap_mobile&quot;:{&quot;unit&quot;:&quot;px&quot;,&quot;size&quot;:&quot;&quot;,&quot;sizes&quot;:[]}}\" data-widget_type=\"posts.cards\">\n\t\t\t\t<div class=\"elementor-widget-container\">\n\t\t\t\t\t\t\t<div class=\"elementor-posts-container elementor-posts elementor-posts--skin-cards elementor-grid\" role=\"list\">\n\t\t\t\t<article class=\"elementor-post elementor-grid-item post-1940 post type-post status-publish format-standard hentry category-uncategorized-cs\" role=\"listitem\">\n\t\t\t<div class=\"elementor-post__card\">\n\t\t\t\t<div class=\"elementor-post__text\">\n\t\t\t\t<h3 class=\"elementor-post__title\">\n\t\t\t<a href=\"https:\/\/emubirdoil.com\/cs\/srovnani-emu-oleje-a-jinych-oleju-ucinnost-pri-lecbe-ekzemu\/\" >\n\t\t\t\tSrovn\u00e1n\u00ed emu oleje a jin\u00fdch olej\u016f: \u00da\u010dinnost p\u0159i l\u00e9\u010db\u011b ekz\u00e9m\u016f\t\t\t<\/a>\n\t\t<\/h3>\n\t\t\t\t<div class=\"elementor-post__excerpt\">\n\t\t\t<p>Zkoum\u00e1n\u00ed r\u016fzn\u00fdch olej\u016f pro \u00falevu od ekz\u00e9mu: Krom\u011b Emu oleje Lid\u00e9 trp\u00edc\u00ed ekz\u00e9mem maj\u00ed k dispozici celou \u0159adu olej\u016f pro zvl\u00e1d\u00e1n\u00ed vzplanut\u00ed, v\u010detn\u011b zn\u00e1m\u00e9ho emu<\/p>\n\t\t<\/div>\n\t\t\n\t\t<a class=\"elementor-post__read-more\" href=\"https:\/\/emubirdoil.com\/cs\/srovnani-emu-oleje-a-jinych-oleju-ucinnost-pri-lecbe-ekzemu\/\" aria-label=\"Read more about Srovn\u00e1n\u00ed emu oleje a jin\u00fdch olej\u016f: \u00da\u010dinnost p\u0159i l\u00e9\u010db\u011b ekz\u00e9m\u016f\" tabindex=\"-1\" >\n\t\t\tP\u0159e\u010dt\u011bte si v\u00edce \"\t\t<\/a>\n\n\t\t\t\t<\/div>\n\t\t\t\t\t<\/div>\n\t\t<\/article>\n\t\t\t\t<\/div>\n\t\t\n\t\t\t\t\t\t<\/div>\n\t\t\t\t<\/div>\n\t\t\t\t<\/div>\n\t\t\t\t\t<\/div>\n\t\t\t\t<\/div>\n\t\t\t\t<\/div>\n\t\t","protected":false},"excerpt":{"rendered":"","protected":false},"author":1,"featured_media":0,"parent":0,"menu_order":0,"comment_status":"closed","ping_status":"closed","template":"","meta":{"footnotes":""},"class_list":["post-1500","page","type-page","status-publish","hentry"],"yoast_head":"<!-- This site is optimized with the Yoast SEO plugin v27.4 - https:\/\/yoast.com\/product\/yoast-seo-wordpress\/ -->\n<title>Blog - Emu Bird Oil<\/title>\n<meta name=\"robots\" content=\"index, follow, max-snippet:-1, max-image-preview:large, max-video-preview:-1\" \/>\n<link rel=\"canonical\" href=\"https:\/\/emubirdoil.com\/cs\/blog\/\" \/>\n<meta property=\"og:locale\" content=\"cs_CZ\" \/>\n<meta property=\"og:type\" content=\"article\" \/>\n<meta property=\"og:title\" content=\"Blog - Emu Bird Oil\" \/>\n<meta property=\"og:url\" content=\"https:\/\/emubirdoil.com\/cs\/blog\/\" \/>\n<meta property=\"og:site_name\" content=\"Emu Bird Oil\" \/>\n<meta property=\"article:modified_time\" content=\"2024-02-01T20:28:40+00:00\" \/>\n<meta name=\"twitter:card\" content=\"summary_large_image\" \/>\n<script type=\"application\/ld+json\" class=\"yoast-schema-graph\">{\"@context\":\"https:\\\/\\\/schema.org\",\"@graph\":[{\"@type\":\"WebPage\",\"@id\":\"https:\\\/\\\/emubirdoil.com\\\/cs\\\/blog\\\/\",\"url\":\"https:\\\/\\\/emubirdoil.com\\\/cs\\\/blog\\\/\",\"name\":\"Blog - Emu Bird Oil\",\"isPartOf\":{\"@id\":\"https:\\\/\\\/emubirdoil.com\\\/cs\\\/#website\"},\"datePublished\":\"2023-12-12T09:45:40+00:00\",\"dateModified\":\"2024-02-01T20:28:40+00:00\",\"breadcrumb\":{\"@id\":\"https:\\\/\\\/emubirdoil.com\\\/cs\\\/blog\\\/#breadcrumb\"},\"inLanguage\":\"cs\",\"potentialAction\":[{\"@type\":\"ReadAction\",\"target\":[\"https:\\\/\\\/emubirdoil.com\\\/cs\\\/blog\\\/\"]}]},{\"@type\":\"BreadcrumbList\",\"@id\":\"https:\\\/\\\/emubirdoil.com\\\/cs\\\/blog\\\/#breadcrumb\",\"itemListElement\":[{\"@type\":\"ListItem\",\"position\":1,\"name\":\"Home\",\"item\":\"https:\\\/\\\/emubirdoil.com\\\/cs\\\/home\\\/\"},{\"@type\":\"ListItem\",\"position\":2,\"name\":\"Blog\"}]},{\"@type\":\"WebSite\",\"@id\":\"https:\\\/\\\/emubirdoil.com\\\/cs\\\/#website\",\"url\":\"https:\\\/\\\/emubirdoil.com\\\/cs\\\/\",\"name\":\"Emu Bird Oil YNot Natural\",\"description\":\"Explore premium Emu Bird Oil for natural skincare and pain relief. Pure, effective, and sustainably sourced. Order now for wellness transformation!\",\"publisher\":{\"@id\":\"https:\\\/\\\/emubirdoil.com\\\/cs\\\/#organization\"},\"potentialAction\":[{\"@type\":\"SearchAction\",\"target\":{\"@type\":\"EntryPoint\",\"urlTemplate\":\"https:\\\/\\\/emubirdoil.com\\\/cs\\\/?s={search_term_string}\"},\"query-input\":{\"@type\":\"PropertyValueSpecification\",\"valueRequired\":true,\"valueName\":\"search_term_string\"}}],\"inLanguage\":\"cs\"},{\"@type\":\"Organization\",\"@id\":\"https:\\\/\\\/emubirdoil.com\\\/cs\\\/#organization\",\"name\":\"Emu Bird Oil YNot Natural\",\"url\":\"https:\\\/\\\/emubirdoil.com\\\/cs\\\/\",\"logo\":{\"@type\":\"ImageObject\",\"inLanguage\":\"cs\",\"@id\":\"https:\\\/\\\/emubirdoil.com\\\/cs\\\/#\\\/schema\\\/logo\\\/image\\\/\",\"url\":\"https:\\\/\\\/emubirdoil.com\\\/wp-content\\\/uploads\\\/2023\\\/12\\\/Emu-bird-oil-LOGO.png\",\"contentUrl\":\"https:\\\/\\\/emubirdoil.com\\\/wp-content\\\/uploads\\\/2023\\\/12\\\/Emu-bird-oil-LOGO.png\",\"width\":320,\"height\":172,\"caption\":\"Emu Bird Oil YNot Natural\"},\"image\":{\"@id\":\"https:\\\/\\\/emubirdoil.com\\\/cs\\\/#\\\/schema\\\/logo\\\/image\\\/\"}}]}<\/script>\n<!-- \/ Yoast SEO plugin. -->","yoast_head_json":{"title":"Blog - Emu Bird Oil","robots":{"index":"index","follow":"follow","max-snippet":"max-snippet:-1","max-image-preview":"max-image-preview:large","max-video-preview":"max-video-preview:-1"},"canonical":"https:\/\/emubirdoil.com\/cs\/blog\/","og_locale":"cs_CZ","og_type":"article","og_title":"Blog - Emu Bird Oil","og_url":"https:\/\/emubirdoil.com\/cs\/blog\/","og_site_name":"Emu Bird Oil","article_modified_time":"2024-02-01T20:28:40+00:00","twitter_card":"summary_large_image","schema":{"@context":"https:\/\/schema.org","@graph":[{"@type":"WebPage","@id":"https:\/\/emubirdoil.com\/cs\/blog\/","url":"https:\/\/emubirdoil.com\/cs\/blog\/","name":"Blog - Emu Bird Oil","isPartOf":{"@id":"https:\/\/emubirdoil.com\/cs\/#website"},"datePublished":"2023-12-12T09:45:40+00:00","dateModified":"2024-02-01T20:28:40+00:00","breadcrumb":{"@id":"https:\/\/emubirdoil.com\/cs\/blog\/#breadcrumb"},"inLanguage":"cs","potentialAction":[{"@type":"ReadAction","target":["https:\/\/emubirdoil.com\/cs\/blog\/"]}]},{"@type":"BreadcrumbList","@id":"https:\/\/emubirdoil.com\/cs\/blog\/#breadcrumb","itemListElement":[{"@type":"ListItem","position":1,"name":"Home","item":"https:\/\/emubirdoil.com\/cs\/home\/"},{"@type":"ListItem","position":2,"name":"Blog"}]},{"@type":"WebSite","@id":"https:\/\/emubirdoil.com\/cs\/#website","url":"https:\/\/emubirdoil.com\/cs\/","name":"Emu Bird Oil YNot Natural","description":"Explore premium Emu Bird Oil for natural skincare and pain relief. Pure, effective, and sustainably sourced. Order now for wellness transformation!","publisher":{"@id":"https:\/\/emubirdoil.com\/cs\/#organization"},"potentialAction":[{"@type":"SearchAction","target":{"@type":"EntryPoint","urlTemplate":"https:\/\/emubirdoil.com\/cs\/?s={search_term_string}"},"query-input":{"@type":"PropertyValueSpecification","valueRequired":true,"valueName":"search_term_string"}}],"inLanguage":"cs"},{"@type":"Organization","@id":"https:\/\/emubirdoil.com\/cs\/#organization","name":"Emu Bird Oil YNot Natural","url":"https:\/\/emubirdoil.com\/cs\/","logo":{"@type":"ImageObject","inLanguage":"cs","@id":"https:\/\/emubirdoil.com\/cs\/#\/schema\/logo\/image\/","url":"https:\/\/emubirdoil.com\/wp-content\/uploads\/2023\/12\/Emu-bird-oil-LOGO.png","contentUrl":"https:\/\/emubirdoil.com\/wp-content\/uploads\/2023\/12\/Emu-bird-oil-LOGO.png","width":320,"height":172,"caption":"Emu Bird Oil YNot Natural"},"image":{"@id":"https:\/\/emubirdoil.com\/cs\/#\/schema\/logo\/image\/"}}]}},"_links":{"self":[{"href":"https:\/\/emubirdoil.com\/cs\/wp-json\/wp\/v2\/pages\/1500","targetHints":{"allow":["GET"]}}],"collection":[{"href":"https:\/\/emubirdoil.com\/cs\/wp-json\/wp\/v2\/pages"}],"about":[{"href":"https:\/\/emubirdoil.com\/cs\/wp-json\/wp\/v2\/types\/page"}],"author":[{"embeddable":true,"href":"https:\/\/emubirdoil.com\/cs\/wp-json\/wp\/v2\/users\/1"}],"replies":[{"embeddable":true,"href":"https:\/\/emubirdoil.com\/cs\/wp-json\/wp\/v2\/comments?post=1500"}],"version-history":[{"count":1,"href":"https:\/\/emubirdoil.com\/cs\/wp-json\/wp\/v2\/pages\/1500\/revisions"}],"predecessor-version":[{"id":1510,"href":"https:\/\/emubirdoil.com\/cs\/wp-json\/wp\/v2\/pages\/1500\/revisions\/1510"}],"wp:attachment":[{"href":"https:\/\/emubirdoil.com\/cs\/wp-json\/wp\/v2\/media?parent=1500"}],"curies":[{"name":"wp","href":"https:\/\/api.w.org\/{rel}","templated":true}]}}